{"id":92,"date":"2024-04-04T04:01:01","date_gmt":"2024-04-04T01:01:01","guid":{"rendered":"https:\/\/sisu.ut.ee\/zurov\/tsassonad-kiviristid-ja-kaabas\/"},"modified":"2024-04-04T04:15:02","modified_gmt":"2024-04-04T01:15:02","slug":"tsassonad-kiviristid-ja-kaabas","status":"publish","type":"page","link":"https:\/\/sisu.ut.ee\/zurov\/tsassonad-kiviristid-ja-kaabas\/","title":{"rendered":"Ts\u00e4ssonad, kiviristid ja k\u00e4\u00e4bas"},"content":{"rendered":"<br><figure class=\"wp-block-gallery has-nested-images columns-3 is-cropped wp-block-gallery-1 is-layout-flex wp-block-gallery-is-layout-flex\"><figure class=\"wp-block-image size-large\"><a href=\"https:\/\/sisu.ut.ee\/wp-content\/uploads\/sites\/271\/polenud_luukillud_uleskuntuid_kaapal_pf0008054.jpg\"><img decoding=\"async\" data-id=\"1030\" src=\"https:\/\/sisu.ut.ee\/wp-content\/uploads\/sites\/271\/polenud_luukillud_uleskuntuid_kaapal_pf0008054.jpg\" alt=\"\" class=\"wp-ima\"><\/a><\/figure><figure class=\"wp-block-image size-large\"><a href=\"https:\/\/sisu.ut.ee\/wp-content\/uploads\/sites\/271\/muudova_tsasson_pf0008059_02.jpg\"><img decoding=\"async\" data-id=\"1031\" src=\"https:\/\/sisu.ut.ee\/wp-content\/uploads\/sites\/271\/muudova_tsasson_pf0008059_02.jpg\" alt=\"\" class=\"wp-ima\"><\/a><\/figure><figure class=\"wp-block-image size-large\"><a href=\"https:\/\/sisu.ut.ee\/wp-content\/uploads\/sites\/271\/kaamenka_tsasson_pf0008061.jpg\"><img decoding=\"async\" data-id=\"1032\" src=\"https:\/\/sisu.ut.ee\/wp-content\/uploads\/sites\/271\/kaamenka_tsasson_pf0008061.jpg\" alt=\"\" class=\"wp-ima\"><\/a><\/figure><figure class=\"wp-block-image size-large\"><a href=\"https:\/\/sisu.ut.ee\/wp-content\/uploads\/sites\/271\/saalessa_kivirist_pf0008057_02.jpg\"><img decoding=\"async\" data-id=\"1033\" src=\"https:\/\/sisu.ut.ee\/wp-content\/uploads\/sites\/271\/saalessa_kivirist_pf0008057_02.jpg\" alt=\"\" class=\"wp-ima\"><\/a><\/figure><figure class=\"wp-block-image size-large\"><a href=\"https:\/\/sisu.ut.ee\/wp-content\/uploads\/sites\/271\/korodissa_kiviristpf0008056_02.jpg\"><img decoding=\"async\" data-id=\"1034\" src=\"https:\/\/sisu.ut.ee\/wp-content\/uploads\/sites\/271\/korodissa_kiviristpf0008056_02.jpg\" alt=\"\" class=\"wp-ima\"><\/a><\/figure><figure class=\"wp-block-image size-large\"><a href=\"https:\/\/sisu.ut.ee\/wp-content\/uploads\/sites\/271\/truvori_rist_irboskas_pf0008041_02.jpg\"><img decoding=\"async\" data-id=\"1035\" src=\"https:\/\/sisu.ut.ee\/wp-content\/uploads\/sites\/271\/truvori_rist_irboskas_pf0008041_02.jpg\" alt=\"\" class=\"wp-ima\"><\/a><\/figure><figure class=\"wp-block-image size-large\"><a href=\"https:\/\/sisu.ut.ee\/wp-content\/uploads\/sites\/271\/tundmatu_kaabas_pf0008055.jpg\"><img decoding=\"async\" data-id=\"1036\" src=\"https:\/\/sisu.ut.ee\/wp-content\/uploads\/sites\/271\/tundmatu_kaabas_pf0008055.jpg\" alt=\"\" class=\"wp-ima\"><\/a><\/figure><\/figure>","protected":false},"excerpt":{"rendered":"","protected":false},"author":141,"featured_media":0,"parent":0,"menu_order":0,"comment_status":"closed","ping_status":"closed","template":"","meta":{"_acf_changed":false,"inline_featured_image":false,"footnotes":""},"class_list":["post-92","page","type-page","status-publish","hentry"],"acf":[],"_links":{"self":[{"href":"https:\/\/sisu.ut.ee\/zurov\/wp-json\/wp\/v2\/pages\/92","targetHints":{"allow":["GET"]}}],"collection":[{"href":"https:\/\/sisu.ut.ee\/zurov\/wp-json\/wp\/v2\/pages"}],"about":[{"href":"https:\/\/sisu.ut.ee\/zurov\/wp-json\/wp\/v2\/types\/page"}],"author":[{"embeddable":true,"href":"https:\/\/sisu.ut.ee\/zurov\/wp-json\/wp\/v2\/users\/141"}],"replies":[{"embeddable":true,"href":"https:\/\/sisu.ut.ee\/zurov\/wp-json\/wp\/v2\/comments?post=92"}],"version-history":[{"count":2,"href":"https:\/\/sisu.ut.ee\/zurov\/wp-json\/wp\/v2\/pages\/92\/revisions"}],"predecessor-version":[{"id":1300,"href":"https:\/\/sisu.ut.ee\/zurov\/wp-json\/wp\/v2\/pages\/92\/revisions\/1300"}],"wp:attachment":[{"href":"https:\/\/sisu.ut.ee\/zurov\/wp-json\/wp\/v2\/media?parent=92"}],"curies":[{"name":"wp","href":"https:\/\/api.w.org\/{rel}","templated":true}]}}