{"id":7,"date":"2024-04-04T04:00:55","date_gmt":"2024-04-04T01:00:55","guid":{"rendered":"https:\/\/sisu.ut.ee\/zurov\/riikliku-loodusmuuseumi-arhiiv\/"},"modified":"2024-04-04T04:15:04","modified_gmt":"2024-04-04T01:15:04","slug":"riikliku-loodusmuuseumi-arhiiv","status":"publish","type":"page","link":"https:\/\/sisu.ut.ee\/zurov\/riikliku-loodusmuuseumi-arhiiv\/","title":{"rendered":"Riikliku Loodusmuuseumi arhiiv"},"content":{"rendered":"<p>P\u00e4rast 1937. ja 1938. aasta v\u00e4lit\u00f6id anti Setomaal kogutud esemed ja tehtud fotod \u00fcle Inimese Muuseumile, mille arhiivides s\u00e4ilis\u00a0 ka ekspeditsioonidega seonduv haldusdokumentatsioon. 21. sajandi algusk\u00fcmnendil Prantsusmaal aset leidnud muuseumireformi k\u00e4igus jaotati Riikliku Loodusmuuseumi all\u00fcksuseks oleva Inimese Muuseumi kogud laiali. Loodusmuuseumi haldusesse j\u00e4id vaid paberkandjal arhiivimaterjalid, mis anti \u00fcle muuseumi keskraamatukokku. Tegelikkuses j\u00e4id m\u00f5ningad fotod Quai Branly muuseumile siiski \u00fcle andmata ja need on esitatud loodusmuuseumi materjalide vastavas alamkaustas. Omaette kogum materjale, mis andsid t\u00f5uke k\u00e4esoleva v\u00e4ljaande koostamiseks, sh Zurovi aruanded, avastati Inimese Muuseumist juhuslikult 2000. aastate alguses. N\u00fc\u00fcdseks on ka need antud \u00fcle arhiivi ja saanud omale arhiiviviited.<\/p><p>Prantsusmaa Riiklikus Loodusmuuseumis olevate allikmaterjalidest ja nende arhiiviviidetest annab \u00fclevaate lehe\u00a0 manuses olev fail \u201cLoodusmuuseumi arhiivimaterjalide viited\u201d\u00a0. K\u00e4esoleva veebilehe vasakmen\u00fc\u00fc liigendus ei\u00a0 ole nimetatud failis oleva liigendusega t\u00e4pses vastavuses. Et h\u00f5lbustada allikmaterjali kasutamist eesti lugeja seisukohast, on sisu m\u00f5nev\u00f5rra \u00fcmber struktureeritud. Peamine muutus on, et administratiivdokumentide ja kirjavahetuse kaustas on omaette alakausta koondatud Eesti ametiasutustega peetud suhtlust kajastavad materjalid. Sellesse kausta on toodud vastavaid materjale ka teistest kaustadest. Failinimedes kajastuvat numeratsiooni ei ole aga muudetud \u2013 see on j\u00e4tkuvalt vastavuses\u00a0 \u00a0failis \u201cLoodusmuuseumi arhiivimaterjalide viited\u201d leiduvaga.<\/p><p>\u00a9 Materjalid on kaitstud autorioigusega ja neid v\u00f5ib levitada ja avaldada vaid Prantsusmaa Riikliku Loodusmuuseumi loal.<\/p><br><div class=\"wp-block-group attached-files-group is-layout-constrained wp-block-group-is-layout-constrained\"><div class=\"wp-block-file\"><a href=\"https:\/\/sisu.ut.ee\/wp-content\/uploads\/sites\/271\/loodusmuuseumi_arhiivimaterjalide_viited.doc\" target=\"_blank\" rel=\"noreferrer noopener\">loodusmuuseumi_arhiivimaterjalide_viited.doc<\/a><\/div><\/div>","protected":false},"excerpt":{"rendered":"<p>P\u00e4rast 1937. ja 1938. aasta v\u00e4lit\u00f6id anti Setomaal kogutud esemed ja tehtud fotod \u00fcle Inimese Muuseumile, mille arhiivides s\u00e4ilis\u00a0 ka ekspeditsioonidega seonduv haldusdokumentatsioon. 21. sajandi algusk\u00fcmnendil Prantsusmaal aset leidnud muuseumireformi k\u00e4igus jaotati Riikliku Loodusmuuseumi all\u00fcksuseks oleva Inimese Muuseumi kogud laiali. &#8230;<\/p>\n","protected":false},"author":141,"featured_media":0,"parent":0,"menu_order":0,"comment_status":"closed","ping_status":"closed","template":"","meta":{"_acf_changed":false,"inline_featured_image":false,"footnotes":""},"class_list":["post-7","page","type-page","status-publish","hentry"],"acf":[],"_links":{"self":[{"href":"https:\/\/sisu.ut.ee\/zurov\/wp-json\/wp\/v2\/pages\/7","targetHints":{"allow":["GET"]}}],"collection":[{"href":"https:\/\/sisu.ut.ee\/zurov\/wp-json\/wp\/v2\/pages"}],"about":[{"href":"https:\/\/sisu.ut.ee\/zurov\/wp-json\/wp\/v2\/types\/page"}],"author":[{"embeddable":true,"href":"https:\/\/sisu.ut.ee\/zurov\/wp-json\/wp\/v2\/users\/141"}],"replies":[{"embeddable":true,"href":"https:\/\/sisu.ut.ee\/zurov\/wp-json\/wp\/v2\/comments?post=7"}],"version-history":[{"count":2,"href":"https:\/\/sisu.ut.ee\/zurov\/wp-json\/wp\/v2\/pages\/7\/revisions"}],"predecessor-version":[{"id":1365,"href":"https:\/\/sisu.ut.ee\/zurov\/wp-json\/wp\/v2\/pages\/7\/revisions\/1365"}],"wp:attachment":[{"href":"https:\/\/sisu.ut.ee\/zurov\/wp-json\/wp\/v2\/media?parent=7"}],"curies":[{"name":"wp","href":"https:\/\/api.w.org\/{rel}","templated":true}]}}