{"id":6,"date":"2024-04-04T04:00:55","date_gmt":"2024-04-04T01:00:55","guid":{"rendered":"https:\/\/sisu.ut.ee\/zurov\/esemed-euroopa-ja-vahemere-tsivilisatsioonide-muuseumis\/"},"modified":"2024-04-04T04:15:04","modified_gmt":"2024-04-04T01:15:04","slug":"esemed-euroopa-ja-vahemere-tsivilisatsioonide-muuseumis","status":"publish","type":"page","link":"https:\/\/sisu.ut.ee\/zurov\/esemed-euroopa-ja-vahemere-tsivilisatsioonide-muuseumis\/","title":{"rendered":"Esemed Euroopa ja Vahemere Tsivilisatsioonide Muuseumis"},"content":{"rendered":"<p>K\u00e4esolev jaotus annab \u00fclevaate Zurovi ja Vilde kogutud esemetest. 1937. aastal kogus esemeid etnoloogiast huvituv ja eesti keelt valdav Vilde, 1938. aastal eesti ja seto keelt mitte tundev Zurov. Seet\u00f5ttu p\u00e4rineb 1937. aastal kogutu seto, 1938. aastal kogutu aga valdavalt vene k\u00fcladest. Seoses Prantsusmaal 2000. aastatel toimunud muuseumireformiga anti esemed \u00fcle Marseille\u2019s asuvale Euroopa ja Vahemere Tsivilisatsioonide Muuseumile (MuCEM).<\/p><p>Esemete fotod on esitatud kogumisaastate kaupa.<\/p><p>P\u00f5hjalikumat informatsiooni esemete kohta v\u00f5ib leida Inimese Muuseumis koostatud, pdf-formaadis kirjelduskaartidena, mis on esitatud Riiklikus Loodusmuuseumis asuvate materjalide kaustas. Kuna seal on teksti juurde lisatud foto, soovitame esemetele l\u00e4heneda ka selle kataloogi kaudu: kirjelduskaartidel kajastuvad lisaks pildistatuile needki esemed, mille kohta fotot ei ole.<\/p><p>\u00dclevaate Setomaalt kogutud esemete liikidest ja p\u00e4ritolust k\u00fclade kaupa annab manuses olev Exceli tabel. Juhul, kui eseme kohta foto puudub, on vastav kirje \u00fclevaatetabelis m\u00e4rgitud punasega. Pole teada, kas ilma fotota esemed on s\u00e4ilinud.<\/p><p>\u00a9 Lehel leiduvad\u00a0Euroopa ja Vahemere Tsivilisatsioonide Muuseumil materjalid on kaitsud autorioigusega.<\/p><br><div class=\"wp-block-group attached-files-group is-layout-constrained wp-block-group-is-layout-constrained\"><div class=\"wp-block-file\"><a href=\"https:\/\/sisu.ut.ee\/wp-content\/uploads\/sites\/271\/zurovi_ja_vilde_kogutud_esemete_kataloog.xls\" target=\"_blank\" rel=\"noreferrer noopener\">zurovi_ja_vilde_kogutud_esemete_kataloog.xls<\/a><\/div><\/div>","protected":false},"excerpt":{"rendered":"<p>K\u00e4esolev jaotus annab \u00fclevaate Zurovi ja Vilde kogutud esemetest. 1937. aastal kogus esemeid etnoloogiast huvituv ja eesti keelt valdav Vilde, 1938. aastal eesti ja seto keelt mitte tundev Zurov. Seet\u00f5ttu p\u00e4rineb 1937. aastal kogutu seto, 1938. aastal kogutu aga valdavalt &#8230;<\/p>\n","protected":false},"author":141,"featured_media":0,"parent":0,"menu_order":0,"comment_status":"closed","ping_status":"closed","template":"","meta":{"_acf_changed":false,"inline_featured_image":false,"footnotes":""},"class_list":["post-6","page","type-page","status-publish","hentry"],"acf":[],"_links":{"self":[{"href":"https:\/\/sisu.ut.ee\/zurov\/wp-json\/wp\/v2\/pages\/6","targetHints":{"allow":["GET"]}}],"collection":[{"href":"https:\/\/sisu.ut.ee\/zurov\/wp-json\/wp\/v2\/pages"}],"about":[{"href":"https:\/\/sisu.ut.ee\/zurov\/wp-json\/wp\/v2\/types\/page"}],"author":[{"embeddable":true,"href":"https:\/\/sisu.ut.ee\/zurov\/wp-json\/wp\/v2\/users\/141"}],"replies":[{"embeddable":true,"href":"https:\/\/sisu.ut.ee\/zurov\/wp-json\/wp\/v2\/comments?post=6"}],"version-history":[{"count":2,"href":"https:\/\/sisu.ut.ee\/zurov\/wp-json\/wp\/v2\/pages\/6\/revisions"}],"predecessor-version":[{"id":1364,"href":"https:\/\/sisu.ut.ee\/zurov\/wp-json\/wp\/v2\/pages\/6\/revisions\/1364"}],"wp:attachment":[{"href":"https:\/\/sisu.ut.ee\/zurov\/wp-json\/wp\/v2\/media?parent=6"}],"curies":[{"name":"wp","href":"https:\/\/api.w.org\/{rel}","templated":true}]}}