{"id":50,"date":"2024-04-04T04:00:58","date_gmt":"2024-04-04T01:00:58","guid":{"rendered":"https:\/\/sisu.ut.ee\/zurov\/muusika-ladina-kulas\/"},"modified":"2024-04-04T04:15:03","modified_gmt":"2024-04-04T01:15:03","slug":"muusika-ladina-kulas","status":"publish","type":"page","link":"https:\/\/sisu.ut.ee\/zurov\/muusika-ladina-kulas\/","title":{"rendered":"Muusika L\u00e4din\u00e4 k\u00fclas"},"content":{"rendered":"<br><figure class=\"wp-block-gallery has-nested-images columns-3 is-cropped wp-block-gallery-1 is-layout-flex wp-block-gallery-is-layout-flex\"><figure class=\"wp-block-image size-large\"><a href=\"https:\/\/sisu.ut.ee\/wp-content\/uploads\/sites\/271\/poiss_lootsaga_ladina_kulas_pp0210427.jpg\"><img decoding=\"async\" data-id=\"527\" src=\"https:\/\/sisu.ut.ee\/wp-content\/uploads\/sites\/271\/poiss_lootsaga_ladina_kulas_pp0210427.jpg\" alt=\"\" class=\"wp-ima&gt;&lt;\/figcaption&gt;&lt;\/figure&gt;&lt;figure class=\" wp-block-image size-large><\/a><a href=\"https:\/\/sisu.ut.ee\/wp-content\/uploads\/sites\/271\/kandlemang_ladina_kulas_pp0210424.jpg\"><img decoding=\"async\" data-id=\"528\" src=\"https:\/\/sisu.ut.ee\/wp-content\/uploads\/sites\/271\/kandlemang_ladina_kulas_pp0210424.jpg\" alt=\"\" class=\"wp-ima&gt;&lt;\/figcaption&gt;&lt;\/figure&gt;&lt;figure class=\" wp-block-image size-large><\/a><a href=\"https:\/\/sisu.ut.ee\/wp-content\/uploads\/sites\/271\/suur_kannel_ladina_kulas_pp0210426.jpg\"><img decoding=\"async\" data-id=\"529\" src=\"https:\/\/sisu.ut.ee\/wp-content\/uploads\/sites\/271\/suur_kannel_ladina_kulas_pp0210426.jpg\" alt=\"\" class=\"wp-ima&gt;&lt;\/figcaption&gt;&lt;\/figure&gt;&lt;figure class=\" wp-block-image size-large><\/a><a href=\"https:\/\/sisu.ut.ee\/wp-content\/uploads\/sites\/271\/kandlemang_ladina_kulaspp0210425.jpg\"><img decoding=\"async\" data-id=\"530\" src=\"https:\/\/sisu.ut.ee\/wp-content\/uploads\/sites\/271\/kandlemang_ladina_kulaspp0210425.jpg\" alt=\"\" class=\"wp-ima&gt;&lt;\/figcaption&gt;&lt;\/figure&gt;&lt;\/figure&gt;\"><\/a><\/figure><\/figure>","protected":false},"excerpt":{"rendered":"","protected":false},"author":141,"featured_media":0,"parent":0,"menu_order":0,"comment_status":"closed","ping_status":"closed","template":"","meta":{"_acf_changed":false,"inline_featured_image":false,"footnotes":""},"class_list":["post-50","page","type-page","status-publish","hentry"],"acf":[],"_links":{"self":[{"href":"https:\/\/sisu.ut.ee\/zurov\/wp-json\/wp\/v2\/pages\/50","targetHints":{"allow":["GET"]}}],"collection":[{"href":"https:\/\/sisu.ut.ee\/zurov\/wp-json\/wp\/v2\/pages"}],"about":[{"href":"https:\/\/sisu.ut.ee\/zurov\/wp-json\/wp\/v2\/types\/page"}],"author":[{"embeddable":true,"href":"https:\/\/sisu.ut.ee\/zurov\/wp-json\/wp\/v2\/users\/141"}],"replies":[{"embeddable":true,"href":"https:\/\/sisu.ut.ee\/zurov\/wp-json\/wp\/v2\/comments?post=50"}],"version-history":[{"count":2,"href":"https:\/\/sisu.ut.ee\/zurov\/wp-json\/wp\/v2\/pages\/50\/revisions"}],"predecessor-version":[{"id":1336,"href":"https:\/\/sisu.ut.ee\/zurov\/wp-json\/wp\/v2\/pages\/50\/revisions\/1336"}],"wp:attachment":[{"href":"https:\/\/sisu.ut.ee\/zurov\/wp-json\/wp\/v2\/media?parent=50"}],"curies":[{"name":"wp","href":"https:\/\/api.w.org\/{rel}","templated":true}]}}