{"id":5,"date":"2024-04-04T04:00:55","date_gmt":"2024-04-04T01:00:55","guid":{"rendered":"https:\/\/sisu.ut.ee\/zurov\/valitoofotod\/"},"modified":"2024-04-04T04:15:04","modified_gmt":"2024-04-04T01:15:04","slug":"valitoofotod","status":"publish","type":"page","link":"https:\/\/sisu.ut.ee\/zurov\/valitoofotod\/","title":{"rendered":"V\u00e4lit\u00f6\u00f6fotod"},"content":{"rendered":"<p>2006. aastal anti Inimese Muuseumi fotokogud, sh Zurovi ja Vilde ekspeditsioonide materjalid \u00fcle Pariisis asuvale Quai Branly muuseumile.<\/p>\n<p>Galeriis avaneb korraga neli pilti; edasi liikumiseks klikata hiirega ekraanil galerii otsas olevale noolele.<\/p>\n<p>Fotode allkirjad ja arhiiviviited ilmuvad galeriis oleva pildi alla, kui hiir viia vastavale pildile.<\/p>\n<p>\u00a0Suureks klikatud piltide vaatamisel\u00a0 saab edasi-tagasi liikumiseks kasutada klahve PgUp+Enter ja PdDn+Enter.<\/p>\n\n<p><strong>\u00a9 Quai Brany muuseumis asuvad fotod on kaitstud kahekordse autorioigusega ning neid v\u00f5ib levitada ja avaldada vaid m\u00f5lema loa olemasolu korral.<\/strong><\/p>\n<p>Luba tuleb k\u00fcsida:<\/p>\n\n<p>1) Quai Branly muusemist, kus asuvad fotod.<\/p>\n<p>Kontakt: audrey.lagrue@quaibranly.fr.<\/p>\n<p>ja<\/p>\n<p>2) Leonid Zurovi p\u00e4randi sihtasutus (inglise keeles Leonid Zurov Estate), kes tegutseb Leedsi \u00dclikooli raamatukogu juures ja kellele kuulub Zurovi intellektuaalse p\u00e4randi, sh v\u00e4lit\u00f6\u00f6materjalide autorioigus<\/p>\n<p>Leonid Zurov Estate<\/p>\n<p>Leeds University Library, University of Leeds, Leeds, LS2 9JT. UK<\/p>\n<p>Kontakt: r.d.davies@leeds.ac.uk<\/p>\n<p>v\u00f5i<\/p>\n<p><a href=\"mailto:specialcollections@library.leeds.ac.uk\">specialcollections@library.leeds.ac.uk<\/a><\/p>\n<p>Kirja teemareale tuleks m\u00e4rkida: Leeds Russian Archive.<\/p>\n","protected":false},"excerpt":{"rendered":"<p>2006. aastal anti Inimese Muuseumi fotokogud, sh Zurovi ja Vilde ekspeditsioonide materjalid \u00fcle Pariisis asuvale Quai Branly muuseumile. Galeriis avaneb korraga neli pilti; edasi liikumiseks klikata hiirega ekraanil galerii otsas olevale noolele. Fotode allkirjad ja arhiiviviited ilmuvad galeriis oleva pildi &#8230;<\/p>\n","protected":false},"author":141,"featured_media":0,"parent":0,"menu_order":0,"comment_status":"closed","ping_status":"closed","template":"","meta":{"_acf_changed":false,"inline_featured_image":false,"footnotes":""},"class_list":["post-5","page","type-page","status-publish","hentry"],"acf":[],"_links":{"self":[{"href":"https:\/\/sisu.ut.ee\/zurov\/wp-json\/wp\/v2\/pages\/5","targetHints":{"allow":["GET"]}}],"collection":[{"href":"https:\/\/sisu.ut.ee\/zurov\/wp-json\/wp\/v2\/pages"}],"about":[{"href":"https:\/\/sisu.ut.ee\/zurov\/wp-json\/wp\/v2\/types\/page"}],"author":[{"embeddable":true,"href":"https:\/\/sisu.ut.ee\/zurov\/wp-json\/wp\/v2\/users\/141"}],"replies":[{"embeddable":true,"href":"https:\/\/sisu.ut.ee\/zurov\/wp-json\/wp\/v2\/comments?post=5"}],"version-history":[{"count":1,"href":"https:\/\/sisu.ut.ee\/zurov\/wp-json\/wp\/v2\/pages\/5\/revisions"}],"predecessor-version":[{"id":1279,"href":"https:\/\/sisu.ut.ee\/zurov\/wp-json\/wp\/v2\/pages\/5\/revisions\/1279"}],"wp:attachment":[{"href":"https:\/\/sisu.ut.ee\/zurov\/wp-json\/wp\/v2\/media?parent=5"}],"curies":[{"name":"wp","href":"https:\/\/api.w.org\/{rel}","templated":true}]}}