{"id":43,"date":"2024-04-04T04:00:58","date_gmt":"2024-04-04T01:00:58","guid":{"rendered":"https:\/\/sisu.ut.ee\/zurov\/1938-1\/"},"modified":"2024-04-04T04:15:03","modified_gmt":"2024-04-04T01:15:03","slug":"1938-1","status":"publish","type":"page","link":"https:\/\/sisu.ut.ee\/zurov\/1938-1\/","title":{"rendered":"Fotod 1938"},"content":{"rendered":"<p><span>1938. aasta fotode autor on Leonid Zurov.\u00a0<\/span><\/p>\n<p><span>Erinevalt eelmisest aastast on fotod n\u00fc\u00fcd silmapaistvalt hea kvaliteediga ja teravad. Ise\u00e4ranis suure kultuuriloolise v\u00e4\u00e4rtusega on j\u00e4\u00e4dvustused Miikse jaanip\u00e4evast, Pelsi annep\u00e4evast ja p\u00e4\u00e4tnitsap\u00e4evast Satserinnas, samuti fotoseeria rannak\u00fcladest, sh Puudavitsa kaluri Kireketkini matustest. \u00dcldistavalt v\u00e4\u00e4rivad esiletoomist ka erinevate k\u00e4sit\u00f6\u00f6alade j\u00e4\u00e4dvustused, sealhulgas manguasjade tegemine.<\/span><\/p>\n<p><span>Inimese muuseumis leidub kolmelaadseid fotoj\u00e4\u00e4dvustusi: 1) negatiivid, 2) neis tehtud filmilindil positiivid ja 3) papile kleebitud fotod. Viimased on olemas vaid osa negatiivide kohta. Fotode annotatsioone leidub vaid papile kleebitud positiivide puhul. Pildid on annoteeritud tagantj\u00e4rele ja \u00fcksikjuhtudel leidub annotatsioonides vigu (nt Satserinna kiviristi kandmist \u00fcmber kiriku on nimetatud Miikse Jaanikivi t\u00fckkide kandmiseks).<\/span><\/p>\n<p>1938. aasta fotode hulgas arvele v\u00f5etute seas on ka neli 1935. aastal tehtud fotot: kolm pilti Irboska kirikutest ja \u00fcks taluv\u00e4ravast Senno k\u00fclas.<\/p>\n<p>\u00a9 Quai Brany muuseumis asuvad fotod on kaitstud kahekordse autorioigusega ning neid v\u00f5ib levitada ja avaldada vaid selle valdaja loal (vt fotode avaleht).<\/p>\n","protected":false},"excerpt":{"rendered":"<p>1938. aasta fotode autor on Leonid Zurov.\u00a0 Erinevalt eelmisest aastast on fotod n\u00fc\u00fcd silmapaistvalt hea kvaliteediga ja teravad. Ise\u00e4ranis suure kultuuriloolise v\u00e4\u00e4rtusega on j\u00e4\u00e4dvustused Miikse jaanip\u00e4evast, Pelsi annep\u00e4evast ja p\u00e4\u00e4tnitsap\u00e4evast Satserinnas, samuti fotoseeria rannak\u00fcladest, sh Puudavitsa kaluri Kireketkini matustest. \u00dcldistavalt &#8230;<\/p>\n","protected":false},"author":141,"featured_media":0,"parent":0,"menu_order":0,"comment_status":"closed","ping_status":"closed","template":"","meta":{"_acf_changed":false,"inline_featured_image":false,"footnotes":""},"class_list":["post-43","page","type-page","status-publish","hentry"],"acf":[],"_links":{"self":[{"href":"https:\/\/sisu.ut.ee\/zurov\/wp-json\/wp\/v2\/pages\/43","targetHints":{"allow":["GET"]}}],"collection":[{"href":"https:\/\/sisu.ut.ee\/zurov\/wp-json\/wp\/v2\/pages"}],"about":[{"href":"https:\/\/sisu.ut.ee\/zurov\/wp-json\/wp\/v2\/types\/page"}],"author":[{"embeddable":true,"href":"https:\/\/sisu.ut.ee\/zurov\/wp-json\/wp\/v2\/users\/141"}],"replies":[{"embeddable":true,"href":"https:\/\/sisu.ut.ee\/zurov\/wp-json\/wp\/v2\/comments?post=43"}],"version-history":[{"count":1,"href":"https:\/\/sisu.ut.ee\/zurov\/wp-json\/wp\/v2\/pages\/43\/revisions"}],"predecessor-version":[{"id":1238,"href":"https:\/\/sisu.ut.ee\/zurov\/wp-json\/wp\/v2\/pages\/43\/revisions\/1238"}],"wp:attachment":[{"href":"https:\/\/sisu.ut.ee\/zurov\/wp-json\/wp\/v2\/media?parent=43"}],"curies":[{"name":"wp","href":"https:\/\/api.w.org\/{rel}","templated":true}]}}