{"id":42,"date":"2024-04-04T04:00:58","date_gmt":"2024-04-04T01:00:58","guid":{"rendered":"https:\/\/sisu.ut.ee\/zurov\/1937-1\/"},"modified":"2024-04-04T04:15:03","modified_gmt":"2024-04-04T01:15:03","slug":"1937-1","status":"publish","type":"page","link":"https:\/\/sisu.ut.ee\/zurov\/1937-1\/","title":{"rendered":"Fotod 1937"},"content":{"rendered":"<p><span data-mce-mark=\"1\">1937. aasta fotod on Inimese Muuseumis arvel Boris Vilde (kui selle aasta ekspeditsiooni juhi) fotokoguna. Samas on paljude, ilmselt enamiku fotode autoriks tegelikult Leonid Zurov. Zurovi pikast \u00fcldaruandest n\u00e4htub, et tema pildistatud on\u00a0 Miikse jaanip\u00e4ev ja Petseri turg (juunis) ning Satserinna p\u00e4\u00e4tnitsap\u00e4ev. Samas on fotosid ilmselt teinud ka Boris Vilde.\u00a0<\/span><\/p><p><span data-mce-mark=\"1\">Mitmed 1937. aasta fotod on ebateravad ja halva kvaliteediga \u2013 ilmselt j\u00e4i meestel puudu kogemusest s\u00e4riaja ja ava valikul.<\/span><\/p><p>1937. aasta fotodest on osad kleebitud papile ja annoteeritud; enamik kujutab endast aga annoteerimata positiive. Selle aasta negatiive Inimese Muuseumis pole (v.a vaid Vilde tehtud Helsingi linnavaadete kohta). Ilmselt leidub selle aasta fotode seas ka \u00fcksikuid fotosid, mis on saadud v\u00f5i ostetud kohalike inimeste k\u00e4est.<\/p><p>1937. aasta fotode seas on ka\u00a0 Zurovi poolt 1935. aastal tehtud pilt, mida kinnitavad Moskvas V\u00e4lis-Vene majas leiduvad arhiivimaterjalid. 1938. aastal Zurovi koostatud pealkirjata nimistu (VVMA (\u0411\u0424\u0420\u0417) f 3, n 1, k 1, s\u00fc 16, leht 13) p\u00f5hjal on 1937. aastal \u00fcle antud fotode seas 18\u00a0 1935. aasta pilti surnute m\u00e4lestamisest Petseri surnuaial, 8 fotot Taeluvas peetud p\u00fchast (t\u00f5en\u00e4oliselt migulap\u00e4evast) ja 13 fotot Petseri arhitektuurist.<\/p><p>Fail \u201c1937. aasta fotonimekirja katke\u201d oli abiks osade 1937. aasta annoteerimata fotode sisu avamisel.<\/p><p><br>\u00a9 Quai Brany muuseumis asuvad fotod on kaitstud kahekordse autorioigusega ning neid v\u00f5ib levitada ja avaldada vaid selle valdaja loal (vt fotode avaleht).<\/p><br><div class=\"wp-block-group attached-files-group is-layout-constrained wp-block-group-is-layout-constrained\"><div class=\"wp-block-file\"><a href=\"https:\/\/sisu.ut.ee\/wp-content\/uploads\/sites\/271\/1937._aasta_fotonimekirja_katke.pdf\" target=\"_blank\" rel=\"noreferrer noopener\">1937._aasta_fotonimekirja_katke.pdf<\/a><\/div><\/div>","protected":false},"excerpt":{"rendered":"<p>1937. aasta fotod on Inimese Muuseumis arvel Boris Vilde (kui selle aasta ekspeditsiooni juhi) fotokoguna. Samas on paljude, ilmselt enamiku fotode autoriks tegelikult Leonid Zurov. Zurovi pikast \u00fcldaruandest n\u00e4htub, et tema pildistatud on\u00a0 Miikse jaanip\u00e4ev ja Petseri turg (juunis) ning &#8230;<\/p>\n","protected":false},"author":141,"featured_media":0,"parent":0,"menu_order":0,"comment_status":"closed","ping_status":"closed","template":"","meta":{"_acf_changed":false,"inline_featured_image":false,"footnotes":""},"class_list":["post-42","page","type-page","status-publish","hentry"],"acf":[],"_links":{"self":[{"href":"https:\/\/sisu.ut.ee\/zurov\/wp-json\/wp\/v2\/pages\/42","targetHints":{"allow":["GET"]}}],"collection":[{"href":"https:\/\/sisu.ut.ee\/zurov\/wp-json\/wp\/v2\/pages"}],"about":[{"href":"https:\/\/sisu.ut.ee\/zurov\/wp-json\/wp\/v2\/types\/page"}],"author":[{"embeddable":true,"href":"https:\/\/sisu.ut.ee\/zurov\/wp-json\/wp\/v2\/users\/141"}],"replies":[{"embeddable":true,"href":"https:\/\/sisu.ut.ee\/zurov\/wp-json\/wp\/v2\/comments?post=42"}],"version-history":[{"count":2,"href":"https:\/\/sisu.ut.ee\/zurov\/wp-json\/wp\/v2\/pages\/42\/revisions"}],"predecessor-version":[{"id":1329,"href":"https:\/\/sisu.ut.ee\/zurov\/wp-json\/wp\/v2\/pages\/42\/revisions\/1329"}],"wp:attachment":[{"href":"https:\/\/sisu.ut.ee\/zurov\/wp-json\/wp\/v2\/media?parent=42"}],"curies":[{"name":"wp","href":"https:\/\/api.w.org\/{rel}","templated":true}]}}