{"id":4,"date":"2024-04-04T04:00:55","date_gmt":"2024-04-04T01:00:55","guid":{"rendered":"https:\/\/sisu.ut.ee\/zurov\/avaleht\/"},"modified":"2024-04-25T16:38:00","modified_gmt":"2024-04-25T13:38:00","slug":"avaleht","status":"publish","type":"page","link":"https:\/\/sisu.ut.ee\/zurov\/","title":{"rendered":"Avaleht"},"content":{"rendered":"<p><img loading=\"lazy\" decoding=\"async\" class=\"alignnone wp-image-96\" style=\"float: right; margin: 10px;\" title=\"raamatu_kaanepilt.png\" src=\"https:\/\/sisu.ut.ee\/wp-content\/uploads\/sites\/271\/raamatu_kaanepilt.png\" alt=\"raamatu_kaanepilt.png\" width=\"332\" height=\"478\" srcset=\"https:\/\/sisu.ut.ee\/wp-content\/uploads\/sites\/271\/raamatu_kaanepilt.png 449w, https:\/\/sisu.ut.ee\/wp-content\/uploads\/sites\/271\/raamatu_kaanepilt-208x300.png 208w\" sizes=\"auto, (max-width: 332px) 100vw, 332px\"><\/p>\n<p>Aastatel 1937 ja 1938 toimusid Setomaal Inimese Muuseumi arheoloogilised ja etnoloogilised v\u00e4lit\u00f6\u00f6d, mida tegid kaks vene emigranti \u2013 idee algataja kirjanik Leonid Zurov ning Tartus elanud ja \u00f5ppinud Boris Vilde.<\/p>\n<p>Neist v\u00e4lit\u00f6\u00f6dest Prantsusmaal s\u00e4ilinud materjalide p\u00f5hjal ilmus 2017. aasta l\u00f5pul raamat\u00a0\u201cInimese Muuseumi ekspeditsioonid Eestisse: Boris Vilde ja Leonid Zurov Setomaal (1937 ja 1938)\u201d (2017). Projekti algataja ja \u00fcldjuht oli Tatiana Benfoughal (Inimese Muuseum, Pariis), kaastoimetajad Olga Fi\u0161man (Venemaa Etnograafiamuuseum, Peterburi) ja Heiki Valk (Tartu \u00dclikool), toimetust\u00f6\u00f6 peakoordinaator oli Philippe Mennecier (Inimese Muuseum).<\/p>\n<p>Raamat, mis h\u00f5lmab allikapublikatsioone ja neid kommenteerivaid teadusartikleid t\u00e4nap\u00e4evastelt uurijatelt, on koostatud kolmes erikeelses, kuid identse sisuga versioonis \u2013 prantsuse, eesti ja vene keeles.<\/p>\n<p>K\u00e4esolevas, raamatu juurde kuuluvas v\u00f5rguteavikus avaldatakse k\u00f5ik nende uurimisretkedega seonduvad\u00a0Prantsusmaal s\u00e4ilinud allikmaterjalid. Nii setode kui ka Petserimaa venelaste 1930. aastate l\u00f5pu kultuuri kajastavate materjalide seas v\u00e4\u00e4rivad erilist m\u00e4rkimist kaks Zurovi pikemat aruannet \u2013 \u00fclevaade Setomaal tehtud v\u00e4lit\u00f6\u00f6dest ja nende taustast ning Setomaa looduslikest p\u00fchapaikadest.<\/p>\n<p>Raamatus endas leiduvad lisaks Zurovi ja Vilde aruannete t\u00f5lgetele saateartiklid Eesti, Venemaa ja Prantsusmaa teadlas-telt Setomaa arheoloogia, etnoloogia, rahvausundi, keele ja kohanimede, samuti v\u00e4lit\u00f6\u00f6de tagamaade kohta. Raamat, millest on samasisulised versioonid ka vene ja prantsuse keeles, on valminud Inimese Muuseumi, Tartu \u00dclikooli, Venemaa Etnograafiamuuseumi ja Seto Instituudi koost\u00f6\u00f6s. Eri maade uurijate kohati erinevad, kuid \u00fcksteist t\u00e4iendavad l\u00e4henemised aitavad paigutada Leonid Zurovi ja Boris Vilde kogutud materjalid t\u00e4nap\u00e4evasesse laiemasse teaduslikku konteksti.<\/p>\n<p style=\"text-align: justify;\">K\u00e4esoleval veebilehel avaldatud arhiivimaterjalide kohta annavad \u00fclevaate vasakmen\u00fc\u00fc ja Prantsusmaa Riiklikus Loodusmuuseumis oleva ainese kohta ka vastavas alajaotuses failina manustatud sisuregister.<\/p>\n<p style=\"text-align: justify;\">Eesti lugejale pakuvad t\u00f5en\u00e4oliselt k\u00f5ige enam huvi\u00a0 Setomaa v\u00e4lit\u00f6\u00f6dega seonduvad fotod, millest raamatus on avaldatud vaid osa. Enamik neist asub Quai Branly muuseumis, v\u00e4iksem osa aga Riiklikus Loodusmuuseumis.<\/p>\n<p style=\"text-align: justify;\">Setomaalt kogutud, praegu Marseille\u2019s Euroopa ja Vahemere Tsivilisastsioonide Muuseumis asuvaid esemeid tutvustavad nende fotod (vt vasakmen\u00fc\u00fc vastav jaotus) ja kirjelduskaardid (alajaotus Riikliku Loodusmuuseumi arhiivis), mille masinkirjalised versioonid on t\u00f5lgitud eesti keelde. Kirjelduskaartide sisust annab \u00fclevaate\u00a0ka nende eestikeelne koondregister.<\/p>\n<p style=\"text-align: justify;\">Ekspeditsioonidega seonduvad arhiivimaterjalid\u00a0 h\u00f5lmavad Vilde ja Zurovi prantsus- ja venekeelseid v\u00e4lit\u00f6\u00f6aruandeid, v\u00e4heseid paberkandjal v\u00e4lit\u00f6\u00f6materjale, Zurovi ja Vilde loetud kirjanduse konspekte, ekspeditsioonidega seotud administratiivkirjavahetust, l\u00e4hetuskorraldusi ja muid taustmaterjale.<\/p>\n<p style=\"text-align: justify;\">Riikliku Loodusmuuseumi arhiivimaterjalide omaette alamkaustas on esitatud kirjavahetus Eesti ametiasutustega ning \u00fclevaade Eesti Rahva Muuseumi poolt Inimese Muuseumile vahetuseks saadetud esemetest. Fail vahetatud esemete piltidega on loodusmuuseumis olevate fotode kaustas.<\/p>\n<p style=\"text-align: justify;\">Vasakmen\u00fc\u00fcs on materjal esitatud neid haldavate asutuste kaupa.<\/p>\n<p>Eurooma ja Vahemere Tsivilisatsioonide muuseum\u00a0\u2013 Setomaalt kogutud esemete fotod.<\/p>\n<p>Prantsusmaa Riiklik Loodusmuuseum\u00a0\u2013 igasugused paberkandjal arhiivimaterjalid, sealhulgas esemete kirjelduskaardid koos eestikeelsete t\u00f5lgetega; ligikaudu kolmk\u00fcmmend fotopositiivi.<\/p>\n<p>Quai Branly Muuseum\u00a0 \u2013\u00a0enamik fotosid ja negatiive.<\/p>\n<p>Heiki Valk<\/p>\n","protected":false},"excerpt":{"rendered":"<p>Aastatel 1937 ja 1938 toimusid Setomaal Inimese Muuseumi arheoloogilised ja etnoloogilised v\u00e4lit\u00f6\u00f6d, mida tegid kaks vene emigranti \u2013 idee algataja kirjanik Leonid Zurov ning Tartus elanud ja \u00f5ppinud Boris Vilde. Neist v\u00e4lit\u00f6\u00f6dest Prantsusmaal s\u00e4ilinud materjalide p\u00f5hjal ilmus 2017. aasta l\u00f5pul &#8230;<\/p>\n","protected":false},"author":141,"featured_media":0,"parent":0,"menu_order":0,"comment_status":"closed","ping_status":"closed","template":"","meta":{"_acf_changed":false,"inline_featured_image":false,"footnotes":""},"class_list":["post-4","page","type-page","status-publish","hentry"],"acf":[],"_links":{"self":[{"href":"https:\/\/sisu.ut.ee\/zurov\/wp-json\/wp\/v2\/pages\/4","targetHints":{"allow":["GET"]}}],"collection":[{"href":"https:\/\/sisu.ut.ee\/zurov\/wp-json\/wp\/v2\/pages"}],"about":[{"href":"https:\/\/sisu.ut.ee\/zurov\/wp-json\/wp\/v2\/types\/page"}],"author":[{"embeddable":true,"href":"https:\/\/sisu.ut.ee\/zurov\/wp-json\/wp\/v2\/users\/141"}],"replies":[{"embeddable":true,"href":"https:\/\/sisu.ut.ee\/zurov\/wp-json\/wp\/v2\/comments?post=4"}],"version-history":[{"count":2,"href":"https:\/\/sisu.ut.ee\/zurov\/wp-json\/wp\/v2\/pages\/4\/revisions"}],"predecessor-version":[{"id":1378,"href":"https:\/\/sisu.ut.ee\/zurov\/wp-json\/wp\/v2\/pages\/4\/revisions\/1378"}],"wp:attachment":[{"href":"https:\/\/sisu.ut.ee\/zurov\/wp-json\/wp\/v2\/media?parent=4"}],"curies":[{"name":"wp","href":"https:\/\/api.w.org\/{rel}","templated":true}]}}