{"id":27,"date":"2024-04-04T04:00:56","date_gmt":"2024-04-04T01:00:56","guid":{"rendered":"https:\/\/sisu.ut.ee\/zurov\/loodusmuuseumi-fotod\/"},"modified":"2024-04-04T04:15:04","modified_gmt":"2024-04-04T01:15:04","slug":"loodusmuuseumi-fotod","status":"publish","type":"page","link":"https:\/\/sisu.ut.ee\/zurov\/loodusmuuseumi-fotod\/","title":{"rendered":"Loodusmuuseumi fotod"},"content":{"rendered":"<p>Lisatud failides on fotod, mis Prantsusmaa muuseumireformi k\u00e4igus, kui Inimese Muuseumi fotod anti \u00fcle Quai Branly muuseumile, j\u00e4id mingil p\u00f5hjusel sinna \u00fcle andmata ja asuvad endiselt Riiklikus Loodusmuuseumis,<\/p><p>Mitmed fotod p\u00e4rinevad 1935. aastast.<\/p><p>\u00a9 Materjalid on kaitstud autorioigusega ja neid v\u00f5ib levitada ja avaldada vaid Prantsusmaa Riikliku Loodusmuuseumi loal.<\/p><br><div class=\"wp-block-group attached-files-group is-layout-constrained wp-block-group-is-layout-constrained\"><div class=\"wp-block-file\"><a href=\"https:\/\/sisu.ut.ee\/wp-content\/uploads\/sites\/271\/3-11_naitusesaalide_vitriinid.pdf\" target=\"_blank\" rel=\"noreferrer noopener\">3-11_naitusesaalide_vitriinid.pdf<\/a><\/div><div class=\"wp-block-file\"><a href=\"https:\/\/sisu.ut.ee\/wp-content\/uploads\/sites\/271\/3-1_vilde_klassipilt_tartu_1926-1.pdf\" target=\"_blank\" rel=\"noreferrer noopener\">3-1_vilde_klassipilt_tartu_1926-1.pdf<\/a><\/div><div class=\"wp-block-file\"><a href=\"https:\/\/sisu.ut.ee\/wp-content\/uploads\/sites\/271\/3-2_peko_saadetud_vildele_ermist.pdf\" target=\"_blank\" rel=\"noreferrer noopener\">3-2_peko_saadetud_vildele_ermist.pdf<\/a><\/div><div class=\"wp-block-file\"><a href=\"https:\/\/sisu.ut.ee\/wp-content\/uploads\/sites\/271\/3-5_vilde_ekspeditsiooni_fotod_1937._a_1_foto.pdf\" target=\"_blank\" rel=\"noreferrer noopener\">3-5_vilde_ekspeditsiooni_fotod_1937._a_1_foto.pdf<\/a><\/div><div class=\"wp-block-file\"><a href=\"https:\/\/sisu.ut.ee\/wp-content\/uploads\/sites\/271\/3-8_vilde_portreefoto.pdf\" target=\"_blank\" rel=\"noreferrer noopener\">3-8_vilde_portreefoto.pdf<\/a><\/div><div class=\"wp-block-file\"><a href=\"https:\/\/sisu.ut.ee\/wp-content\/uploads\/sites\/271\/3-7_zurovi_fotod_aastast_1938_4_tk.pdf\" target=\"_blank\" rel=\"noreferrer noopener\">3-7_zurovi_fotod_aastast_1938_4_tk.pdf<\/a><\/div><div class=\"wp-block-file\"><a href=\"https:\/\/sisu.ut.ee\/wp-content\/uploads\/sites\/271\/3-9_vilde_ja_zurov_valitoodel.pdf\" target=\"_blank\" rel=\"noreferrer noopener\">3-9_vilde_ja_zurov_valitoodel.pdf<\/a><\/div><div class=\"wp-block-file\"><a href=\"https:\/\/sisu.ut.ee\/wp-content\/uploads\/sites\/271\/3-3_vilde_kulas_setomaa_perekonnal_pihkva_jarve_kaldal.pdf\" target=\"_blank\" rel=\"noreferrer noopener\">3-3_vilde_kulas_setomaa_perekonnal_pihkva_jarve_kaldal.pdf<\/a><\/div><div class=\"wp-block-file\"><a href=\"https:\/\/sisu.ut.ee\/wp-content\/uploads\/sites\/271\/15_1936._a_fotod_inimese_muuseum.pdf\" target=\"_blank\" rel=\"noreferrer noopener\">15_1936._a_fotod_inimese_muuseum.pdf<\/a><\/div><div class=\"wp-block-file\"><a href=\"https:\/\/sisu.ut.ee\/wp-content\/uploads\/sites\/271\/3-4_petseri._4_vilhelmine_saagi_fotot.pdf\" target=\"_blank\" rel=\"noreferrer noopener\">3-4_petseri._4_vilhelmine_saagi_fotot.pdf<\/a><\/div><div class=\"wp-block-file\"><a href=\"https:\/\/sisu.ut.ee\/wp-content\/uploads\/sites\/271\/3-6_5_zurovi_fotot_nikolai_ratnoi_kiriku_restaureerimisest_petseris_1935.pdf\" target=\"_blank\" rel=\"noreferrer noopener\">3-6_5_zurovi_fotot_nikolai_ratnoi_kiriku_restaureerimisest_petseris_1935.pdf<\/a><\/div><div class=\"wp-block-file\"><a href=\"https:\/\/sisu.ut.ee\/wp-content\/uploads\/sites\/271\/3-12_3_fotot_naitusesaalide_vitriinidest_eksponaadid.pdf\" target=\"_blank\" rel=\"noreferrer noopener\">3-12_3_fotot_naitusesaalide_vitriinidest_eksponaadid.pdf<\/a><\/div><div class=\"wp-block-file\"><a href=\"https:\/\/sisu.ut.ee\/wp-content\/uploads\/sites\/271\/3-13_esemete_1938-170-245_331_ja_332_fotod.pdf\" target=\"_blank\" rel=\"noreferrer noopener\">3-13_esemete_1938-170-245_331_ja_332_fotod.pdf<\/a><\/div><div class=\"wp-block-file\"><a href=\"https:\/\/sisu.ut.ee\/wp-content\/uploads\/sites\/271\/3-14_6_fotot_erm-ist_vahetuse_teel_saadud_esemetest.pdf\" target=\"_blank\" rel=\"noreferrer noopener\">3-14_6_fotot_erm-ist_vahetuse_teel_saadud_esemetest.pdf<\/a><\/div><div class=\"wp-block-file\"><a href=\"https:\/\/sisu.ut.ee\/wp-content\/uploads\/sites\/271\/3-10_5_fotot_aastast_1937_dubleerivad_mqbs_olevaid.pdf\" target=\"_blank\" rel=\"noreferrer noopener\">3-10_5_fotot_aastast_1937_dubleerivad_mqbs_olevaid.pdf<\/a><\/div><div class=\"wp-block-file\"><a href=\"https:\/\/sisu.ut.ee\/wp-content\/uploads\/sites\/271\/katke_1937._a_fotonimestikust._boris_vilde.pdf\" target=\"_blank\" rel=\"noreferrer noopener\">katke_1937._a_fotonimestikust._boris_vilde.pdf<\/a><\/div><\/div>","protected":false},"excerpt":{"rendered":"<p>Lisatud failides on fotod, mis Prantsusmaa muuseumireformi k\u00e4igus, kui Inimese Muuseumi fotod anti \u00fcle Quai Branly muuseumile, j\u00e4id mingil p\u00f5hjusel sinna \u00fcle andmata ja asuvad endiselt Riiklikus Loodusmuuseumis, Mitmed fotod p\u00e4rinevad 1935. aastast. \u00a9 Materjalid on kaitstud autorioigusega ja neid &#8230;<\/p>\n","protected":false},"author":141,"featured_media":0,"parent":0,"menu_order":0,"comment_status":"closed","ping_status":"closed","template":"","meta":{"_acf_changed":false,"inline_featured_image":false,"footnotes":""},"class_list":["post-27","page","type-page","status-publish","hentry"],"acf":[],"_links":{"self":[{"href":"https:\/\/sisu.ut.ee\/zurov\/wp-json\/wp\/v2\/pages\/27","targetHints":{"allow":["GET"]}}],"collection":[{"href":"https:\/\/sisu.ut.ee\/zurov\/wp-json\/wp\/v2\/pages"}],"about":[{"href":"https:\/\/sisu.ut.ee\/zurov\/wp-json\/wp\/v2\/types\/page"}],"author":[{"embeddable":true,"href":"https:\/\/sisu.ut.ee\/zurov\/wp-json\/wp\/v2\/users\/141"}],"replies":[{"embeddable":true,"href":"https:\/\/sisu.ut.ee\/zurov\/wp-json\/wp\/v2\/comments?post=27"}],"version-history":[{"count":2,"href":"https:\/\/sisu.ut.ee\/zurov\/wp-json\/wp\/v2\/pages\/27\/revisions"}],"predecessor-version":[{"id":1363,"href":"https:\/\/sisu.ut.ee\/zurov\/wp-json\/wp\/v2\/pages\/27\/revisions\/1363"}],"wp:attachment":[{"href":"https:\/\/sisu.ut.ee\/zurov\/wp-json\/wp\/v2\/media?parent=27"}],"curies":[{"name":"wp","href":"https:\/\/api.w.org\/{rel}","templated":true}]}}