{"id":25,"date":"2024-04-04T04:00:56","date_gmt":"2024-04-04T01:00:56","guid":{"rendered":"https:\/\/sisu.ut.ee\/zurov\/esemete-kirjelduskaardid\/"},"modified":"2024-04-04T04:15:04","modified_gmt":"2024-04-04T01:15:04","slug":"esemete-kirjelduskaardid","status":"publish","type":"page","link":"https:\/\/sisu.ut.ee\/zurov\/esemete-kirjelduskaardid\/","title":{"rendered":"Esemete kirjelduskaardid"},"content":{"rendered":"<p>Vilde ja Zurovi kogutud esemete kirjelduskaardid asuvad Prantsusmaa muuseumireformi tagaj\u00e4rjel Marseille\u2019sse saadetud esemetest eraldi, Riikliku Loodusmuuseumi arhiivis. Kirjalduskaardid on t\u00e4iskomplektina esindatud maskinkirjalise puhtandversioonina. K\u00e4sikirjalistest mustanditest on s\u00e4ilinud vaid Vilde tehtud, Zurovi koostatutest aga vaid \u00fche eseme oma. K\u00e4sikirjalised mustandid sisaldavad vahel enam infot kui puhtandid.<\/p>\n<p>Masinkirjaliste kirjelduskaartide juurde on lisatud nende eestikeelsed t\u00f5lked\u00a0 ja olemasolu korral ka Euroopa ja Vahemere Tsivilisatsioonide Muuseumis asuvate esemete fotod.<\/p>\n<p>Kirjelduskaartidel esinevad k\u00fclanimed on esitatud setokeelsel kujul.<\/p>\n<p>Seto nimede puhul on \u00e4ra toodud eestikeelne nimekuju, vahel nurksulgudes ka prantsuskeelses kirjapildis esitatu.<\/p>\n<p>Vene isikunimed on t\u00f5lkes esitatud nende traditsioonilist eestikeelset kirjapilti j\u00e4lgides. Kahtluse korral on j\u00e4\u00e4dud prantsuskeelses originaalis esitatud kirjaviisi juurde. Prantsuskeelse nimekujuga on v\u00f5imalik tutuvuda kirjelduskaardi abil.<\/p>\n\n<p>\u00a9 Materjalid on kaitstud autorioigusega ja neid v\u00f5ib levitada ja avaldada vaid Prantsusmaa Riikliku Loodusmuuseumi loal.<\/p>\n","protected":false},"excerpt":{"rendered":"<p>Vilde ja Zurovi kogutud esemete kirjelduskaardid asuvad Prantsusmaa muuseumireformi tagaj\u00e4rjel Marseille\u2019sse saadetud esemetest eraldi, Riikliku Loodusmuuseumi arhiivis. Kirjalduskaardid on t\u00e4iskomplektina esindatud maskinkirjalise puhtandversioonina. K\u00e4sikirjalistest mustanditest on s\u00e4ilinud vaid Vilde tehtud, Zurovi koostatutest aga vaid \u00fche eseme oma. K\u00e4sikirjalised mustandid sisaldavad &#8230;<\/p>\n","protected":false},"author":141,"featured_media":0,"parent":0,"menu_order":0,"comment_status":"closed","ping_status":"closed","template":"","meta":{"_acf_changed":false,"inline_featured_image":false,"footnotes":""},"class_list":["post-25","page","type-page","status-publish","hentry"],"acf":[],"_links":{"self":[{"href":"https:\/\/sisu.ut.ee\/zurov\/wp-json\/wp\/v2\/pages\/25","targetHints":{"allow":["GET"]}}],"collection":[{"href":"https:\/\/sisu.ut.ee\/zurov\/wp-json\/wp\/v2\/pages"}],"about":[{"href":"https:\/\/sisu.ut.ee\/zurov\/wp-json\/wp\/v2\/types\/page"}],"author":[{"embeddable":true,"href":"https:\/\/sisu.ut.ee\/zurov\/wp-json\/wp\/v2\/users\/141"}],"replies":[{"embeddable":true,"href":"https:\/\/sisu.ut.ee\/zurov\/wp-json\/wp\/v2\/comments?post=25"}],"version-history":[{"count":1,"href":"https:\/\/sisu.ut.ee\/zurov\/wp-json\/wp\/v2\/pages\/25\/revisions"}],"predecessor-version":[{"id":1274,"href":"https:\/\/sisu.ut.ee\/zurov\/wp-json\/wp\/v2\/pages\/25\/revisions\/1274"}],"wp:attachment":[{"href":"https:\/\/sisu.ut.ee\/zurov\/wp-json\/wp\/v2\/media?parent=25"}],"curies":[{"name":"wp","href":"https:\/\/api.w.org\/{rel}","templated":true}]}}