{"id":96,"date":"2024-04-04T05:56:38","date_gmt":"2024-04-04T02:56:38","guid":{"rendered":"https:\/\/sisu.ut.ee\/zrpildid\/zooloogiamuuseum-marts-2006\/"},"modified":"2024-04-04T06:07:07","modified_gmt":"2024-04-04T03:07:07","slug":"zooloogiamuuseum-marts-2006","status":"publish","type":"page","link":"https:\/\/sisu.ut.ee\/zrpildid\/zooloogiamuuseum-marts-2006\/","title":{"rendered":"Zooloogiamuuseum m\u00e4rts 2006"},"content":{"rendered":"<p>\r\n\t<span style=\"font-size:14px\"><span style=\"font-family:Verdana,Geneva,sans-serif\">Koos siis veel nimetu k\u00fc\u00fclikut\u00fcdrukuga<\/span><\/span>\r\n<\/p>\r\n\r\n<p>\r\n\t<img decoding=\"async\" alt=\"\" src=\"https:\/\/sisu.ut.ee\/wp-content\/uploads\/sites\/427\/m20-02.jpg\" style=\"width: 600px;height: 400px\">\r\n<\/p>\r\n<br><figure class=\"wp-block-gallery has-nested-images columns-3 is-cropped wp-block-gallery-1 is-layout-flex wp-block-gallery-is-layout-flex\"><figure class=\"wp-block-image size-large\"><a href=\"https:\/\/sisu.ut.ee\/wp-content\/uploads\/sites\/427\/m20-001.jpg\"><img decoding=\"async\" data-id=\"1889\" src=\"https:\/\/sisu.ut.ee\/wp-content\/uploads\/sites\/427\/m20-001.jpg\" alt=\"\" class=\"wp-ima\"><\/a><\/figure><figure class=\"wp-block-image size-large\"><a href=\"https:\/\/sisu.ut.ee\/wp-content\/uploads\/sites\/427\/m20-01.jpg\"><img decoding=\"async\" data-id=\"1890\" src=\"https:\/\/sisu.ut.ee\/wp-content\/uploads\/sites\/427\/m20-01.jpg\" alt=\"\" class=\"wp-ima\"><\/a><\/figure><figure class=\"wp-block-image size-large\"><a href=\"https:\/\/sisu.ut.ee\/wp-content\/uploads\/sites\/427\/m20-02.jpg\"><img decoding=\"async\" data-id=\"1891\" src=\"https:\/\/sisu.ut.ee\/wp-content\/uploads\/sites\/427\/m20-02.jpg\" alt=\"\" class=\"wp-ima\"><\/a><\/figure><figure class=\"wp-block-image size-large\"><a href=\"https:\/\/sisu.ut.ee\/wp-content\/uploads\/sites\/427\/m21-01.jpg\"><img decoding=\"async\" data-id=\"1892\" src=\"https:\/\/sisu.ut.ee\/wp-content\/uploads\/sites\/427\/m21-01.jpg\" alt=\"\" class=\"wp-ima\"><\/a><\/figure><figure class=\"wp-block-image size-large\"><a href=\"https:\/\/sisu.ut.ee\/wp-content\/uploads\/sites\/427\/m21-02.jpg\"><img decoding=\"async\" data-id=\"1893\" src=\"https:\/\/sisu.ut.ee\/wp-content\/uploads\/sites\/427\/m21-02.jpg\" alt=\"\" class=\"wp-ima\"><\/a><\/figure><figure class=\"wp-block-image size-large\"><a href=\"https:\/\/sisu.ut.ee\/wp-content\/uploads\/sites\/427\/m21-03.jpg\"><img decoding=\"async\" data-id=\"1894\" src=\"https:\/\/sisu.ut.ee\/wp-content\/uploads\/sites\/427\/m21-03.jpg\" alt=\"\" class=\"wp-ima\"><\/a><\/figure><figure class=\"wp-block-image size-large\"><a href=\"https:\/\/sisu.ut.ee\/wp-content\/uploads\/sites\/427\/m21-05.jpg\"><img decoding=\"async\" data-id=\"1895\" src=\"https:\/\/sisu.ut.ee\/wp-content\/uploads\/sites\/427\/m21-05.jpg\" alt=\"\" class=\"wp-ima\"><\/a><\/figure><figure class=\"wp-block-image size-large\"><a href=\"https:\/\/sisu.ut.ee\/wp-content\/uploads\/sites\/427\/m21-06.jpg\"><img decoding=\"async\" data-id=\"1896\" src=\"https:\/\/sisu.ut.ee\/wp-content\/uploads\/sites\/427\/m21-06.jpg\" alt=\"\" class=\"wp-ima\"><\/a><\/figure><figure class=\"wp-block-image size-large\"><a href=\"https:\/\/sisu.ut.ee\/wp-content\/uploads\/sites\/427\/m21-07.jpg\"><img decoding=\"async\" data-id=\"1897\" src=\"https:\/\/sisu.ut.ee\/wp-content\/uploads\/sites\/427\/m21-07.jpg\" alt=\"\" class=\"wp-ima\"><\/a><\/figure><figure class=\"wp-block-image size-large\"><a href=\"https:\/\/sisu.ut.ee\/wp-content\/uploads\/sites\/427\/m21-08.jpg\"><img decoding=\"async\" data-id=\"1898\" src=\"https:\/\/sisu.ut.ee\/wp-content\/uploads\/sites\/427\/m21-08.jpg\" alt=\"\" class=\"wp-ima\"><\/a><\/figure><figure class=\"wp-block-image size-large\"><a href=\"https:\/\/sisu.ut.ee\/wp-content\/uploads\/sites\/427\/m21-09.jpg\"><img decoding=\"async\" data-id=\"1899\" src=\"https:\/\/sisu.ut.ee\/wp-content\/uploads\/sites\/427\/m21-09.jpg\" alt=\"\" class=\"wp-ima\"><\/a><\/figure><figure class=\"wp-block-image size-large\"><a href=\"https:\/\/sisu.ut.ee\/wp-content\/uploads\/sites\/427\/m21-10.jpg\"><img decoding=\"async\" data-id=\"1900\" src=\"https:\/\/sisu.ut.ee\/wp-content\/uploads\/sites\/427\/m21-10.jpg\" alt=\"\" class=\"wp-ima\"><\/a><\/figure><figure class=\"wp-block-image size-large\"><a href=\"https:\/\/sisu.ut.ee\/wp-content\/uploads\/sites\/427\/m21-11.jpg\"><img decoding=\"async\" data-id=\"1901\" src=\"https:\/\/sisu.ut.ee\/wp-content\/uploads\/sites\/427\/m21-11.jpg\" alt=\"\" class=\"wp-ima\"><\/a><\/figure><figure class=\"wp-block-image size-large\"><a href=\"https:\/\/sisu.ut.ee\/wp-content\/uploads\/sites\/427\/m21-12.jpg\"><img decoding=\"async\" data-id=\"1902\" src=\"https:\/\/sisu.ut.ee\/wp-content\/uploads\/sites\/427\/m21-12.jpg\" alt=\"\" class=\"wp-ima\"><\/a><\/figure><figure class=\"wp-block-image size-large\"><a href=\"https:\/\/sisu.ut.ee\/wp-content\/uploads\/sites\/427\/m21-13.jpg\"><img decoding=\"async\" data-id=\"1903\" src=\"https:\/\/sisu.ut.ee\/wp-content\/uploads\/sites\/427\/m21-13.jpg\" alt=\"\" class=\"wp-ima\"><\/a><\/figure><figure class=\"wp-block-image size-large\"><a href=\"https:\/\/sisu.ut.ee\/wp-content\/uploads\/sites\/427\/m21-14.jpg\"><img decoding=\"async\" data-id=\"1904\" src=\"https:\/\/sisu.ut.ee\/wp-content\/uploads\/sites\/427\/m21-14.jpg\" alt=\"\" class=\"wp-ima\"><\/a><\/figure><figure class=\"wp-block-image size-large\"><a href=\"https:\/\/sisu.ut.ee\/wp-content\/uploads\/sites\/427\/m21-15.jpg\"><img decoding=\"async\" data-id=\"1905\" src=\"https:\/\/sisu.ut.ee\/wp-content\/uploads\/sites\/427\/m21-15.jpg\" alt=\"\" class=\"wp-ima\"><\/a><\/figure><figure class=\"wp-block-image size-large\"><a href=\"https:\/\/sisu.ut.ee\/wp-content\/uploads\/sites\/427\/m21-16.jpg\"><img decoding=\"async\" data-id=\"1906\" src=\"https:\/\/sisu.ut.ee\/wp-content\/uploads\/sites\/427\/m21-16.jpg\" alt=\"\" class=\"wp-ima\"><\/a><\/figure><figure class=\"wp-block-image size-large\"><a href=\"https:\/\/sisu.ut.ee\/wp-content\/uploads\/sites\/427\/m21-17.jpg\"><img decoding=\"async\" data-id=\"1907\" src=\"https:\/\/sisu.ut.ee\/wp-content\/uploads\/sites\/427\/m21-17.jpg\" alt=\"\" class=\"wp-ima\"><\/a><\/figure><figure class=\"wp-block-image size-large\"><a href=\"https:\/\/sisu.ut.ee\/wp-content\/uploads\/sites\/427\/m21-18.jpg\"><img decoding=\"async\" data-id=\"1908\" src=\"https:\/\/sisu.ut.ee\/wp-content\/uploads\/sites\/427\/m21-18.jpg\" alt=\"\" class=\"wp-ima\"><\/a><\/figure><figure class=\"wp-block-image size-large\"><a href=\"https:\/\/sisu.ut.ee\/wp-content\/uploads\/sites\/427\/m22-01.jpg\"><img decoding=\"async\" data-id=\"1909\" src=\"https:\/\/sisu.ut.ee\/wp-content\/uploads\/sites\/427\/m22-01.jpg\" alt=\"\" class=\"wp-ima\"><\/a><\/figure><figure class=\"wp-block-image size-large\"><a href=\"https:\/\/sisu.ut.ee\/wp-content\/uploads\/sites\/427\/m22-02.jpg\"><img decoding=\"async\" data-id=\"1910\" src=\"https:\/\/sisu.ut.ee\/wp-content\/uploads\/sites\/427\/m22-02.jpg\" alt=\"\" class=\"wp-ima\"><\/a><\/figure><figure class=\"wp-block-image size-large\"><a href=\"https:\/\/sisu.ut.ee\/wp-content\/uploads\/sites\/427\/m22-03.jpg\"><img decoding=\"async\" data-id=\"1911\" src=\"https:\/\/sisu.ut.ee\/wp-content\/uploads\/sites\/427\/m22-03.jpg\" alt=\"\" class=\"wp-ima\"><\/a><\/figure><\/figure>","protected":false},"excerpt":{"rendered":"<p>Koos siis veel nimetu k\u00fc\u00fclikut\u00fcdrukuga<\/p>\n","protected":false},"author":88,"featured_media":0,"parent":0,"menu_order":0,"comment_status":"closed","ping_status":"closed","template":"","meta":{"_acf_changed":false,"inline_featured_image":false,"footnotes":""},"class_list":["post-96","page","type-page","status-publish","hentry"],"acf":[],"_links":{"self":[{"href":"https:\/\/sisu.ut.ee\/zrpildid\/wp-json\/wp\/v2\/pages\/96","targetHints":{"allow":["GET"]}}],"collection":[{"href":"https:\/\/sisu.ut.ee\/zrpildid\/wp-json\/wp\/v2\/pages"}],"about":[{"href":"https:\/\/sisu.ut.ee\/zrpildid\/wp-json\/wp\/v2\/types\/page"}],"author":[{"embeddable":true,"href":"https:\/\/sisu.ut.ee\/zrpildid\/wp-json\/wp\/v2\/users\/88"}],"replies":[{"embeddable":true,"href":"https:\/\/sisu.ut.ee\/zrpildid\/wp-json\/wp\/v2\/comments?post=96"}],"version-history":[{"count":2,"href":"https:\/\/sisu.ut.ee\/zrpildid\/wp-json\/wp\/v2\/pages\/96\/revisions"}],"predecessor-version":[{"id":4054,"href":"https:\/\/sisu.ut.ee\/zrpildid\/wp-json\/wp\/v2\/pages\/96\/revisions\/4054"}],"wp:attachment":[{"href":"https:\/\/sisu.ut.ee\/zrpildid\/wp-json\/wp\/v2\/media?parent=96"}],"curies":[{"name":"wp","href":"https:\/\/api.w.org\/{rel}","templated":true}]}}