{"id":91,"date":"2024-04-04T05:56:37","date_gmt":"2024-04-04T02:56:37","guid":{"rendered":"https:\/\/sisu.ut.ee\/zrpildid\/tahtvere-metsas-ja-emajoe-aares-2004\/"},"modified":"2024-04-04T06:07:07","modified_gmt":"2024-04-04T03:07:07","slug":"tahtvere-metsas-ja-emajoe-aares-2004","status":"publish","type":"page","link":"https:\/\/sisu.ut.ee\/zrpildid\/tahtvere-metsas-ja-emajoe-aares-2004\/","title":{"rendered":"Emaj\u00e4e \u00e4\u00e4res 21. aprill ja T\u00e4htvere metsas 5. mai 2004"},"content":{"rendered":"<p>\r\n\t<img decoding=\"async\" alt=\"\" src=\"https:\/\/sisu.ut.ee\/wp-content\/uploads\/sites\/427\/ta_7.jpg\" style=\"width: 500px;height: 371px\"><br>\u00a0\r\n<\/p>\r\n<br><figure class=\"wp-block-gallery has-nested-images columns-3 is-cropped wp-block-gallery-1 is-layout-flex wp-block-gallery-is-layout-flex\"><figure class=\"wp-block-image size-large\"><a href=\"https:\/\/sisu.ut.ee\/wp-content\/uploads\/sites\/427\/ta_8.jpg\"><img decoding=\"async\" data-id=\"1809\" src=\"https:\/\/sisu.ut.ee\/wp-content\/uploads\/sites\/427\/ta_8.jpg\" alt=\"\" class=\"wp-ima\"><\/a><\/figure><figure class=\"wp-block-image size-large\"><a href=\"https:\/\/sisu.ut.ee\/wp-content\/uploads\/sites\/427\/ta_7.jpg\"><img decoding=\"async\" data-id=\"1810\" src=\"https:\/\/sisu.ut.ee\/wp-content\/uploads\/sites\/427\/ta_7.jpg\" alt=\"\" class=\"wp-ima\"><\/a><\/figure><figure class=\"wp-block-image size-large\"><a href=\"https:\/\/sisu.ut.ee\/wp-content\/uploads\/sites\/427\/ta_6.jpg\"><img decoding=\"async\" data-id=\"1811\" src=\"https:\/\/sisu.ut.ee\/wp-content\/uploads\/sites\/427\/ta_6.jpg\" alt=\"\" class=\"wp-ima\"><\/a><\/figure><figure class=\"wp-block-image size-large\"><a href=\"https:\/\/sisu.ut.ee\/wp-content\/uploads\/sites\/427\/ta_5.jpg\"><img decoding=\"async\" data-id=\"1812\" src=\"https:\/\/sisu.ut.ee\/wp-content\/uploads\/sites\/427\/ta_5.jpg\" alt=\"\" class=\"wp-ima\"><\/a><\/figure><figure class=\"wp-block-image size-large\"><a href=\"https:\/\/sisu.ut.ee\/wp-content\/uploads\/sites\/427\/ta_4.jpg\"><img decoding=\"async\" data-id=\"1813\" src=\"https:\/\/sisu.ut.ee\/wp-content\/uploads\/sites\/427\/ta_4.jpg\" alt=\"\" class=\"wp-ima\"><\/a><\/figure><figure class=\"wp-block-image size-large\"><a href=\"https:\/\/sisu.ut.ee\/wp-content\/uploads\/sites\/427\/ta_3.jpg\"><img decoding=\"async\" data-id=\"1814\" src=\"https:\/\/sisu.ut.ee\/wp-content\/uploads\/sites\/427\/ta_3.jpg\" alt=\"\" class=\"wp-ima\"><\/a><\/figure><figure class=\"wp-block-image size-large\"><a href=\"https:\/\/sisu.ut.ee\/wp-content\/uploads\/sites\/427\/ta_2.jpg\"><img decoding=\"async\" data-id=\"1815\" src=\"https:\/\/sisu.ut.ee\/wp-content\/uploads\/sites\/427\/ta_2.jpg\" alt=\"\" class=\"wp-ima\"><\/a><\/figure><figure class=\"wp-block-image size-large\"><a href=\"https:\/\/sisu.ut.ee\/wp-content\/uploads\/sites\/427\/ta_1.jpg\"><img decoding=\"async\" data-id=\"1816\" src=\"https:\/\/sisu.ut.ee\/wp-content\/uploads\/sites\/427\/ta_1.jpg\" alt=\"\" class=\"wp-ima\"><\/a><\/figure><\/figure>","protected":false},"excerpt":{"rendered":"<p>\u00a0<\/p>\n","protected":false},"author":88,"featured_media":0,"parent":0,"menu_order":0,"comment_status":"closed","ping_status":"closed","template":"","meta":{"_acf_changed":false,"inline_featured_image":false,"footnotes":""},"class_list":["post-91","page","type-page","status-publish","hentry"],"acf":[],"_links":{"self":[{"href":"https:\/\/sisu.ut.ee\/zrpildid\/wp-json\/wp\/v2\/pages\/91","targetHints":{"allow":["GET"]}}],"collection":[{"href":"https:\/\/sisu.ut.ee\/zrpildid\/wp-json\/wp\/v2\/pages"}],"about":[{"href":"https:\/\/sisu.ut.ee\/zrpildid\/wp-json\/wp\/v2\/types\/page"}],"author":[{"embeddable":true,"href":"https:\/\/sisu.ut.ee\/zrpildid\/wp-json\/wp\/v2\/users\/88"}],"replies":[{"embeddable":true,"href":"https:\/\/sisu.ut.ee\/zrpildid\/wp-json\/wp\/v2\/comments?post=91"}],"version-history":[{"count":2,"href":"https:\/\/sisu.ut.ee\/zrpildid\/wp-json\/wp\/v2\/pages\/91\/revisions"}],"predecessor-version":[{"id":4059,"href":"https:\/\/sisu.ut.ee\/zrpildid\/wp-json\/wp\/v2\/pages\/91\/revisions\/4059"}],"wp:attachment":[{"href":"https:\/\/sisu.ut.ee\/zrpildid\/wp-json\/wp\/v2\/media?parent=91"}],"curies":[{"name":"wp","href":"https:\/\/api.w.org\/{rel}","templated":true}]}}