{"id":9,"date":"2024-04-04T05:56:29","date_gmt":"2024-04-04T02:56:29","guid":{"rendered":"https:\/\/sisu.ut.ee\/zrpildid\/2017-2\/"},"modified":"2024-09-26T12:51:52","modified_gmt":"2024-09-26T09:51:52","slug":"2017-2","status":"publish","type":"page","link":"https:\/\/sisu.ut.ee\/zrpildid\/2017-2\/","title":{"rendered":"2017"},"content":{"rendered":"<p><span style=\"font-size: 16px;\"><span style=\"font-family: Verdana,Geneva,sans-serif;\"><a title=\"\" href=\"https:\/\/sisu.ut.ee\/zrpildid\/jarvselja-17-19-07-2017\" data-url=\"https:\/\/sisu.ut.ee\/zrpildid\/jarvselja-17-19-07-2017\">J\u00e4rvselja 17.-19. juuli 2017<\/a><br><a title=\"\" href=\"https:\/\/sisu.ut.ee\/zrpildid\/jarvselja-11-13-07-2017\" data-url=\"https:\/\/sisu.ut.ee\/zrpildid\/jarvselja-11-13-07-2017\">J\u00e4rvselja 11.-13. juuli 2017<\/a><br><a title=\"\" href=\"https:\/\/sisu.ut.ee\/zrpildid\/palupohja-18-19-02-2017\" data-url=\"https:\/\/sisu.ut.ee\/zrpildid\/palupohja-18-19-02-2017\">Palup\u00f5hja 18.-19. veebruar 2017<\/a><br><a title=\"\" href=\"https:\/\/sisu.ut.ee\/zrpildid\/palupohja-4-5-02-2017\" data-url=\"https:\/\/sisu.ut.ee\/zrpildid\/palupohja-4-5-02-2017\">Palup\u00f5hja 4.-5. veebruar 2017<\/a><\/span><\/span><\/p>\n\n\n\n<figure class=\"wp-block-image size-full\"><img loading=\"lazy\" decoding=\"async\" width=\"1000\" height=\"667\" src=\"https:\/\/sisu.ut.ee\/wp-content\/uploads\/sites\/427\/jarvs1_08-1.jpg\" alt=\"\" class=\"wp-image-3513\" srcset=\"https:\/\/sisu.ut.ee\/wp-content\/uploads\/sites\/427\/jarvs1_08-1.jpg 1000w, https:\/\/sisu.ut.ee\/wp-content\/uploads\/sites\/427\/jarvs1_08-1-300x200.jpg 300w, https:\/\/sisu.ut.ee\/wp-content\/uploads\/sites\/427\/jarvs1_08-1-768x512.jpg 768w\" sizes=\"auto, (max-width: 1000px) 100vw, 1000px\"><\/figure>\n\n\n\n<p><span style=\"font-size: 16px;\"><span style=\"font-family: Verdana,Geneva,sans-serif;\"><\/span><\/span><\/p>\n","protected":false},"excerpt":{"rendered":"<p>J\u00e4rvselja 17.-19. juuli 2017J\u00e4rvselja 11.-13. juuli 2017Palup\u00f5hja 18.-19. veebruar 2017Palup\u00f5hja 4.-5. veebruar 2017<\/p>\n","protected":false},"author":88,"featured_media":0,"parent":0,"menu_order":0,"comment_status":"closed","ping_status":"closed","template":"","meta":{"_acf_changed":false,"inline_featured_image":false,"footnotes":""},"class_list":["post-9","page","type-page","status-publish","hentry"],"acf":[],"_links":{"self":[{"href":"https:\/\/sisu.ut.ee\/zrpildid\/wp-json\/wp\/v2\/pages\/9","targetHints":{"allow":["GET"]}}],"collection":[{"href":"https:\/\/sisu.ut.ee\/zrpildid\/wp-json\/wp\/v2\/pages"}],"about":[{"href":"https:\/\/sisu.ut.ee\/zrpildid\/wp-json\/wp\/v2\/types\/page"}],"author":[{"embeddable":true,"href":"https:\/\/sisu.ut.ee\/zrpildid\/wp-json\/wp\/v2\/users\/88"}],"replies":[{"embeddable":true,"href":"https:\/\/sisu.ut.ee\/zrpildid\/wp-json\/wp\/v2\/comments?post=9"}],"version-history":[{"count":9,"href":"https:\/\/sisu.ut.ee\/zrpildid\/wp-json\/wp\/v2\/pages\/9\/revisions"}],"predecessor-version":[{"id":4444,"href":"https:\/\/sisu.ut.ee\/zrpildid\/wp-json\/wp\/v2\/pages\/9\/revisions\/4444"}],"wp:attachment":[{"href":"https:\/\/sisu.ut.ee\/zrpildid\/wp-json\/wp\/v2\/media?parent=9"}],"curies":[{"name":"wp","href":"https:\/\/api.w.org\/{rel}","templated":true}]}}