{"id":77,"date":"2024-04-04T05:56:36","date_gmt":"2024-04-04T02:56:36","guid":{"rendered":"https:\/\/sisu.ut.ee\/zrpildid\/tartu-umbrus-2004\/"},"modified":"2024-04-04T06:07:08","modified_gmt":"2024-04-04T03:07:08","slug":"tartu-umbrus-2004","status":"publish","type":"page","link":"https:\/\/sisu.ut.ee\/zrpildid\/tartu-umbrus-2004\/","title":{"rendered":"Emaj\u00f5e \u00e4\u00e4res 19. aprill ja T\u00e4htvere metsas 27. aprill 2004"},"content":{"rendered":"<p>\r\n\t<img decoding=\"async\" alt=\"\" src=\"https:\/\/sisu.ut.ee\/wp-content\/uploads\/sites\/427\/2_tahtvere_040427.jpg\" style=\"width: 500px;height: 375px\"><br>\u00a0\r\n<\/p>\r\n<br><figure class=\"wp-block-gallery has-nested-images columns-3 is-cropped wp-block-gallery-1 is-layout-flex wp-block-gallery-is-layout-flex\"><figure class=\"wp-block-image size-large\"><a href=\"https:\/\/sisu.ut.ee\/wp-content\/uploads\/sites\/427\/1_emajoe_040419.jpg\"><img loading=\"lazy\" decoding=\"async\" width=\"500\" height=\"375\" data-id=\"1524\" src=\"https:\/\/sisu.ut.ee\/wp-content\/uploads\/sites\/427\/1_emajoe_040419.jpg\" alt=\"Emaj\u00f5e \u00e4\u00e4res\" class=\"wp-image-1524\" srcset=\"https:\/\/sisu.ut.ee\/wp-content\/uploads\/sites\/427\/1_emajoe_040419.jpg 500w, https:\/\/sisu.ut.ee\/wp-content\/uploads\/sites\/427\/1_emajoe_040419-300x225.jpg 300w\" sizes=\"auto, (max-width: 500px) 100vw, 500px\"><\/a><figcaption class=\"wp-element-caption\">Emaj\u00f5e \u00e4\u00e4res<\/figcaption><\/figure><figure class=\"wp-block-image size-large\"><a href=\"https:\/\/sisu.ut.ee\/wp-content\/uploads\/sites\/427\/2_emajoe_040419.jpg\"><img loading=\"lazy\" decoding=\"async\" width=\"500\" height=\"375\" data-id=\"1525\" src=\"https:\/\/sisu.ut.ee\/wp-content\/uploads\/sites\/427\/2_emajoe_040419.jpg\" alt=\"Emaj\u00f5e \u00e4\u00e4res\" class=\"wp-image-1525\" srcset=\"https:\/\/sisu.ut.ee\/wp-content\/uploads\/sites\/427\/2_emajoe_040419.jpg 500w, https:\/\/sisu.ut.ee\/wp-content\/uploads\/sites\/427\/2_emajoe_040419-300x225.jpg 300w\" sizes=\"auto, (max-width: 500px) 100vw, 500px\"><\/a><figcaption class=\"wp-element-caption\">Emaj\u00f5e \u00e4\u00e4res<\/figcaption><\/figure><figure class=\"wp-block-image size-large\"><a href=\"https:\/\/sisu.ut.ee\/wp-content\/uploads\/sites\/427\/3_emajoe_040419.jpg\"><img loading=\"lazy\" decoding=\"async\" width=\"500\" height=\"375\" data-id=\"1526\" src=\"https:\/\/sisu.ut.ee\/wp-content\/uploads\/sites\/427\/3_emajoe_040419.jpg\" alt=\"Emaj\u00f5e \u00e4\u00e4res\" class=\"wp-image-1526\" srcset=\"https:\/\/sisu.ut.ee\/wp-content\/uploads\/sites\/427\/3_emajoe_040419.jpg 500w, https:\/\/sisu.ut.ee\/wp-content\/uploads\/sites\/427\/3_emajoe_040419-300x225.jpg 300w\" sizes=\"auto, (max-width: 500px) 100vw, 500px\"><\/a><figcaption class=\"wp-element-caption\">Emaj\u00f5e \u00e4\u00e4res<\/figcaption><\/figure><figure class=\"wp-block-image size-large\"><a href=\"https:\/\/sisu.ut.ee\/wp-content\/uploads\/sites\/427\/1_tahtvere_040427.jpg\"><img loading=\"lazy\" decoding=\"async\" width=\"500\" height=\"375\" data-id=\"1527\" src=\"https:\/\/sisu.ut.ee\/wp-content\/uploads\/sites\/427\/1_tahtvere_040427.jpg\" alt=\"T\u00e4htvere mets\" class=\"wp-image-1527\" srcset=\"https:\/\/sisu.ut.ee\/wp-content\/uploads\/sites\/427\/1_tahtvere_040427.jpg 500w, https:\/\/sisu.ut.ee\/wp-content\/uploads\/sites\/427\/1_tahtvere_040427-300x225.jpg 300w\" sizes=\"auto, (max-width: 500px) 100vw, 500px\"><\/a><figcaption class=\"wp-element-caption\">T\u00e4htvere mets<\/figcaption><\/figure><figure class=\"wp-block-image size-large\"><a href=\"https:\/\/sisu.ut.ee\/wp-content\/uploads\/sites\/427\/2_tahtvere_040427.jpg\"><img loading=\"lazy\" decoding=\"async\" width=\"500\" height=\"375\" data-id=\"1528\" src=\"https:\/\/sisu.ut.ee\/wp-content\/uploads\/sites\/427\/2_tahtvere_040427.jpg\" alt=\"T\u00e4htvere mets\" class=\"wp-image-1528\" srcset=\"https:\/\/sisu.ut.ee\/wp-content\/uploads\/sites\/427\/2_tahtvere_040427.jpg 500w, https:\/\/sisu.ut.ee\/wp-content\/uploads\/sites\/427\/2_tahtvere_040427-300x225.jpg 300w\" sizes=\"auto, (max-width: 500px) 100vw, 500px\"><\/a><figcaption class=\"wp-element-caption\">T\u00e4htvere mets<\/figcaption><\/figure><figure class=\"wp-block-image size-large\"><a href=\"https:\/\/sisu.ut.ee\/wp-content\/uploads\/sites\/427\/3_tahtvere_040427.jpg\"><img loading=\"lazy\" decoding=\"async\" width=\"500\" height=\"375\" data-id=\"1529\" src=\"https:\/\/sisu.ut.ee\/wp-content\/uploads\/sites\/427\/3_tahtvere_040427.jpg\" alt=\"T\u00e4htvere mets\" class=\"wp-image-1529\" srcset=\"https:\/\/sisu.ut.ee\/wp-content\/uploads\/sites\/427\/3_tahtvere_040427.jpg 500w, https:\/\/sisu.ut.ee\/wp-content\/uploads\/sites\/427\/3_tahtvere_040427-300x225.jpg 300w\" sizes=\"auto, (max-width: 500px) 100vw, 500px\"><\/a><figcaption class=\"wp-element-caption\">T\u00e4htvere mets<\/figcaption><\/figure><figure class=\"wp-block-image size-large\"><a href=\"https:\/\/sisu.ut.ee\/wp-content\/uploads\/sites\/427\/4_tahtvere_040427.jpg\"><img loading=\"lazy\" decoding=\"async\" width=\"500\" height=\"375\" data-id=\"1530\" src=\"https:\/\/sisu.ut.ee\/wp-content\/uploads\/sites\/427\/4_tahtvere_040427.jpg\" alt=\"T\u00e4htvere mets\" class=\"wp-image-1530\" srcset=\"https:\/\/sisu.ut.ee\/wp-content\/uploads\/sites\/427\/4_tahtvere_040427.jpg 500w, https:\/\/sisu.ut.ee\/wp-content\/uploads\/sites\/427\/4_tahtvere_040427-300x225.jpg 300w\" sizes=\"auto, (max-width: 500px) 100vw, 500px\"><\/a><figcaption class=\"wp-element-caption\">T\u00e4htvere mets<\/figcaption><\/figure><figure class=\"wp-block-image size-large\"><a href=\"https:\/\/sisu.ut.ee\/wp-content\/uploads\/sites\/427\/5_tahtvere_040427.jpg\"><img loading=\"lazy\" decoding=\"async\" width=\"500\" height=\"375\" data-id=\"1531\" src=\"https:\/\/sisu.ut.ee\/wp-content\/uploads\/sites\/427\/5_tahtvere_040427.jpg\" alt=\"T\u00e4htvere mets\" class=\"wp-image-1531\" srcset=\"https:\/\/sisu.ut.ee\/wp-content\/uploads\/sites\/427\/5_tahtvere_040427.jpg 500w, https:\/\/sisu.ut.ee\/wp-content\/uploads\/sites\/427\/5_tahtvere_040427-300x225.jpg 300w\" sizes=\"auto, (max-width: 500px) 100vw, 500px\"><\/a><figcaption class=\"wp-element-caption\">T\u00e4htvere mets<\/figcaption><\/figure><\/figure>","protected":false},"excerpt":{"rendered":"<p>\u00a0<\/p>\n","protected":false},"author":88,"featured_media":0,"parent":0,"menu_order":0,"comment_status":"closed","ping_status":"closed","template":"","meta":{"_acf_changed":false,"inline_featured_image":false,"footnotes":""},"class_list":["post-77","page","type-page","status-publish","hentry"],"acf":[],"_links":{"self":[{"href":"https:\/\/sisu.ut.ee\/zrpildid\/wp-json\/wp\/v2\/pages\/77","targetHints":{"allow":["GET"]}}],"collection":[{"href":"https:\/\/sisu.ut.ee\/zrpildid\/wp-json\/wp\/v2\/pages"}],"about":[{"href":"https:\/\/sisu.ut.ee\/zrpildid\/wp-json\/wp\/v2\/types\/page"}],"author":[{"embeddable":true,"href":"https:\/\/sisu.ut.ee\/zrpildid\/wp-json\/wp\/v2\/users\/88"}],"replies":[{"embeddable":true,"href":"https:\/\/sisu.ut.ee\/zrpildid\/wp-json\/wp\/v2\/comments?post=77"}],"version-history":[{"count":2,"href":"https:\/\/sisu.ut.ee\/zrpildid\/wp-json\/wp\/v2\/pages\/77\/revisions"}],"predecessor-version":[{"id":4072,"href":"https:\/\/sisu.ut.ee\/zrpildid\/wp-json\/wp\/v2\/pages\/77\/revisions\/4072"}],"wp:attachment":[{"href":"https:\/\/sisu.ut.ee\/zrpildid\/wp-json\/wp\/v2\/media?parent=77"}],"curies":[{"name":"wp","href":"https:\/\/api.w.org\/{rel}","templated":true}]}}