{"id":73,"date":"2024-04-04T05:56:35","date_gmt":"2024-04-04T02:56:35","guid":{"rendered":"https:\/\/sisu.ut.ee\/zrpildid\/3-ruhm-sugis-2003\/"},"modified":"2024-04-04T06:07:08","modified_gmt":"2024-04-04T03:07:08","slug":"3-ruhm-sugis-2003","status":"publish","type":"page","link":"https:\/\/sisu.ut.ee\/zrpildid\/3-ruhm-sugis-2003\/","title":{"rendered":"3. r\u00fchm s\u00fcgis 2003"},"content":{"rendered":"<p>\r\n\t<span style=\"color:#8b4513\"><span style=\"font-size:16px\"><span style=\"font-family:Verdana,Geneva,sans-serif\">V\u00e4ike \u00fclevaade kolmanda r\u00fchma tegevusest. S\u00fcgisel 2003<\/span><\/span><\/span>\r\n<\/p>\r\n\r\n<p>\r\n\t<img decoding=\"async\" alt=\"\" src=\"https:\/\/sisu.ut.ee\/wp-content\/uploads\/sites\/427\/mu3.jpg\" style=\"width: 500px;height: 375px\">\r\n<\/p>\r\n<br><figure class=\"wp-block-gallery has-nested-images columns-3 is-cropped wp-block-gallery-1 is-layout-flex wp-block-gallery-is-layout-flex\"><figure class=\"wp-block-image size-large\"><a href=\"https:\/\/sisu.ut.ee\/wp-content\/uploads\/sites\/427\/mu1.jpg\"><img loading=\"lazy\" decoding=\"async\" width=\"500\" height=\"375\" data-id=\"1476\" src=\"https:\/\/sisu.ut.ee\/wp-content\/uploads\/sites\/427\/mu1.jpg\" alt=\"zooloogiamuuseumis\" class=\"wp-image-1476\" srcset=\"https:\/\/sisu.ut.ee\/wp-content\/uploads\/sites\/427\/mu1.jpg 500w, https:\/\/sisu.ut.ee\/wp-content\/uploads\/sites\/427\/mu1-300x225.jpg 300w\" sizes=\"auto, (max-width: 500px) 100vw, 500px\"><\/a><figcaption class=\"wp-element-caption\">zooloogiamuuseumis<\/figcaption><\/figure><figure class=\"wp-block-image size-large\"><a href=\"https:\/\/sisu.ut.ee\/wp-content\/uploads\/sites\/427\/mu2.jpg\"><img loading=\"lazy\" decoding=\"async\" width=\"500\" height=\"375\" data-id=\"1477\" src=\"https:\/\/sisu.ut.ee\/wp-content\/uploads\/sites\/427\/mu2.jpg\" alt=\"zooloogiamuuseumis\" class=\"wp-image-1477\" srcset=\"https:\/\/sisu.ut.ee\/wp-content\/uploads\/sites\/427\/mu2.jpg 500w, https:\/\/sisu.ut.ee\/wp-content\/uploads\/sites\/427\/mu2-300x225.jpg 300w\" sizes=\"auto, (max-width: 500px) 100vw, 500px\"><\/a><figcaption class=\"wp-element-caption\">zooloogiamuuseumis<\/figcaption><\/figure><figure class=\"wp-block-image size-large\"><a href=\"https:\/\/sisu.ut.ee\/wp-content\/uploads\/sites\/427\/mu3.jpg\"><img loading=\"lazy\" decoding=\"async\" width=\"500\" height=\"375\" data-id=\"1478\" src=\"https:\/\/sisu.ut.ee\/wp-content\/uploads\/sites\/427\/mu3.jpg\" alt=\"zooloogiamuuseumis\" class=\"wp-image-1478\" srcset=\"https:\/\/sisu.ut.ee\/wp-content\/uploads\/sites\/427\/mu3.jpg 500w, https:\/\/sisu.ut.ee\/wp-content\/uploads\/sites\/427\/mu3-300x225.jpg 300w\" sizes=\"auto, (max-width: 500px) 100vw, 500px\"><\/a><figcaption class=\"wp-element-caption\">zooloogiamuuseumis<\/figcaption><\/figure><figure class=\"wp-block-image size-large\"><a href=\"https:\/\/sisu.ut.ee\/wp-content\/uploads\/sites\/427\/mu4.jpg\"><img loading=\"lazy\" decoding=\"async\" width=\"500\" height=\"375\" data-id=\"1479\" src=\"https:\/\/sisu.ut.ee\/wp-content\/uploads\/sites\/427\/mu4.jpg\" alt=\"zooloogiamuuseumis\" class=\"wp-image-1479\" srcset=\"https:\/\/sisu.ut.ee\/wp-content\/uploads\/sites\/427\/mu4.jpg 500w, https:\/\/sisu.ut.ee\/wp-content\/uploads\/sites\/427\/mu4-300x225.jpg 300w\" sizes=\"auto, (max-width: 500px) 100vw, 500px\"><\/a><figcaption class=\"wp-element-caption\">zooloogiamuuseumis<\/figcaption><\/figure><figure class=\"wp-block-image size-large\"><a href=\"https:\/\/sisu.ut.ee\/wp-content\/uploads\/sites\/427\/mu5.jpg\"><img loading=\"lazy\" decoding=\"async\" width=\"500\" height=\"375\" data-id=\"1480\" src=\"https:\/\/sisu.ut.ee\/wp-content\/uploads\/sites\/427\/mu5.jpg\" alt=\"zooloogiamuuseumis\" class=\"wp-image-1480\" srcset=\"https:\/\/sisu.ut.ee\/wp-content\/uploads\/sites\/427\/mu5.jpg 500w, https:\/\/sisu.ut.ee\/wp-content\/uploads\/sites\/427\/mu5-300x225.jpg 300w\" sizes=\"auto, (max-width: 500px) 100vw, 500px\"><\/a><figcaption class=\"wp-element-caption\">zooloogiamuuseumis<\/figcaption><\/figure><figure class=\"wp-block-image size-large\"><a href=\"https:\/\/sisu.ut.ee\/wp-content\/uploads\/sites\/427\/mu6.jpg\"><img loading=\"lazy\" decoding=\"async\" width=\"500\" height=\"375\" data-id=\"1481\" src=\"https:\/\/sisu.ut.ee\/wp-content\/uploads\/sites\/427\/mu6.jpg\" alt=\"zooloogiamuuseumis\" class=\"wp-image-1481\" srcset=\"https:\/\/sisu.ut.ee\/wp-content\/uploads\/sites\/427\/mu6.jpg 500w, https:\/\/sisu.ut.ee\/wp-content\/uploads\/sites\/427\/mu6-300x225.jpg 300w\" sizes=\"auto, (max-width: 500px) 100vw, 500px\"><\/a><figcaption class=\"wp-element-caption\">zooloogiamuuseumis<\/figcaption><\/figure><figure class=\"wp-block-image size-large\"><a href=\"https:\/\/sisu.ut.ee\/wp-content\/uploads\/sites\/427\/mu7.jpg\"><img loading=\"lazy\" decoding=\"async\" width=\"500\" height=\"375\" data-id=\"1482\" src=\"https:\/\/sisu.ut.ee\/wp-content\/uploads\/sites\/427\/mu7.jpg\" alt=\"zooloogiamuuseumis\" class=\"wp-image-1482\" srcset=\"https:\/\/sisu.ut.ee\/wp-content\/uploads\/sites\/427\/mu7.jpg 500w, https:\/\/sisu.ut.ee\/wp-content\/uploads\/sites\/427\/mu7-300x225.jpg 300w\" sizes=\"auto, (max-width: 500px) 100vw, 500px\"><\/a><figcaption class=\"wp-element-caption\">zooloogiamuuseumis<\/figcaption><\/figure><figure class=\"wp-block-image size-large\"><a href=\"https:\/\/sisu.ut.ee\/wp-content\/uploads\/sites\/427\/mu8.jpg\"><img loading=\"lazy\" decoding=\"async\" width=\"500\" height=\"375\" data-id=\"1483\" src=\"https:\/\/sisu.ut.ee\/wp-content\/uploads\/sites\/427\/mu8.jpg\" alt=\"zooloogiamuuseumis\" class=\"wp-image-1483\" srcset=\"https:\/\/sisu.ut.ee\/wp-content\/uploads\/sites\/427\/mu8.jpg 500w, https:\/\/sisu.ut.ee\/wp-content\/uploads\/sites\/427\/mu8-300x225.jpg 300w\" sizes=\"auto, (max-width: 500px) 100vw, 500px\"><\/a><figcaption class=\"wp-element-caption\">zooloogiamuuseumis<\/figcaption><\/figure><\/figure>","protected":false},"excerpt":{"rendered":"<p>V\u00e4ike \u00fclevaade kolmanda r\u00fchma tegevusest. S\u00fcgisel 2003<\/p>\n","protected":false},"author":88,"featured_media":0,"parent":0,"menu_order":0,"comment_status":"closed","ping_status":"closed","template":"","meta":{"_acf_changed":false,"inline_featured_image":false,"footnotes":""},"class_list":["post-73","page","type-page","status-publish","hentry"],"acf":[],"_links":{"self":[{"href":"https:\/\/sisu.ut.ee\/zrpildid\/wp-json\/wp\/v2\/pages\/73","targetHints":{"allow":["GET"]}}],"collection":[{"href":"https:\/\/sisu.ut.ee\/zrpildid\/wp-json\/wp\/v2\/pages"}],"about":[{"href":"https:\/\/sisu.ut.ee\/zrpildid\/wp-json\/wp\/v2\/types\/page"}],"author":[{"embeddable":true,"href":"https:\/\/sisu.ut.ee\/zrpildid\/wp-json\/wp\/v2\/users\/88"}],"replies":[{"embeddable":true,"href":"https:\/\/sisu.ut.ee\/zrpildid\/wp-json\/wp\/v2\/comments?post=73"}],"version-history":[{"count":2,"href":"https:\/\/sisu.ut.ee\/zrpildid\/wp-json\/wp\/v2\/pages\/73\/revisions"}],"predecessor-version":[{"id":4076,"href":"https:\/\/sisu.ut.ee\/zrpildid\/wp-json\/wp\/v2\/pages\/73\/revisions\/4076"}],"wp:attachment":[{"href":"https:\/\/sisu.ut.ee\/zrpildid\/wp-json\/wp\/v2\/media?parent=73"}],"curies":[{"name":"wp","href":"https:\/\/api.w.org\/{rel}","templated":true}]}}