{"id":71,"date":"2024-04-04T05:56:35","date_gmt":"2024-04-04T02:56:35","guid":{"rendered":"https:\/\/sisu.ut.ee\/zrpildid\/tartu-kevad-2003\/"},"modified":"2024-04-04T06:07:08","modified_gmt":"2024-04-04T03:07:08","slug":"tartu-kevad-2003","status":"publish","type":"page","link":"https:\/\/sisu.ut.ee\/zrpildid\/tartu-kevad-2003\/","title":{"rendered":"Tartu kevad 2003"},"content":{"rendered":"<p>\r\n\t<span style=\"color:#a52a2a\"><span style=\"font-size:16px\"><span style=\"font-family:Verdana,Geneva,sans-serif\">Tartu \u00fcmbruses: Emaj\u00f5e \u00e4\u00e4res ja T\u00e4htvere metsas. Kevad 2003<\/span><\/span><\/span>\r\n<\/p>\r\n\r\n<p>\r\n\t<img decoding=\"async\" alt=\"\" src=\"https:\/\/sisu.ut.ee\/wp-content\/uploads\/sites\/427\/ta2.jpg\" style=\"width: 500px;height: 375px\">\r\n<\/p>\r\n<br><figure class=\"wp-block-gallery has-nested-images columns-3 is-cropped wp-block-gallery-1 is-layout-flex wp-block-gallery-is-layout-flex\"><figure class=\"wp-block-image size-large\"><a href=\"https:\/\/sisu.ut.ee\/wp-content\/uploads\/sites\/427\/ta4.jpg\"><img loading=\"lazy\" decoding=\"async\" width=\"500\" height=\"375\" data-id=\"1439\" src=\"https:\/\/sisu.ut.ee\/wp-content\/uploads\/sites\/427\/ta4.jpg\" alt=\"T\u00e4htvere mets\" class=\"wp-image-1439\" srcset=\"https:\/\/sisu.ut.ee\/wp-content\/uploads\/sites\/427\/ta4.jpg 500w, https:\/\/sisu.ut.ee\/wp-content\/uploads\/sites\/427\/ta4-300x225.jpg 300w\" sizes=\"auto, (max-width: 500px) 100vw, 500px\"><\/a><figcaption class=\"wp-element-caption\">T\u00e4htvere mets<\/figcaption><\/figure><figure class=\"wp-block-image size-large\"><a href=\"https:\/\/sisu.ut.ee\/wp-content\/uploads\/sites\/427\/ta5.jpg\"><img loading=\"lazy\" decoding=\"async\" width=\"500\" height=\"375\" data-id=\"1440\" src=\"https:\/\/sisu.ut.ee\/wp-content\/uploads\/sites\/427\/ta5.jpg\" alt=\"T\u00e4htvere mets\" class=\"wp-image-1440\" srcset=\"https:\/\/sisu.ut.ee\/wp-content\/uploads\/sites\/427\/ta5.jpg 500w, https:\/\/sisu.ut.ee\/wp-content\/uploads\/sites\/427\/ta5-300x225.jpg 300w\" sizes=\"auto, (max-width: 500px) 100vw, 500px\"><\/a><figcaption class=\"wp-element-caption\">T\u00e4htvere mets<\/figcaption><\/figure><figure class=\"wp-block-image size-large\"><a href=\"https:\/\/sisu.ut.ee\/wp-content\/uploads\/sites\/427\/ta3.jpg\"><img loading=\"lazy\" decoding=\"async\" width=\"500\" height=\"371\" data-id=\"1441\" src=\"https:\/\/sisu.ut.ee\/wp-content\/uploads\/sites\/427\/ta3.jpg\" alt=\"T\u00e4htvere mets\" class=\"wp-image-1441\" srcset=\"https:\/\/sisu.ut.ee\/wp-content\/uploads\/sites\/427\/ta3.jpg 500w, https:\/\/sisu.ut.ee\/wp-content\/uploads\/sites\/427\/ta3-300x223.jpg 300w\" sizes=\"auto, (max-width: 500px) 100vw, 500px\"><\/a><figcaption class=\"wp-element-caption\">T\u00e4htvere mets<\/figcaption><\/figure><figure class=\"wp-block-image size-large\"><a href=\"https:\/\/sisu.ut.ee\/wp-content\/uploads\/sites\/427\/ta8.jpg\"><img loading=\"lazy\" decoding=\"async\" width=\"500\" height=\"375\" data-id=\"1442\" src=\"https:\/\/sisu.ut.ee\/wp-content\/uploads\/sites\/427\/ta8.jpg\" alt=\"T\u00e4htvere mets\" class=\"wp-image-1442\" srcset=\"https:\/\/sisu.ut.ee\/wp-content\/uploads\/sites\/427\/ta8.jpg 500w, https:\/\/sisu.ut.ee\/wp-content\/uploads\/sites\/427\/ta8-300x225.jpg 300w\" sizes=\"auto, (max-width: 500px) 100vw, 500px\"><\/a><figcaption class=\"wp-element-caption\">T\u00e4htvere mets<\/figcaption><\/figure><figure class=\"wp-block-image size-large\"><a href=\"https:\/\/sisu.ut.ee\/wp-content\/uploads\/sites\/427\/ta7.jpg\"><img loading=\"lazy\" decoding=\"async\" width=\"500\" height=\"375\" data-id=\"1443\" src=\"https:\/\/sisu.ut.ee\/wp-content\/uploads\/sites\/427\/ta7.jpg\" alt=\"T\u00e4htvere mets\" class=\"wp-image-1443\" srcset=\"https:\/\/sisu.ut.ee\/wp-content\/uploads\/sites\/427\/ta7.jpg 500w, https:\/\/sisu.ut.ee\/wp-content\/uploads\/sites\/427\/ta7-300x225.jpg 300w\" sizes=\"auto, (max-width: 500px) 100vw, 500px\"><\/a><figcaption class=\"wp-element-caption\">T\u00e4htvere mets<\/figcaption><\/figure><figure class=\"wp-block-image size-large\"><a href=\"https:\/\/sisu.ut.ee\/wp-content\/uploads\/sites\/427\/ta6.jpg\"><img loading=\"lazy\" decoding=\"async\" width=\"500\" height=\"375\" data-id=\"1444\" src=\"https:\/\/sisu.ut.ee\/wp-content\/uploads\/sites\/427\/ta6.jpg\" alt=\"T\u00e4htvere mets\" class=\"wp-image-1444\" srcset=\"https:\/\/sisu.ut.ee\/wp-content\/uploads\/sites\/427\/ta6.jpg 500w, https:\/\/sisu.ut.ee\/wp-content\/uploads\/sites\/427\/ta6-300x225.jpg 300w\" sizes=\"auto, (max-width: 500px) 100vw, 500px\"><\/a><figcaption class=\"wp-element-caption\">T\u00e4htvere mets<\/figcaption><\/figure><figure class=\"wp-block-image size-large\"><a href=\"https:\/\/sisu.ut.ee\/wp-content\/uploads\/sites\/427\/ta1.jpg\"><img loading=\"lazy\" decoding=\"async\" width=\"500\" height=\"375\" data-id=\"1445\" src=\"https:\/\/sisu.ut.ee\/wp-content\/uploads\/sites\/427\/ta1.jpg\" alt=\"Emaj\u00f5e \u00e4\u00e4res\" class=\"wp-image-1445\" srcset=\"https:\/\/sisu.ut.ee\/wp-content\/uploads\/sites\/427\/ta1.jpg 500w, https:\/\/sisu.ut.ee\/wp-content\/uploads\/sites\/427\/ta1-300x225.jpg 300w\" sizes=\"auto, (max-width: 500px) 100vw, 500px\"><\/a><figcaption class=\"wp-element-caption\">Emaj\u00f5e \u00e4\u00e4res<\/figcaption><\/figure><figure class=\"wp-block-image size-large\"><a href=\"https:\/\/sisu.ut.ee\/wp-content\/uploads\/sites\/427\/ta2.jpg\"><img loading=\"lazy\" decoding=\"async\" width=\"500\" height=\"375\" data-id=\"1446\" src=\"https:\/\/sisu.ut.ee\/wp-content\/uploads\/sites\/427\/ta2.jpg\" alt=\"Emaj\u00f5e \u00e4\u00e4res\" class=\"wp-image-1446\" srcset=\"https:\/\/sisu.ut.ee\/wp-content\/uploads\/sites\/427\/ta2.jpg 500w, https:\/\/sisu.ut.ee\/wp-content\/uploads\/sites\/427\/ta2-300x225.jpg 300w\" sizes=\"auto, (max-width: 500px) 100vw, 500px\"><\/a><figcaption class=\"wp-element-caption\">Emaj\u00f5e \u00e4\u00e4res<\/figcaption><\/figure><\/figure>","protected":false},"excerpt":{"rendered":"<p>Tartu \u00fcmbruses: Emaj\u00f5e \u00e4\u00e4res ja T\u00e4htvere metsas. Kevad 2003<\/p>\n","protected":false},"author":88,"featured_media":0,"parent":0,"menu_order":0,"comment_status":"closed","ping_status":"closed","template":"","meta":{"_acf_changed":false,"inline_featured_image":false,"footnotes":""},"class_list":["post-71","page","type-page","status-publish","hentry"],"acf":[],"_links":{"self":[{"href":"https:\/\/sisu.ut.ee\/zrpildid\/wp-json\/wp\/v2\/pages\/71","targetHints":{"allow":["GET"]}}],"collection":[{"href":"https:\/\/sisu.ut.ee\/zrpildid\/wp-json\/wp\/v2\/pages"}],"about":[{"href":"https:\/\/sisu.ut.ee\/zrpildid\/wp-json\/wp\/v2\/types\/page"}],"author":[{"embeddable":true,"href":"https:\/\/sisu.ut.ee\/zrpildid\/wp-json\/wp\/v2\/users\/88"}],"replies":[{"embeddable":true,"href":"https:\/\/sisu.ut.ee\/zrpildid\/wp-json\/wp\/v2\/comments?post=71"}],"version-history":[{"count":2,"href":"https:\/\/sisu.ut.ee\/zrpildid\/wp-json\/wp\/v2\/pages\/71\/revisions"}],"predecessor-version":[{"id":4078,"href":"https:\/\/sisu.ut.ee\/zrpildid\/wp-json\/wp\/v2\/pages\/71\/revisions\/4078"}],"wp:attachment":[{"href":"https:\/\/sisu.ut.ee\/zrpildid\/wp-json\/wp\/v2\/media?parent=71"}],"curies":[{"name":"wp","href":"https:\/\/api.w.org\/{rel}","templated":true}]}}