{"id":68,"date":"2024-04-04T05:56:35","date_gmt":"2024-04-04T02:56:35","guid":{"rendered":"https:\/\/sisu.ut.ee\/zrpildid\/alatskivi-ilmatsalu-kevad-2008\/"},"modified":"2024-04-04T06:07:08","modified_gmt":"2024-04-04T03:07:08","slug":"alatskivi-ilmatsalu-kevad-2008","status":"publish","type":"page","link":"https:\/\/sisu.ut.ee\/zrpildid\/alatskivi-ilmatsalu-kevad-2008\/","title":{"rendered":"Alatskivi 24. aprill 2008 ja Ilmatsalu Linnutee 21. mai 2008"},"content":{"rendered":"<p>\r\n\t<span style=\"font-family:Verdana,Geneva,sans-serif\">Loodusmaja \u00f5ppek\u00e4ik ja zooloogiaringi \u00f5ppeekskursioon<\/span>\r\n<\/p>\r\n\r\n<p>\r\n\t<img decoding=\"async\" alt=\"\" src=\"https:\/\/sisu.ut.ee\/wp-content\/uploads\/sites\/427\/ilm_01.jpg\" style=\"width: 750px;height: 500px\">\r\n<\/p>\r\n<br><figure class=\"wp-block-gallery has-nested-images columns-3 is-cropped wp-block-gallery-1 is-layout-flex wp-block-gallery-is-layout-flex\"><figure class=\"wp-block-image size-large\"><a href=\"https:\/\/sisu.ut.ee\/wp-content\/uploads\/sites\/427\/ak-01.jpg\"><img decoding=\"async\" data-id=\"1394\" src=\"https:\/\/sisu.ut.ee\/wp-content\/uploads\/sites\/427\/ak-01.jpg\" alt=\"\" class=\"wp-ima\"><\/a><\/figure><figure class=\"wp-block-image size-large\"><a href=\"https:\/\/sisu.ut.ee\/wp-content\/uploads\/sites\/427\/ak-02.jpg\"><img decoding=\"async\" data-id=\"1395\" src=\"https:\/\/sisu.ut.ee\/wp-content\/uploads\/sites\/427\/ak-02.jpg\" alt=\"\" class=\"wp-ima\"><\/a><\/figure><figure class=\"wp-block-image size-large\"><a href=\"https:\/\/sisu.ut.ee\/wp-content\/uploads\/sites\/427\/ak-03.jpg\"><img decoding=\"async\" data-id=\"1396\" src=\"https:\/\/sisu.ut.ee\/wp-content\/uploads\/sites\/427\/ak-03.jpg\" alt=\"\" class=\"wp-ima\"><\/a><\/figure><figure class=\"wp-block-image size-large\"><a href=\"https:\/\/sisu.ut.ee\/wp-content\/uploads\/sites\/427\/ak-04.jpg\"><img decoding=\"async\" data-id=\"1397\" src=\"https:\/\/sisu.ut.ee\/wp-content\/uploads\/sites\/427\/ak-04.jpg\" alt=\"\" class=\"wp-ima\"><\/a><\/figure><figure class=\"wp-block-image size-large\"><a href=\"https:\/\/sisu.ut.ee\/wp-content\/uploads\/sites\/427\/ak-05.jpg\"><img decoding=\"async\" data-id=\"1398\" src=\"https:\/\/sisu.ut.ee\/wp-content\/uploads\/sites\/427\/ak-05.jpg\" alt=\"\" class=\"wp-ima\"><\/a><\/figure><figure class=\"wp-block-image size-large\"><a href=\"https:\/\/sisu.ut.ee\/wp-content\/uploads\/sites\/427\/ak-06.jpg\"><img decoding=\"async\" data-id=\"1399\" src=\"https:\/\/sisu.ut.ee\/wp-content\/uploads\/sites\/427\/ak-06.jpg\" alt=\"\" class=\"wp-ima\"><\/a><\/figure><figure class=\"wp-block-image size-large\"><a href=\"https:\/\/sisu.ut.ee\/wp-content\/uploads\/sites\/427\/ak-07.jpg\"><img decoding=\"async\" data-id=\"1400\" src=\"https:\/\/sisu.ut.ee\/wp-content\/uploads\/sites\/427\/ak-07.jpg\" alt=\"\" class=\"wp-ima\"><\/a><\/figure><figure class=\"wp-block-image size-large\"><a href=\"https:\/\/sisu.ut.ee\/wp-content\/uploads\/sites\/427\/ak-08.jpg\"><img decoding=\"async\" data-id=\"1401\" src=\"https:\/\/sisu.ut.ee\/wp-content\/uploads\/sites\/427\/ak-08.jpg\" alt=\"\" class=\"wp-ima\"><\/a><\/figure><figure class=\"wp-block-image size-large\"><a href=\"https:\/\/sisu.ut.ee\/wp-content\/uploads\/sites\/427\/ilm_01.jpg\"><img loading=\"lazy\" decoding=\"async\" width=\"750\" height=\"500\" data-id=\"1402\" src=\"https:\/\/sisu.ut.ee\/wp-content\/uploads\/sites\/427\/ilm_01.jpg\" alt=\"Juhendab Vilju Lilleleht\" class=\"wp-image-1402\" srcset=\"https:\/\/sisu.ut.ee\/wp-content\/uploads\/sites\/427\/ilm_01.jpg 750w, https:\/\/sisu.ut.ee\/wp-content\/uploads\/sites\/427\/ilm_01-300x200.jpg 300w\" sizes=\"auto, (max-width: 750px) 100vw, 750px\"><\/a><figcaption class=\"wp-element-caption\">Juhendab Vilju Lilleleht<\/figcaption><\/figure><figure class=\"wp-block-image size-large\"><a href=\"https:\/\/sisu.ut.ee\/wp-content\/uploads\/sites\/427\/ilm_02.jpg\"><img loading=\"lazy\" decoding=\"async\" width=\"750\" height=\"500\" data-id=\"1403\" src=\"https:\/\/sisu.ut.ee\/wp-content\/uploads\/sites\/427\/ilm_02.jpg\" alt=\"Tuttvardid ja punapea-vardid\" class=\"wp-image-1403\" srcset=\"https:\/\/sisu.ut.ee\/wp-content\/uploads\/sites\/427\/ilm_02.jpg 750w, https:\/\/sisu.ut.ee\/wp-content\/uploads\/sites\/427\/ilm_02-300x200.jpg 300w\" sizes=\"auto, (max-width: 750px) 100vw, 750px\"><\/a><figcaption class=\"wp-element-caption\">Tuttvardid ja punapea-vardid<\/figcaption><\/figure><figure class=\"wp-block-image size-large\"><a href=\"https:\/\/sisu.ut.ee\/wp-content\/uploads\/sites\/427\/ilm_03.jpg\"><img decoding=\"async\" data-id=\"1404\" src=\"https:\/\/sisu.ut.ee\/wp-content\/uploads\/sites\/427\/ilm_03.jpg\" alt=\"\" class=\"wp-ima\"><\/a><\/figure><figure class=\"wp-block-image size-large\"><a href=\"https:\/\/sisu.ut.ee\/wp-content\/uploads\/sites\/427\/ilm_04.jpg\"><img decoding=\"async\" data-id=\"1405\" src=\"https:\/\/sisu.ut.ee\/wp-content\/uploads\/sites\/427\/ilm_04.jpg\" alt=\"\" class=\"wp-ima\"><\/a><\/figure><figure class=\"wp-block-image size-large\"><a href=\"https:\/\/sisu.ut.ee\/wp-content\/uploads\/sites\/427\/ilm_05.jpg\"><img loading=\"lazy\" decoding=\"async\" width=\"750\" height=\"500\" data-id=\"1406\" src=\"https:\/\/sisu.ut.ee\/wp-content\/uploads\/sites\/427\/ilm_05.jpg\" alt=\"Talvike\" class=\"wp-image-1406\" srcset=\"https:\/\/sisu.ut.ee\/wp-content\/uploads\/sites\/427\/ilm_05.jpg 750w, https:\/\/sisu.ut.ee\/wp-content\/uploads\/sites\/427\/ilm_05-300x200.jpg 300w\" sizes=\"auto, (max-width: 750px) 100vw, 750px\"><\/a><figcaption class=\"wp-element-caption\">Talvike<\/figcaption><\/figure><\/figure>","protected":false},"excerpt":{"rendered":"<p>Loodusmaja \u00f5ppek\u00e4ik ja zooloogiaringi \u00f5ppeekskursioon<\/p>\n","protected":false},"author":88,"featured_media":0,"parent":0,"menu_order":0,"comment_status":"closed","ping_status":"closed","template":"","meta":{"_acf_changed":false,"inline_featured_image":false,"footnotes":""},"class_list":["post-68","page","type-page","status-publish","hentry"],"acf":[],"_links":{"self":[{"href":"https:\/\/sisu.ut.ee\/zrpildid\/wp-json\/wp\/v2\/pages\/68","targetHints":{"allow":["GET"]}}],"collection":[{"href":"https:\/\/sisu.ut.ee\/zrpildid\/wp-json\/wp\/v2\/pages"}],"about":[{"href":"https:\/\/sisu.ut.ee\/zrpildid\/wp-json\/wp\/v2\/types\/page"}],"author":[{"embeddable":true,"href":"https:\/\/sisu.ut.ee\/zrpildid\/wp-json\/wp\/v2\/users\/88"}],"replies":[{"embeddable":true,"href":"https:\/\/sisu.ut.ee\/zrpildid\/wp-json\/wp\/v2\/comments?post=68"}],"version-history":[{"count":2,"href":"https:\/\/sisu.ut.ee\/zrpildid\/wp-json\/wp\/v2\/pages\/68\/revisions"}],"predecessor-version":[{"id":4081,"href":"https:\/\/sisu.ut.ee\/zrpildid\/wp-json\/wp\/v2\/pages\/68\/revisions\/4081"}],"wp:attachment":[{"href":"https:\/\/sisu.ut.ee\/zrpildid\/wp-json\/wp\/v2\/media?parent=68"}],"curies":[{"name":"wp","href":"https:\/\/api.w.org\/{rel}","templated":true}]}}