{"id":66,"date":"2024-04-04T05:56:35","date_gmt":"2024-04-04T02:56:35","guid":{"rendered":"https:\/\/sisu.ut.ee\/zrpildid\/rattamatk-1-6-08-2010\/"},"modified":"2024-04-04T06:07:08","modified_gmt":"2024-04-04T03:07:08","slug":"rattamatk-1-6-08-2010","status":"publish","type":"page","link":"https:\/\/sisu.ut.ee\/zrpildid\/rattamatk-1-6-08-2010\/","title":{"rendered":"Rattamatk 1.-6. august 2010"},"content":{"rendered":"<p>\r\n\t<span style=\"font-family:Verdana,Geneva,sans-serif\"><span style=\"font-size:16px\">Alatskivi, Peipsi jv, Nina k\u00fcla, Lahepera jv, Kuningvere jv, \u00a0Kaiu jv,\u00a0Saare jv, Elistvere Loomapark, Saadj\u00e4rv<\/span><\/span>\r\n<\/p>\r\n\r\n<p>\r\n\t<span style=\"font-family:Verdana,Geneva,sans-serif\">Zooloogiaringi \u00f5ppeekskursioonid<\/span>\r\n<\/p>\r\n\r\n<p>\r\n\t<img decoding=\"async\" alt=\"\" src=\"https:\/\/sisu.ut.ee\/wp-content\/uploads\/sites\/427\/vo10-18.jpg\" style=\"width: 1000px;height: 667px\">\r\n<\/p>\r\n<br><figure class=\"wp-block-gallery has-nested-images columns-3 is-cropped wp-block-gallery-1 is-layout-flex wp-block-gallery-is-layout-flex\"><figure class=\"wp-block-image size-large\"><a href=\"https:\/\/sisu.ut.ee\/wp-content\/uploads\/sites\/427\/vo10-01.jpg\"><img loading=\"lazy\" decoding=\"async\" width=\"1000\" height=\"667\" data-id=\"1332\" src=\"https:\/\/sisu.ut.ee\/wp-content\/uploads\/sites\/427\/vo10-01.jpg\" alt=\"Alatskivi j\u00e4rv \" class=\"wp-image-1332\" srcset=\"https:\/\/sisu.ut.ee\/wp-content\/uploads\/sites\/427\/vo10-01.jpg 1000w, https:\/\/sisu.ut.ee\/wp-content\/uploads\/sites\/427\/vo10-01-300x200.jpg 300w, https:\/\/sisu.ut.ee\/wp-content\/uploads\/sites\/427\/vo10-01-768x512.jpg 768w\" sizes=\"auto, (max-width: 1000px) 100vw, 1000px\"><\/a><figcaption class=\"wp-element-caption\">Alatskivi j\u00e4rv <\/figcaption><\/figure><figure class=\"wp-block-image size-large\"><a href=\"https:\/\/sisu.ut.ee\/wp-content\/uploads\/sites\/427\/vo10-02.jpg\"><img decoding=\"async\" data-id=\"1333\" src=\"https:\/\/sisu.ut.ee\/wp-content\/uploads\/sites\/427\/vo10-02.jpg\" alt=\"\" class=\"wp-ima\"><\/a><\/figure><figure class=\"wp-block-image size-large\"><a href=\"https:\/\/sisu.ut.ee\/wp-content\/uploads\/sites\/427\/vo10-03.jpg\"><img decoding=\"async\" data-id=\"1334\" src=\"https:\/\/sisu.ut.ee\/wp-content\/uploads\/sites\/427\/vo10-03.jpg\" alt=\"\" class=\"wp-ima\"><\/a><\/figure><figure class=\"wp-block-image size-large\"><a href=\"https:\/\/sisu.ut.ee\/wp-content\/uploads\/sites\/427\/vo10-04.jpg\"><img decoding=\"async\" data-id=\"1335\" src=\"https:\/\/sisu.ut.ee\/wp-content\/uploads\/sites\/427\/vo10-04.jpg\" alt=\"\" class=\"wp-ima\"><\/a><\/figure><figure class=\"wp-block-image size-large\"><a href=\"https:\/\/sisu.ut.ee\/wp-content\/uploads\/sites\/427\/vo10-05.jpg\"><img decoding=\"async\" data-id=\"1336\" src=\"https:\/\/sisu.ut.ee\/wp-content\/uploads\/sites\/427\/vo10-05.jpg\" alt=\"\" class=\"wp-ima\"><\/a><\/figure><figure class=\"wp-block-image size-large\"><a href=\"https:\/\/sisu.ut.ee\/wp-content\/uploads\/sites\/427\/vo10-06.jpg\"><img decoding=\"async\" data-id=\"1337\" src=\"https:\/\/sisu.ut.ee\/wp-content\/uploads\/sites\/427\/vo10-06.jpg\" alt=\"\" class=\"wp-ima\"><\/a><\/figure><figure class=\"wp-block-image size-large\"><a href=\"https:\/\/sisu.ut.ee\/wp-content\/uploads\/sites\/427\/vo10-07.jpg\"><img loading=\"lazy\" decoding=\"async\" width=\"1000\" height=\"667\" data-id=\"1338\" src=\"https:\/\/sisu.ut.ee\/wp-content\/uploads\/sites\/427\/vo10-07.jpg\" alt=\"Alatskivi Looduskeskuses \" class=\"wp-image-1338\" srcset=\"https:\/\/sisu.ut.ee\/wp-content\/uploads\/sites\/427\/vo10-07.jpg 1000w, https:\/\/sisu.ut.ee\/wp-content\/uploads\/sites\/427\/vo10-07-300x200.jpg 300w, https:\/\/sisu.ut.ee\/wp-content\/uploads\/sites\/427\/vo10-07-768x512.jpg 768w\" sizes=\"auto, (max-width: 1000px) 100vw, 1000px\"><\/a><figcaption class=\"wp-element-caption\">Alatskivi Looduskeskuses <\/figcaption><\/figure><figure class=\"wp-block-image size-large\"><a href=\"https:\/\/sisu.ut.ee\/wp-content\/uploads\/sites\/427\/vo10-08.jpg\"><img decoding=\"async\" data-id=\"1339\" src=\"https:\/\/sisu.ut.ee\/wp-content\/uploads\/sites\/427\/vo10-08.jpg\" alt=\"\" class=\"wp-ima\"><\/a><\/figure><figure class=\"wp-block-image size-large\"><a href=\"https:\/\/sisu.ut.ee\/wp-content\/uploads\/sites\/427\/vo10-10.jpg\"><img decoding=\"async\" data-id=\"1340\" src=\"https:\/\/sisu.ut.ee\/wp-content\/uploads\/sites\/427\/vo10-10.jpg\" alt=\"\" class=\"wp-ima\"><\/a><\/figure><figure class=\"wp-block-image size-large\"><a href=\"https:\/\/sisu.ut.ee\/wp-content\/uploads\/sites\/427\/vo10-11.jpg\"><img decoding=\"async\" data-id=\"1341\" src=\"https:\/\/sisu.ut.ee\/wp-content\/uploads\/sites\/427\/vo10-11.jpg\" alt=\"\" class=\"wp-ima\"><\/a><\/figure><figure class=\"wp-block-image size-large\"><a href=\"https:\/\/sisu.ut.ee\/wp-content\/uploads\/sites\/427\/vo10-12.jpg\"><img loading=\"lazy\" decoding=\"async\" width=\"1000\" height=\"667\" data-id=\"1342\" src=\"https:\/\/sisu.ut.ee\/wp-content\/uploads\/sites\/427\/vo10-12.jpg\" alt=\"Punane allikas\" class=\"wp-image-1342\" srcset=\"https:\/\/sisu.ut.ee\/wp-content\/uploads\/sites\/427\/vo10-12.jpg 1000w, https:\/\/sisu.ut.ee\/wp-content\/uploads\/sites\/427\/vo10-12-300x200.jpg 300w, https:\/\/sisu.ut.ee\/wp-content\/uploads\/sites\/427\/vo10-12-768x512.jpg 768w\" sizes=\"auto, (max-width: 1000px) 100vw, 1000px\"><\/a><figcaption class=\"wp-element-caption\">Punane allikas<\/figcaption><\/figure><figure class=\"wp-block-image size-large\"><a href=\"https:\/\/sisu.ut.ee\/wp-content\/uploads\/sites\/427\/vo10-13.jpg\"><img loading=\"lazy\" decoding=\"async\" width=\"1000\" height=\"667\" data-id=\"1343\" src=\"https:\/\/sisu.ut.ee\/wp-content\/uploads\/sites\/427\/vo10-13.jpg\" alt=\"Alatskivi linnam\u00e4gi, Kalevipoja s\u00e4ng\" class=\"wp-image-1343\" srcset=\"https:\/\/sisu.ut.ee\/wp-content\/uploads\/sites\/427\/vo10-13.jpg 1000w, https:\/\/sisu.ut.ee\/wp-content\/uploads\/sites\/427\/vo10-13-300x200.jpg 300w, https:\/\/sisu.ut.ee\/wp-content\/uploads\/sites\/427\/vo10-13-768x512.jpg 768w\" sizes=\"auto, (max-width: 1000px) 100vw, 1000px\"><\/a><figcaption class=\"wp-element-caption\">Alatskivi linnam\u00e4gi, Kalevipoja s\u00e4ng<\/figcaption><\/figure><figure class=\"wp-block-image size-large\"><a href=\"https:\/\/sisu.ut.ee\/wp-content\/uploads\/sites\/427\/vo10-14.jpg\"><img decoding=\"async\" data-id=\"1344\" src=\"https:\/\/sisu.ut.ee\/wp-content\/uploads\/sites\/427\/vo10-14.jpg\" alt=\"\" class=\"wp-ima\"><\/a><\/figure><figure class=\"wp-block-image size-large\"><a href=\"https:\/\/sisu.ut.ee\/wp-content\/uploads\/sites\/427\/vo10-15.jpg\"><img decoding=\"async\" data-id=\"1345\" src=\"https:\/\/sisu.ut.ee\/wp-content\/uploads\/sites\/427\/vo10-15.jpg\" alt=\"\" class=\"wp-ima\"><\/a><\/figure><figure class=\"wp-block-image size-large\"><a href=\"https:\/\/sisu.ut.ee\/wp-content\/uploads\/sites\/427\/vo10-16.jpg\"><img loading=\"lazy\" decoding=\"async\" width=\"1000\" height=\"667\" data-id=\"1346\" src=\"https:\/\/sisu.ut.ee\/wp-content\/uploads\/sites\/427\/vo10-16.jpg\" alt=\"Peipsi j\u00e4rv Nina piirivalvekordoni juures \" class=\"wp-image-1346\" srcset=\"https:\/\/sisu.ut.ee\/wp-content\/uploads\/sites\/427\/vo10-16.jpg 1000w, https:\/\/sisu.ut.ee\/wp-content\/uploads\/sites\/427\/vo10-16-300x200.jpg 300w, https:\/\/sisu.ut.ee\/wp-content\/uploads\/sites\/427\/vo10-16-768x512.jpg 768w\" sizes=\"auto, (max-width: 1000px) 100vw, 1000px\"><\/a><figcaption class=\"wp-element-caption\">Peipsi j\u00e4rv Nina piirivalvekordoni juures <\/figcaption><\/figure><figure class=\"wp-block-image size-large\"><a href=\"https:\/\/sisu.ut.ee\/wp-content\/uploads\/sites\/427\/vo10-17.jpg\"><img decoding=\"async\" data-id=\"1347\" src=\"https:\/\/sisu.ut.ee\/wp-content\/uploads\/sites\/427\/vo10-17.jpg\" alt=\"\" class=\"wp-ima\"><\/a><\/figure><figure class=\"wp-block-image size-large\"><a href=\"https:\/\/sisu.ut.ee\/wp-content\/uploads\/sites\/427\/vo10-18.jpg\"><img loading=\"lazy\" decoding=\"async\" width=\"1000\" height=\"667\" data-id=\"1348\" src=\"https:\/\/sisu.ut.ee\/wp-content\/uploads\/sites\/427\/vo10-18.jpg\" alt=\"Ninak\u00fcla tuletorni juures\" class=\"wp-image-1348\" srcset=\"https:\/\/sisu.ut.ee\/wp-content\/uploads\/sites\/427\/vo10-18.jpg 1000w, https:\/\/sisu.ut.ee\/wp-content\/uploads\/sites\/427\/vo10-18-300x200.jpg 300w, https:\/\/sisu.ut.ee\/wp-content\/uploads\/sites\/427\/vo10-18-768x512.jpg 768w\" sizes=\"auto, (max-width: 1000px) 100vw, 1000px\"><\/a><figcaption class=\"wp-element-caption\">Ninak\u00fcla tuletorni juures<\/figcaption><\/figure><figure class=\"wp-block-image size-large\"><a href=\"https:\/\/sisu.ut.ee\/wp-content\/uploads\/sites\/427\/vo10-19.jpg\"><img loading=\"lazy\" decoding=\"async\" width=\"1000\" height=\"667\" data-id=\"1349\" src=\"https:\/\/sisu.ut.ee\/wp-content\/uploads\/sites\/427\/vo10-19.jpg\" alt=\"Alatskivi Looduskeskuse juures enne \u00e4ras\u00f5itu\" class=\"wp-image-1349\" srcset=\"https:\/\/sisu.ut.ee\/wp-content\/uploads\/sites\/427\/vo10-19.jpg 1000w, https:\/\/sisu.ut.ee\/wp-content\/uploads\/sites\/427\/vo10-19-300x200.jpg 300w, https:\/\/sisu.ut.ee\/wp-content\/uploads\/sites\/427\/vo10-19-768x512.jpg 768w\" sizes=\"auto, (max-width: 1000px) 100vw, 1000px\"><\/a><figcaption class=\"wp-element-caption\">Alatskivi Looduskeskuse juures enne \u00e4ras\u00f5itu<\/figcaption><\/figure><figure class=\"wp-block-image size-large\"><a href=\"https:\/\/sisu.ut.ee\/wp-content\/uploads\/sites\/427\/vo10-20.jpg\"><img decoding=\"async\" data-id=\"1350\" src=\"https:\/\/sisu.ut.ee\/wp-content\/uploads\/sites\/427\/vo10-20.jpg\" alt=\"\" class=\"wp-ima\"><\/a><\/figure><figure class=\"wp-block-image size-large\"><a href=\"https:\/\/sisu.ut.ee\/wp-content\/uploads\/sites\/427\/vo10-21.jpg\"><img loading=\"lazy\" decoding=\"async\" width=\"1000\" height=\"667\" data-id=\"1351\" src=\"https:\/\/sisu.ut.ee\/wp-content\/uploads\/sites\/427\/vo10-21.jpg\" alt=\"Saare j\u00e4rve \u00e4\u00e4res\" class=\"wp-image-1351\" srcset=\"https:\/\/sisu.ut.ee\/wp-content\/uploads\/sites\/427\/vo10-21.jpg 1000w, https:\/\/sisu.ut.ee\/wp-content\/uploads\/sites\/427\/vo10-21-300x200.jpg 300w, https:\/\/sisu.ut.ee\/wp-content\/uploads\/sites\/427\/vo10-21-768x512.jpg 768w\" sizes=\"auto, (max-width: 1000px) 100vw, 1000px\"><\/a><figcaption class=\"wp-element-caption\">Saare j\u00e4rve \u00e4\u00e4res<\/figcaption><\/figure><figure class=\"wp-block-image size-large\"><a href=\"https:\/\/sisu.ut.ee\/wp-content\/uploads\/sites\/427\/vo10-22.jpg\"><img decoding=\"async\" data-id=\"1352\" src=\"https:\/\/sisu.ut.ee\/wp-content\/uploads\/sites\/427\/vo10-22.jpg\" alt=\"\" class=\"wp-ima\"><\/a><\/figure><figure class=\"wp-block-image size-large\"><a href=\"https:\/\/sisu.ut.ee\/wp-content\/uploads\/sites\/427\/vo10-23.jpg\"><img decoding=\"async\" data-id=\"1353\" src=\"https:\/\/sisu.ut.ee\/wp-content\/uploads\/sites\/427\/vo10-23.jpg\" alt=\"\" class=\"wp-ima\"><\/a><\/figure><figure class=\"wp-block-image size-large\"><a href=\"https:\/\/sisu.ut.ee\/wp-content\/uploads\/sites\/427\/vo10-24.jpg\"><img decoding=\"async\" data-id=\"1354\" src=\"https:\/\/sisu.ut.ee\/wp-content\/uploads\/sites\/427\/vo10-24.jpg\" alt=\"\" class=\"wp-ima\"><\/a><\/figure><figure class=\"wp-block-image size-large\"><a href=\"https:\/\/sisu.ut.ee\/wp-content\/uploads\/sites\/427\/vo10-25.jpg\"><img loading=\"lazy\" decoding=\"async\" width=\"1000\" height=\"667\" data-id=\"1355\" src=\"https:\/\/sisu.ut.ee\/wp-content\/uploads\/sites\/427\/vo10-25.jpg\" alt=\"Saare j\u00e4rv\" class=\"wp-image-1355\" srcset=\"https:\/\/sisu.ut.ee\/wp-content\/uploads\/sites\/427\/vo10-25.jpg 1000w, https:\/\/sisu.ut.ee\/wp-content\/uploads\/sites\/427\/vo10-25-300x200.jpg 300w, https:\/\/sisu.ut.ee\/wp-content\/uploads\/sites\/427\/vo10-25-768x512.jpg 768w\" sizes=\"auto, (max-width: 1000px) 100vw, 1000px\"><\/a><figcaption class=\"wp-element-caption\">Saare j\u00e4rv<\/figcaption><\/figure><figure class=\"wp-block-image size-large\"><a href=\"https:\/\/sisu.ut.ee\/wp-content\/uploads\/sites\/427\/vo10-26.jpg\"><img decoding=\"async\" data-id=\"1356\" src=\"https:\/\/sisu.ut.ee\/wp-content\/uploads\/sites\/427\/vo10-26.jpg\" alt=\"\" class=\"wp-ima\"><\/a><\/figure><figure class=\"wp-block-image size-large\"><a href=\"https:\/\/sisu.ut.ee\/wp-content\/uploads\/sites\/427\/vo10-27.jpg\"><img loading=\"lazy\" decoding=\"async\" width=\"1000\" height=\"667\" data-id=\"1357\" src=\"https:\/\/sisu.ut.ee\/wp-content\/uploads\/sites\/427\/vo10-27.jpg\" alt=\"Koosluste \u00f5ppetunnid Saare j\u00e4rve \u00fcmbruses, juhendab Evelin Saarva\" class=\"wp-image-1357\" srcset=\"https:\/\/sisu.ut.ee\/wp-content\/uploads\/sites\/427\/vo10-27.jpg 1000w, https:\/\/sisu.ut.ee\/wp-content\/uploads\/sites\/427\/vo10-27-300x200.jpg 300w, https:\/\/sisu.ut.ee\/wp-content\/uploads\/sites\/427\/vo10-27-768x512.jpg 768w\" sizes=\"auto, (max-width: 1000px) 100vw, 1000px\"><\/a><figcaption class=\"wp-element-caption\">Koosluste \u00f5ppetunnid Saare j\u00e4rve \u00fcmbruses, juhendab Evelin Saarva<\/figcaption><\/figure><figure class=\"wp-block-image size-large\"><a href=\"https:\/\/sisu.ut.ee\/wp-content\/uploads\/sites\/427\/vo10-28.jpg\"><img decoding=\"async\" data-id=\"1358\" src=\"https:\/\/sisu.ut.ee\/wp-content\/uploads\/sites\/427\/vo10-28.jpg\" alt=\"\" class=\"wp-ima\"><\/a><\/figure><figure class=\"wp-block-image size-large\"><a href=\"https:\/\/sisu.ut.ee\/wp-content\/uploads\/sites\/427\/vo10-29.jpg\"><img decoding=\"async\" data-id=\"1359\" src=\"https:\/\/sisu.ut.ee\/wp-content\/uploads\/sites\/427\/vo10-29.jpg\" alt=\"\" class=\"wp-ima\"><\/a><\/figure><figure class=\"wp-block-image size-large\"><a href=\"https:\/\/sisu.ut.ee\/wp-content\/uploads\/sites\/427\/vo10-30.jpg\"><img decoding=\"async\" data-id=\"1360\" src=\"https:\/\/sisu.ut.ee\/wp-content\/uploads\/sites\/427\/vo10-30.jpg\" alt=\"\" class=\"wp-ima\"><\/a><\/figure><figure class=\"wp-block-image size-large\"><a href=\"https:\/\/sisu.ut.ee\/wp-content\/uploads\/sites\/427\/vo10-31.jpg\"><img decoding=\"async\" data-id=\"1361\" src=\"https:\/\/sisu.ut.ee\/wp-content\/uploads\/sites\/427\/vo10-31.jpg\" alt=\"\" class=\"wp-ima\"><\/a><\/figure><figure class=\"wp-block-image size-large\"><a href=\"https:\/\/sisu.ut.ee\/wp-content\/uploads\/sites\/427\/vo10-32.jpg\"><img decoding=\"async\" data-id=\"1362\" src=\"https:\/\/sisu.ut.ee\/wp-content\/uploads\/sites\/427\/vo10-32.jpg\" alt=\"\" class=\"wp-ima\"><\/a><\/figure><figure class=\"wp-block-image size-large\"><a href=\"https:\/\/sisu.ut.ee\/wp-content\/uploads\/sites\/427\/vo10-33.jpg\"><img loading=\"lazy\" decoding=\"async\" width=\"1000\" height=\"667\" data-id=\"1363\" src=\"https:\/\/sisu.ut.ee\/wp-content\/uploads\/sites\/427\/vo10-33.jpg\" alt=\"Elistvere loomapark\" class=\"wp-image-1363\" srcset=\"https:\/\/sisu.ut.ee\/wp-content\/uploads\/sites\/427\/vo10-33.jpg 1000w, https:\/\/sisu.ut.ee\/wp-content\/uploads\/sites\/427\/vo10-33-300x200.jpg 300w, https:\/\/sisu.ut.ee\/wp-content\/uploads\/sites\/427\/vo10-33-768x512.jpg 768w\" sizes=\"auto, (max-width: 1000px) 100vw, 1000px\"><\/a><figcaption class=\"wp-element-caption\">Elistvere loomapark<\/figcaption><\/figure><figure class=\"wp-block-image size-large\"><a href=\"https:\/\/sisu.ut.ee\/wp-content\/uploads\/sites\/427\/vo10-34.jpg\"><img loading=\"lazy\" decoding=\"async\" width=\"1000\" height=\"667\" data-id=\"1364\" src=\"https:\/\/sisu.ut.ee\/wp-content\/uploads\/sites\/427\/vo10-34.jpg\" alt=\"Elistvere j\u00e4rv\" class=\"wp-image-1364\" srcset=\"https:\/\/sisu.ut.ee\/wp-content\/uploads\/sites\/427\/vo10-34.jpg 1000w, https:\/\/sisu.ut.ee\/wp-content\/uploads\/sites\/427\/vo10-34-300x200.jpg 300w, https:\/\/sisu.ut.ee\/wp-content\/uploads\/sites\/427\/vo10-34-768x512.jpg 768w\" sizes=\"auto, (max-width: 1000px) 100vw, 1000px\"><\/a><figcaption class=\"wp-element-caption\">Elistvere j\u00e4rv<\/figcaption><\/figure><figure class=\"wp-block-image size-large\"><a href=\"https:\/\/sisu.ut.ee\/wp-content\/uploads\/sites\/427\/vo10-35.jpg\"><img loading=\"lazy\" decoding=\"async\" width=\"1000\" height=\"667\" data-id=\"1365\" src=\"https:\/\/sisu.ut.ee\/wp-content\/uploads\/sites\/427\/vo10-35.jpg\" alt=\"Saadj\u00e4rve \u00e4\u00e4res, Saadj\u00e4rve Jahtklubi\" class=\"wp-image-1365\" srcset=\"https:\/\/sisu.ut.ee\/wp-content\/uploads\/sites\/427\/vo10-35.jpg 1000w, https:\/\/sisu.ut.ee\/wp-content\/uploads\/sites\/427\/vo10-35-300x200.jpg 300w, https:\/\/sisu.ut.ee\/wp-content\/uploads\/sites\/427\/vo10-35-768x512.jpg 768w\" sizes=\"auto, (max-width: 1000px) 100vw, 1000px\"><\/a><figcaption class=\"wp-element-caption\">Saadj\u00e4rve \u00e4\u00e4res, Saadj\u00e4rve Jahtklubi<\/figcaption><\/figure><figure class=\"wp-block-image size-large\"><a href=\"https:\/\/sisu.ut.ee\/wp-content\/uploads\/sites\/427\/vo10-36.jpg\"><img decoding=\"async\" data-id=\"1366\" src=\"https:\/\/sisu.ut.ee\/wp-content\/uploads\/sites\/427\/vo10-36.jpg\" alt=\"\" class=\"wp-ima\"><\/a><\/figure><figure class=\"wp-block-image size-large\"><a href=\"https:\/\/sisu.ut.ee\/wp-content\/uploads\/sites\/427\/vo10-37.jpg\"><img loading=\"lazy\" decoding=\"async\" width=\"1000\" height=\"667\" data-id=\"1367\" src=\"https:\/\/sisu.ut.ee\/wp-content\/uploads\/sites\/427\/vo10-37.jpg\" alt=\"Saadj\u00e4rv\" class=\"wp-image-1367\" srcset=\"https:\/\/sisu.ut.ee\/wp-content\/uploads\/sites\/427\/vo10-37.jpg 1000w, https:\/\/sisu.ut.ee\/wp-content\/uploads\/sites\/427\/vo10-37-300x200.jpg 300w, https:\/\/sisu.ut.ee\/wp-content\/uploads\/sites\/427\/vo10-37-768x512.jpg 768w\" sizes=\"auto, (max-width: 1000px) 100vw, 1000px\"><\/a><figcaption class=\"wp-element-caption\">Saadj\u00e4rv<\/figcaption><\/figure><figure class=\"wp-block-image size-large\"><a href=\"https:\/\/sisu.ut.ee\/wp-content\/uploads\/sites\/427\/vo10-38.jpg\"><img decoding=\"async\" data-id=\"1368\" src=\"https:\/\/sisu.ut.ee\/wp-content\/uploads\/sites\/427\/vo10-38.jpg\" alt=\"\" class=\"wp-ima\"><\/a><\/figure><figure class=\"wp-block-image size-large\"><a href=\"https:\/\/sisu.ut.ee\/wp-content\/uploads\/sites\/427\/vo10-39.jpg\"><img decoding=\"async\" data-id=\"1369\" src=\"https:\/\/sisu.ut.ee\/wp-content\/uploads\/sites\/427\/vo10-39.jpg\" alt=\"\" class=\"wp-ima\"><\/a><\/figure><figure class=\"wp-block-image size-large\"><a href=\"https:\/\/sisu.ut.ee\/wp-content\/uploads\/sites\/427\/vo10-40.jpg\"><img decoding=\"async\" data-id=\"1370\" src=\"https:\/\/sisu.ut.ee\/wp-content\/uploads\/sites\/427\/vo10-40.jpg\" alt=\"\" class=\"wp-ima\"><\/a><\/figure><figure class=\"wp-block-image size-large\"><a href=\"https:\/\/sisu.ut.ee\/wp-content\/uploads\/sites\/427\/vo10-41.jpg\"><img loading=\"lazy\" decoding=\"async\" width=\"1000\" height=\"667\" data-id=\"1371\" src=\"https:\/\/sisu.ut.ee\/wp-content\/uploads\/sites\/427\/vo10-41.jpg\" alt=\"\u00d5ppeprogramm puudest-p\u00f5\u00f5sastest, taimedest ja imetajatest, juhendab vahur Sepp\" class=\"wp-image-1371\" srcset=\"https:\/\/sisu.ut.ee\/wp-content\/uploads\/sites\/427\/vo10-41.jpg 1000w, https:\/\/sisu.ut.ee\/wp-content\/uploads\/sites\/427\/vo10-41-300x200.jpg 300w, https:\/\/sisu.ut.ee\/wp-content\/uploads\/sites\/427\/vo10-41-768x512.jpg 768w\" sizes=\"auto, (max-width: 1000px) 100vw, 1000px\"><\/a><figcaption class=\"wp-element-caption\">\u00d5ppeprogramm puudest-p\u00f5\u00f5sastest, taimedest ja imetajatest, juhendab vahur Sepp<\/figcaption><\/figure><figure class=\"wp-block-image size-large\"><a href=\"https:\/\/sisu.ut.ee\/wp-content\/uploads\/sites\/427\/vo10-42.jpg\"><img decoding=\"async\" data-id=\"1372\" src=\"https:\/\/sisu.ut.ee\/wp-content\/uploads\/sites\/427\/vo10-42.jpg\" alt=\"\" class=\"wp-ima\"><\/a><\/figure><figure class=\"wp-block-image size-large\"><a href=\"https:\/\/sisu.ut.ee\/wp-content\/uploads\/sites\/427\/vo10-43.jpg\"><img decoding=\"async\" data-id=\"1373\" src=\"https:\/\/sisu.ut.ee\/wp-content\/uploads\/sites\/427\/vo10-43.jpg\" alt=\"\" class=\"wp-ima\"><\/a><\/figure><figure class=\"wp-block-image size-large\"><a href=\"https:\/\/sisu.ut.ee\/wp-content\/uploads\/sites\/427\/vo10-44a.jpg\"><img decoding=\"async\" data-id=\"1374\" src=\"https:\/\/sisu.ut.ee\/wp-content\/uploads\/sites\/427\/vo10-44a.jpg\" alt=\"\" class=\"wp-ima\"><\/a><\/figure><figure class=\"wp-block-image size-large\"><a href=\"https:\/\/sisu.ut.ee\/wp-content\/uploads\/sites\/427\/vo10-44b.jpg\"><img decoding=\"async\" data-id=\"1375\" src=\"https:\/\/sisu.ut.ee\/wp-content\/uploads\/sites\/427\/vo10-44b.jpg\" alt=\"\" class=\"wp-ima\"><\/a><\/figure><figure class=\"wp-block-image size-large\"><a href=\"https:\/\/sisu.ut.ee\/wp-content\/uploads\/sites\/427\/vo10-45.jpg\"><img decoding=\"async\" data-id=\"1376\" src=\"https:\/\/sisu.ut.ee\/wp-content\/uploads\/sites\/427\/vo10-45.jpg\" alt=\"\" class=\"wp-ima\"><\/a><\/figure><figure class=\"wp-block-image size-large\"><a href=\"https:\/\/sisu.ut.ee\/wp-content\/uploads\/sites\/427\/vo10-46.jpg\"><img decoding=\"async\" data-id=\"1377\" src=\"https:\/\/sisu.ut.ee\/wp-content\/uploads\/sites\/427\/vo10-46.jpg\" alt=\"\" class=\"wp-ima\"><\/a><\/figure><figure class=\"wp-block-image size-large\"><a href=\"https:\/\/sisu.ut.ee\/wp-content\/uploads\/sites\/427\/vo10-47.jpg\"><img loading=\"lazy\" decoding=\"async\" width=\"1000\" height=\"667\" data-id=\"1378\" src=\"https:\/\/sisu.ut.ee\/wp-content\/uploads\/sites\/427\/vo10-47.jpg\" alt=\"Praamis\u00f5it ja \u00f5ppeprogramm Saadj\u00e4rvel \" class=\"wp-image-1378\" srcset=\"https:\/\/sisu.ut.ee\/wp-content\/uploads\/sites\/427\/vo10-47.jpg 1000w, https:\/\/sisu.ut.ee\/wp-content\/uploads\/sites\/427\/vo10-47-300x200.jpg 300w, https:\/\/sisu.ut.ee\/wp-content\/uploads\/sites\/427\/vo10-47-768x512.jpg 768w\" sizes=\"auto, (max-width: 1000px) 100vw, 1000px\"><\/a><figcaption class=\"wp-element-caption\">Praamis\u00f5it ja \u00f5ppeprogramm Saadj\u00e4rvel <\/figcaption><\/figure><figure class=\"wp-block-image size-large\"><a href=\"https:\/\/sisu.ut.ee\/wp-content\/uploads\/sites\/427\/vo10-48.jpg\"><img decoding=\"async\" data-id=\"1379\" src=\"https:\/\/sisu.ut.ee\/wp-content\/uploads\/sites\/427\/vo10-48.jpg\" alt=\"\" class=\"wp-ima\"><\/a><\/figure><figure class=\"wp-block-image size-large\"><a href=\"https:\/\/sisu.ut.ee\/wp-content\/uploads\/sites\/427\/vo10-49.jpg\"><img decoding=\"async\" data-id=\"1380\" src=\"https:\/\/sisu.ut.ee\/wp-content\/uploads\/sites\/427\/vo10-49.jpg\" alt=\"\" class=\"wp-ima\"><\/a><\/figure><figure class=\"wp-block-image size-large\"><a href=\"https:\/\/sisu.ut.ee\/wp-content\/uploads\/sites\/427\/vo10-50.jpg\"><img decoding=\"async\" data-id=\"1381\" src=\"https:\/\/sisu.ut.ee\/wp-content\/uploads\/sites\/427\/vo10-50.jpg\" alt=\"\" class=\"wp-ima\"><\/a><\/figure><figure class=\"wp-block-image size-large\"><a href=\"https:\/\/sisu.ut.ee\/wp-content\/uploads\/sites\/427\/vo10-51.jpg\"><img decoding=\"async\" data-id=\"1382\" src=\"https:\/\/sisu.ut.ee\/wp-content\/uploads\/sites\/427\/vo10-51.jpg\" alt=\"\" class=\"wp-ima\"><\/a><\/figure><figure class=\"wp-block-image size-large\"><a href=\"https:\/\/sisu.ut.ee\/wp-content\/uploads\/sites\/427\/vo10-52.jpg\"><img loading=\"lazy\" decoding=\"async\" width=\"1000\" height=\"667\" data-id=\"1383\" src=\"https:\/\/sisu.ut.ee\/wp-content\/uploads\/sites\/427\/vo10-52.jpg\" alt=\"Saadj\u00e4rv, vaade Kukulinna m\u00f5isale\" class=\"wp-image-1383\" srcset=\"https:\/\/sisu.ut.ee\/wp-content\/uploads\/sites\/427\/vo10-52.jpg 1000w, https:\/\/sisu.ut.ee\/wp-content\/uploads\/sites\/427\/vo10-52-300x200.jpg 300w, https:\/\/sisu.ut.ee\/wp-content\/uploads\/sites\/427\/vo10-52-768x512.jpg 768w\" sizes=\"auto, (max-width: 1000px) 100vw, 1000px\"><\/a><figcaption class=\"wp-element-caption\">Saadj\u00e4rv, vaade Kukulinna m\u00f5isale<\/figcaption><\/figure><figure class=\"wp-block-image size-large\"><a href=\"https:\/\/sisu.ut.ee\/wp-content\/uploads\/sites\/427\/merisead_img_2807.jpg\"><img loading=\"lazy\" decoding=\"async\" width=\"1000\" height=\"667\" data-id=\"1384\" src=\"https:\/\/sisu.ut.ee\/wp-content\/uploads\/sites\/427\/merisead_img_2807.jpg\" alt=\"Merisead, Elistvere loomapark \" class=\"wp-image-1384\" srcset=\"https:\/\/sisu.ut.ee\/wp-content\/uploads\/sites\/427\/merisead_img_2807.jpg 1000w, https:\/\/sisu.ut.ee\/wp-content\/uploads\/sites\/427\/merisead_img_2807-300x200.jpg 300w, https:\/\/sisu.ut.ee\/wp-content\/uploads\/sites\/427\/merisead_img_2807-768x512.jpg 768w\" sizes=\"auto, (max-width: 1000px) 100vw, 1000px\"><\/a><figcaption class=\"wp-element-caption\">Merisead, Elistvere loomapark <\/figcaption><\/figure><figure class=\"wp-block-image size-large\"><a href=\"https:\/\/sisu.ut.ee\/wp-content\/uploads\/sites\/427\/piison_img_2815.jpg\"><img loading=\"lazy\" decoding=\"async\" width=\"1000\" height=\"667\" data-id=\"1385\" src=\"https:\/\/sisu.ut.ee\/wp-content\/uploads\/sites\/427\/piison_img_2815.jpg\" alt=\"Piison, Elistvere loomapark \" class=\"wp-image-1385\" srcset=\"https:\/\/sisu.ut.ee\/wp-content\/uploads\/sites\/427\/piison_img_2815.jpg 1000w, https:\/\/sisu.ut.ee\/wp-content\/uploads\/sites\/427\/piison_img_2815-300x200.jpg 300w, https:\/\/sisu.ut.ee\/wp-content\/uploads\/sites\/427\/piison_img_2815-768x512.jpg 768w\" sizes=\"auto, (max-width: 1000px) 100vw, 1000px\"><\/a><figcaption class=\"wp-element-caption\">Piison, Elistvere loomapark <\/figcaption><\/figure><\/figure>","protected":false},"excerpt":{"rendered":"<p>Alatskivi, Peipsi jv, Nina k\u00fcla, Lahepera jv, Kuningvere jv, \u00a0Kaiu jv,\u00a0Saare jv, Elistvere Loomapark, Saadj\u00e4rv Zooloogiaringi \u00f5ppeekskursioonid<\/p>\n","protected":false},"author":88,"featured_media":0,"parent":0,"menu_order":0,"comment_status":"closed","ping_status":"closed","template":"","meta":{"_acf_changed":false,"inline_featured_image":false,"footnotes":""},"class_list":["post-66","page","type-page","status-publish","hentry"],"acf":[],"_links":{"self":[{"href":"https:\/\/sisu.ut.ee\/zrpildid\/wp-json\/wp\/v2\/pages\/66","targetHints":{"allow":["GET"]}}],"collection":[{"href":"https:\/\/sisu.ut.ee\/zrpildid\/wp-json\/wp\/v2\/pages"}],"about":[{"href":"https:\/\/sisu.ut.ee\/zrpildid\/wp-json\/wp\/v2\/types\/page"}],"author":[{"embeddable":true,"href":"https:\/\/sisu.ut.ee\/zrpildid\/wp-json\/wp\/v2\/users\/88"}],"replies":[{"embeddable":true,"href":"https:\/\/sisu.ut.ee\/zrpildid\/wp-json\/wp\/v2\/comments?post=66"}],"version-history":[{"count":2,"href":"https:\/\/sisu.ut.ee\/zrpildid\/wp-json\/wp\/v2\/pages\/66\/revisions"}],"predecessor-version":[{"id":4083,"href":"https:\/\/sisu.ut.ee\/zrpildid\/wp-json\/wp\/v2\/pages\/66\/revisions\/4083"}],"wp:attachment":[{"href":"https:\/\/sisu.ut.ee\/zrpildid\/wp-json\/wp\/v2\/media?parent=66"}],"curies":[{"name":"wp","href":"https:\/\/api.w.org\/{rel}","templated":true}]}}