{"id":58,"date":"2024-04-04T05:56:34","date_gmt":"2024-04-04T02:56:34","guid":{"rendered":"https:\/\/sisu.ut.ee\/zrpildid\/palupohja-11-13-03-2011\/"},"modified":"2024-04-04T06:07:09","modified_gmt":"2024-04-04T03:07:09","slug":"palupohja-11-13-03-2011","status":"publish","type":"page","link":"https:\/\/sisu.ut.ee\/zrpildid\/palupohja-11-13-03-2011\/","title":{"rendered":"Palup\u00f5hja 11.-13. m\u00e4rts 2011"},"content":{"rendered":"<p>\r\n\t<span style=\"font-size:16px\"><span style=\"font-family:Verdana,Geneva,sans-serif\">Vahur Sepp \u00f5petas Eesti imetajaid ja loomade tegevusj\u00e4lgi tundma<\/span><\/span>\r\n<\/p>\r\n\r\n<p>\r\n\t<span style=\"font-family:Verdana,Geneva,sans-serif\">Zooloogiaringi \u00f5ppeekskursioonid<\/span>\r\n<\/p>\r\n\r\n<p>\r\n\t<img decoding=\"async\" alt=\"\" src=\"https:\/\/sisu.ut.ee\/wp-content\/uploads\/sites\/427\/papo_03_1-09.jpg\" style=\"width: 1000px;height: 667px\">\r\n<\/p>\r\n<br><figure class=\"wp-block-gallery has-nested-images columns-3 is-cropped wp-block-gallery-1 is-layout-flex wp-block-gallery-is-layout-flex\"><figure class=\"wp-block-image size-large\"><a href=\"https:\/\/sisu.ut.ee\/wp-content\/uploads\/sites\/427\/papo_03_1-01.jpg\"><img decoding=\"async\" data-id=\"1149\" src=\"https:\/\/sisu.ut.ee\/wp-content\/uploads\/sites\/427\/papo_03_1-01.jpg\" alt=\"\" class=\"wp-ima\"><\/a><\/figure><figure class=\"wp-block-image size-large\"><a href=\"https:\/\/sisu.ut.ee\/wp-content\/uploads\/sites\/427\/papo_03_1-02.jpg\"><img decoding=\"async\" data-id=\"1150\" src=\"https:\/\/sisu.ut.ee\/wp-content\/uploads\/sites\/427\/papo_03_1-02.jpg\" alt=\"\" class=\"wp-ima\"><\/a><\/figure><figure class=\"wp-block-image size-large\"><a href=\"https:\/\/sisu.ut.ee\/wp-content\/uploads\/sites\/427\/papo_03_1-03.jpg\"><img decoding=\"async\" data-id=\"1151\" src=\"https:\/\/sisu.ut.ee\/wp-content\/uploads\/sites\/427\/papo_03_1-03.jpg\" alt=\"\" class=\"wp-ima\"><\/a><\/figure><figure class=\"wp-block-image size-large\"><a href=\"https:\/\/sisu.ut.ee\/wp-content\/uploads\/sites\/427\/papo_03_1-04.jpg\"><img decoding=\"async\" data-id=\"1152\" src=\"https:\/\/sisu.ut.ee\/wp-content\/uploads\/sites\/427\/papo_03_1-04.jpg\" alt=\"\" class=\"wp-ima\"><\/a><\/figure><figure class=\"wp-block-image size-large\"><a href=\"https:\/\/sisu.ut.ee\/wp-content\/uploads\/sites\/427\/papo_03_1-05.jpg\"><img decoding=\"async\" data-id=\"1153\" src=\"https:\/\/sisu.ut.ee\/wp-content\/uploads\/sites\/427\/papo_03_1-05.jpg\" alt=\"\" class=\"wp-ima\"><\/a><\/figure><figure class=\"wp-block-image size-large\"><a href=\"https:\/\/sisu.ut.ee\/wp-content\/uploads\/sites\/427\/papo_03_1-06.jpg\"><img decoding=\"async\" data-id=\"1154\" src=\"https:\/\/sisu.ut.ee\/wp-content\/uploads\/sites\/427\/papo_03_1-06.jpg\" alt=\"\" class=\"wp-ima\"><\/a><\/figure><figure class=\"wp-block-image size-large\"><a href=\"https:\/\/sisu.ut.ee\/wp-content\/uploads\/sites\/427\/papo_03_1-07.jpg\"><img decoding=\"async\" data-id=\"1155\" src=\"https:\/\/sisu.ut.ee\/wp-content\/uploads\/sites\/427\/papo_03_1-07.jpg\" alt=\"\" class=\"wp-ima\"><\/a><\/figure><figure class=\"wp-block-image size-large\"><a href=\"https:\/\/sisu.ut.ee\/wp-content\/uploads\/sites\/427\/papo_03_1-08.jpg\"><img decoding=\"async\" data-id=\"1156\" src=\"https:\/\/sisu.ut.ee\/wp-content\/uploads\/sites\/427\/papo_03_1-08.jpg\" alt=\"\" class=\"wp-ima\"><\/a><\/figure><figure class=\"wp-block-image size-large\"><a href=\"https:\/\/sisu.ut.ee\/wp-content\/uploads\/sites\/427\/papo_03_1-09.jpg\"><img decoding=\"async\" data-id=\"1157\" src=\"https:\/\/sisu.ut.ee\/wp-content\/uploads\/sites\/427\/papo_03_1-09.jpg\" alt=\"\" class=\"wp-ima\"><\/a><\/figure><figure class=\"wp-block-image size-large\"><a href=\"https:\/\/sisu.ut.ee\/wp-content\/uploads\/sites\/427\/papo_03_1-10.jpg\"><img decoding=\"async\" data-id=\"1158\" src=\"https:\/\/sisu.ut.ee\/wp-content\/uploads\/sites\/427\/papo_03_1-10.jpg\" alt=\"\" class=\"wp-ima\"><\/a><\/figure><figure class=\"wp-block-image size-large\"><a href=\"https:\/\/sisu.ut.ee\/wp-content\/uploads\/sites\/427\/papo_03_1-11.jpg\"><img decoding=\"async\" data-id=\"1159\" src=\"https:\/\/sisu.ut.ee\/wp-content\/uploads\/sites\/427\/papo_03_1-11.jpg\" alt=\"\" class=\"wp-ima\"><\/a><\/figure><figure class=\"wp-block-image size-large\"><a href=\"https:\/\/sisu.ut.ee\/wp-content\/uploads\/sites\/427\/papo_03_1-12.jpg\"><img decoding=\"async\" data-id=\"1160\" src=\"https:\/\/sisu.ut.ee\/wp-content\/uploads\/sites\/427\/papo_03_1-12.jpg\" alt=\"\" class=\"wp-ima\"><\/a><\/figure><figure class=\"wp-block-image size-large\"><a href=\"https:\/\/sisu.ut.ee\/wp-content\/uploads\/sites\/427\/papo_03_1-13.jpg\"><img decoding=\"async\" data-id=\"1161\" src=\"https:\/\/sisu.ut.ee\/wp-content\/uploads\/sites\/427\/papo_03_1-13.jpg\" alt=\"\" class=\"wp-ima\"><\/a><\/figure><figure class=\"wp-block-image size-large\"><a href=\"https:\/\/sisu.ut.ee\/wp-content\/uploads\/sites\/427\/papo_03_1-14.jpg\"><img decoding=\"async\" data-id=\"1162\" src=\"https:\/\/sisu.ut.ee\/wp-content\/uploads\/sites\/427\/papo_03_1-14.jpg\" alt=\"\" class=\"wp-ima\"><\/a><\/figure><figure class=\"wp-block-image size-large\"><a href=\"https:\/\/sisu.ut.ee\/wp-content\/uploads\/sites\/427\/papo_03_1-15.jpg\"><img decoding=\"async\" data-id=\"1163\" src=\"https:\/\/sisu.ut.ee\/wp-content\/uploads\/sites\/427\/papo_03_1-15.jpg\" alt=\"\" class=\"wp-ima\"><\/a><\/figure><figure class=\"wp-block-image size-large\"><a href=\"https:\/\/sisu.ut.ee\/wp-content\/uploads\/sites\/427\/papo_03_1-16.jpg\"><img decoding=\"async\" data-id=\"1164\" src=\"https:\/\/sisu.ut.ee\/wp-content\/uploads\/sites\/427\/papo_03_1-16.jpg\" alt=\"\" class=\"wp-ima\"><\/a><\/figure><figure class=\"wp-block-image size-large\"><a href=\"https:\/\/sisu.ut.ee\/wp-content\/uploads\/sites\/427\/papo_03_1-17.jpg\"><img decoding=\"async\" data-id=\"1165\" src=\"https:\/\/sisu.ut.ee\/wp-content\/uploads\/sites\/427\/papo_03_1-17.jpg\" alt=\"\" class=\"wp-ima\"><\/a><\/figure><figure class=\"wp-block-image size-large\"><a href=\"https:\/\/sisu.ut.ee\/wp-content\/uploads\/sites\/427\/papo_03_1-18.jpg\"><img decoding=\"async\" data-id=\"1166\" src=\"https:\/\/sisu.ut.ee\/wp-content\/uploads\/sites\/427\/papo_03_1-18.jpg\" alt=\"\" class=\"wp-ima\"><\/a><\/figure><figure class=\"wp-block-image size-large\"><a href=\"https:\/\/sisu.ut.ee\/wp-content\/uploads\/sites\/427\/papo_03_1-19.jpg\"><img decoding=\"async\" data-id=\"1167\" src=\"https:\/\/sisu.ut.ee\/wp-content\/uploads\/sites\/427\/papo_03_1-19.jpg\" alt=\"\" class=\"wp-ima\"><\/a><\/figure><figure class=\"wp-block-image size-large\"><a href=\"https:\/\/sisu.ut.ee\/wp-content\/uploads\/sites\/427\/papo_03_1-20.jpg\"><img decoding=\"async\" data-id=\"1168\" src=\"https:\/\/sisu.ut.ee\/wp-content\/uploads\/sites\/427\/papo_03_1-20.jpg\" alt=\"\" class=\"wp-ima\"><\/a><\/figure><figure class=\"wp-block-image size-large\"><a href=\"https:\/\/sisu.ut.ee\/wp-content\/uploads\/sites\/427\/papo_03_1-21.jpg\"><img decoding=\"async\" data-id=\"1169\" src=\"https:\/\/sisu.ut.ee\/wp-content\/uploads\/sites\/427\/papo_03_1-21.jpg\" alt=\"\" class=\"wp-ima\"><\/a><\/figure><\/figure>","protected":false},"excerpt":{"rendered":"<p>Vahur Sepp \u00f5petas Eesti imetajaid ja loomade tegevusj\u00e4lgi tundma Zooloogiaringi \u00f5ppeekskursioonid<\/p>\n","protected":false},"author":88,"featured_media":0,"parent":0,"menu_order":0,"comment_status":"closed","ping_status":"closed","template":"","meta":{"_acf_changed":false,"inline_featured_image":false,"footnotes":""},"class_list":["post-58","page","type-page","status-publish","hentry"],"acf":[],"_links":{"self":[{"href":"https:\/\/sisu.ut.ee\/zrpildid\/wp-json\/wp\/v2\/pages\/58","targetHints":{"allow":["GET"]}}],"collection":[{"href":"https:\/\/sisu.ut.ee\/zrpildid\/wp-json\/wp\/v2\/pages"}],"about":[{"href":"https:\/\/sisu.ut.ee\/zrpildid\/wp-json\/wp\/v2\/types\/page"}],"author":[{"embeddable":true,"href":"https:\/\/sisu.ut.ee\/zrpildid\/wp-json\/wp\/v2\/users\/88"}],"replies":[{"embeddable":true,"href":"https:\/\/sisu.ut.ee\/zrpildid\/wp-json\/wp\/v2\/comments?post=58"}],"version-history":[{"count":2,"href":"https:\/\/sisu.ut.ee\/zrpildid\/wp-json\/wp\/v2\/pages\/58\/revisions"}],"predecessor-version":[{"id":4088,"href":"https:\/\/sisu.ut.ee\/zrpildid\/wp-json\/wp\/v2\/pages\/58\/revisions\/4088"}],"wp:attachment":[{"href":"https:\/\/sisu.ut.ee\/zrpildid\/wp-json\/wp\/v2\/media?parent=58"}],"curies":[{"name":"wp","href":"https:\/\/api.w.org\/{rel}","templated":true}]}}