{"id":56,"date":"2024-04-04T05:56:34","date_gmt":"2024-04-04T02:56:34","guid":{"rendered":"https:\/\/sisu.ut.ee\/zrpildid\/palupohja-18-20-03-2011\/"},"modified":"2024-04-04T06:07:09","modified_gmt":"2024-04-04T03:07:09","slug":"palupohja-18-20-03-2011","status":"publish","type":"page","link":"https:\/\/sisu.ut.ee\/zrpildid\/palupohja-18-20-03-2011\/","title":{"rendered":"Palup\u00f5hja 18.-20. m\u00e4rts 2011"},"content":{"rendered":"<p>\r\n\t<span style=\"font-family:Verdana,Geneva,sans-serif\">Zooloogiaringi \u00f5ppeekskursioonid<\/span>\r\n<\/p>\r\n\r\n<p>\r\n\t<img decoding=\"async\" alt=\"\" src=\"https:\/\/sisu.ut.ee\/wp-content\/uploads\/sites\/427\/palupo_11-06.jpg\" style=\"width: 1000px;height: 667px\">\r\n<\/p>\r\n<br><figure class=\"wp-block-gallery has-nested-images columns-3 is-cropped wp-block-gallery-1 is-layout-flex wp-block-gallery-is-layout-flex\"><figure class=\"wp-block-image size-large\"><a href=\"https:\/\/sisu.ut.ee\/wp-content\/uploads\/sites\/427\/palupo_11-01.jpg\"><img decoding=\"async\" data-id=\"1108\" src=\"https:\/\/sisu.ut.ee\/wp-content\/uploads\/sites\/427\/palupo_11-01.jpg\" alt=\"\" class=\"wp-ima\"><\/a><\/figure><figure class=\"wp-block-image size-large\"><a href=\"https:\/\/sisu.ut.ee\/wp-content\/uploads\/sites\/427\/palupo_11-02.jpg\"><img decoding=\"async\" data-id=\"1109\" src=\"https:\/\/sisu.ut.ee\/wp-content\/uploads\/sites\/427\/palupo_11-02.jpg\" alt=\"\" class=\"wp-ima\"><\/a><\/figure><figure class=\"wp-block-image size-large\"><a href=\"https:\/\/sisu.ut.ee\/wp-content\/uploads\/sites\/427\/palupo_11-03.jpg\"><img decoding=\"async\" data-id=\"1110\" src=\"https:\/\/sisu.ut.ee\/wp-content\/uploads\/sites\/427\/palupo_11-03.jpg\" alt=\"\" class=\"wp-ima\"><\/a><\/figure><figure class=\"wp-block-image size-large\"><a href=\"https:\/\/sisu.ut.ee\/wp-content\/uploads\/sites\/427\/palupo_11-04.jpg\"><img decoding=\"async\" data-id=\"1111\" src=\"https:\/\/sisu.ut.ee\/wp-content\/uploads\/sites\/427\/palupo_11-04.jpg\" alt=\"\" class=\"wp-ima\"><\/a><\/figure><figure class=\"wp-block-image size-large\"><a href=\"https:\/\/sisu.ut.ee\/wp-content\/uploads\/sites\/427\/palupo_11-05.jpg\"><img decoding=\"async\" data-id=\"1112\" src=\"https:\/\/sisu.ut.ee\/wp-content\/uploads\/sites\/427\/palupo_11-05.jpg\" alt=\"\" class=\"wp-ima\"><\/a><\/figure><figure class=\"wp-block-image size-large\"><a href=\"https:\/\/sisu.ut.ee\/wp-content\/uploads\/sites\/427\/palupo_11-06.jpg\"><img decoding=\"async\" data-id=\"1113\" src=\"https:\/\/sisu.ut.ee\/wp-content\/uploads\/sites\/427\/palupo_11-06.jpg\" alt=\"\" class=\"wp-ima\"><\/a><\/figure><figure class=\"wp-block-image size-large\"><a href=\"https:\/\/sisu.ut.ee\/wp-content\/uploads\/sites\/427\/palupo_11-07.jpg\"><img decoding=\"async\" data-id=\"1114\" src=\"https:\/\/sisu.ut.ee\/wp-content\/uploads\/sites\/427\/palupo_11-07.jpg\" alt=\"\" class=\"wp-ima\"><\/a><\/figure><figure class=\"wp-block-image size-large\"><a href=\"https:\/\/sisu.ut.ee\/wp-content\/uploads\/sites\/427\/palupo_11-08.jpg\"><img decoding=\"async\" data-id=\"1115\" src=\"https:\/\/sisu.ut.ee\/wp-content\/uploads\/sites\/427\/palupo_11-08.jpg\" alt=\"\" class=\"wp-ima\"><\/a><\/figure><figure class=\"wp-block-image size-large\"><a href=\"https:\/\/sisu.ut.ee\/wp-content\/uploads\/sites\/427\/palupo_11-09.jpg\"><img loading=\"lazy\" decoding=\"async\" width=\"1000\" height=\"667\" data-id=\"1116\" src=\"https:\/\/sisu.ut.ee\/wp-content\/uploads\/sites\/427\/palupo_11-09.jpg\" alt=\"Juhendab Vahur Sepp\" class=\"wp-image-1116\" srcset=\"https:\/\/sisu.ut.ee\/wp-content\/uploads\/sites\/427\/palupo_11-09.jpg 1000w, https:\/\/sisu.ut.ee\/wp-content\/uploads\/sites\/427\/palupo_11-09-300x200.jpg 300w, https:\/\/sisu.ut.ee\/wp-content\/uploads\/sites\/427\/palupo_11-09-768x512.jpg 768w\" sizes=\"auto, (max-width: 1000px) 100vw, 1000px\"><\/a><figcaption class=\"wp-element-caption\">Juhendab Vahur Sepp<\/figcaption><\/figure><figure class=\"wp-block-image size-large\"><a href=\"https:\/\/sisu.ut.ee\/wp-content\/uploads\/sites\/427\/palupo_11-10.jpg\"><img decoding=\"async\" data-id=\"1117\" src=\"https:\/\/sisu.ut.ee\/wp-content\/uploads\/sites\/427\/palupo_11-10.jpg\" alt=\"\" class=\"wp-ima\"><\/a><\/figure><figure class=\"wp-block-image size-large\"><a href=\"https:\/\/sisu.ut.ee\/wp-content\/uploads\/sites\/427\/palupo_11-11.jpg\"><img decoding=\"async\" data-id=\"1118\" src=\"https:\/\/sisu.ut.ee\/wp-content\/uploads\/sites\/427\/palupo_11-11.jpg\" alt=\"\" class=\"wp-ima\"><\/a><\/figure><figure class=\"wp-block-image size-large\"><a href=\"https:\/\/sisu.ut.ee\/wp-content\/uploads\/sites\/427\/palupo_11-11_2.jpg\"><img loading=\"lazy\" decoding=\"async\" width=\"1000\" height=\"667\" data-id=\"1119\" src=\"https:\/\/sisu.ut.ee\/wp-content\/uploads\/sites\/427\/palupo_11-11_2.jpg\" alt=\"Hundikari on sigade karja korduvalt k\u00fclastanud ja palju kesikuid nahka pannud. Mitmel pool lebasid paljaks s\u00f6\u00f6dud seakolbad.\" class=\"wp-image-1119\" srcset=\"https:\/\/sisu.ut.ee\/wp-content\/uploads\/sites\/427\/palupo_11-11_2.jpg 1000w, https:\/\/sisu.ut.ee\/wp-content\/uploads\/sites\/427\/palupo_11-11_2-300x200.jpg 300w, https:\/\/sisu.ut.ee\/wp-content\/uploads\/sites\/427\/palupo_11-11_2-768x512.jpg 768w\" sizes=\"auto, (max-width: 1000px) 100vw, 1000px\"><\/a><figcaption class=\"wp-element-caption\">Hundikari on sigade karja korduvalt k\u00fclastanud ja palju kesikuid nahka pannud. Mitmel pool lebasid paljaks s\u00f6\u00f6dud seakolbad.<\/figcaption><\/figure><figure class=\"wp-block-image size-large\"><a href=\"https:\/\/sisu.ut.ee\/wp-content\/uploads\/sites\/427\/palupo_11-12.jpg\"><img loading=\"lazy\" decoding=\"async\" width=\"1000\" height=\"667\" data-id=\"1120\" src=\"https:\/\/sisu.ut.ee\/wp-content\/uploads\/sites\/427\/palupo_11-12.jpg\" alt=\"Seakarja magamisase\" class=\"wp-image-1120\" srcset=\"https:\/\/sisu.ut.ee\/wp-content\/uploads\/sites\/427\/palupo_11-12.jpg 1000w, https:\/\/sisu.ut.ee\/wp-content\/uploads\/sites\/427\/palupo_11-12-300x200.jpg 300w, https:\/\/sisu.ut.ee\/wp-content\/uploads\/sites\/427\/palupo_11-12-768x512.jpg 768w\" sizes=\"auto, (max-width: 1000px) 100vw, 1000px\"><\/a><figcaption class=\"wp-element-caption\">Seakarja magamisase<\/figcaption><\/figure><figure class=\"wp-block-image size-large\"><a href=\"https:\/\/sisu.ut.ee\/wp-content\/uploads\/sites\/427\/palupo_11-13.jpg\"><img loading=\"lazy\" decoding=\"async\" width=\"1000\" height=\"667\" data-id=\"1121\" src=\"https:\/\/sisu.ut.ee\/wp-content\/uploads\/sites\/427\/palupo_11-13.jpg\" alt=\"Seakarja magamisase\" class=\"wp-image-1121\" srcset=\"https:\/\/sisu.ut.ee\/wp-content\/uploads\/sites\/427\/palupo_11-13.jpg 1000w, https:\/\/sisu.ut.ee\/wp-content\/uploads\/sites\/427\/palupo_11-13-300x200.jpg 300w, https:\/\/sisu.ut.ee\/wp-content\/uploads\/sites\/427\/palupo_11-13-768x512.jpg 768w\" sizes=\"auto, (max-width: 1000px) 100vw, 1000px\"><\/a><figcaption class=\"wp-element-caption\">Seakarja magamisase<\/figcaption><\/figure><figure class=\"wp-block-image size-large\"><a href=\"https:\/\/sisu.ut.ee\/wp-content\/uploads\/sites\/427\/palupo_11-14.jpg\"><img loading=\"lazy\" decoding=\"async\" width=\"1000\" height=\"667\" data-id=\"1122\" src=\"https:\/\/sisu.ut.ee\/wp-content\/uploads\/sites\/427\/palupo_11-14.jpg\" alt=\"Siit murdsid sead aseme jaoks oksi\" class=\"wp-image-1122\" srcset=\"https:\/\/sisu.ut.ee\/wp-content\/uploads\/sites\/427\/palupo_11-14.jpg 1000w, https:\/\/sisu.ut.ee\/wp-content\/uploads\/sites\/427\/palupo_11-14-300x200.jpg 300w, https:\/\/sisu.ut.ee\/wp-content\/uploads\/sites\/427\/palupo_11-14-768x512.jpg 768w\" sizes=\"auto, (max-width: 1000px) 100vw, 1000px\"><\/a><figcaption class=\"wp-element-caption\">Siit murdsid sead aseme jaoks oksi<\/figcaption><\/figure><figure class=\"wp-block-image size-large\"><a href=\"https:\/\/sisu.ut.ee\/wp-content\/uploads\/sites\/427\/palupo_11-15.jpg\"><img loading=\"lazy\" decoding=\"async\" width=\"1000\" height=\"667\" data-id=\"1123\" src=\"https:\/\/sisu.ut.ee\/wp-content\/uploads\/sites\/427\/palupo_11-15.jpg\" alt=\"Kultide m\u00e4rgipuu. L\u00e4hikonnas oli neid mitu\" class=\"wp-image-1123\" srcset=\"https:\/\/sisu.ut.ee\/wp-content\/uploads\/sites\/427\/palupo_11-15.jpg 1000w, https:\/\/sisu.ut.ee\/wp-content\/uploads\/sites\/427\/palupo_11-15-300x200.jpg 300w, https:\/\/sisu.ut.ee\/wp-content\/uploads\/sites\/427\/palupo_11-15-768x512.jpg 768w\" sizes=\"auto, (max-width: 1000px) 100vw, 1000px\"><\/a><figcaption class=\"wp-element-caption\">Kultide m\u00e4rgipuu. L\u00e4hikonnas oli neid mitu<\/figcaption><\/figure><figure class=\"wp-block-image size-large\"><a href=\"https:\/\/sisu.ut.ee\/wp-content\/uploads\/sites\/427\/palupo_11-16.jpg\"><img loading=\"lazy\" decoding=\"async\" width=\"1000\" height=\"667\" data-id=\"1124\" src=\"https:\/\/sisu.ut.ee\/wp-content\/uploads\/sites\/427\/palupo_11-16.jpg\" alt=\"Pesa\" class=\"wp-image-1124\" srcset=\"https:\/\/sisu.ut.ee\/wp-content\/uploads\/sites\/427\/palupo_11-16.jpg 1000w, https:\/\/sisu.ut.ee\/wp-content\/uploads\/sites\/427\/palupo_11-16-300x200.jpg 300w, https:\/\/sisu.ut.ee\/wp-content\/uploads\/sites\/427\/palupo_11-16-768x512.jpg 768w\" sizes=\"auto, (max-width: 1000px) 100vw, 1000px\"><\/a><figcaption class=\"wp-element-caption\">Pesa<\/figcaption><\/figure><figure class=\"wp-block-image size-large\"><a href=\"https:\/\/sisu.ut.ee\/wp-content\/uploads\/sites\/427\/palupo_11-18.jpg\"><img decoding=\"async\" data-id=\"1125\" src=\"https:\/\/sisu.ut.ee\/wp-content\/uploads\/sites\/427\/palupo_11-18.jpg\" alt=\"\" class=\"wp-ima\"><\/a><\/figure><figure class=\"wp-block-image size-large\"><a href=\"https:\/\/sisu.ut.ee\/wp-content\/uploads\/sites\/427\/palupo_11-19.jpg\"><img decoding=\"async\" data-id=\"1126\" src=\"https:\/\/sisu.ut.ee\/wp-content\/uploads\/sites\/427\/palupo_11-19.jpg\" alt=\"\" class=\"wp-ima\"><\/a><\/figure><figure class=\"wp-block-image size-large\"><a href=\"https:\/\/sisu.ut.ee\/wp-content\/uploads\/sites\/427\/palupo_11-20.jpg\"><img decoding=\"async\" data-id=\"1127\" src=\"https:\/\/sisu.ut.ee\/wp-content\/uploads\/sites\/427\/palupo_11-20.jpg\" alt=\"\" class=\"wp-ima\"><\/a><\/figure><figure class=\"wp-block-image size-large\"><a href=\"https:\/\/sisu.ut.ee\/wp-content\/uploads\/sites\/427\/palupo_11-21.jpg\"><img decoding=\"async\" data-id=\"1128\" src=\"https:\/\/sisu.ut.ee\/wp-content\/uploads\/sites\/427\/palupo_11-21.jpg\" alt=\"\" class=\"wp-ima\"><\/a><\/figure><figure class=\"wp-block-image size-large\"><a href=\"https:\/\/sisu.ut.ee\/wp-content\/uploads\/sites\/427\/palupo_11-22.jpg\"><img decoding=\"async\" data-id=\"1129\" src=\"https:\/\/sisu.ut.ee\/wp-content\/uploads\/sites\/427\/palupo_11-22.jpg\" alt=\"\" class=\"wp-ima\"><\/a><\/figure><figure class=\"wp-block-image size-large\"><a href=\"https:\/\/sisu.ut.ee\/wp-content\/uploads\/sites\/427\/palupo_11-23.jpg\"><img decoding=\"async\" data-id=\"1130\" src=\"https:\/\/sisu.ut.ee\/wp-content\/uploads\/sites\/427\/palupo_11-23.jpg\" alt=\"\" class=\"wp-ima\"><\/a><\/figure><figure class=\"wp-block-image size-large\"><a href=\"https:\/\/sisu.ut.ee\/wp-content\/uploads\/sites\/427\/palupo_11-24.jpg\"><img decoding=\"async\" data-id=\"1131\" src=\"https:\/\/sisu.ut.ee\/wp-content\/uploads\/sites\/427\/palupo_11-24.jpg\" alt=\"\" class=\"wp-ima\"><\/a><\/figure><figure class=\"wp-block-image size-large\"><a href=\"https:\/\/sisu.ut.ee\/wp-content\/uploads\/sites\/427\/palupo_11-25.jpg\"><img decoding=\"async\" data-id=\"1132\" src=\"https:\/\/sisu.ut.ee\/wp-content\/uploads\/sites\/427\/palupo_11-25.jpg\" alt=\"\" class=\"wp-ima\"><\/a><\/figure><figure class=\"wp-block-image size-large\"><a href=\"https:\/\/sisu.ut.ee\/wp-content\/uploads\/sites\/427\/palupo_11-26.jpg\"><img decoding=\"async\" data-id=\"1133\" src=\"https:\/\/sisu.ut.ee\/wp-content\/uploads\/sites\/427\/palupo_11-26.jpg\" alt=\"\" class=\"wp-ima\"><\/a><\/figure><figure class=\"wp-block-image size-large\"><a href=\"https:\/\/sisu.ut.ee\/wp-content\/uploads\/sites\/427\/palupo_11-27.jpg\"><img decoding=\"async\" data-id=\"1134\" src=\"https:\/\/sisu.ut.ee\/wp-content\/uploads\/sites\/427\/palupo_11-27.jpg\" alt=\"\" class=\"wp-ima\"><\/a><\/figure><figure class=\"wp-block-image size-large\"><a href=\"https:\/\/sisu.ut.ee\/wp-content\/uploads\/sites\/427\/palupo_11-28.jpg\"><img decoding=\"async\" data-id=\"1135\" src=\"https:\/\/sisu.ut.ee\/wp-content\/uploads\/sites\/427\/palupo_11-28.jpg\" alt=\"\" class=\"wp-ima\"><\/a><\/figure><figure class=\"wp-block-image size-large\"><a href=\"https:\/\/sisu.ut.ee\/wp-content\/uploads\/sites\/427\/palupo_11-29.jpg\"><img loading=\"lazy\" decoding=\"async\" width=\"1000\" height=\"667\" data-id=\"1136\" src=\"https:\/\/sisu.ut.ee\/wp-content\/uploads\/sites\/427\/palupo_11-29.jpg\" alt=\"Emaj\u00f5gi\" class=\"wp-image-1136\" srcset=\"https:\/\/sisu.ut.ee\/wp-content\/uploads\/sites\/427\/palupo_11-29.jpg 1000w, https:\/\/sisu.ut.ee\/wp-content\/uploads\/sites\/427\/palupo_11-29-300x200.jpg 300w, https:\/\/sisu.ut.ee\/wp-content\/uploads\/sites\/427\/palupo_11-29-768x512.jpg 768w\" sizes=\"auto, (max-width: 1000px) 100vw, 1000px\"><\/a><figcaption class=\"wp-element-caption\">Emaj\u00f5gi<\/figcaption><\/figure><figure class=\"wp-block-image size-large\"><a href=\"https:\/\/sisu.ut.ee\/wp-content\/uploads\/sites\/427\/palupo_11-30.jpg\"><img loading=\"lazy\" decoding=\"async\" width=\"1000\" height=\"667\" data-id=\"1137\" src=\"https:\/\/sisu.ut.ee\/wp-content\/uploads\/sites\/427\/palupo_11-30.jpg\" alt=\"Kopra kolju\" class=\"wp-image-1137\" srcset=\"https:\/\/sisu.ut.ee\/wp-content\/uploads\/sites\/427\/palupo_11-30.jpg 1000w, https:\/\/sisu.ut.ee\/wp-content\/uploads\/sites\/427\/palupo_11-30-300x200.jpg 300w, https:\/\/sisu.ut.ee\/wp-content\/uploads\/sites\/427\/palupo_11-30-768x512.jpg 768w\" sizes=\"auto, (max-width: 1000px) 100vw, 1000px\"><\/a><figcaption class=\"wp-element-caption\">Kopra kolju<\/figcaption><\/figure><\/figure>","protected":false},"excerpt":{"rendered":"<p>Zooloogiaringi \u00f5ppeekskursioonid<\/p>\n","protected":false},"author":88,"featured_media":0,"parent":0,"menu_order":0,"comment_status":"closed","ping_status":"closed","template":"","meta":{"_acf_changed":false,"inline_featured_image":false,"footnotes":""},"class_list":["post-56","page","type-page","status-publish","hentry"],"acf":[],"_links":{"self":[{"href":"https:\/\/sisu.ut.ee\/zrpildid\/wp-json\/wp\/v2\/pages\/56","targetHints":{"allow":["GET"]}}],"collection":[{"href":"https:\/\/sisu.ut.ee\/zrpildid\/wp-json\/wp\/v2\/pages"}],"about":[{"href":"https:\/\/sisu.ut.ee\/zrpildid\/wp-json\/wp\/v2\/types\/page"}],"author":[{"embeddable":true,"href":"https:\/\/sisu.ut.ee\/zrpildid\/wp-json\/wp\/v2\/users\/88"}],"replies":[{"embeddable":true,"href":"https:\/\/sisu.ut.ee\/zrpildid\/wp-json\/wp\/v2\/comments?post=56"}],"version-history":[{"count":2,"href":"https:\/\/sisu.ut.ee\/zrpildid\/wp-json\/wp\/v2\/pages\/56\/revisions"}],"predecessor-version":[{"id":4090,"href":"https:\/\/sisu.ut.ee\/zrpildid\/wp-json\/wp\/v2\/pages\/56\/revisions\/4090"}],"wp:attachment":[{"href":"https:\/\/sisu.ut.ee\/zrpildid\/wp-json\/wp\/v2\/media?parent=56"}],"curies":[{"name":"wp","href":"https:\/\/api.w.org\/{rel}","templated":true}]}}