{"id":4316,"date":"2024-09-26T11:59:29","date_gmt":"2024-09-26T08:59:29","guid":{"rendered":"https:\/\/sisu.ut.ee\/zrpildid\/?page_id=4316"},"modified":"2024-09-26T12:34:28","modified_gmt":"2024-09-26T09:34:28","slug":"endla-10-11-veebruar-2024","status":"publish","type":"page","link":"https:\/\/sisu.ut.ee\/zrpildid\/endla-10-11-veebruar-2024\/","title":{"rendered":"Endla 10.-11. veebruar 2024"},"content":{"rendered":"<p class=\"has-small-font-size\">zooloogiaringi v\u00e4lipraktikumid<\/p>\n\n\n\n<figure class=\"wp-block-image size-full\"><img loading=\"lazy\" decoding=\"async\" width=\"1000\" height=\"667\" src=\"https:\/\/sisu.ut.ee\/wp-content\/uploads\/sites\/427\/endla_41_14-2.jpg\" alt=\"\" class=\"wp-image-4317\" srcset=\"https:\/\/sisu.ut.ee\/wp-content\/uploads\/sites\/427\/endla_41_14-2.jpg 1000w, https:\/\/sisu.ut.ee\/wp-content\/uploads\/sites\/427\/endla_41_14-2-300x200.jpg 300w, https:\/\/sisu.ut.ee\/wp-content\/uploads\/sites\/427\/endla_41_14-2-768x512.jpg 768w\" sizes=\"auto, (max-width: 1000px) 100vw, 1000px\"><\/figure>\n\n\n\n<figure class=\"wp-block-gallery has-nested-images columns-default is-cropped wp-block-gallery-1 is-layout-flex wp-block-gallery-is-layout-flex\">\n<figure class=\"wp-block-image size-large\"><a href=\"https:\/\/sisu.ut.ee\/wp-content\/uploads\/sites\/427\/endla_41_01-3.jpg\"><img loading=\"lazy\" decoding=\"async\" width=\"1000\" height=\"667\" data-id=\"4320\" src=\"https:\/\/sisu.ut.ee\/wp-content\/uploads\/sites\/427\/endla_41_01-3.jpg\" alt=\"\" class=\"wp-image-4320\" srcset=\"https:\/\/sisu.ut.ee\/wp-content\/uploads\/sites\/427\/endla_41_01-3.jpg 1000w, https:\/\/sisu.ut.ee\/wp-content\/uploads\/sites\/427\/endla_41_01-3-300x200.jpg 300w, https:\/\/sisu.ut.ee\/wp-content\/uploads\/sites\/427\/endla_41_01-3-768x512.jpg 768w\" sizes=\"auto, (max-width: 1000px) 100vw, 1000px\"><\/a><\/figure>\n\n\n\n<figure class=\"wp-block-image size-large\"><a href=\"https:\/\/sisu.ut.ee\/wp-content\/uploads\/sites\/427\/endla_41_02-1.jpg\"><img loading=\"lazy\" decoding=\"async\" width=\"1000\" height=\"667\" data-id=\"4321\" src=\"https:\/\/sisu.ut.ee\/wp-content\/uploads\/sites\/427\/endla_41_02-1.jpg\" alt=\"\" class=\"wp-image-4321\" srcset=\"https:\/\/sisu.ut.ee\/wp-content\/uploads\/sites\/427\/endla_41_02-1.jpg 1000w, https:\/\/sisu.ut.ee\/wp-content\/uploads\/sites\/427\/endla_41_02-1-300x200.jpg 300w, https:\/\/sisu.ut.ee\/wp-content\/uploads\/sites\/427\/endla_41_02-1-768x512.jpg 768w\" sizes=\"auto, (max-width: 1000px) 100vw, 1000px\"><\/a><\/figure>\n\n\n\n<figure class=\"wp-block-image size-large\"><a href=\"https:\/\/sisu.ut.ee\/wp-content\/uploads\/sites\/427\/endla_41_03-1.jpg\"><img loading=\"lazy\" decoding=\"async\" width=\"1000\" height=\"667\" data-id=\"4322\" src=\"https:\/\/sisu.ut.ee\/wp-content\/uploads\/sites\/427\/endla_41_03-1.jpg\" alt=\"\" class=\"wp-image-4322\" srcset=\"https:\/\/sisu.ut.ee\/wp-content\/uploads\/sites\/427\/endla_41_03-1.jpg 1000w, https:\/\/sisu.ut.ee\/wp-content\/uploads\/sites\/427\/endla_41_03-1-300x200.jpg 300w, https:\/\/sisu.ut.ee\/wp-content\/uploads\/sites\/427\/endla_41_03-1-768x512.jpg 768w\" sizes=\"auto, (max-width: 1000px) 100vw, 1000px\"><\/a><\/figure>\n\n\n\n<figure class=\"wp-block-image size-large\"><a href=\"https:\/\/sisu.ut.ee\/wp-content\/uploads\/sites\/427\/endla_41_04-1.jpg\"><img loading=\"lazy\" decoding=\"async\" width=\"1000\" height=\"667\" data-id=\"4323\" src=\"https:\/\/sisu.ut.ee\/wp-content\/uploads\/sites\/427\/endla_41_04-1.jpg\" alt=\"\" class=\"wp-image-4323\" srcset=\"https:\/\/sisu.ut.ee\/wp-content\/uploads\/sites\/427\/endla_41_04-1.jpg 1000w, https:\/\/sisu.ut.ee\/wp-content\/uploads\/sites\/427\/endla_41_04-1-300x200.jpg 300w, https:\/\/sisu.ut.ee\/wp-content\/uploads\/sites\/427\/endla_41_04-1-768x512.jpg 768w\" sizes=\"auto, (max-width: 1000px) 100vw, 1000px\"><\/a><\/figure>\n\n\n\n<figure class=\"wp-block-image size-large\"><a href=\"https:\/\/sisu.ut.ee\/wp-content\/uploads\/sites\/427\/endla_41_05-1.jpg\"><img loading=\"lazy\" decoding=\"async\" width=\"1000\" height=\"666\" data-id=\"4324\" src=\"https:\/\/sisu.ut.ee\/wp-content\/uploads\/sites\/427\/endla_41_05-1.jpg\" alt=\"\" class=\"wp-image-4324\" srcset=\"https:\/\/sisu.ut.ee\/wp-content\/uploads\/sites\/427\/endla_41_05-1.jpg 1000w, https:\/\/sisu.ut.ee\/wp-content\/uploads\/sites\/427\/endla_41_05-1-300x200.jpg 300w, https:\/\/sisu.ut.ee\/wp-content\/uploads\/sites\/427\/endla_41_05-1-768x511.jpg 768w\" sizes=\"auto, (max-width: 1000px) 100vw, 1000px\"><\/a><\/figure>\n\n\n\n<figure class=\"wp-block-image size-large\"><a href=\"https:\/\/sisu.ut.ee\/wp-content\/uploads\/sites\/427\/endla_41_06-1.jpg\"><img loading=\"lazy\" decoding=\"async\" width=\"1000\" height=\"667\" data-id=\"4325\" src=\"https:\/\/sisu.ut.ee\/wp-content\/uploads\/sites\/427\/endla_41_06-1.jpg\" alt=\"\" class=\"wp-image-4325\" srcset=\"https:\/\/sisu.ut.ee\/wp-content\/uploads\/sites\/427\/endla_41_06-1.jpg 1000w, https:\/\/sisu.ut.ee\/wp-content\/uploads\/sites\/427\/endla_41_06-1-300x200.jpg 300w, https:\/\/sisu.ut.ee\/wp-content\/uploads\/sites\/427\/endla_41_06-1-768x512.jpg 768w\" sizes=\"auto, (max-width: 1000px) 100vw, 1000px\"><\/a><\/figure>\n\n\n\n<figure class=\"wp-block-image size-large\"><a href=\"https:\/\/sisu.ut.ee\/wp-content\/uploads\/sites\/427\/endla_41_07-1.jpg\"><img loading=\"lazy\" decoding=\"async\" width=\"1000\" height=\"667\" data-id=\"4326\" src=\"https:\/\/sisu.ut.ee\/wp-content\/uploads\/sites\/427\/endla_41_07-1.jpg\" alt=\"\" class=\"wp-image-4326\" srcset=\"https:\/\/sisu.ut.ee\/wp-content\/uploads\/sites\/427\/endla_41_07-1.jpg 1000w, https:\/\/sisu.ut.ee\/wp-content\/uploads\/sites\/427\/endla_41_07-1-300x200.jpg 300w, https:\/\/sisu.ut.ee\/wp-content\/uploads\/sites\/427\/endla_41_07-1-768x512.jpg 768w\" sizes=\"auto, (max-width: 1000px) 100vw, 1000px\"><\/a><\/figure>\n\n\n\n<figure class=\"wp-block-image size-large\"><a href=\"https:\/\/sisu.ut.ee\/wp-content\/uploads\/sites\/427\/endla_41_08-1.jpg\"><img loading=\"lazy\" decoding=\"async\" width=\"1000\" height=\"667\" data-id=\"4327\" src=\"https:\/\/sisu.ut.ee\/wp-content\/uploads\/sites\/427\/endla_41_08-1.jpg\" alt=\"\" class=\"wp-image-4327\" srcset=\"https:\/\/sisu.ut.ee\/wp-content\/uploads\/sites\/427\/endla_41_08-1.jpg 1000w, https:\/\/sisu.ut.ee\/wp-content\/uploads\/sites\/427\/endla_41_08-1-300x200.jpg 300w, https:\/\/sisu.ut.ee\/wp-content\/uploads\/sites\/427\/endla_41_08-1-768x512.jpg 768w\" sizes=\"auto, (max-width: 1000px) 100vw, 1000px\"><\/a><\/figure>\n\n\n\n<figure class=\"wp-block-image size-large\"><a href=\"https:\/\/sisu.ut.ee\/wp-content\/uploads\/sites\/427\/endla_41_09-1.jpg\"><img loading=\"lazy\" decoding=\"async\" width=\"1000\" height=\"667\" data-id=\"4328\" src=\"https:\/\/sisu.ut.ee\/wp-content\/uploads\/sites\/427\/endla_41_09-1.jpg\" alt=\"\" class=\"wp-image-4328\" srcset=\"https:\/\/sisu.ut.ee\/wp-content\/uploads\/sites\/427\/endla_41_09-1.jpg 1000w, https:\/\/sisu.ut.ee\/wp-content\/uploads\/sites\/427\/endla_41_09-1-300x200.jpg 300w, https:\/\/sisu.ut.ee\/wp-content\/uploads\/sites\/427\/endla_41_09-1-768x512.jpg 768w\" sizes=\"auto, (max-width: 1000px) 100vw, 1000px\"><\/a><\/figure>\n\n\n\n<figure class=\"wp-block-image size-large\"><a href=\"https:\/\/sisu.ut.ee\/wp-content\/uploads\/sites\/427\/endla_41_10-1.jpg\"><img loading=\"lazy\" decoding=\"async\" width=\"1000\" height=\"667\" data-id=\"4329\" src=\"https:\/\/sisu.ut.ee\/wp-content\/uploads\/sites\/427\/endla_41_10-1.jpg\" alt=\"\" class=\"wp-image-4329\" srcset=\"https:\/\/sisu.ut.ee\/wp-content\/uploads\/sites\/427\/endla_41_10-1.jpg 1000w, https:\/\/sisu.ut.ee\/wp-content\/uploads\/sites\/427\/endla_41_10-1-300x200.jpg 300w, https:\/\/sisu.ut.ee\/wp-content\/uploads\/sites\/427\/endla_41_10-1-768x512.jpg 768w\" sizes=\"auto, (max-width: 1000px) 100vw, 1000px\"><\/a><\/figure>\n\n\n\n<figure class=\"wp-block-image size-large\"><a href=\"https:\/\/sisu.ut.ee\/wp-content\/uploads\/sites\/427\/endla_41_11-1.jpg\"><img loading=\"lazy\" decoding=\"async\" width=\"1000\" height=\"667\" data-id=\"4330\" src=\"https:\/\/sisu.ut.ee\/wp-content\/uploads\/sites\/427\/endla_41_11-1.jpg\" alt=\"\" class=\"wp-image-4330\" srcset=\"https:\/\/sisu.ut.ee\/wp-content\/uploads\/sites\/427\/endla_41_11-1.jpg 1000w, https:\/\/sisu.ut.ee\/wp-content\/uploads\/sites\/427\/endla_41_11-1-300x200.jpg 300w, https:\/\/sisu.ut.ee\/wp-content\/uploads\/sites\/427\/endla_41_11-1-768x512.jpg 768w\" sizes=\"auto, (max-width: 1000px) 100vw, 1000px\"><\/a><\/figure>\n\n\n\n<figure class=\"wp-block-image size-large\"><a href=\"https:\/\/sisu.ut.ee\/wp-content\/uploads\/sites\/427\/endla_41_12-1.jpg\"><img loading=\"lazy\" decoding=\"async\" width=\"1000\" height=\"667\" data-id=\"4331\" src=\"https:\/\/sisu.ut.ee\/wp-content\/uploads\/sites\/427\/endla_41_12-1.jpg\" alt=\"\" class=\"wp-image-4331\" srcset=\"https:\/\/sisu.ut.ee\/wp-content\/uploads\/sites\/427\/endla_41_12-1.jpg 1000w, https:\/\/sisu.ut.ee\/wp-content\/uploads\/sites\/427\/endla_41_12-1-300x200.jpg 300w, https:\/\/sisu.ut.ee\/wp-content\/uploads\/sites\/427\/endla_41_12-1-768x512.jpg 768w\" sizes=\"auto, (max-width: 1000px) 100vw, 1000px\"><\/a><\/figure>\n\n\n\n<figure class=\"wp-block-image size-large\"><a href=\"https:\/\/sisu.ut.ee\/wp-content\/uploads\/sites\/427\/endla_41_13-1.jpg\"><img loading=\"lazy\" decoding=\"async\" width=\"1000\" height=\"667\" data-id=\"4332\" src=\"https:\/\/sisu.ut.ee\/wp-content\/uploads\/sites\/427\/endla_41_13-1.jpg\" alt=\"\" class=\"wp-image-4332\" srcset=\"https:\/\/sisu.ut.ee\/wp-content\/uploads\/sites\/427\/endla_41_13-1.jpg 1000w, https:\/\/sisu.ut.ee\/wp-content\/uploads\/sites\/427\/endla_41_13-1-300x200.jpg 300w, https:\/\/sisu.ut.ee\/wp-content\/uploads\/sites\/427\/endla_41_13-1-768x512.jpg 768w\" sizes=\"auto, (max-width: 1000px) 100vw, 1000px\"><\/a><\/figure>\n\n\n\n<figure class=\"wp-block-image size-large\"><a href=\"https:\/\/sisu.ut.ee\/wp-content\/uploads\/sites\/427\/endla_41_14-3.jpg\"><img loading=\"lazy\" decoding=\"async\" width=\"1000\" height=\"667\" data-id=\"4333\" src=\"https:\/\/sisu.ut.ee\/wp-content\/uploads\/sites\/427\/endla_41_14-3.jpg\" alt=\"\" class=\"wp-image-4333\" srcset=\"https:\/\/sisu.ut.ee\/wp-content\/uploads\/sites\/427\/endla_41_14-3.jpg 1000w, https:\/\/sisu.ut.ee\/wp-content\/uploads\/sites\/427\/endla_41_14-3-300x200.jpg 300w, https:\/\/sisu.ut.ee\/wp-content\/uploads\/sites\/427\/endla_41_14-3-768x512.jpg 768w\" sizes=\"auto, (max-width: 1000px) 100vw, 1000px\"><\/a><\/figure>\n\n\n\n<figure class=\"wp-block-image size-large\"><a href=\"https:\/\/sisu.ut.ee\/wp-content\/uploads\/sites\/427\/endla_41_15-1.jpg\"><img loading=\"lazy\" decoding=\"async\" width=\"1000\" height=\"667\" data-id=\"4334\" src=\"https:\/\/sisu.ut.ee\/wp-content\/uploads\/sites\/427\/endla_41_15-1.jpg\" alt=\"\" class=\"wp-image-4334\" srcset=\"https:\/\/sisu.ut.ee\/wp-content\/uploads\/sites\/427\/endla_41_15-1.jpg 1000w, https:\/\/sisu.ut.ee\/wp-content\/uploads\/sites\/427\/endla_41_15-1-300x200.jpg 300w, https:\/\/sisu.ut.ee\/wp-content\/uploads\/sites\/427\/endla_41_15-1-768x512.jpg 768w\" sizes=\"auto, (max-width: 1000px) 100vw, 1000px\"><\/a><\/figure>\n\n\n\n<figure class=\"wp-block-image size-large\"><a href=\"https:\/\/sisu.ut.ee\/wp-content\/uploads\/sites\/427\/endla_41_16-1.jpg\"><img loading=\"lazy\" decoding=\"async\" width=\"1000\" height=\"667\" data-id=\"4335\" src=\"https:\/\/sisu.ut.ee\/wp-content\/uploads\/sites\/427\/endla_41_16-1.jpg\" alt=\"\" class=\"wp-image-4335\" srcset=\"https:\/\/sisu.ut.ee\/wp-content\/uploads\/sites\/427\/endla_41_16-1.jpg 1000w, https:\/\/sisu.ut.ee\/wp-content\/uploads\/sites\/427\/endla_41_16-1-300x200.jpg 300w, https:\/\/sisu.ut.ee\/wp-content\/uploads\/sites\/427\/endla_41_16-1-768x512.jpg 768w\" sizes=\"auto, (max-width: 1000px) 100vw, 1000px\"><\/a><\/figure>\n\n\n\n<figure class=\"wp-block-image size-large\"><a href=\"https:\/\/sisu.ut.ee\/wp-content\/uploads\/sites\/427\/endla_41_17-1.jpg\"><img loading=\"lazy\" decoding=\"async\" width=\"1000\" height=\"667\" data-id=\"4336\" src=\"https:\/\/sisu.ut.ee\/wp-content\/uploads\/sites\/427\/endla_41_17-1.jpg\" alt=\"\" class=\"wp-image-4336\" srcset=\"https:\/\/sisu.ut.ee\/wp-content\/uploads\/sites\/427\/endla_41_17-1.jpg 1000w, https:\/\/sisu.ut.ee\/wp-content\/uploads\/sites\/427\/endla_41_17-1-300x200.jpg 300w, https:\/\/sisu.ut.ee\/wp-content\/uploads\/sites\/427\/endla_41_17-1-768x512.jpg 768w\" sizes=\"auto, (max-width: 1000px) 100vw, 1000px\"><\/a><\/figure>\n\n\n\n<figure class=\"wp-block-image size-large\"><a href=\"https:\/\/sisu.ut.ee\/wp-content\/uploads\/sites\/427\/endla_41_18-1.jpg\"><img loading=\"lazy\" decoding=\"async\" width=\"1000\" height=\"667\" data-id=\"4337\" src=\"https:\/\/sisu.ut.ee\/wp-content\/uploads\/sites\/427\/endla_41_18-1.jpg\" alt=\"\" class=\"wp-image-4337\" srcset=\"https:\/\/sisu.ut.ee\/wp-content\/uploads\/sites\/427\/endla_41_18-1.jpg 1000w, https:\/\/sisu.ut.ee\/wp-content\/uploads\/sites\/427\/endla_41_18-1-300x200.jpg 300w, https:\/\/sisu.ut.ee\/wp-content\/uploads\/sites\/427\/endla_41_18-1-768x512.jpg 768w\" sizes=\"auto, (max-width: 1000px) 100vw, 1000px\"><\/a><\/figure>\n\n\n\n<figure class=\"wp-block-image size-large\"><a href=\"https:\/\/sisu.ut.ee\/wp-content\/uploads\/sites\/427\/endla_41_19-1.jpg\"><img loading=\"lazy\" decoding=\"async\" width=\"1000\" height=\"667\" data-id=\"4338\" src=\"https:\/\/sisu.ut.ee\/wp-content\/uploads\/sites\/427\/endla_41_19-1.jpg\" alt=\"\" class=\"wp-image-4338\" srcset=\"https:\/\/sisu.ut.ee\/wp-content\/uploads\/sites\/427\/endla_41_19-1.jpg 1000w, https:\/\/sisu.ut.ee\/wp-content\/uploads\/sites\/427\/endla_41_19-1-300x200.jpg 300w, https:\/\/sisu.ut.ee\/wp-content\/uploads\/sites\/427\/endla_41_19-1-768x512.jpg 768w\" sizes=\"auto, (max-width: 1000px) 100vw, 1000px\"><\/a><\/figure>\n\n\n\n<figure class=\"wp-block-image size-large\"><a href=\"https:\/\/sisu.ut.ee\/wp-content\/uploads\/sites\/427\/endla_41_20-1.jpg\"><img loading=\"lazy\" decoding=\"async\" width=\"1000\" height=\"667\" data-id=\"4339\" src=\"https:\/\/sisu.ut.ee\/wp-content\/uploads\/sites\/427\/endla_41_20-1.jpg\" alt=\"\" class=\"wp-image-4339\" srcset=\"https:\/\/sisu.ut.ee\/wp-content\/uploads\/sites\/427\/endla_41_20-1.jpg 1000w, https:\/\/sisu.ut.ee\/wp-content\/uploads\/sites\/427\/endla_41_20-1-300x200.jpg 300w, https:\/\/sisu.ut.ee\/wp-content\/uploads\/sites\/427\/endla_41_20-1-768x512.jpg 768w\" sizes=\"auto, (max-width: 1000px) 100vw, 1000px\"><\/a><\/figure>\n\n\n\n<figure class=\"wp-block-image size-large\"><a href=\"https:\/\/sisu.ut.ee\/wp-content\/uploads\/sites\/427\/endla_41_21-1.jpg\"><img loading=\"lazy\" decoding=\"async\" width=\"1000\" height=\"667\" data-id=\"4340\" src=\"https:\/\/sisu.ut.ee\/wp-content\/uploads\/sites\/427\/endla_41_21-1.jpg\" alt=\"\" class=\"wp-image-4340\" title=\"\" srcset=\"https:\/\/sisu.ut.ee\/wp-content\/uploads\/sites\/427\/endla_41_21-1.jpg 1000w, https:\/\/sisu.ut.ee\/wp-content\/uploads\/sites\/427\/endla_41_21-1-300x200.jpg 300w, https:\/\/sisu.ut.ee\/wp-content\/uploads\/sites\/427\/endla_41_21-1-768x512.jpg 768w\" sizes=\"auto, (max-width: 1000px) 100vw, 1000px\"><\/a><figcaption class=\"wp-element-caption\">hiirte n\u00e4ritud haavaoks<\/figcaption><\/figure>\n\n\n\n<figure class=\"wp-block-image size-large\"><a href=\"https:\/\/sisu.ut.ee\/wp-content\/uploads\/sites\/427\/endla_41_22-1.jpg\"><img loading=\"lazy\" decoding=\"async\" width=\"1000\" height=\"667\" data-id=\"4341\" src=\"https:\/\/sisu.ut.ee\/wp-content\/uploads\/sites\/427\/endla_41_22-1.jpg\" alt=\"\" class=\"wp-image-4341\" srcset=\"https:\/\/sisu.ut.ee\/wp-content\/uploads\/sites\/427\/endla_41_22-1.jpg 1000w, https:\/\/sisu.ut.ee\/wp-content\/uploads\/sites\/427\/endla_41_22-1-300x200.jpg 300w, https:\/\/sisu.ut.ee\/wp-content\/uploads\/sites\/427\/endla_41_22-1-768x512.jpg 768w\" sizes=\"auto, (max-width: 1000px) 100vw, 1000px\"><\/a><\/figure>\n\n\n\n<figure class=\"wp-block-image size-large\"><a href=\"https:\/\/sisu.ut.ee\/wp-content\/uploads\/sites\/427\/endla_41_23-1.jpg\"><img loading=\"lazy\" decoding=\"async\" width=\"1001\" height=\"667\" data-id=\"4342\" src=\"https:\/\/sisu.ut.ee\/wp-content\/uploads\/sites\/427\/endla_41_23-1.jpg\" alt=\"\" class=\"wp-image-4342\" srcset=\"https:\/\/sisu.ut.ee\/wp-content\/uploads\/sites\/427\/endla_41_23-1.jpg 1001w, https:\/\/sisu.ut.ee\/wp-content\/uploads\/sites\/427\/endla_41_23-1-300x200.jpg 300w, https:\/\/sisu.ut.ee\/wp-content\/uploads\/sites\/427\/endla_41_23-1-768x512.jpg 768w\" sizes=\"auto, (max-width: 1001px) 100vw, 1001px\"><\/a><\/figure>\n\n\n\n<figure class=\"wp-block-image size-large\"><a href=\"https:\/\/sisu.ut.ee\/wp-content\/uploads\/sites\/427\/endla_41_24-1.jpg\"><img loading=\"lazy\" decoding=\"async\" width=\"1000\" height=\"667\" data-id=\"4343\" src=\"https:\/\/sisu.ut.ee\/wp-content\/uploads\/sites\/427\/endla_41_24-1.jpg\" alt=\"\" class=\"wp-image-4343\" srcset=\"https:\/\/sisu.ut.ee\/wp-content\/uploads\/sites\/427\/endla_41_24-1.jpg 1000w, https:\/\/sisu.ut.ee\/wp-content\/uploads\/sites\/427\/endla_41_24-1-300x200.jpg 300w, https:\/\/sisu.ut.ee\/wp-content\/uploads\/sites\/427\/endla_41_24-1-768x512.jpg 768w\" sizes=\"auto, (max-width: 1000px) 100vw, 1000px\"><\/a><\/figure>\n\n\n\n<figure class=\"wp-block-image size-large\"><a href=\"https:\/\/sisu.ut.ee\/wp-content\/uploads\/sites\/427\/endla_41_25-1.jpg\"><img loading=\"lazy\" decoding=\"async\" width=\"1000\" height=\"667\" data-id=\"4344\" src=\"https:\/\/sisu.ut.ee\/wp-content\/uploads\/sites\/427\/endla_41_25-1.jpg\" alt=\"\" class=\"wp-image-4344\" srcset=\"https:\/\/sisu.ut.ee\/wp-content\/uploads\/sites\/427\/endla_41_25-1.jpg 1000w, https:\/\/sisu.ut.ee\/wp-content\/uploads\/sites\/427\/endla_41_25-1-300x200.jpg 300w, https:\/\/sisu.ut.ee\/wp-content\/uploads\/sites\/427\/endla_41_25-1-768x512.jpg 768w\" sizes=\"auto, (max-width: 1000px) 100vw, 1000px\"><\/a><\/figure>\n\n\n\n<figure class=\"wp-block-image size-large\"><a href=\"https:\/\/sisu.ut.ee\/wp-content\/uploads\/sites\/427\/endla_41_26-1.jpg\"><img loading=\"lazy\" decoding=\"async\" width=\"1000\" height=\"556\" data-id=\"4345\" src=\"https:\/\/sisu.ut.ee\/wp-content\/uploads\/sites\/427\/endla_41_26-1.jpg\" alt=\"\" class=\"wp-image-4345\" srcset=\"https:\/\/sisu.ut.ee\/wp-content\/uploads\/sites\/427\/endla_41_26-1.jpg 1000w, https:\/\/sisu.ut.ee\/wp-content\/uploads\/sites\/427\/endla_41_26-1-300x167.jpg 300w, https:\/\/sisu.ut.ee\/wp-content\/uploads\/sites\/427\/endla_41_26-1-768x427.jpg 768w\" sizes=\"auto, (max-width: 1000px) 100vw, 1000px\"><\/a><figcaption class=\"wp-element-caption\">1. j\u00e4nesed; 2. p\u00f5der; 3. kobras; 4. j\u00e4nesed, 5. hiired; 6. kobras; 7. j\u00e4nesed; 8. p\u00f5der; 9. hiired; 10. erinevad (luut\u00fckk)<\/figcaption><\/figure>\n<\/figure>\n","protected":false},"excerpt":{"rendered":"<p>zooloogiaringi v\u00e4lipraktikumid<\/p>\n","protected":false},"author":88,"featured_media":0,"parent":0,"menu_order":0,"comment_status":"closed","ping_status":"closed","template":"","meta":{"_acf_changed":false,"inline_featured_image":false,"footnotes":""},"class_list":["post-4316","page","type-page","status-publish","hentry"],"acf":[],"_links":{"self":[{"href":"https:\/\/sisu.ut.ee\/zrpildid\/wp-json\/wp\/v2\/pages\/4316","targetHints":{"allow":["GET"]}}],"collection":[{"href":"https:\/\/sisu.ut.ee\/zrpildid\/wp-json\/wp\/v2\/pages"}],"about":[{"href":"https:\/\/sisu.ut.ee\/zrpildid\/wp-json\/wp\/v2\/types\/page"}],"author":[{"embeddable":true,"href":"https:\/\/sisu.ut.ee\/zrpildid\/wp-json\/wp\/v2\/users\/88"}],"replies":[{"embeddable":true,"href":"https:\/\/sisu.ut.ee\/zrpildid\/wp-json\/wp\/v2\/comments?post=4316"}],"version-history":[{"count":6,"href":"https:\/\/sisu.ut.ee\/zrpildid\/wp-json\/wp\/v2\/pages\/4316\/revisions"}],"predecessor-version":[{"id":4439,"href":"https:\/\/sisu.ut.ee\/zrpildid\/wp-json\/wp\/v2\/pages\/4316\/revisions\/4439"}],"wp:attachment":[{"href":"https:\/\/sisu.ut.ee\/zrpildid\/wp-json\/wp\/v2\/media?parent=4316"}],"curies":[{"name":"wp","href":"https:\/\/api.w.org\/{rel}","templated":true}]}}