{"id":42,"date":"2024-04-04T05:56:32","date_gmt":"2024-04-04T02:56:32","guid":{"rendered":"https:\/\/sisu.ut.ee\/zrpildid\/2023-2\/"},"modified":"2024-04-18T22:34:13","modified_gmt":"2024-04-18T19:34:13","slug":"2023-2","status":"publish","type":"page","link":"https:\/\/sisu.ut.ee\/zrpildid\/2023-2\/","title":{"rendered":"2023"},"content":{"rendered":"<p><span style=\"font-size: 16px;\"><span style=\"font-family: Verdana,Geneva,sans-serif;\"><a title=\"\" href=\"https:\/\/sisu.ut.ee\/zrpildid\/kauksi-8-10-august-2023\">Kauksi 8.-10. august 2023<\/a><br>\n<a title=\"\" href=\"https:\/\/sisu.ut.ee\/zrpildid\/kauksi-1-3-august-2023\">Kauksi 1.-3. august 2023<\/a><br>\n<a title=\"\" href=\"https:\/\/sisu.ut.ee\/zrpildid\/saarejarve-26-28-mai-2023\/\" data-url=\"https:\/\/sisu.ut.ee\/zrpildid\/saarej%C3%A4rve-26-28-mai-2023\">Saarj\u00e4rve Puhkemaja, Viira k\u00fcla, R\u00e4pina vald 26.-28. mai 2023<\/a><br>\n<a title=\"\" href=\"https:\/\/sisu.ut.ee\/zrpildid\/endla-10-12-marts-2023\/\" data-url=\"https:\/\/sisu.ut.ee\/zrpildid\/endla-10-12-m%C3%A4rts-2023\">Endla looduskaitseala keskus, Tooma 10.-12. m\u00e4rts 2023<\/a><br>\n<a title=\"\" href=\"https:\/\/sisu.ut.ee\/zrpildid\/endla-17-19-veebruar-2023\" data-url=\"https:\/\/sisu.ut.ee\/zrpildid\/endla-17-19-veebruar-2023\">Endla looduskaitseala keskus, Tooma 17.-19. veebruar 2023<\/a><\/span><\/span><\/p>\n<p><img decoding=\"async\" style=\"width: 1000px; height: 667px;\" src=\"https:\/\/sisu.ut.ee\/wp-content\/uploads\/sites\/427\/saarjarve_06.jpg\" alt=\"\"><\/p>\n","protected":false},"excerpt":{"rendered":"<p>Kauksi 8.-10. august 2023 Kauksi 1.-3. august 2023 Saarj\u00e4rve Puhkemaja, Viira k\u00fcla, R\u00e4pina vald 26.-28. mai 2023 Endla looduskaitseala keskus, Tooma 10.-12. m\u00e4rts 2023 Endla looduskaitseala keskus, Tooma 17.-19. veebruar 2023<\/p>\n","protected":false},"author":88,"featured_media":0,"parent":0,"menu_order":0,"comment_status":"closed","ping_status":"closed","template":"","meta":{"_acf_changed":false,"inline_featured_image":false,"footnotes":""},"class_list":["post-42","page","type-page","status-publish","hentry"],"acf":[],"_links":{"self":[{"href":"https:\/\/sisu.ut.ee\/zrpildid\/wp-json\/wp\/v2\/pages\/42","targetHints":{"allow":["GET"]}}],"collection":[{"href":"https:\/\/sisu.ut.ee\/zrpildid\/wp-json\/wp\/v2\/pages"}],"about":[{"href":"https:\/\/sisu.ut.ee\/zrpildid\/wp-json\/wp\/v2\/types\/page"}],"author":[{"embeddable":true,"href":"https:\/\/sisu.ut.ee\/zrpildid\/wp-json\/wp\/v2\/users\/88"}],"replies":[{"embeddable":true,"href":"https:\/\/sisu.ut.ee\/zrpildid\/wp-json\/wp\/v2\/comments?post=42"}],"version-history":[{"count":3,"href":"https:\/\/sisu.ut.ee\/zrpildid\/wp-json\/wp\/v2\/pages\/42\/revisions"}],"predecessor-version":[{"id":4293,"href":"https:\/\/sisu.ut.ee\/zrpildid\/wp-json\/wp\/v2\/pages\/42\/revisions\/4293"}],"wp:attachment":[{"href":"https:\/\/sisu.ut.ee\/zrpildid\/wp-json\/wp\/v2\/media?parent=42"}],"curies":[{"name":"wp","href":"https:\/\/api.w.org\/{rel}","templated":true}]}}