{"id":3,"date":"2024-04-04T05:56:29","date_gmt":"2024-04-04T02:56:29","guid":{"rendered":"https:\/\/sisu.ut.ee\/zrpildid\/jarvselja-12-14-04-2013\/"},"modified":"2024-04-04T06:07:11","modified_gmt":"2024-04-04T03:07:11","slug":"jarvselja-12-14-04-2013","status":"publish","type":"page","link":"https:\/\/sisu.ut.ee\/zrpildid\/jarvselja-12-14-04-2013\/","title":{"rendered":"J\u00e4rvselja 12.-14. aprill 2013"},"content":{"rendered":"<p>\r\n\t<span style=\"font-family:Verdana,Geneva,sans-serif\">Zooloogiaringi \u00f5ppeekskursioonid<\/span>\r\n<\/p>\r\n\r\n<p>\r\n\t<img decoding=\"async\" alt=\"\" src=\"https:\/\/sisu.ut.ee\/wp-content\/uploads\/sites\/427\/jarvse_34_07.jpg\" style=\"width: 1000px;height: 667px\">\r\n<\/p>\r\n<br><figure class=\"wp-block-gallery has-nested-images columns-3 is-cropped wp-block-gallery-1 is-layout-flex wp-block-gallery-is-layout-flex\"><figure class=\"wp-block-image size-large\"><a href=\"https:\/\/sisu.ut.ee\/wp-content\/uploads\/sites\/427\/jarvse_34_02.jpg\"><img decoding=\"async\" data-id=\"167\" src=\"https:\/\/sisu.ut.ee\/wp-content\/uploads\/sites\/427\/jarvse_34_02.jpg\" alt=\"\" class=\"wp-ima&gt;&lt;\/figcaption&gt;&lt;\/figure&gt;&lt;figure class=\" wp-block-image size-large><\/a><a href=\"https:\/\/sisu.ut.ee\/wp-content\/uploads\/sites\/427\/jarvse_34_03.jpg\"><img decoding=\"async\" data-id=\"168\" src=\"https:\/\/sisu.ut.ee\/wp-content\/uploads\/sites\/427\/jarvse_34_03.jpg\" alt=\"\" class=\"wp-ima&gt;&lt;\/figcaption&gt;&lt;\/figure&gt;&lt;figure class=\" wp-block-image size-large><\/a><a href=\"https:\/\/sisu.ut.ee\/wp-content\/uploads\/sites\/427\/jarvse_34_04.jpg\"><img decoding=\"async\" data-id=\"169\" src=\"https:\/\/sisu.ut.ee\/wp-content\/uploads\/sites\/427\/jarvse_34_04.jpg\" alt=\"\" class=\"wp-ima&gt;&lt;\/figcaption&gt;&lt;\/figure&gt;&lt;figure class=\" wp-block-image size-large><\/a><a href=\"https:\/\/sisu.ut.ee\/wp-content\/uploads\/sites\/427\/jarvse_34_05.jpg\"><img decoding=\"async\" data-id=\"170\" src=\"https:\/\/sisu.ut.ee\/wp-content\/uploads\/sites\/427\/jarvse_34_05.jpg\" alt=\"\" class=\"wp-ima&gt;&lt;\/figcaption&gt;&lt;\/figure&gt;&lt;figure class=\" wp-block-image size-large><\/a><a href=\"https:\/\/sisu.ut.ee\/wp-content\/uploads\/sites\/427\/jarvse_34_06.jpg\"><img loading=\"lazy\" decoding=\"async\" width=\"1000\" height=\"667\" data-id=\"171\" src=\"https:\/\/sisu.ut.ee\/wp-content\/uploads\/sites\/427\/jarvse_34_06.jpg\" alt=\"P\u00f5dra toitumisj\u00e4ljed puut\u00fcvedel\" class=\"wp-image-171\" srcset=\"https:\/\/sisu.ut.ee\/wp-content\/uploads\/sites\/427\/jarvse_34_06.jpg 1000w, https:\/\/sisu.ut.ee\/wp-content\/uploads\/sites\/427\/jarvse_34_06-300x200.jpg 300w, https:\/\/sisu.ut.ee\/wp-content\/uploads\/sites\/427\/jarvse_34_06-768x512.jpg 768w\" sizes=\"auto, (max-width: 1000px) 100vw, 1000px\"><\/a><figcaption class=\"wp-element-caption\">P\u00f5dra toitumisj\u00e4ljed puut\u00fcvedel<\/figcaption><\/figure><figure class=\"wp-block-image size-large\"><a href=\"https:\/\/sisu.ut.ee\/wp-content\/uploads\/sites\/427\/jarvse_34_01.jpg\"><img loading=\"lazy\" decoding=\"async\" width=\"1000\" height=\"667\" data-id=\"172\" src=\"https:\/\/sisu.ut.ee\/wp-content\/uploads\/sites\/427\/jarvse_34_01.jpg\" class=\"wp-image-172\" srcset=\"https:\/\/sisu.ut.ee\/wp-content\/uploads\/sites\/427\/jarvse_34_01.jpg 1000w, https:\/\/sisu.ut.ee\/wp-content\/uploads\/sites\/427\/jarvse_34_01-300x200.jpg 300w, https:\/\/sisu.ut.ee\/wp-content\/uploads\/sites\/427\/jarvse_34_01-768x512.jpg 768w\" sizes=\"auto, (max-width: 1000px) 100vw, 1000px\"><\/a><figcaption class=\"wp-element-caption\">R\u00e4hni \u201csepikoda\u201d<\/figcaption><\/figure><figure class=\"wp-block-image size-large\"><a href=\"https:\/\/sisu.ut.ee\/wp-content\/uploads\/sites\/427\/jarvse_34_07.jpg\"><img decoding=\"async\" data-id=\"173\" src=\"https:\/\/sisu.ut.ee\/wp-content\/uploads\/sites\/427\/jarvse_34_07.jpg\" alt=\"\" class=\"wp-ima&gt;&lt;\/figcaption&gt;&lt;\/figure&gt;&lt;figure class=\" wp-block-image size-large><\/a><a href=\"https:\/\/sisu.ut.ee\/wp-content\/uploads\/sites\/427\/jarvse_34_08.jpg\"><img decoding=\"async\" data-id=\"174\" src=\"https:\/\/sisu.ut.ee\/wp-content\/uploads\/sites\/427\/jarvse_34_08.jpg\" alt=\"\" class=\"wp-ima&gt;&lt;\/figcaption&gt;&lt;\/figure&gt;&lt;figure class=\" wp-block-image size-large><\/a><a href=\"https:\/\/sisu.ut.ee\/wp-content\/uploads\/sites\/427\/jarvse_34_09.jpg\"><img decoding=\"async\" data-id=\"175\" src=\"https:\/\/sisu.ut.ee\/wp-content\/uploads\/sites\/427\/jarvse_34_09.jpg\" alt=\"\" class=\"wp-ima&gt;&lt;\/figcaption&gt;&lt;\/figure&gt;&lt;figure class=\" wp-block-image size-large><\/a><a href=\"https:\/\/sisu.ut.ee\/wp-content\/uploads\/sites\/427\/jarvse_34_10.jpg\"><img decoding=\"async\" data-id=\"176\" src=\"https:\/\/sisu.ut.ee\/wp-content\/uploads\/sites\/427\/jarvse_34_10.jpg\" alt=\"\" class=\"wp-ima&gt;&lt;\/figcaption&gt;&lt;\/figure&gt;&lt;figure class=\" wp-block-image size-large><\/a><a href=\"https:\/\/sisu.ut.ee\/wp-content\/uploads\/sites\/427\/jarvse_34_11.jpg\"><img decoding=\"async\" data-id=\"177\" src=\"https:\/\/sisu.ut.ee\/wp-content\/uploads\/sites\/427\/jarvse_34_11.jpg\" alt=\"\" class=\"wp-ima&gt;&lt;\/figcaption&gt;&lt;\/figure&gt;&lt;figure class=\" wp-block-image size-large><\/a><a href=\"https:\/\/sisu.ut.ee\/wp-content\/uploads\/sites\/427\/jarvse_34_12.jpg\"><img decoding=\"async\" data-id=\"178\" src=\"https:\/\/sisu.ut.ee\/wp-content\/uploads\/sites\/427\/jarvse_34_12.jpg\" alt=\"\" class=\"wp-ima&gt;&lt;\/figcaption&gt;&lt;\/figure&gt;&lt;figure class=\" wp-block-image size-large><\/a><a href=\"https:\/\/sisu.ut.ee\/wp-content\/uploads\/sites\/427\/jarvse_34_13.jpg\"><img decoding=\"async\" data-id=\"179\" src=\"https:\/\/sisu.ut.ee\/wp-content\/uploads\/sites\/427\/jarvse_34_13.jpg\" alt=\"\" class=\"wp-ima&gt;&lt;\/figcaption&gt;&lt;\/figure&gt;&lt;figure class=\" wp-block-image size-large><\/a><a href=\"https:\/\/sisu.ut.ee\/wp-content\/uploads\/sites\/427\/jarvse_34_14.jpg\"><img decoding=\"async\" data-id=\"180\" src=\"https:\/\/sisu.ut.ee\/wp-content\/uploads\/sites\/427\/jarvse_34_14.jpg\" alt=\"\" class=\"wp-ima&gt;&lt;\/figcaption&gt;&lt;\/figure&gt;&lt;figure class=\" wp-block-image size-large><\/a><a href=\"https:\/\/sisu.ut.ee\/wp-content\/uploads\/sites\/427\/jarvse_34_15.jpg\"><img decoding=\"async\" data-id=\"181\" src=\"https:\/\/sisu.ut.ee\/wp-content\/uploads\/sites\/427\/jarvse_34_15.jpg\" alt=\"\" class=\"wp-ima&gt;&lt;\/figcaption&gt;&lt;\/figure&gt;&lt;figure class=\" wp-block-image size-large><\/a><a href=\"https:\/\/sisu.ut.ee\/wp-content\/uploads\/sites\/427\/jarvse_34_16.jpg\"><img decoding=\"async\" data-id=\"182\" src=\"https:\/\/sisu.ut.ee\/wp-content\/uploads\/sites\/427\/jarvse_34_16.jpg\" alt=\"\" class=\"wp-ima&gt;&lt;\/figcaption&gt;&lt;\/figure&gt;&lt;figure class=\" wp-block-image size-large><\/a><a href=\"https:\/\/sisu.ut.ee\/wp-content\/uploads\/sites\/427\/jarvse_34_17.jpg\"><img decoding=\"async\" data-id=\"183\" src=\"https:\/\/sisu.ut.ee\/wp-content\/uploads\/sites\/427\/jarvse_34_17.jpg\" alt=\"\" class=\"wp-ima&gt;&lt;\/figcaption&gt;&lt;\/figure&gt;&lt;figure class=\" wp-block-image size-large><\/a><a href=\"https:\/\/sisu.ut.ee\/wp-content\/uploads\/sites\/427\/jarvse_34_18.jpg\"><img decoding=\"async\" data-id=\"184\" src=\"https:\/\/sisu.ut.ee\/wp-content\/uploads\/sites\/427\/jarvse_34_18.jpg\" alt=\"\" class=\"wp-ima&gt;&lt;\/figcaption&gt;&lt;\/figure&gt;&lt;figure class=\" wp-block-image size-large><\/a><a href=\"https:\/\/sisu.ut.ee\/wp-content\/uploads\/sites\/427\/jarvse_34_19.jpg\"><img decoding=\"async\" data-id=\"185\" src=\"https:\/\/sisu.ut.ee\/wp-content\/uploads\/sites\/427\/jarvse_34_19.jpg\" alt=\"\" class=\"wp-ima&gt;&lt;\/figcaption&gt;&lt;\/figure&gt;&lt;figure class=\" wp-block-image size-large><\/a><a href=\"https:\/\/sisu.ut.ee\/wp-content\/uploads\/sites\/427\/jarvse_34_20.jpg\"><img decoding=\"async\" data-id=\"186\" src=\"https:\/\/sisu.ut.ee\/wp-content\/uploads\/sites\/427\/jarvse_34_20.jpg\" alt=\"\" class=\"wp-ima&gt;&lt;\/figcaption&gt;&lt;\/figure&gt;&lt;\/figure&gt;\"><\/a><\/figure><\/figure>","protected":false},"excerpt":{"rendered":"<p>Zooloogiaringi \u00f5ppeekskursioonid<\/p>\n","protected":false},"author":88,"featured_media":0,"parent":0,"menu_order":0,"comment_status":"closed","ping_status":"closed","template":"","meta":{"_acf_changed":false,"inline_featured_image":false,"footnotes":""},"class_list":["post-3","page","type-page","status-publish","hentry"],"acf":[],"_links":{"self":[{"href":"https:\/\/sisu.ut.ee\/zrpildid\/wp-json\/wp\/v2\/pages\/3","targetHints":{"allow":["GET"]}}],"collection":[{"href":"https:\/\/sisu.ut.ee\/zrpildid\/wp-json\/wp\/v2\/pages"}],"about":[{"href":"https:\/\/sisu.ut.ee\/zrpildid\/wp-json\/wp\/v2\/types\/page"}],"author":[{"embeddable":true,"href":"https:\/\/sisu.ut.ee\/zrpildid\/wp-json\/wp\/v2\/users\/88"}],"replies":[{"embeddable":true,"href":"https:\/\/sisu.ut.ee\/zrpildid\/wp-json\/wp\/v2\/comments?post=3"}],"version-history":[{"count":2,"href":"https:\/\/sisu.ut.ee\/zrpildid\/wp-json\/wp\/v2\/pages\/3\/revisions"}],"predecessor-version":[{"id":4127,"href":"https:\/\/sisu.ut.ee\/zrpildid\/wp-json\/wp\/v2\/pages\/3\/revisions\/4127"}],"wp:attachment":[{"href":"https:\/\/sisu.ut.ee\/zrpildid\/wp-json\/wp\/v2\/media?parent=3"}],"curies":[{"name":"wp","href":"https:\/\/api.w.org\/{rel}","templated":true}]}}