{"id":26,"date":"2024-04-04T05:56:31","date_gmt":"2024-04-04T02:56:31","guid":{"rendered":"https:\/\/sisu.ut.ee\/zrpildid\/kirna-palupohja-21-25-08-2012\/"},"modified":"2024-04-04T06:07:10","modified_gmt":"2024-04-04T03:07:10","slug":"kirna-palupohja-21-25-08-2012","status":"publish","type":"page","link":"https:\/\/sisu.ut.ee\/zrpildid\/kirna-palupohja-21-25-08-2012\/","title":{"rendered":"Kirna ja Palup\u00f5hja 21.-25. august 2012"},"content":{"rendered":"<p>\r\n\t<span style=\"font-family:Verdana,Geneva,sans-serif\">Zooloogiaringi \u00f5ppeekskursioonid<\/span>\r\n<\/p>\r\n\r\n<p>\r\n\t<img decoding=\"async\" alt=\"\" src=\"https:\/\/sisu.ut.ee\/wp-content\/uploads\/sites\/427\/papo_08_04_0.jpg\" style=\"width: 1000px;height: 667px\">\r\n<\/p>\r\n<br><figure class=\"wp-block-gallery has-nested-images columns-3 is-cropped wp-block-gallery-1 is-layout-flex wp-block-gallery-is-layout-flex\"><figure class=\"wp-block-image size-large\"><a href=\"https:\/\/sisu.ut.ee\/wp-content\/uploads\/sites\/427\/papo_08_01.jpg\"><img decoding=\"async\" data-id=\"383\" src=\"https:\/\/sisu.ut.ee\/wp-content\/uploads\/sites\/427\/papo_08_01.jpg\" alt=\"\" class=\"wp-ima&gt;&lt;\/figcaption&gt;&lt;\/figure&gt;&lt;figure class=\" wp-block-image size-large><\/a><a href=\"https:\/\/sisu.ut.ee\/wp-content\/uploads\/sites\/427\/papo_08_02.jpg\"><img decoding=\"async\" data-id=\"384\" src=\"https:\/\/sisu.ut.ee\/wp-content\/uploads\/sites\/427\/papo_08_02.jpg\" alt=\"\" class=\"wp-ima&gt;&lt;\/figcaption&gt;&lt;\/figure&gt;&lt;figure class=\" wp-block-image size-large><\/a><a href=\"https:\/\/sisu.ut.ee\/wp-content\/uploads\/sites\/427\/papo_08_03.jpg\"><img decoding=\"async\" data-id=\"385\" src=\"https:\/\/sisu.ut.ee\/wp-content\/uploads\/sites\/427\/papo_08_03.jpg\" alt=\"\" class=\"wp-ima&gt;&lt;\/figcaption&gt;&lt;\/figure&gt;&lt;figure class=\" wp-block-image size-large><\/a><a href=\"https:\/\/sisu.ut.ee\/wp-content\/uploads\/sites\/427\/papo_08_04.jpg\"><img decoding=\"async\" data-id=\"386\" src=\"https:\/\/sisu.ut.ee\/wp-content\/uploads\/sites\/427\/papo_08_04.jpg\" alt=\"\" class=\"wp-ima&gt;&lt;\/figcaption&gt;&lt;\/figure&gt;&lt;figure class=\" wp-block-image size-large><\/a><a href=\"https:\/\/sisu.ut.ee\/wp-content\/uploads\/sites\/427\/papo_08_05.jpg\"><img decoding=\"async\" data-id=\"387\" src=\"https:\/\/sisu.ut.ee\/wp-content\/uploads\/sites\/427\/papo_08_05.jpg\" alt=\"\" class=\"wp-ima&gt;&lt;\/figcaption&gt;&lt;\/figure&gt;&lt;figure class=\" wp-block-image size-large><\/a><a href=\"https:\/\/sisu.ut.ee\/wp-content\/uploads\/sites\/427\/papo_08_06a.jpg\"><img decoding=\"async\" data-id=\"388\" src=\"https:\/\/sisu.ut.ee\/wp-content\/uploads\/sites\/427\/papo_08_06a.jpg\" alt=\"\" class=\"wp-ima&gt;&lt;\/figcaption&gt;&lt;\/figure&gt;&lt;figure class=\" wp-block-image size-large><\/a><a href=\"https:\/\/sisu.ut.ee\/wp-content\/uploads\/sites\/427\/papo_08_07.jpg\"><img decoding=\"async\" data-id=\"389\" src=\"https:\/\/sisu.ut.ee\/wp-content\/uploads\/sites\/427\/papo_08_07.jpg\" alt=\"\" class=\"wp-ima&gt;&lt;\/figcaption&gt;&lt;\/figure&gt;&lt;figure class=\" wp-block-image size-large><\/a><a href=\"https:\/\/sisu.ut.ee\/wp-content\/uploads\/sites\/427\/papo_08_08.jpg\"><img decoding=\"async\" data-id=\"390\" src=\"https:\/\/sisu.ut.ee\/wp-content\/uploads\/sites\/427\/papo_08_08.jpg\" alt=\"\" class=\"wp-ima&gt;&lt;\/figcaption&gt;&lt;\/figure&gt;&lt;figure class=\" wp-block-image size-large><\/a><a href=\"https:\/\/sisu.ut.ee\/wp-content\/uploads\/sites\/427\/papo_08_09.jpg\"><img decoding=\"async\" data-id=\"391\" src=\"https:\/\/sisu.ut.ee\/wp-content\/uploads\/sites\/427\/papo_08_09.jpg\" alt=\"\" class=\"wp-ima&gt;&lt;\/figcaption&gt;&lt;\/figure&gt;&lt;figure class=\" wp-block-image size-large><\/a><a href=\"https:\/\/sisu.ut.ee\/wp-content\/uploads\/sites\/427\/papo_08_10.jpg\"><img decoding=\"async\" data-id=\"392\" src=\"https:\/\/sisu.ut.ee\/wp-content\/uploads\/sites\/427\/papo_08_10.jpg\" alt=\"\" class=\"wp-ima&gt;&lt;\/figcaption&gt;&lt;\/figure&gt;&lt;figure class=\" wp-block-image size-large><\/a><a href=\"https:\/\/sisu.ut.ee\/wp-content\/uploads\/sites\/427\/papo_08_11.jpg\"><img decoding=\"async\" data-id=\"393\" src=\"https:\/\/sisu.ut.ee\/wp-content\/uploads\/sites\/427\/papo_08_11.jpg\" alt=\"\" class=\"wp-ima&gt;&lt;\/figcaption&gt;&lt;\/figure&gt;&lt;figure class=\" wp-block-image size-large><\/a><a href=\"https:\/\/sisu.ut.ee\/wp-content\/uploads\/sites\/427\/papo_08_12.jpg\"><img decoding=\"async\" data-id=\"394\" src=\"https:\/\/sisu.ut.ee\/wp-content\/uploads\/sites\/427\/papo_08_12.jpg\" alt=\"\" class=\"wp-ima&gt;&lt;\/figcaption&gt;&lt;\/figure&gt;&lt;figure class=\" wp-block-image size-large><\/a><a href=\"https:\/\/sisu.ut.ee\/wp-content\/uploads\/sites\/427\/papo_08_13.jpg\"><img decoding=\"async\" data-id=\"395\" src=\"https:\/\/sisu.ut.ee\/wp-content\/uploads\/sites\/427\/papo_08_13.jpg\" alt=\"\" class=\"wp-ima&gt;&lt;\/figcaption&gt;&lt;\/figure&gt;&lt;figure class=\" wp-block-image size-large><\/a><a href=\"https:\/\/sisu.ut.ee\/wp-content\/uploads\/sites\/427\/papo_08_14.jpg\"><img decoding=\"async\" data-id=\"396\" src=\"https:\/\/sisu.ut.ee\/wp-content\/uploads\/sites\/427\/papo_08_14.jpg\" alt=\"\" class=\"wp-ima&gt;&lt;\/figcaption&gt;&lt;\/figure&gt;&lt;figure class=\" wp-block-image size-large><\/a><a href=\"https:\/\/sisu.ut.ee\/wp-content\/uploads\/sites\/427\/papo_08_15.jpg\"><img decoding=\"async\" data-id=\"397\" src=\"https:\/\/sisu.ut.ee\/wp-content\/uploads\/sites\/427\/papo_08_15.jpg\" alt=\"\" class=\"wp-ima&gt;&lt;\/figcaption&gt;&lt;\/figure&gt;&lt;figure class=\" wp-block-image size-large><\/a><a href=\"https:\/\/sisu.ut.ee\/wp-content\/uploads\/sites\/427\/papo_08_16.jpg\"><img decoding=\"async\" data-id=\"398\" src=\"https:\/\/sisu.ut.ee\/wp-content\/uploads\/sites\/427\/papo_08_16.jpg\" alt=\"\" class=\"wp-ima&gt;&lt;\/figcaption&gt;&lt;\/figure&gt;&lt;figure class=\" wp-block-image size-large><\/a><a href=\"https:\/\/sisu.ut.ee\/wp-content\/uploads\/sites\/427\/papo_08_17.jpg\"><img decoding=\"async\" data-id=\"399\" src=\"https:\/\/sisu.ut.ee\/wp-content\/uploads\/sites\/427\/papo_08_17.jpg\" alt=\"\" class=\"wp-ima&gt;&lt;\/figcaption&gt;&lt;\/figure&gt;&lt;figure class=\" wp-block-image size-large><\/a><a href=\"https:\/\/sisu.ut.ee\/wp-content\/uploads\/sites\/427\/papo_08_18.jpg\"><img decoding=\"async\" data-id=\"400\" src=\"https:\/\/sisu.ut.ee\/wp-content\/uploads\/sites\/427\/papo_08_18.jpg\" alt=\"\" class=\"wp-ima&gt;&lt;\/figcaption&gt;&lt;\/figure&gt;&lt;figure class=\" wp-block-image size-large><\/a><a href=\"https:\/\/sisu.ut.ee\/wp-content\/uploads\/sites\/427\/papo_08_19.jpg\"><img decoding=\"async\" data-id=\"401\" src=\"https:\/\/sisu.ut.ee\/wp-content\/uploads\/sites\/427\/papo_08_19.jpg\" alt=\"\" class=\"wp-ima&gt;&lt;\/figcaption&gt;&lt;\/figure&gt;&lt;figure class=\" wp-block-image size-large><\/a><a href=\"https:\/\/sisu.ut.ee\/wp-content\/uploads\/sites\/427\/papo_08_20.jpg\"><img decoding=\"async\" data-id=\"402\" src=\"https:\/\/sisu.ut.ee\/wp-content\/uploads\/sites\/427\/papo_08_20.jpg\" alt=\"\" class=\"wp-ima&gt;&lt;\/figcaption&gt;&lt;\/figure&gt;&lt;figure class=\" wp-block-image size-large><\/a><a href=\"https:\/\/sisu.ut.ee\/wp-content\/uploads\/sites\/427\/papo_08_21.jpg\"><img decoding=\"async\" data-id=\"403\" src=\"https:\/\/sisu.ut.ee\/wp-content\/uploads\/sites\/427\/papo_08_21.jpg\" alt=\"\" class=\"wp-ima&gt;&lt;\/figcaption&gt;&lt;\/figure&gt;&lt;figure class=\" wp-block-image size-large><\/a><a href=\"https:\/\/sisu.ut.ee\/wp-content\/uploads\/sites\/427\/papo_08_22.jpg\"><img decoding=\"async\" data-id=\"404\" src=\"https:\/\/sisu.ut.ee\/wp-content\/uploads\/sites\/427\/papo_08_22.jpg\" alt=\"\" class=\"wp-ima&gt;&lt;\/figcaption&gt;&lt;\/figure&gt;&lt;figure class=\" wp-block-image size-large><\/a><a href=\"https:\/\/sisu.ut.ee\/wp-content\/uploads\/sites\/427\/papo_08_23.jpg\"><img decoding=\"async\" data-id=\"405\" src=\"https:\/\/sisu.ut.ee\/wp-content\/uploads\/sites\/427\/papo_08_23.jpg\" alt=\"\" class=\"wp-ima&gt;&lt;\/figcaption&gt;&lt;\/figure&gt;&lt;figure class=\" wp-block-image size-large><\/a><a href=\"https:\/\/sisu.ut.ee\/wp-content\/uploads\/sites\/427\/papo_08_24.jpg\"><img decoding=\"async\" data-id=\"406\" src=\"https:\/\/sisu.ut.ee\/wp-content\/uploads\/sites\/427\/papo_08_24.jpg\" alt=\"\" class=\"wp-ima&gt;&lt;\/figcaption&gt;&lt;\/figure&gt;&lt;figure class=\" wp-block-image size-large><\/a><a href=\"https:\/\/sisu.ut.ee\/wp-content\/uploads\/sites\/427\/papo_08_25.jpg\"><img decoding=\"async\" data-id=\"407\" src=\"https:\/\/sisu.ut.ee\/wp-content\/uploads\/sites\/427\/papo_08_25.jpg\" alt=\"\" class=\"wp-ima&gt;&lt;\/figcaption&gt;&lt;\/figure&gt;&lt;figure class=\" wp-block-image size-large><\/a><a href=\"https:\/\/sisu.ut.ee\/wp-content\/uploads\/sites\/427\/papo_08_03.jpg\"><img decoding=\"async\" data-id=\"385\" src=\"https:\/\/sisu.ut.ee\/wp-content\/uploads\/sites\/427\/papo_08_03.jpg\" alt=\"\" class=\"wp-ima&gt;&lt;\/figcaption&gt;&lt;\/figure&gt;&lt;figure class=\" wp-block-image size-large><\/a><a href=\"https:\/\/sisu.ut.ee\/wp-content\/uploads\/sites\/427\/papo_08_04.jpg\"><img decoding=\"async\" data-id=\"386\" src=\"https:\/\/sisu.ut.ee\/wp-content\/uploads\/sites\/427\/papo_08_04.jpg\" alt=\"\" class=\"wp-ima&gt;&lt;\/figcaption&gt;&lt;\/figure&gt;&lt;figure class=\" wp-block-image size-large><\/a><a href=\"https:\/\/sisu.ut.ee\/wp-content\/uploads\/sites\/427\/papo_08_05.jpg\"><img decoding=\"async\" data-id=\"387\" src=\"https:\/\/sisu.ut.ee\/wp-content\/uploads\/sites\/427\/papo_08_05.jpg\" alt=\"\" class=\"wp-ima&gt;&lt;\/figcaption&gt;&lt;\/figure&gt;&lt;figure class=\" wp-block-image size-large><\/a><a href=\"https:\/\/sisu.ut.ee\/wp-content\/uploads\/sites\/427\/papo_08_06a.jpg\"><img decoding=\"async\" data-id=\"388\" src=\"https:\/\/sisu.ut.ee\/wp-content\/uploads\/sites\/427\/papo_08_06a.jpg\" alt=\"\" class=\"wp-ima&gt;&lt;\/figcaption&gt;&lt;\/figure&gt;&lt;figure class=\" wp-block-image size-large><\/a><a href=\"https:\/\/sisu.ut.ee\/wp-content\/uploads\/sites\/427\/papo_08_07.jpg\"><img decoding=\"async\" data-id=\"389\" src=\"https:\/\/sisu.ut.ee\/wp-content\/uploads\/sites\/427\/papo_08_07.jpg\" alt=\"\" class=\"wp-ima&gt;&lt;\/figcaption&gt;&lt;\/figure&gt;&lt;figure class=\" wp-block-image size-large><\/a><a href=\"https:\/\/sisu.ut.ee\/wp-content\/uploads\/sites\/427\/papo_08_08.jpg\"><img decoding=\"async\" data-id=\"390\" src=\"https:\/\/sisu.ut.ee\/wp-content\/uploads\/sites\/427\/papo_08_08.jpg\" alt=\"\" class=\"wp-ima&gt;&lt;\/figcaption&gt;&lt;\/figure&gt;&lt;figure class=\" wp-block-image size-large><\/a><a href=\"https:\/\/sisu.ut.ee\/wp-content\/uploads\/sites\/427\/papo_08_09.jpg\"><img decoding=\"async\" data-id=\"391\" src=\"https:\/\/sisu.ut.ee\/wp-content\/uploads\/sites\/427\/papo_08_09.jpg\" alt=\"\" class=\"wp-ima&gt;&lt;\/figcaption&gt;&lt;\/figure&gt;&lt;figure class=\" wp-block-image size-large><\/a><a href=\"https:\/\/sisu.ut.ee\/wp-content\/uploads\/sites\/427\/papo_08_10.jpg\"><img decoding=\"async\" data-id=\"392\" src=\"https:\/\/sisu.ut.ee\/wp-content\/uploads\/sites\/427\/papo_08_10.jpg\" alt=\"\" class=\"wp-ima&gt;&lt;\/figcaption&gt;&lt;\/figure&gt;&lt;figure class=\" wp-block-image size-large><\/a><a href=\"https:\/\/sisu.ut.ee\/wp-content\/uploads\/sites\/427\/papo_08_a1.jpg\"><img loading=\"lazy\" decoding=\"async\" width=\"1000\" height=\"667\" data-id=\"416\" src=\"https:\/\/sisu.ut.ee\/wp-content\/uploads\/sites\/427\/papo_08_a1.jpg\" alt=\"Pahk n\u00f5gesel - pahks\u00e4\u00e4sklane Dasineura urticae\" class=\"wp-image-416\" srcset=\"https:\/\/sisu.ut.ee\/wp-content\/uploads\/sites\/427\/papo_08_a1.jpg 1000w, https:\/\/sisu.ut.ee\/wp-content\/uploads\/sites\/427\/papo_08_a1-300x200.jpg 300w, https:\/\/sisu.ut.ee\/wp-content\/uploads\/sites\/427\/papo_08_a1-768x512.jpg 768w\" sizes=\"auto, (max-width: 1000px) 100vw, 1000px\"><\/a><figcaption class=\"wp-element-caption\">Pahk n\u00f5gesel \u2013 pahks\u00e4\u00e4sklane Dasineura urticae<\/figcaption><\/figure><figure class=\"wp-block-image size-large\"><a href=\"https:\/\/sisu.ut.ee\/wp-content\/uploads\/sites\/427\/papo_08_a2.jpg\"><img loading=\"lazy\" decoding=\"async\" width=\"1000\" height=\"667\" data-id=\"417\" src=\"https:\/\/sisu.ut.ee\/wp-content\/uploads\/sites\/427\/papo_08_a2.jpg\" alt=\"Pahk n\u00f5gesel - pahks\u00e4\u00e4sklane Dasineura urticae\" class=\"wp-image-417\" srcset=\"https:\/\/sisu.ut.ee\/wp-content\/uploads\/sites\/427\/papo_08_a2.jpg 1000w, https:\/\/sisu.ut.ee\/wp-content\/uploads\/sites\/427\/papo_08_a2-300x200.jpg 300w, https:\/\/sisu.ut.ee\/wp-content\/uploads\/sites\/427\/papo_08_a2-768x512.jpg 768w\" sizes=\"auto, (max-width: 1000px) 100vw, 1000px\"><\/a><figcaption class=\"wp-element-caption\">Pahk n\u00f5gesel \u2013 pahks\u00e4\u00e4sklane Dasineura urticae<\/figcaption><\/figure><figure class=\"wp-block-image size-large\"><a href=\"https:\/\/sisu.ut.ee\/wp-content\/uploads\/sites\/427\/papo_08_11.jpg\"><img decoding=\"async\" data-id=\"393\" src=\"https:\/\/sisu.ut.ee\/wp-content\/uploads\/sites\/427\/papo_08_11.jpg\" alt=\"\" class=\"wp-ima&gt;&lt;\/figcaption&gt;&lt;\/figure&gt;&lt;figure class=\" wp-block-image size-large><\/a><a href=\"https:\/\/sisu.ut.ee\/wp-content\/uploads\/sites\/427\/papo_08_12.jpg\"><img decoding=\"async\" data-id=\"394\" src=\"https:\/\/sisu.ut.ee\/wp-content\/uploads\/sites\/427\/papo_08_12.jpg\" alt=\"\" class=\"wp-ima&gt;&lt;\/figcaption&gt;&lt;\/figure&gt;&lt;figure class=\" wp-block-image size-large><\/a><a href=\"https:\/\/sisu.ut.ee\/wp-content\/uploads\/sites\/427\/papo_08_13.jpg\"><img decoding=\"async\" data-id=\"395\" src=\"https:\/\/sisu.ut.ee\/wp-content\/uploads\/sites\/427\/papo_08_13.jpg\" alt=\"\" class=\"wp-ima&gt;&lt;\/figcaption&gt;&lt;\/figure&gt;&lt;figure class=\" wp-block-image size-large><\/a><a href=\"https:\/\/sisu.ut.ee\/wp-content\/uploads\/sites\/427\/papo_08_14.jpg\"><img decoding=\"async\" data-id=\"396\" src=\"https:\/\/sisu.ut.ee\/wp-content\/uploads\/sites\/427\/papo_08_14.jpg\" alt=\"\" class=\"wp-ima&gt;&lt;\/figcaption&gt;&lt;\/figure&gt;&lt;figure class=\" wp-block-image size-large><\/a><a href=\"https:\/\/sisu.ut.ee\/wp-content\/uploads\/sites\/427\/papo_08_15.jpg\"><img decoding=\"async\" data-id=\"397\" src=\"https:\/\/sisu.ut.ee\/wp-content\/uploads\/sites\/427\/papo_08_15.jpg\" alt=\"\" class=\"wp-ima&gt;&lt;\/figcaption&gt;&lt;\/figure&gt;&lt;figure class=\" wp-block-image size-large><\/a><a href=\"https:\/\/sisu.ut.ee\/wp-content\/uploads\/sites\/427\/papo_08_16.jpg\"><img decoding=\"async\" data-id=\"398\" src=\"https:\/\/sisu.ut.ee\/wp-content\/uploads\/sites\/427\/papo_08_16.jpg\" alt=\"\" class=\"wp-ima&gt;&lt;\/figcaption&gt;&lt;\/figure&gt;&lt;figure class=\" wp-block-image size-large><\/a><a href=\"https:\/\/sisu.ut.ee\/wp-content\/uploads\/sites\/427\/papo_08_17.jpg\"><img decoding=\"async\" data-id=\"399\" src=\"https:\/\/sisu.ut.ee\/wp-content\/uploads\/sites\/427\/papo_08_17.jpg\" alt=\"\" class=\"wp-ima&gt;&lt;\/figcaption&gt;&lt;\/figure&gt;&lt;figure class=\" wp-block-image size-large><\/a><a href=\"https:\/\/sisu.ut.ee\/wp-content\/uploads\/sites\/427\/papo_08_a3.jpg\"><img loading=\"lazy\" decoding=\"async\" width=\"1000\" height=\"667\" data-id=\"425\" src=\"https:\/\/sisu.ut.ee\/wp-content\/uploads\/sites\/427\/papo_08_a3.jpg\" alt=\"Suur-haavasikk Saperda carcharias\" class=\"wp-image-425\" srcset=\"https:\/\/sisu.ut.ee\/wp-content\/uploads\/sites\/427\/papo_08_a3.jpg 1000w, https:\/\/sisu.ut.ee\/wp-content\/uploads\/sites\/427\/papo_08_a3-300x200.jpg 300w, https:\/\/sisu.ut.ee\/wp-content\/uploads\/sites\/427\/papo_08_a3-768x512.jpg 768w\" sizes=\"auto, (max-width: 1000px) 100vw, 1000px\"><\/a><figcaption class=\"wp-element-caption\">Suur-haavasikk Saperda carcharias<\/figcaption><\/figure><figure class=\"wp-block-image size-large\"><a href=\"https:\/\/sisu.ut.ee\/wp-content\/uploads\/sites\/427\/papo_08_18.jpg\"><img decoding=\"async\" data-id=\"400\" src=\"https:\/\/sisu.ut.ee\/wp-content\/uploads\/sites\/427\/papo_08_18.jpg\" alt=\"\" class=\"wp-ima&gt;&lt;\/figcaption&gt;&lt;\/figure&gt;&lt;figure class=\" wp-block-image size-large><\/a><a href=\"https:\/\/sisu.ut.ee\/wp-content\/uploads\/sites\/427\/papo_08_19.jpg\"><img decoding=\"async\" data-id=\"401\" src=\"https:\/\/sisu.ut.ee\/wp-content\/uploads\/sites\/427\/papo_08_19.jpg\" alt=\"\" class=\"wp-ima&gt;&lt;\/figcaption&gt;&lt;\/figure&gt;&lt;figure class=\" wp-block-image size-large><\/a><a href=\"https:\/\/sisu.ut.ee\/wp-content\/uploads\/sites\/427\/papo_08_20.jpg\"><img decoding=\"async\" data-id=\"402\" src=\"https:\/\/sisu.ut.ee\/wp-content\/uploads\/sites\/427\/papo_08_20.jpg\" alt=\"\" class=\"wp-ima&gt;&lt;\/figcaption&gt;&lt;\/figure&gt;&lt;figure class=\" wp-block-image size-large><\/a><a href=\"https:\/\/sisu.ut.ee\/wp-content\/uploads\/sites\/427\/papo_08_21.jpg\"><img decoding=\"async\" data-id=\"403\" src=\"https:\/\/sisu.ut.ee\/wp-content\/uploads\/sites\/427\/papo_08_21.jpg\" alt=\"\" class=\"wp-ima&gt;&lt;\/figcaption&gt;&lt;\/figure&gt;&lt;figure class=\" wp-block-image size-large><\/a><a href=\"https:\/\/sisu.ut.ee\/wp-content\/uploads\/sites\/427\/papo_08_a4.jpg\"><img loading=\"lazy\" decoding=\"async\" width=\"1000\" height=\"667\" data-id=\"430\" src=\"https:\/\/sisu.ut.ee\/wp-content\/uploads\/sites\/427\/papo_08_a4.jpg\" alt=\"Rohe-tondihobu Aeshna viridis\" class=\"wp-image-430\" srcset=\"https:\/\/sisu.ut.ee\/wp-content\/uploads\/sites\/427\/papo_08_a4.jpg 1000w, https:\/\/sisu.ut.ee\/wp-content\/uploads\/sites\/427\/papo_08_a4-300x200.jpg 300w, https:\/\/sisu.ut.ee\/wp-content\/uploads\/sites\/427\/papo_08_a4-768x512.jpg 768w\" sizes=\"auto, (max-width: 1000px) 100vw, 1000px\"><\/a><figcaption class=\"wp-element-caption\">Rohe-tondihobu Aeshna viridis<\/figcaption><\/figure><figure class=\"wp-block-image size-large\"><a href=\"https:\/\/sisu.ut.ee\/wp-content\/uploads\/sites\/427\/papo_08_22.jpg\"><img decoding=\"async\" data-id=\"404\" src=\"https:\/\/sisu.ut.ee\/wp-content\/uploads\/sites\/427\/papo_08_22.jpg\" alt=\"\" class=\"wp-ima&gt;&lt;\/figcaption&gt;&lt;\/figure&gt;&lt;figure class=\" wp-block-image size-large><\/a><a href=\"https:\/\/sisu.ut.ee\/wp-content\/uploads\/sites\/427\/papo_08_23.jpg\"><img decoding=\"async\" data-id=\"405\" src=\"https:\/\/sisu.ut.ee\/wp-content\/uploads\/sites\/427\/papo_08_23.jpg\" alt=\"\" class=\"wp-ima&gt;&lt;\/figcaption&gt;&lt;\/figure&gt;&lt;figure class=\" wp-block-image size-large><\/a><a href=\"https:\/\/sisu.ut.ee\/wp-content\/uploads\/sites\/427\/papo_08_24.jpg\"><img decoding=\"async\" data-id=\"406\" src=\"https:\/\/sisu.ut.ee\/wp-content\/uploads\/sites\/427\/papo_08_24.jpg\" alt=\"\" class=\"wp-ima&gt;&lt;\/figcaption&gt;&lt;\/figure&gt;&lt;figure class=\" wp-block-image size-large><\/a><a href=\"https:\/\/sisu.ut.ee\/wp-content\/uploads\/sites\/427\/papo_08_25.jpg\"><img decoding=\"async\" data-id=\"407\" src=\"https:\/\/sisu.ut.ee\/wp-content\/uploads\/sites\/427\/papo_08_25.jpg\" alt=\"\" class=\"wp-ima&gt;&lt;\/figcaption&gt;&lt;\/figure&gt;&lt;figure class=\" wp-block-image size-large><\/a><a href=\"https:\/\/sisu.ut.ee\/wp-content\/uploads\/sites\/427\/papo_08_a5.jpg\"><img loading=\"lazy\" decoding=\"async\" width=\"1000\" height=\"667\" data-id=\"435\" src=\"https:\/\/sisu.ut.ee\/wp-content\/uploads\/sites\/427\/papo_08_a5.jpg\" alt=\"Silmiksuru Smerinthus ocellatusast\" class=\"wp-image-435\" srcset=\"https:\/\/sisu.ut.ee\/wp-content\/uploads\/sites\/427\/papo_08_a5.jpg 1000w, https:\/\/sisu.ut.ee\/wp-content\/uploads\/sites\/427\/papo_08_a5-300x200.jpg 300w, https:\/\/sisu.ut.ee\/wp-content\/uploads\/sites\/427\/papo_08_a5-768x512.jpg 768w\" sizes=\"auto, (max-width: 1000px) 100vw, 1000px\"><\/a><figcaption class=\"wp-element-caption\">Silmiksuru Smerinthus ocellatusast<\/figcaption><\/figure><\/figure>","protected":false},"excerpt":{"rendered":"<p>Zooloogiaringi \u00f5ppeekskursioonid<\/p>\n","protected":false},"author":88,"featured_media":0,"parent":0,"menu_order":0,"comment_status":"closed","ping_status":"closed","template":"","meta":{"_acf_changed":false,"inline_featured_image":false,"footnotes":""},"class_list":["post-26","page","type-page","status-publish","hentry"],"acf":[],"_links":{"self":[{"href":"https:\/\/sisu.ut.ee\/zrpildid\/wp-json\/wp\/v2\/pages\/26","targetHints":{"allow":["GET"]}}],"collection":[{"href":"https:\/\/sisu.ut.ee\/zrpildid\/wp-json\/wp\/v2\/pages"}],"about":[{"href":"https:\/\/sisu.ut.ee\/zrpildid\/wp-json\/wp\/v2\/types\/page"}],"author":[{"embeddable":true,"href":"https:\/\/sisu.ut.ee\/zrpildid\/wp-json\/wp\/v2\/users\/88"}],"replies":[{"embeddable":true,"href":"https:\/\/sisu.ut.ee\/zrpildid\/wp-json\/wp\/v2\/comments?post=26"}],"version-history":[{"count":2,"href":"https:\/\/sisu.ut.ee\/zrpildid\/wp-json\/wp\/v2\/pages\/26\/revisions"}],"predecessor-version":[{"id":4117,"href":"https:\/\/sisu.ut.ee\/zrpildid\/wp-json\/wp\/v2\/pages\/26\/revisions\/4117"}],"wp:attachment":[{"href":"https:\/\/sisu.ut.ee\/zrpildid\/wp-json\/wp\/v2\/media?parent=26"}],"curies":[{"name":"wp","href":"https:\/\/api.w.org\/{rel}","templated":true}]}}