{"id":24,"date":"2024-04-04T05:56:31","date_gmt":"2024-04-04T02:56:31","guid":{"rendered":"https:\/\/sisu.ut.ee\/zrpildid\/2003-2\/"},"modified":"2024-04-04T06:07:10","modified_gmt":"2024-04-04T03:07:10","slug":"2003-2","status":"publish","type":"page","link":"https:\/\/sisu.ut.ee\/zrpildid\/2003-2\/","title":{"rendered":"2003"},"content":{"rendered":"<p>\n\t<span style=\"font-size:16px\"><span style=\"font-family:Verdana,Geneva,sans-serif\"><a data-url=\"https:\/\/sisu.ut.ee\/zrpildid\/3-ruhm-sugis-2003\" href=\"https:\/\/sisu.ut.ee\/zrpildid\/3-ruhm-sugis-2003\" title=\"\">V\u00e4ike \u00fclevaade kolmanda r\u00fchma tegevusest. S\u00fcgisel 2003<\/a><br><a data-url=\"https:\/\/sisu.ut.ee\/zrpildid\/lahemaa-2003\" href=\"https:\/\/sisu.ut.ee\/zrpildid\/lahemaa-2003\" title=\"\">Rattamatk Lahemaa rahvuspargis 2003. aasta suvel<\/a><br><a data-url=\"https:\/\/sisu.ut.ee\/zrpildid\/tartu-kevad-2003\" href=\"https:\/\/sisu.ut.ee\/zrpildid\/tartu-kevad-2003\" title=\"\">Tartu \u00fcmbruses: Emaj\u00f5e \u00e4\u00e4res ja T\u00e4htvere metsas. Kevad 2003<\/a><br><a data-url=\"https:\/\/sisu.ut.ee\/zrpildid\/tuhkru-kaavik-2003\" href=\"https:\/\/sisu.ut.ee\/zrpildid\/tuhkru-kaavik-2003\" title=\"\">Tuhkru kaaviku valmistamine 2003<\/a><\/span><\/span>\n<\/p>\n<p>\n\t<span style=\"font-size:16px\"><span style=\"font-family:Verdana,Geneva,sans-serif\"><img decoding=\"async\" alt=\"\" src=\"https:\/\/sisu.ut.ee\/wp-content\/uploads\/sites\/427\/lahem12.jpg\" style=\"width: 500px;height: 375px\"><\/span><\/span><\/p>\n","protected":false},"excerpt":{"rendered":"<p>V\u00e4ike \u00fclevaade kolmanda r\u00fchma tegevusest. S\u00fcgisel 2003Rattamatk Lahemaa rahvuspargis 2003. aasta suvelTartu \u00fcmbruses: Emaj\u00f5e \u00e4\u00e4res ja T\u00e4htvere metsas. Kevad 2003Tuhkru kaaviku valmistamine 2003<\/p>\n","protected":false},"author":88,"featured_media":0,"parent":0,"menu_order":0,"comment_status":"closed","ping_status":"closed","template":"","meta":{"_acf_changed":false,"inline_featured_image":false,"footnotes":""},"class_list":["post-24","page","type-page","status-publish","hentry"],"acf":[],"_links":{"self":[{"href":"https:\/\/sisu.ut.ee\/zrpildid\/wp-json\/wp\/v2\/pages\/24","targetHints":{"allow":["GET"]}}],"collection":[{"href":"https:\/\/sisu.ut.ee\/zrpildid\/wp-json\/wp\/v2\/pages"}],"about":[{"href":"https:\/\/sisu.ut.ee\/zrpildid\/wp-json\/wp\/v2\/types\/page"}],"author":[{"embeddable":true,"href":"https:\/\/sisu.ut.ee\/zrpildid\/wp-json\/wp\/v2\/users\/88"}],"replies":[{"embeddable":true,"href":"https:\/\/sisu.ut.ee\/zrpildid\/wp-json\/wp\/v2\/comments?post=24"}],"version-history":[{"count":1,"href":"https:\/\/sisu.ut.ee\/zrpildid\/wp-json\/wp\/v2\/pages\/24\/revisions"}],"predecessor-version":[{"id":3968,"href":"https:\/\/sisu.ut.ee\/zrpildid\/wp-json\/wp\/v2\/pages\/24\/revisions\/3968"}],"wp:attachment":[{"href":"https:\/\/sisu.ut.ee\/zrpildid\/wp-json\/wp\/v2\/media?parent=24"}],"curies":[{"name":"wp","href":"https:\/\/api.w.org\/{rel}","templated":true}]}}