{"id":22,"date":"2024-04-04T05:56:31","date_gmt":"2024-04-04T02:56:31","guid":{"rendered":"https:\/\/sisu.ut.ee\/zrpildid\/2004-2\/"},"modified":"2025-07-04T23:23:10","modified_gmt":"2025-07-04T20:23:10","slug":"2004-2","status":"publish","type":"page","link":"https:\/\/sisu.ut.ee\/zrpildid\/2004-2\/","title":{"rendered":"2004"},"content":{"rendered":"<p><span style=\"font-size: 16px;\"><span style=\"font-family: Verdana,Geneva,sans-serif;\"><a href=\"https:\/\/sisu.ut.ee\/zrpildid\/2-ruhm-muuseumis-2004-ja-2005-aasta-talvel\/\" rel=\"noopener\">Zooloogiamuuseum 22. ja 29. november 2004 ja 24. jaanuar 2005<\/a><br>\n<a href=\"https:\/\/sisu.ut.ee\/zrpildid\/tahtvere-metsas-20112004\/\" rel=\"noopener\">T\u00e4htvere 20. november 2004<\/a><br>\n<a href=\"https:\/\/sisu.ut.ee\/zrpildid\/mart-reiniku-gumnaasiumi-ruhm-november-2004\/\">Zooloogiamuuseum 24. november 2004<\/a><br>\n<a title=\"\" href=\"https:\/\/sisu.ut.ee\/zrpildid\/zooloogiamuuseum-19-26-11-2004\">Zooloogiamuuseum 19. ja 26. november 2004<\/a><br>\n<a title=\"\" href=\"https:\/\/sisu.ut.ee\/zrpildid\/zooloogiamuuseum-17-november-2004\">Zooloogiamuuseum 17. november 2004<\/a><br>\n<a title=\"\" href=\"https:\/\/sisu.ut.ee\/zrpildid\/zooloogiamuuseum-sugis-2004\">Zooloogiamuuseum 14. oktoober ja 3. november 2004<\/a><br>\n<a title=\"\" href=\"https:\/\/sisu.ut.ee\/zrpildid\/muuseumis-kevad-2004\">Muuseumis kevad 2004<\/a><br>\n<a title=\"\" href=\"https:\/\/sisu.ut.ee\/zrpildid\/vapramae-2-06-2004\">Vapram\u00e4e 2. juuni 2004<\/a><br>\n<a title=\"\" href=\"https:\/\/sisu.ut.ee\/zrpildid\/botaanika-aias-ja-tahtvere-metsas-2004\">Botaanika aed 7. mai ja T\u00e4htvere mets 3. juuni 2004<\/a><br>\n<a title=\"\" href=\"https:\/\/sisu.ut.ee\/zrpildid\/tahtvere-metsas-ja-emajoe-aares-2004\">T\u00e4htvere metsas 21. aprill ja Emaj\u00f5e \u00e4\u00e4res\u00a05. mai 2004<\/a><br>\n<a title=\"\" href=\"https:\/\/sisu.ut.ee\/zrpildid\/tartu-umbrus-2004\">Emaj\u00f5e \u00e4\u00e4res 19. aprill ja T\u00e4htvere metsas\u00a027 aprill 2004<\/a><br>\n<a title=\"\" href=\"https:\/\/sisu.ut.ee\/zrpildid\/zooloogiamuuseumis-2004\">Zooloogiamuuseum 6. veebruar 2004<\/a><br>\n<a title=\"\" href=\"https:\/\/sisu.ut.ee\/zrpildid\/tartu-2-02-2004\">Pisiloomade suurn\u00e4itus koos tarakanidega Tartu 2. veebruar 2004<\/a><\/span><\/span><\/p>\n<p><img decoding=\"async\" style=\"width: 500px; height: 375px;\" src=\"https:\/\/sisu.ut.ee\/wp-content\/uploads\/sites\/427\/vapr-7.jpg\" alt=\"\"><\/p>\n","protected":false},"excerpt":{"rendered":"<p>Zooloogiamuuseum 22. ja 29. november 2004 ja 24. jaanuar 2005 T\u00e4htvere 20. november 2004 Zooloogiamuuseum 24. november 2004 Zooloogiamuuseum 19. ja 26. november 2004 Zooloogiamuuseum 17. november 2004 Zooloogiamuuseum 14. oktoober ja 3. november 2004 Muuseumis kevad 2004 Vapram\u00e4e 2. &#8230;<\/p>\n","protected":false},"author":88,"featured_media":0,"parent":0,"menu_order":0,"comment_status":"closed","ping_status":"closed","template":"","meta":{"_acf_changed":false,"inline_featured_image":false,"footnotes":""},"class_list":["post-22","page","type-page","status-publish","hentry"],"acf":[],"_links":{"self":[{"href":"https:\/\/sisu.ut.ee\/zrpildid\/wp-json\/wp\/v2\/pages\/22","targetHints":{"allow":["GET"]}}],"collection":[{"href":"https:\/\/sisu.ut.ee\/zrpildid\/wp-json\/wp\/v2\/pages"}],"about":[{"href":"https:\/\/sisu.ut.ee\/zrpildid\/wp-json\/wp\/v2\/types\/page"}],"author":[{"embeddable":true,"href":"https:\/\/sisu.ut.ee\/zrpildid\/wp-json\/wp\/v2\/users\/88"}],"replies":[{"embeddable":true,"href":"https:\/\/sisu.ut.ee\/zrpildid\/wp-json\/wp\/v2\/comments?post=22"}],"version-history":[{"count":6,"href":"https:\/\/sisu.ut.ee\/zrpildid\/wp-json\/wp\/v2\/pages\/22\/revisions"}],"predecessor-version":[{"id":4456,"href":"https:\/\/sisu.ut.ee\/zrpildid\/wp-json\/wp\/v2\/pages\/22\/revisions\/4456"}],"wp:attachment":[{"href":"https:\/\/sisu.ut.ee\/zrpildid\/wp-json\/wp\/v2\/media?parent=22"}],"curies":[{"name":"wp","href":"https:\/\/api.w.org\/{rel}","templated":true}]}}