{"id":20,"date":"2024-04-04T05:56:30","date_gmt":"2024-04-04T02:56:30","guid":{"rendered":"https:\/\/sisu.ut.ee\/zrpildid\/2010-2\/"},"modified":"2024-04-04T06:07:10","modified_gmt":"2024-04-04T03:07:10","slug":"2010-2","status":"publish","type":"page","link":"https:\/\/sisu.ut.ee\/zrpildid\/2010-2\/","title":{"rendered":"2010"},"content":{"rendered":"<p>\n\t<span style=\"font-size:16px\"><span style=\"font-family:Verdana,Geneva,sans-serif\"><a data-url=\"https:\/\/sisu.ut.ee\/zrpildid\/kabli-24-26-09-2010\" href=\"https:\/\/sisu.ut.ee\/zrpildid\/kabli-24-26-09-2010\" title=\"\">Kabli ja P\u00e4rnu Minizoo 24.-26. september 2010<\/a><br><a data-url=\"https:\/\/sisu.ut.ee\/zrpildid\/rattamatk-1-6-08-2010\" href=\"https:\/\/sisu.ut.ee\/zrpildid\/rattamatk-1-6-08-2010\" title=\"\">Rattamatk 1.-6. august 2010<\/a><br><a data-url=\"https:\/\/sisu.ut.ee\/zrpildid\/luua-12-18-07-2010\" href=\"https:\/\/sisu.ut.ee\/zrpildid\/luua-12-18-07-2010\" title=\"\">Luua 12.-18. juuli 2010<\/a><br><a data-url=\"https:\/\/sisu.ut.ee\/zrpildid\/puhtu-laelatu-matsalu-28-30-06-2010\" href=\"https:\/\/sisu.ut.ee\/zrpildid\/puhtu-laelatu-matsalu-28-30-06-2010\" title=\"\">Puhtu, Laelatu, Matsalu 28.-30. juuni 2010<\/a><br><a data-url=\"https:\/\/sisu.ut.ee\/zrpildid\/palupohja-15-18-06-2010\" href=\"https:\/\/sisu.ut.ee\/zrpildid\/palupohja-15-18-06-2010\" title=\"\">Palup\u00f5hja 15.-18. juuni 2010<\/a><br><a data-url=\"https:\/\/sisu.ut.ee\/zrpildid\/kasmu-9-12-06-2010\" href=\"https:\/\/sisu.ut.ee\/zrpildid\/kasmu-9-12-06-2010\" title=\"\">K\u00e4smu 9.-12. juuni 2010<\/a><br><a data-url=\"https:\/\/sisu.ut.ee\/zrpildid\/palupohja-22-05-2010\" href=\"https:\/\/sisu.ut.ee\/zrpildid\/palupohja-22-05-2010\" title=\"\">Palup\u00f5hja 22. mai 2010<\/a><br><a data-url=\"https:\/\/sisu.ut.ee\/zrpildid\/luua-16-18-04-2010\" href=\"https:\/\/sisu.ut.ee\/zrpildid\/luua-16-18-04-2010\" title=\"\">Luua 16.-18. aprill 2010<\/a><br><a data-url=\"https:\/\/sisu.ut.ee\/zrpildid\/marguse-26-28-02-2010\" href=\"https:\/\/sisu.ut.ee\/zrpildid\/marguse-26-28-02-2010\" title=\"\">Marguse 26.-28. veebruar 2010<\/a><br><a data-url=\"https:\/\/sisu.ut.ee\/zrpildid\/palupohja-22-24-02-2010\" href=\"https:\/\/sisu.ut.ee\/zrpildid\/palupohja-22-24-02-2010\" title=\"\">Palup\u00f5hja 22.-24. veebruar 2010<\/a><\/span><\/span>\n<\/p>\n<p>\n\t<span style=\"font-size:16px\"><span style=\"font-family:Verdana,Geneva,sans-serif\"><img decoding=\"async\" alt=\"\" src=\"https:\/\/sisu.ut.ee\/wp-content\/uploads\/sites\/427\/vo10-16.jpg\" style=\"width: 1000px;height: 667px\"><\/span><\/span><\/p>\n","protected":false},"excerpt":{"rendered":"<p>Kabli ja P\u00e4rnu Minizoo 24.-26. september 2010Rattamatk 1.-6. august 2010Luua 12.-18. juuli 2010Puhtu, Laelatu, Matsalu 28.-30. juuni 2010Palup\u00f5hja 15.-18. juuni 2010K\u00e4smu 9.-12. juuni 2010Palup\u00f5hja 22. mai 2010Luua 16.-18. aprill 2010Marguse 26.-28. veebruar 2010Palup\u00f5hja 22.-24. veebruar 2010<\/p>\n","protected":false},"author":88,"featured_media":0,"parent":0,"menu_order":0,"comment_status":"closed","ping_status":"closed","template":"","meta":{"_acf_changed":false,"inline_featured_image":false,"footnotes":""},"class_list":["post-20","page","type-page","status-publish","hentry"],"acf":[],"_links":{"self":[{"href":"https:\/\/sisu.ut.ee\/zrpildid\/wp-json\/wp\/v2\/pages\/20","targetHints":{"allow":["GET"]}}],"collection":[{"href":"https:\/\/sisu.ut.ee\/zrpildid\/wp-json\/wp\/v2\/pages"}],"about":[{"href":"https:\/\/sisu.ut.ee\/zrpildid\/wp-json\/wp\/v2\/types\/page"}],"author":[{"embeddable":true,"href":"https:\/\/sisu.ut.ee\/zrpildid\/wp-json\/wp\/v2\/users\/88"}],"replies":[{"embeddable":true,"href":"https:\/\/sisu.ut.ee\/zrpildid\/wp-json\/wp\/v2\/comments?post=20"}],"version-history":[{"count":1,"href":"https:\/\/sisu.ut.ee\/zrpildid\/wp-json\/wp\/v2\/pages\/20\/revisions"}],"predecessor-version":[{"id":3972,"href":"https:\/\/sisu.ut.ee\/zrpildid\/wp-json\/wp\/v2\/pages\/20\/revisions\/3972"}],"wp:attachment":[{"href":"https:\/\/sisu.ut.ee\/zrpildid\/wp-json\/wp\/v2\/media?parent=20"}],"curies":[{"name":"wp","href":"https:\/\/api.w.org\/{rel}","templated":true}]}}