{"id":18,"date":"2024-04-04T05:56:30","date_gmt":"2024-04-04T02:56:30","guid":{"rendered":"https:\/\/sisu.ut.ee\/zrpildid\/2011-2\/"},"modified":"2024-04-04T06:07:10","modified_gmt":"2024-04-04T03:07:10","slug":"2011-2","status":"publish","type":"page","link":"https:\/\/sisu.ut.ee\/zrpildid\/2011-2\/","title":{"rendered":"2011"},"content":{"rendered":"<p>\n\t<span style=\"font-size:16px\"><span style=\"font-family:Verdana,Geneva,sans-serif\"><a data-url=\"https:\/\/sisu.ut.ee\/zrpildid\/ahijarve-25-29-07-2011\" href=\"https:\/\/sisu.ut.ee\/zrpildid\/ahijarve-25-29-07-2011\" title=\"\">\u00c4hij\u00e4rve 25.-29. juuli 2011<\/a><\/span><\/span><br><span style=\"font-size:16px\"><span style=\"font-family:Verdana,Geneva,sans-serif\"><a data-url=\"https:\/\/sisu.ut.ee\/zrpildid\/pivarootsi-4-7-06-2011\" href=\"https:\/\/sisu.ut.ee\/zrpildid\/pivarootsi-4-7-06-2011\" title=\"\">Pivarootsi \u00f5ppe- ja puhkekeskus L\u00e4\u00e4nemaal 4.-7. juuni 2011<\/a><\/span><\/span><br><span style=\"font-size:16px\"><span style=\"font-family:Verdana,Geneva,sans-serif\"><a data-url=\"https:\/\/sisu.ut.ee\/zrpildid\/palupohja-18-20-03-2011\" href=\"https:\/\/sisu.ut.ee\/zrpildid\/palupohja-18-20-03-2011\" title=\"\">Palup\u00f5hja 18.-20.m\u00e4rts 2011<\/a><br><a data-url=\"https:\/\/sisu.ut.ee\/zrpildid\/palupohja-11-13-03-2011\" href=\"https:\/\/sisu.ut.ee\/zrpildid\/palupohja-11-13-03-2011\" title=\"\">Palup\u00f5hja 11.-13. m\u00e4rts 2011<\/a><br><a data-url=\"https:\/\/sisu.ut.ee\/zrpildid\/kirna-18-19-02-2011\" href=\"https:\/\/sisu.ut.ee\/zrpildid\/kirna-18-19-02-2011\" title=\"\">Kirna \u00f5ppekeskus 18.-19. veebruar 2011<\/a><br><a data-url=\"https:\/\/sisu.ut.ee\/zrpildid\/lullemae-4-6-02-2011\" href=\"https:\/\/sisu.ut.ee\/zrpildid\/lullemae-4-6-02-2011\" title=\"\">L\u00fcllem\u00e4e Spordi- ja Puhkekeskus 4.-6. veebruar 2011<\/a><\/span><\/span>\n<\/p>\n<p>\n\t<span style=\"font-size:16px\"><span style=\"font-family:Verdana,Geneva,sans-serif\"><img decoding=\"async\" alt=\"\" src=\"https:\/\/sisu.ut.ee\/wp-content\/uploads\/sites\/427\/pivar11-17.jpg\" style=\"width: 1000px;height: 667px\"><\/span><\/span><\/p>\n","protected":false},"excerpt":{"rendered":"<p>\u00c4hij\u00e4rve 25.-29. juuli 2011Pivarootsi \u00f5ppe- ja puhkekeskus L\u00e4\u00e4nemaal 4.-7. juuni 2011Palup\u00f5hja 18.-20.m\u00e4rts 2011Palup\u00f5hja 11.-13. m\u00e4rts 2011Kirna \u00f5ppekeskus 18.-19. veebruar 2011L\u00fcllem\u00e4e Spordi- ja Puhkekeskus 4.-6. veebruar 2011<\/p>\n","protected":false},"author":88,"featured_media":0,"parent":0,"menu_order":0,"comment_status":"closed","ping_status":"closed","template":"","meta":{"_acf_changed":false,"inline_featured_image":false,"footnotes":""},"class_list":["post-18","page","type-page","status-publish","hentry"],"acf":[],"_links":{"self":[{"href":"https:\/\/sisu.ut.ee\/zrpildid\/wp-json\/wp\/v2\/pages\/18","targetHints":{"allow":["GET"]}}],"collection":[{"href":"https:\/\/sisu.ut.ee\/zrpildid\/wp-json\/wp\/v2\/pages"}],"about":[{"href":"https:\/\/sisu.ut.ee\/zrpildid\/wp-json\/wp\/v2\/types\/page"}],"author":[{"embeddable":true,"href":"https:\/\/sisu.ut.ee\/zrpildid\/wp-json\/wp\/v2\/users\/88"}],"replies":[{"embeddable":true,"href":"https:\/\/sisu.ut.ee\/zrpildid\/wp-json\/wp\/v2\/comments?post=18"}],"version-history":[{"count":1,"href":"https:\/\/sisu.ut.ee\/zrpildid\/wp-json\/wp\/v2\/pages\/18\/revisions"}],"predecessor-version":[{"id":3974,"href":"https:\/\/sisu.ut.ee\/zrpildid\/wp-json\/wp\/v2\/pages\/18\/revisions\/3974"}],"wp:attachment":[{"href":"https:\/\/sisu.ut.ee\/zrpildid\/wp-json\/wp\/v2\/media?parent=18"}],"curies":[{"name":"wp","href":"https:\/\/api.w.org\/{rel}","templated":true}]}}