{"id":165,"date":"2024-04-04T05:56:44","date_gmt":"2024-04-04T02:56:44","guid":{"rendered":"https:\/\/sisu.ut.ee\/zrpildid\/raja-talu-minizoo-17-04-2009\/"},"modified":"2024-04-04T06:07:04","modified_gmt":"2024-04-04T03:07:04","slug":"raja-talu-minizoo-17-04-2009","status":"publish","type":"page","link":"https:\/\/sisu.ut.ee\/zrpildid\/raja-talu-minizoo-17-04-2009\/","title":{"rendered":"Raja k\u00e4\u00e4busloomade talu ja P\u00e4rnu Minizoo 17. aprill 2009"},"content":{"rendered":"<p>\r\n\t<span style=\"font-family:Verdana,Geneva,sans-serif\">Loodusmaja \u00f5ppek\u00e4ik<\/span>\r\n<\/p>\r\n\r\n<p>\r\n\t<img decoding=\"async\" alt=\"\" src=\"https:\/\/sisu.ut.ee\/wp-content\/uploads\/sites\/427\/par02.jpg\" style=\"width: 800px;height: 533px\">\r\n<\/p>\r\n<br><figure class=\"wp-block-gallery has-nested-images columns-3 is-cropped wp-block-gallery-1 is-layout-flex wp-block-gallery-is-layout-flex\"><figure class=\"wp-block-image size-large\"><a href=\"https:\/\/sisu.ut.ee\/wp-content\/uploads\/sites\/427\/par01.jpg\"><img loading=\"lazy\" decoding=\"async\" width=\"800\" height=\"533\" data-id=\"3414\" src=\"https:\/\/sisu.ut.ee\/wp-content\/uploads\/sites\/427\/par01.jpg\" alt=\"Raja k\u00e4\u00e4busloomade talu\" class=\"wp-image-3414\" srcset=\"https:\/\/sisu.ut.ee\/wp-content\/uploads\/sites\/427\/par01.jpg 800w, https:\/\/sisu.ut.ee\/wp-content\/uploads\/sites\/427\/par01-300x200.jpg 300w, https:\/\/sisu.ut.ee\/wp-content\/uploads\/sites\/427\/par01-768x512.jpg 768w\" sizes=\"auto, (max-width: 800px) 100vw, 800px\"><\/a><figcaption class=\"wp-element-caption\">Raja k\u00e4\u00e4busloomade talu<\/figcaption><\/figure><figure class=\"wp-block-image size-large\"><a href=\"https:\/\/sisu.ut.ee\/wp-content\/uploads\/sites\/427\/par02.jpg\"><img loading=\"lazy\" decoding=\"async\" width=\"800\" height=\"533\" data-id=\"3415\" src=\"https:\/\/sisu.ut.ee\/wp-content\/uploads\/sites\/427\/par02.jpg\" alt=\"Raja k\u00e4\u00e4busloomade talu\" class=\"wp-image-3415\" srcset=\"https:\/\/sisu.ut.ee\/wp-content\/uploads\/sites\/427\/par02.jpg 800w, https:\/\/sisu.ut.ee\/wp-content\/uploads\/sites\/427\/par02-300x200.jpg 300w, https:\/\/sisu.ut.ee\/wp-content\/uploads\/sites\/427\/par02-768x512.jpg 768w\" sizes=\"auto, (max-width: 800px) 100vw, 800px\"><\/a><figcaption class=\"wp-element-caption\">Raja k\u00e4\u00e4busloomade talu<\/figcaption><\/figure><figure class=\"wp-block-image size-large\"><a href=\"https:\/\/sisu.ut.ee\/wp-content\/uploads\/sites\/427\/par03.jpg\"><img loading=\"lazy\" decoding=\"async\" width=\"800\" height=\"533\" data-id=\"3416\" src=\"https:\/\/sisu.ut.ee\/wp-content\/uploads\/sites\/427\/par03.jpg\" alt=\"Raja k\u00e4\u00e4busloomade talu\" class=\"wp-image-3416\" srcset=\"https:\/\/sisu.ut.ee\/wp-content\/uploads\/sites\/427\/par03.jpg 800w, https:\/\/sisu.ut.ee\/wp-content\/uploads\/sites\/427\/par03-300x200.jpg 300w, https:\/\/sisu.ut.ee\/wp-content\/uploads\/sites\/427\/par03-768x512.jpg 768w\" sizes=\"auto, (max-width: 800px) 100vw, 800px\"><\/a><figcaption class=\"wp-element-caption\">Raja k\u00e4\u00e4busloomade talu<\/figcaption><\/figure><figure class=\"wp-block-image size-large\"><a href=\"https:\/\/sisu.ut.ee\/wp-content\/uploads\/sites\/427\/par03a.jpg\"><img loading=\"lazy\" decoding=\"async\" width=\"800\" height=\"533\" data-id=\"3417\" src=\"https:\/\/sisu.ut.ee\/wp-content\/uploads\/sites\/427\/par03a.jpg\" alt=\"Raja k\u00e4\u00e4busloomade talu\" class=\"wp-image-3417\" srcset=\"https:\/\/sisu.ut.ee\/wp-content\/uploads\/sites\/427\/par03a.jpg 800w, https:\/\/sisu.ut.ee\/wp-content\/uploads\/sites\/427\/par03a-300x200.jpg 300w, https:\/\/sisu.ut.ee\/wp-content\/uploads\/sites\/427\/par03a-768x512.jpg 768w\" sizes=\"auto, (max-width: 800px) 100vw, 800px\"><\/a><figcaption class=\"wp-element-caption\">Raja k\u00e4\u00e4busloomade talu<\/figcaption><\/figure><figure class=\"wp-block-image size-large\"><a href=\"https:\/\/sisu.ut.ee\/wp-content\/uploads\/sites\/427\/par04.jpg\"><img loading=\"lazy\" decoding=\"async\" width=\"800\" height=\"533\" data-id=\"3418\" src=\"https:\/\/sisu.ut.ee\/wp-content\/uploads\/sites\/427\/par04.jpg\" alt=\"Raja k\u00e4\u00e4busloomade talu\" class=\"wp-image-3418\" srcset=\"https:\/\/sisu.ut.ee\/wp-content\/uploads\/sites\/427\/par04.jpg 800w, https:\/\/sisu.ut.ee\/wp-content\/uploads\/sites\/427\/par04-300x200.jpg 300w, https:\/\/sisu.ut.ee\/wp-content\/uploads\/sites\/427\/par04-768x512.jpg 768w\" sizes=\"auto, (max-width: 800px) 100vw, 800px\"><\/a><figcaption class=\"wp-element-caption\">Raja k\u00e4\u00e4busloomade talu<\/figcaption><\/figure><figure class=\"wp-block-image size-large\"><a href=\"https:\/\/sisu.ut.ee\/wp-content\/uploads\/sites\/427\/par05.jpg\"><img loading=\"lazy\" decoding=\"async\" width=\"800\" height=\"533\" data-id=\"3419\" src=\"https:\/\/sisu.ut.ee\/wp-content\/uploads\/sites\/427\/par05.jpg\" alt=\"P\u00e4rnu Minizoo\" class=\"wp-image-3419\" srcset=\"https:\/\/sisu.ut.ee\/wp-content\/uploads\/sites\/427\/par05.jpg 800w, https:\/\/sisu.ut.ee\/wp-content\/uploads\/sites\/427\/par05-300x200.jpg 300w, https:\/\/sisu.ut.ee\/wp-content\/uploads\/sites\/427\/par05-768x512.jpg 768w\" sizes=\"auto, (max-width: 800px) 100vw, 800px\"><\/a><figcaption class=\"wp-element-caption\">P\u00e4rnu Minizoo<\/figcaption><\/figure><figure class=\"wp-block-image size-large\"><a href=\"https:\/\/sisu.ut.ee\/wp-content\/uploads\/sites\/427\/par06.jpg\"><img loading=\"lazy\" decoding=\"async\" width=\"800\" height=\"533\" data-id=\"3420\" src=\"https:\/\/sisu.ut.ee\/wp-content\/uploads\/sites\/427\/par06.jpg\" alt=\"P\u00e4rnu Minizoo\" class=\"wp-image-3420\" srcset=\"https:\/\/sisu.ut.ee\/wp-content\/uploads\/sites\/427\/par06.jpg 800w, https:\/\/sisu.ut.ee\/wp-content\/uploads\/sites\/427\/par06-300x200.jpg 300w, https:\/\/sisu.ut.ee\/wp-content\/uploads\/sites\/427\/par06-768x512.jpg 768w\" sizes=\"auto, (max-width: 800px) 100vw, 800px\"><\/a><figcaption class=\"wp-element-caption\">P\u00e4rnu Minizoo<\/figcaption><\/figure><figure class=\"wp-block-image size-large\"><a href=\"https:\/\/sisu.ut.ee\/wp-content\/uploads\/sites\/427\/par07.jpg\"><img loading=\"lazy\" decoding=\"async\" width=\"800\" height=\"533\" data-id=\"3421\" src=\"https:\/\/sisu.ut.ee\/wp-content\/uploads\/sites\/427\/par07.jpg\" alt=\"P\u00e4rnu Minizoo\" class=\"wp-image-3421\" srcset=\"https:\/\/sisu.ut.ee\/wp-content\/uploads\/sites\/427\/par07.jpg 800w, https:\/\/sisu.ut.ee\/wp-content\/uploads\/sites\/427\/par07-300x200.jpg 300w, https:\/\/sisu.ut.ee\/wp-content\/uploads\/sites\/427\/par07-768x512.jpg 768w\" sizes=\"auto, (max-width: 800px) 100vw, 800px\"><\/a><figcaption class=\"wp-element-caption\">P\u00e4rnu Minizoo<\/figcaption><\/figure><figure class=\"wp-block-image size-large\"><a href=\"https:\/\/sisu.ut.ee\/wp-content\/uploads\/sites\/427\/par08.jpg\"><img loading=\"lazy\" decoding=\"async\" width=\"800\" height=\"533\" data-id=\"3422\" src=\"https:\/\/sisu.ut.ee\/wp-content\/uploads\/sites\/427\/par08.jpg\" alt=\"P\u00e4rnu Minizoo\" class=\"wp-image-3422\" srcset=\"https:\/\/sisu.ut.ee\/wp-content\/uploads\/sites\/427\/par08.jpg 800w, https:\/\/sisu.ut.ee\/wp-content\/uploads\/sites\/427\/par08-300x200.jpg 300w, https:\/\/sisu.ut.ee\/wp-content\/uploads\/sites\/427\/par08-768x512.jpg 768w\" sizes=\"auto, (max-width: 800px) 100vw, 800px\"><\/a><figcaption class=\"wp-element-caption\">P\u00e4rnu Minizoo<\/figcaption><\/figure><figure class=\"wp-block-image size-large\"><a href=\"https:\/\/sisu.ut.ee\/wp-content\/uploads\/sites\/427\/par09.jpg\"><img loading=\"lazy\" decoding=\"async\" width=\"800\" height=\"533\" data-id=\"3423\" src=\"https:\/\/sisu.ut.ee\/wp-content\/uploads\/sites\/427\/par09.jpg\" alt=\"P\u00e4rnu Minizoo\" class=\"wp-image-3423\" srcset=\"https:\/\/sisu.ut.ee\/wp-content\/uploads\/sites\/427\/par09.jpg 800w, https:\/\/sisu.ut.ee\/wp-content\/uploads\/sites\/427\/par09-300x200.jpg 300w, https:\/\/sisu.ut.ee\/wp-content\/uploads\/sites\/427\/par09-768x512.jpg 768w\" sizes=\"auto, (max-width: 800px) 100vw, 800px\"><\/a><figcaption class=\"wp-element-caption\">P\u00e4rnu Minizoo<\/figcaption><\/figure><\/figure>","protected":false},"excerpt":{"rendered":"<p>Loodusmaja \u00f5ppek\u00e4ik<\/p>\n","protected":false},"author":88,"featured_media":0,"parent":0,"menu_order":0,"comment_status":"closed","ping_status":"closed","template":"","meta":{"_acf_changed":false,"inline_featured_image":false,"footnotes":""},"class_list":["post-165","page","type-page","status-publish","hentry"],"acf":[],"_links":{"self":[{"href":"https:\/\/sisu.ut.ee\/zrpildid\/wp-json\/wp\/v2\/pages\/165","targetHints":{"allow":["GET"]}}],"collection":[{"href":"https:\/\/sisu.ut.ee\/zrpildid\/wp-json\/wp\/v2\/pages"}],"about":[{"href":"https:\/\/sisu.ut.ee\/zrpildid\/wp-json\/wp\/v2\/types\/page"}],"author":[{"embeddable":true,"href":"https:\/\/sisu.ut.ee\/zrpildid\/wp-json\/wp\/v2\/users\/88"}],"replies":[{"embeddable":true,"href":"https:\/\/sisu.ut.ee\/zrpildid\/wp-json\/wp\/v2\/comments?post=165"}],"version-history":[{"count":2,"href":"https:\/\/sisu.ut.ee\/zrpildid\/wp-json\/wp\/v2\/pages\/165\/revisions"}],"predecessor-version":[{"id":3992,"href":"https:\/\/sisu.ut.ee\/zrpildid\/wp-json\/wp\/v2\/pages\/165\/revisions\/3992"}],"wp:attachment":[{"href":"https:\/\/sisu.ut.ee\/zrpildid\/wp-json\/wp\/v2\/media?parent=165"}],"curies":[{"name":"wp","href":"https:\/\/api.w.org\/{rel}","templated":true}]}}