{"id":162,"date":"2024-04-04T05:56:44","date_gmt":"2024-04-04T02:56:44","guid":{"rendered":"https:\/\/sisu.ut.ee\/zrpildid\/palupohja-27-31-07-2009\/"},"modified":"2024-04-04T06:07:04","modified_gmt":"2024-04-04T03:07:04","slug":"palupohja-27-31-07-2009","status":"publish","type":"page","link":"https:\/\/sisu.ut.ee\/zrpildid\/palupohja-27-31-07-2009\/","title":{"rendered":"Palup\u00f5hja 27.-31. juuli 2009"},"content":{"rendered":"<p>\r\n\t<span style=\"font-family:Verdana,Geneva,sans-serif\">Zooloogiaringi \u00f5ppeekskursioon<\/span>\r\n<\/p>\r\n\r\n<p>\r\n\t<img decoding=\"async\" alt=\"\" src=\"https:\/\/sisu.ut.ee\/wp-content\/uploads\/sites\/427\/papo5-19.jpg\" style=\"width: 800px;height: 533px\">\r\n<\/p>\r\n<br><figure class=\"wp-block-gallery has-nested-images columns-3 is-cropped wp-block-gallery-1 is-layout-flex wp-block-gallery-is-layout-flex\"><figure class=\"wp-block-image size-large\"><a href=\"https:\/\/sisu.ut.ee\/wp-content\/uploads\/sites\/427\/papo5-01.jpg\"><img loading=\"lazy\" decoding=\"async\" width=\"800\" height=\"533\" data-id=\"3305\" src=\"https:\/\/sisu.ut.ee\/wp-content\/uploads\/sites\/427\/papo5-01.jpg\" alt=\"Hundim\u00e4ng\" class=\"wp-image-3305\" srcset=\"https:\/\/sisu.ut.ee\/wp-content\/uploads\/sites\/427\/papo5-01.jpg 800w, https:\/\/sisu.ut.ee\/wp-content\/uploads\/sites\/427\/papo5-01-300x200.jpg 300w, https:\/\/sisu.ut.ee\/wp-content\/uploads\/sites\/427\/papo5-01-768x512.jpg 768w\" sizes=\"auto, (max-width: 800px) 100vw, 800px\"><\/a><figcaption class=\"wp-element-caption\">Hundim\u00e4ng<\/figcaption><\/figure><figure class=\"wp-block-image size-large\"><a href=\"https:\/\/sisu.ut.ee\/wp-content\/uploads\/sites\/427\/papo5-02.jpg\"><img decoding=\"async\" data-id=\"3306\" src=\"https:\/\/sisu.ut.ee\/wp-content\/uploads\/sites\/427\/papo5-02.jpg\" alt=\"\" class=\"wp-ima\"><\/a><\/figure><figure class=\"wp-block-image size-large\"><a href=\"https:\/\/sisu.ut.ee\/wp-content\/uploads\/sites\/427\/papo5-03.jpg\"><img decoding=\"async\" data-id=\"3307\" src=\"https:\/\/sisu.ut.ee\/wp-content\/uploads\/sites\/427\/papo5-03.jpg\" alt=\"\" class=\"wp-ima\"><\/a><\/figure><figure class=\"wp-block-image size-large\"><a href=\"https:\/\/sisu.ut.ee\/wp-content\/uploads\/sites\/427\/papo5-04.jpg\"><img decoding=\"async\" data-id=\"3308\" src=\"https:\/\/sisu.ut.ee\/wp-content\/uploads\/sites\/427\/papo5-04.jpg\" alt=\"\" class=\"wp-ima\"><\/a><\/figure><figure class=\"wp-block-image size-large\"><a href=\"https:\/\/sisu.ut.ee\/wp-content\/uploads\/sites\/427\/papo5-05.jpg\"><img decoding=\"async\" data-id=\"3309\" src=\"https:\/\/sisu.ut.ee\/wp-content\/uploads\/sites\/427\/papo5-05.jpg\" alt=\"\" class=\"wp-ima\"><\/a><\/figure><figure class=\"wp-block-image size-large\"><a href=\"https:\/\/sisu.ut.ee\/wp-content\/uploads\/sites\/427\/papo5-06.jpg\"><img decoding=\"async\" data-id=\"3310\" src=\"https:\/\/sisu.ut.ee\/wp-content\/uploads\/sites\/427\/papo5-06.jpg\" alt=\"\" class=\"wp-ima\"><\/a><\/figure><figure class=\"wp-block-image size-large\"><a href=\"https:\/\/sisu.ut.ee\/wp-content\/uploads\/sites\/427\/papo5-07.jpg\"><img decoding=\"async\" data-id=\"3311\" src=\"https:\/\/sisu.ut.ee\/wp-content\/uploads\/sites\/427\/papo5-07.jpg\" alt=\"\" class=\"wp-ima\"><\/a><\/figure><figure class=\"wp-block-image size-large\"><a href=\"https:\/\/sisu.ut.ee\/wp-content\/uploads\/sites\/427\/papo5-08.jpg\"><img decoding=\"async\" data-id=\"3312\" src=\"https:\/\/sisu.ut.ee\/wp-content\/uploads\/sites\/427\/papo5-08.jpg\" alt=\"\" class=\"wp-ima\"><\/a><\/figure><figure class=\"wp-block-image size-large\"><a href=\"https:\/\/sisu.ut.ee\/wp-content\/uploads\/sites\/427\/papo5-09.jpg\"><img decoding=\"async\" data-id=\"3313\" src=\"https:\/\/sisu.ut.ee\/wp-content\/uploads\/sites\/427\/papo5-09.jpg\" alt=\"\" class=\"wp-ima\"><\/a><\/figure><figure class=\"wp-block-image size-large\"><a href=\"https:\/\/sisu.ut.ee\/wp-content\/uploads\/sites\/427\/papo5-10.jpg\"><img decoding=\"async\" data-id=\"3314\" src=\"https:\/\/sisu.ut.ee\/wp-content\/uploads\/sites\/427\/papo5-10.jpg\" alt=\"\" class=\"wp-ima\"><\/a><\/figure><figure class=\"wp-block-image size-large\"><a href=\"https:\/\/sisu.ut.ee\/wp-content\/uploads\/sites\/427\/papo5-11.jpg\"><img decoding=\"async\" data-id=\"3315\" src=\"https:\/\/sisu.ut.ee\/wp-content\/uploads\/sites\/427\/papo5-11.jpg\" alt=\"\" class=\"wp-ima\"><\/a><\/figure><figure class=\"wp-block-image size-large\"><a href=\"https:\/\/sisu.ut.ee\/wp-content\/uploads\/sites\/427\/papo5-12.jpg\"><img decoding=\"async\" data-id=\"3316\" src=\"https:\/\/sisu.ut.ee\/wp-content\/uploads\/sites\/427\/papo5-12.jpg\" alt=\"\" class=\"wp-ima\"><\/a><\/figure><figure class=\"wp-block-image size-large\"><a href=\"https:\/\/sisu.ut.ee\/wp-content\/uploads\/sites\/427\/papo5-13.jpg\"><img decoding=\"async\" data-id=\"3317\" src=\"https:\/\/sisu.ut.ee\/wp-content\/uploads\/sites\/427\/papo5-13.jpg\" alt=\"\" class=\"wp-ima\"><\/a><\/figure><figure class=\"wp-block-image size-large\"><a href=\"https:\/\/sisu.ut.ee\/wp-content\/uploads\/sites\/427\/papo5-14.jpg\"><img decoding=\"async\" data-id=\"3318\" src=\"https:\/\/sisu.ut.ee\/wp-content\/uploads\/sites\/427\/papo5-14.jpg\" alt=\"\" class=\"wp-ima\"><\/a><\/figure><figure class=\"wp-block-image size-large\"><a href=\"https:\/\/sisu.ut.ee\/wp-content\/uploads\/sites\/427\/papo5-15.jpg\"><img decoding=\"async\" data-id=\"3319\" src=\"https:\/\/sisu.ut.ee\/wp-content\/uploads\/sites\/427\/papo5-15.jpg\" alt=\"\" class=\"wp-ima\"><\/a><\/figure><figure class=\"wp-block-image size-large\"><a href=\"https:\/\/sisu.ut.ee\/wp-content\/uploads\/sites\/427\/papo5-16.jpg\"><img decoding=\"async\" data-id=\"3320\" src=\"https:\/\/sisu.ut.ee\/wp-content\/uploads\/sites\/427\/papo5-16.jpg\" alt=\"\" class=\"wp-ima\"><\/a><\/figure><figure class=\"wp-block-image size-large\"><a href=\"https:\/\/sisu.ut.ee\/wp-content\/uploads\/sites\/427\/papo5-17.jpg\"><img decoding=\"async\" data-id=\"3321\" src=\"https:\/\/sisu.ut.ee\/wp-content\/uploads\/sites\/427\/papo5-17.jpg\" alt=\"\" class=\"wp-ima\"><\/a><\/figure><figure class=\"wp-block-image size-large\"><a href=\"https:\/\/sisu.ut.ee\/wp-content\/uploads\/sites\/427\/papo5-18.jpg\"><img decoding=\"async\" data-id=\"3322\" src=\"https:\/\/sisu.ut.ee\/wp-content\/uploads\/sites\/427\/papo5-18.jpg\" alt=\"\" class=\"wp-ima\"><\/a><\/figure><figure class=\"wp-block-image size-large\"><a href=\"https:\/\/sisu.ut.ee\/wp-content\/uploads\/sites\/427\/papo5-19.jpg\"><img decoding=\"async\" data-id=\"3323\" src=\"https:\/\/sisu.ut.ee\/wp-content\/uploads\/sites\/427\/papo5-19.jpg\" alt=\"\" class=\"wp-ima\"><\/a><\/figure><figure class=\"wp-block-image size-large\"><a href=\"https:\/\/sisu.ut.ee\/wp-content\/uploads\/sites\/427\/papo5-20.jpg\"><img decoding=\"async\" data-id=\"3324\" src=\"https:\/\/sisu.ut.ee\/wp-content\/uploads\/sites\/427\/papo5-20.jpg\" alt=\"\" class=\"wp-ima\"><\/a><\/figure><figure class=\"wp-block-image size-large\"><a href=\"https:\/\/sisu.ut.ee\/wp-content\/uploads\/sites\/427\/papo5-21.jpg\"><img decoding=\"async\" data-id=\"3325\" src=\"https:\/\/sisu.ut.ee\/wp-content\/uploads\/sites\/427\/papo5-21.jpg\" alt=\"\" class=\"wp-ima\"><\/a><\/figure><figure class=\"wp-block-image size-large\"><a href=\"https:\/\/sisu.ut.ee\/wp-content\/uploads\/sites\/427\/papo5-22.jpg\"><img decoding=\"async\" data-id=\"3326\" src=\"https:\/\/sisu.ut.ee\/wp-content\/uploads\/sites\/427\/papo5-22.jpg\" alt=\"\" class=\"wp-ima\"><\/a><\/figure><figure class=\"wp-block-image size-large\"><a href=\"https:\/\/sisu.ut.ee\/wp-content\/uploads\/sites\/427\/papo5-23.jpg\"><img decoding=\"async\" data-id=\"3327\" src=\"https:\/\/sisu.ut.ee\/wp-content\/uploads\/sites\/427\/papo5-23.jpg\" alt=\"\" class=\"wp-ima\"><\/a><\/figure><figure class=\"wp-block-image size-large\"><a href=\"https:\/\/sisu.ut.ee\/wp-content\/uploads\/sites\/427\/papo5-24.jpg\"><img decoding=\"async\" data-id=\"3328\" src=\"https:\/\/sisu.ut.ee\/wp-content\/uploads\/sites\/427\/papo5-24.jpg\" alt=\"\" class=\"wp-ima\"><\/a><\/figure><figure class=\"wp-block-image size-large\"><a href=\"https:\/\/sisu.ut.ee\/wp-content\/uploads\/sites\/427\/papo5-25.jpg\"><img decoding=\"async\" data-id=\"3329\" src=\"https:\/\/sisu.ut.ee\/wp-content\/uploads\/sites\/427\/papo5-25.jpg\" alt=\"\" class=\"wp-ima\"><\/a><\/figure><figure class=\"wp-block-image size-large\"><a href=\"https:\/\/sisu.ut.ee\/wp-content\/uploads\/sites\/427\/papo5-26.jpg\"><img decoding=\"async\" data-id=\"3330\" src=\"https:\/\/sisu.ut.ee\/wp-content\/uploads\/sites\/427\/papo5-26.jpg\" alt=\"\" class=\"wp-ima\"><\/a><\/figure><figure class=\"wp-block-image size-large\"><a href=\"https:\/\/sisu.ut.ee\/wp-content\/uploads\/sites\/427\/papo5-27.jpg\"><img decoding=\"async\" data-id=\"3331\" src=\"https:\/\/sisu.ut.ee\/wp-content\/uploads\/sites\/427\/papo5-27.jpg\" alt=\"\" class=\"wp-ima\"><\/a><\/figure><figure class=\"wp-block-image size-large\"><a href=\"https:\/\/sisu.ut.ee\/wp-content\/uploads\/sites\/427\/papo5-28.jpg\"><img decoding=\"async\" data-id=\"3332\" src=\"https:\/\/sisu.ut.ee\/wp-content\/uploads\/sites\/427\/papo5-28.jpg\" alt=\"\" class=\"wp-ima\"><\/a><\/figure><figure class=\"wp-block-image size-large\"><a href=\"https:\/\/sisu.ut.ee\/wp-content\/uploads\/sites\/427\/papo5-29.jpg\"><img loading=\"lazy\" decoding=\"async\" width=\"800\" height=\"533\" data-id=\"3333\" src=\"https:\/\/sisu.ut.ee\/wp-content\/uploads\/sites\/427\/papo5-29.jpg\" alt=\"Mailase r\u00f6\u00f6vik\" class=\"wp-image-3333\" srcset=\"https:\/\/sisu.ut.ee\/wp-content\/uploads\/sites\/427\/papo5-29.jpg 800w, https:\/\/sisu.ut.ee\/wp-content\/uploads\/sites\/427\/papo5-29-300x200.jpg 300w, https:\/\/sisu.ut.ee\/wp-content\/uploads\/sites\/427\/papo5-29-768x512.jpg 768w\" sizes=\"auto, (max-width: 800px) 100vw, 800px\"><\/a><figcaption class=\"wp-element-caption\">Mailase r\u00f6\u00f6vik<\/figcaption><\/figure><figure class=\"wp-block-image size-large\"><a href=\"https:\/\/sisu.ut.ee\/wp-content\/uploads\/sites\/427\/papo5-30.jpg\"><img decoding=\"async\" data-id=\"3334\" src=\"https:\/\/sisu.ut.ee\/wp-content\/uploads\/sites\/427\/papo5-30.jpg\" alt=\"\" class=\"wp-ima\"><\/a><\/figure><figure class=\"wp-block-image size-large\"><a href=\"https:\/\/sisu.ut.ee\/wp-content\/uploads\/sites\/427\/papo5-31.jpg\"><img decoding=\"async\" data-id=\"3335\" src=\"https:\/\/sisu.ut.ee\/wp-content\/uploads\/sites\/427\/papo5-31.jpg\" alt=\"\" class=\"wp-ima\"><\/a><\/figure><figure class=\"wp-block-image size-large\"><a href=\"https:\/\/sisu.ut.ee\/wp-content\/uploads\/sites\/427\/papo5-32.jpg\"><img loading=\"lazy\" decoding=\"async\" width=\"800\" height=\"533\" data-id=\"3336\" src=\"https:\/\/sisu.ut.ee\/wp-content\/uploads\/sites\/427\/papo5-32.jpg\" alt=\"P\u00e4\u00e4susaba r\u00f6\u00f6vik\" class=\"wp-image-3336\" srcset=\"https:\/\/sisu.ut.ee\/wp-content\/uploads\/sites\/427\/papo5-32.jpg 800w, https:\/\/sisu.ut.ee\/wp-content\/uploads\/sites\/427\/papo5-32-300x200.jpg 300w, https:\/\/sisu.ut.ee\/wp-content\/uploads\/sites\/427\/papo5-32-768x512.jpg 768w\" sizes=\"auto, (max-width: 800px) 100vw, 800px\"><\/a><figcaption class=\"wp-element-caption\">P\u00e4\u00e4susaba r\u00f6\u00f6vik<\/figcaption><\/figure><figure class=\"wp-block-image size-large\"><a href=\"https:\/\/sisu.ut.ee\/wp-content\/uploads\/sites\/427\/papo5-33.jpg\"><img decoding=\"async\" data-id=\"3337\" src=\"https:\/\/sisu.ut.ee\/wp-content\/uploads\/sites\/427\/papo5-33.jpg\" alt=\"\" class=\"wp-ima\"><\/a><\/figure><figure class=\"wp-block-image size-large\"><a href=\"https:\/\/sisu.ut.ee\/wp-content\/uploads\/sites\/427\/papo5-34.jpg\"><img decoding=\"async\" data-id=\"3338\" src=\"https:\/\/sisu.ut.ee\/wp-content\/uploads\/sites\/427\/papo5-34.jpg\" alt=\"\" class=\"wp-ima\"><\/a><\/figure><figure class=\"wp-block-image size-large\"><a href=\"https:\/\/sisu.ut.ee\/wp-content\/uploads\/sites\/427\/papo5-35.jpg\"><img decoding=\"async\" data-id=\"3339\" src=\"https:\/\/sisu.ut.ee\/wp-content\/uploads\/sites\/427\/papo5-35.jpg\" alt=\"\" class=\"wp-ima\"><\/a><\/figure><figure class=\"wp-block-image size-large\"><a href=\"https:\/\/sisu.ut.ee\/wp-content\/uploads\/sites\/427\/papo5-36.jpg\"><img decoding=\"async\" data-id=\"3340\" src=\"https:\/\/sisu.ut.ee\/wp-content\/uploads\/sites\/427\/papo5-36.jpg\" alt=\"\" class=\"wp-ima\"><\/a><\/figure><figure class=\"wp-block-image size-large\"><a href=\"https:\/\/sisu.ut.ee\/wp-content\/uploads\/sites\/427\/papo5-37.jpg\"><img loading=\"lazy\" decoding=\"async\" width=\"800\" height=\"533\" data-id=\"3341\" src=\"https:\/\/sisu.ut.ee\/wp-content\/uploads\/sites\/427\/papo5-37.jpg\" alt=\"Seli-Sillaotsa matkarada\" class=\"wp-image-3341\" srcset=\"https:\/\/sisu.ut.ee\/wp-content\/uploads\/sites\/427\/papo5-37.jpg 800w, https:\/\/sisu.ut.ee\/wp-content\/uploads\/sites\/427\/papo5-37-300x200.jpg 300w, https:\/\/sisu.ut.ee\/wp-content\/uploads\/sites\/427\/papo5-37-768x512.jpg 768w\" sizes=\"auto, (max-width: 800px) 100vw, 800px\"><\/a><figcaption class=\"wp-element-caption\">Seli-Sillaotsa matkarada<\/figcaption><\/figure><figure class=\"wp-block-image size-large\"><a href=\"https:\/\/sisu.ut.ee\/wp-content\/uploads\/sites\/427\/papo5-38.jpg\"><img loading=\"lazy\" decoding=\"async\" width=\"800\" height=\"533\" data-id=\"3342\" src=\"https:\/\/sisu.ut.ee\/wp-content\/uploads\/sites\/427\/papo5-38.jpg\" alt=\"Seli-Sillaotsa matkarada\" class=\"wp-image-3342\" srcset=\"https:\/\/sisu.ut.ee\/wp-content\/uploads\/sites\/427\/papo5-38.jpg 800w, https:\/\/sisu.ut.ee\/wp-content\/uploads\/sites\/427\/papo5-38-300x200.jpg 300w, https:\/\/sisu.ut.ee\/wp-content\/uploads\/sites\/427\/papo5-38-768x512.jpg 768w\" sizes=\"auto, (max-width: 800px) 100vw, 800px\"><\/a><figcaption class=\"wp-element-caption\">Seli-Sillaotsa matkarada<\/figcaption><\/figure><figure class=\"wp-block-image size-large\"><a href=\"https:\/\/sisu.ut.ee\/wp-content\/uploads\/sites\/427\/papo5-39.jpg\"><img decoding=\"async\" data-id=\"3343\" src=\"https:\/\/sisu.ut.ee\/wp-content\/uploads\/sites\/427\/papo5-39.jpg\" alt=\"\" class=\"wp-ima\"><\/a><\/figure><figure class=\"wp-block-image size-large\"><a href=\"https:\/\/sisu.ut.ee\/wp-content\/uploads\/sites\/427\/papo5-40.jpg\"><img loading=\"lazy\" decoding=\"async\" width=\"800\" height=\"533\" data-id=\"3344\" src=\"https:\/\/sisu.ut.ee\/wp-content\/uploads\/sites\/427\/papo5-40.jpg\" alt=\"Kuivamiseks prepareeritud putukad\" class=\"wp-image-3344\" srcset=\"https:\/\/sisu.ut.ee\/wp-content\/uploads\/sites\/427\/papo5-40.jpg 800w, https:\/\/sisu.ut.ee\/wp-content\/uploads\/sites\/427\/papo5-40-300x200.jpg 300w, https:\/\/sisu.ut.ee\/wp-content\/uploads\/sites\/427\/papo5-40-768x512.jpg 768w\" sizes=\"auto, (max-width: 800px) 100vw, 800px\"><\/a><figcaption class=\"wp-element-caption\">Kuivamiseks prepareeritud putukad<\/figcaption><\/figure><figure class=\"wp-block-image size-large\"><a href=\"https:\/\/sisu.ut.ee\/wp-content\/uploads\/sites\/427\/papo5-41.jpg\"><img decoding=\"async\" data-id=\"3345\" src=\"https:\/\/sisu.ut.ee\/wp-content\/uploads\/sites\/427\/papo5-41.jpg\" alt=\"\" class=\"wp-ima\"><\/a><\/figure><figure class=\"wp-block-image size-large\"><a href=\"https:\/\/sisu.ut.ee\/wp-content\/uploads\/sites\/427\/papo5-42.jpg\"><img decoding=\"async\" data-id=\"3346\" src=\"https:\/\/sisu.ut.ee\/wp-content\/uploads\/sites\/427\/papo5-42.jpg\" alt=\"\" class=\"wp-ima\"><\/a><\/figure><figure class=\"wp-block-image size-large\"><a href=\"https:\/\/sisu.ut.ee\/wp-content\/uploads\/sites\/427\/papo5-43.jpg\"><img loading=\"lazy\" decoding=\"async\" width=\"800\" height=\"533\" data-id=\"3347\" src=\"https:\/\/sisu.ut.ee\/wp-content\/uploads\/sites\/427\/papo5-43.jpg\" alt=\"V\u00e4ike osa valgusp\u00fc\u00fcgi linale tulnud putukaid\" class=\"wp-image-3347\" srcset=\"https:\/\/sisu.ut.ee\/wp-content\/uploads\/sites\/427\/papo5-43.jpg 800w, https:\/\/sisu.ut.ee\/wp-content\/uploads\/sites\/427\/papo5-43-300x200.jpg 300w, https:\/\/sisu.ut.ee\/wp-content\/uploads\/sites\/427\/papo5-43-768x512.jpg 768w\" sizes=\"auto, (max-width: 800px) 100vw, 800px\"><\/a><figcaption class=\"wp-element-caption\">V\u00e4ike osa valgusp\u00fc\u00fcgi linale tulnud putukaid<\/figcaption><\/figure><figure class=\"wp-block-image size-large\"><a href=\"https:\/\/sisu.ut.ee\/wp-content\/uploads\/sites\/427\/papo5-44.jpg\"><img decoding=\"async\" data-id=\"3348\" src=\"https:\/\/sisu.ut.ee\/wp-content\/uploads\/sites\/427\/papo5-44.jpg\" alt=\"\" class=\"wp-ima\"><\/a><\/figure><figure class=\"wp-block-image size-large\"><a href=\"https:\/\/sisu.ut.ee\/wp-content\/uploads\/sites\/427\/papo5-45.jpg\"><img decoding=\"async\" data-id=\"3349\" src=\"https:\/\/sisu.ut.ee\/wp-content\/uploads\/sites\/427\/papo5-45.jpg\" alt=\"\" class=\"wp-ima\"><\/a><\/figure><figure class=\"wp-block-image size-large\"><a href=\"https:\/\/sisu.ut.ee\/wp-content\/uploads\/sites\/427\/papo5-46.jpg\"><img loading=\"lazy\" decoding=\"async\" width=\"800\" height=\"533\" data-id=\"3350\" src=\"https:\/\/sisu.ut.ee\/wp-content\/uploads\/sites\/427\/papo5-46.jpg\" alt=\"Valgusp\u00fc\u00fcki k\u00fclastas ka h\u00f5be-nahkhiir Vespertilio murinus\" class=\"wp-image-3350\" srcset=\"https:\/\/sisu.ut.ee\/wp-content\/uploads\/sites\/427\/papo5-46.jpg 800w, https:\/\/sisu.ut.ee\/wp-content\/uploads\/sites\/427\/papo5-46-300x200.jpg 300w, https:\/\/sisu.ut.ee\/wp-content\/uploads\/sites\/427\/papo5-46-768x512.jpg 768w\" sizes=\"auto, (max-width: 800px) 100vw, 800px\"><\/a><figcaption class=\"wp-element-caption\">Valgusp\u00fc\u00fcki k\u00fclastas ka h\u00f5be-nahkhiir Vespertilio murinus<\/figcaption><\/figure><\/figure>","protected":false},"excerpt":{"rendered":"<p>Zooloogiaringi \u00f5ppeekskursioon<\/p>\n","protected":false},"author":88,"featured_media":0,"parent":0,"menu_order":0,"comment_status":"closed","ping_status":"closed","template":"","meta":{"_acf_changed":false,"inline_featured_image":false,"footnotes":""},"class_list":["post-162","page","type-page","status-publish","hentry"],"acf":[],"_links":{"self":[{"href":"https:\/\/sisu.ut.ee\/zrpildid\/wp-json\/wp\/v2\/pages\/162","targetHints":{"allow":["GET"]}}],"collection":[{"href":"https:\/\/sisu.ut.ee\/zrpildid\/wp-json\/wp\/v2\/pages"}],"about":[{"href":"https:\/\/sisu.ut.ee\/zrpildid\/wp-json\/wp\/v2\/types\/page"}],"author":[{"embeddable":true,"href":"https:\/\/sisu.ut.ee\/zrpildid\/wp-json\/wp\/v2\/users\/88"}],"replies":[{"embeddable":true,"href":"https:\/\/sisu.ut.ee\/zrpildid\/wp-json\/wp\/v2\/comments?post=162"}],"version-history":[{"count":2,"href":"https:\/\/sisu.ut.ee\/zrpildid\/wp-json\/wp\/v2\/pages\/162\/revisions"}],"predecessor-version":[{"id":3995,"href":"https:\/\/sisu.ut.ee\/zrpildid\/wp-json\/wp\/v2\/pages\/162\/revisions\/3995"}],"wp:attachment":[{"href":"https:\/\/sisu.ut.ee\/zrpildid\/wp-json\/wp\/v2\/media?parent=162"}],"curies":[{"name":"wp","href":"https:\/\/api.w.org\/{rel}","templated":true}]}}