{"id":152,"date":"2024-04-04T05:56:43","date_gmt":"2024-04-04T02:56:43","guid":{"rendered":"https:\/\/sisu.ut.ee\/zrpildid\/vortsjarv-7-10-2009\/"},"modified":"2024-04-04T06:07:05","modified_gmt":"2024-04-04T03:07:05","slug":"vortsjarv-7-10-2009","status":"publish","type":"page","link":"https:\/\/sisu.ut.ee\/zrpildid\/vortsjarv-7-10-2009\/","title":{"rendered":"S\u00f5it kalepurjekaga ja V\u00f5rtsj\u00e4rve muuseum 7. oktoober 2009"},"content":{"rendered":"<p>\r\n\t<span style=\"font-family:Verdana,Geneva,sans-serif\">Loodusmaja \u00f5ppek\u00e4ik<\/span>\r\n<\/p>\r\n\r\n<p>\r\n\t<img decoding=\"async\" alt=\"\" src=\"https:\/\/sisu.ut.ee\/wp-content\/uploads\/sites\/427\/vo01.jpg\" style=\"width: 1000px;height: 667px\">\r\n<\/p>\r\n<br><figure class=\"wp-block-gallery has-nested-images columns-3 is-cropped wp-block-gallery-1 is-layout-flex wp-block-gallery-is-layout-flex\"><figure class=\"wp-block-image size-large\"><a href=\"https:\/\/sisu.ut.ee\/wp-content\/uploads\/sites\/427\/vo01.jpg\"><img loading=\"lazy\" decoding=\"async\" width=\"1000\" height=\"667\" data-id=\"3005\" src=\"https:\/\/sisu.ut.ee\/wp-content\/uploads\/sites\/427\/vo01.jpg\" alt=\"S\u00f5it kalepurjekaga\" class=\"wp-image-3005\" srcset=\"https:\/\/sisu.ut.ee\/wp-content\/uploads\/sites\/427\/vo01.jpg 1000w, https:\/\/sisu.ut.ee\/wp-content\/uploads\/sites\/427\/vo01-300x200.jpg 300w, https:\/\/sisu.ut.ee\/wp-content\/uploads\/sites\/427\/vo01-768x512.jpg 768w\" sizes=\"auto, (max-width: 1000px) 100vw, 1000px\"><\/a><figcaption class=\"wp-element-caption\">S\u00f5it kalepurjekaga<\/figcaption><\/figure><figure class=\"wp-block-image size-large\"><a href=\"https:\/\/sisu.ut.ee\/wp-content\/uploads\/sites\/427\/vo02.jpg\"><img loading=\"lazy\" decoding=\"async\" width=\"1000\" height=\"667\" data-id=\"3006\" src=\"https:\/\/sisu.ut.ee\/wp-content\/uploads\/sites\/427\/vo02.jpg\" alt=\"S\u00f5it kalepurjekaga\" class=\"wp-image-3006\" srcset=\"https:\/\/sisu.ut.ee\/wp-content\/uploads\/sites\/427\/vo02.jpg 1000w, https:\/\/sisu.ut.ee\/wp-content\/uploads\/sites\/427\/vo02-300x200.jpg 300w, https:\/\/sisu.ut.ee\/wp-content\/uploads\/sites\/427\/vo02-768x512.jpg 768w\" sizes=\"auto, (max-width: 1000px) 100vw, 1000px\"><\/a><figcaption class=\"wp-element-caption\">S\u00f5it kalepurjekaga<\/figcaption><\/figure><figure class=\"wp-block-image size-large\"><a href=\"https:\/\/sisu.ut.ee\/wp-content\/uploads\/sites\/427\/vo03.jpg\"><img loading=\"lazy\" decoding=\"async\" width=\"1000\" height=\"667\" data-id=\"3007\" src=\"https:\/\/sisu.ut.ee\/wp-content\/uploads\/sites\/427\/vo03.jpg\" alt=\"S\u00f5it kalepurjekaga\" class=\"wp-image-3007\" srcset=\"https:\/\/sisu.ut.ee\/wp-content\/uploads\/sites\/427\/vo03.jpg 1000w, https:\/\/sisu.ut.ee\/wp-content\/uploads\/sites\/427\/vo03-300x200.jpg 300w, https:\/\/sisu.ut.ee\/wp-content\/uploads\/sites\/427\/vo03-768x512.jpg 768w\" sizes=\"auto, (max-width: 1000px) 100vw, 1000px\"><\/a><figcaption class=\"wp-element-caption\">S\u00f5it kalepurjekaga<\/figcaption><\/figure><figure class=\"wp-block-image size-large\"><a href=\"https:\/\/sisu.ut.ee\/wp-content\/uploads\/sites\/427\/vo04.jpg\"><img loading=\"lazy\" decoding=\"async\" width=\"1000\" height=\"667\" data-id=\"3008\" src=\"https:\/\/sisu.ut.ee\/wp-content\/uploads\/sites\/427\/vo04.jpg\" alt=\"V\u00f5rtsj\u00e4rve muuseum\" class=\"wp-image-3008\" srcset=\"https:\/\/sisu.ut.ee\/wp-content\/uploads\/sites\/427\/vo04.jpg 1000w, https:\/\/sisu.ut.ee\/wp-content\/uploads\/sites\/427\/vo04-300x200.jpg 300w, https:\/\/sisu.ut.ee\/wp-content\/uploads\/sites\/427\/vo04-768x512.jpg 768w\" sizes=\"auto, (max-width: 1000px) 100vw, 1000px\"><\/a><figcaption class=\"wp-element-caption\">V\u00f5rtsj\u00e4rve muuseum<\/figcaption><\/figure><figure class=\"wp-block-image size-large\"><a href=\"https:\/\/sisu.ut.ee\/wp-content\/uploads\/sites\/427\/vo05.jpg\"><img loading=\"lazy\" decoding=\"async\" width=\"1000\" height=\"667\" data-id=\"3009\" src=\"https:\/\/sisu.ut.ee\/wp-content\/uploads\/sites\/427\/vo05.jpg\" alt=\"V\u00f5rtsj\u00e4rve muuseum\" class=\"wp-image-3009\" srcset=\"https:\/\/sisu.ut.ee\/wp-content\/uploads\/sites\/427\/vo05.jpg 1000w, https:\/\/sisu.ut.ee\/wp-content\/uploads\/sites\/427\/vo05-300x200.jpg 300w, https:\/\/sisu.ut.ee\/wp-content\/uploads\/sites\/427\/vo05-768x512.jpg 768w\" sizes=\"auto, (max-width: 1000px) 100vw, 1000px\"><\/a><figcaption class=\"wp-element-caption\">V\u00f5rtsj\u00e4rve muuseum<\/figcaption><\/figure><figure class=\"wp-block-image size-large\"><a href=\"https:\/\/sisu.ut.ee\/wp-content\/uploads\/sites\/427\/vo06.jpg\"><img loading=\"lazy\" decoding=\"async\" width=\"1000\" height=\"667\" data-id=\"3010\" src=\"https:\/\/sisu.ut.ee\/wp-content\/uploads\/sites\/427\/vo06.jpg\" alt=\"V\u00f5rtsj\u00e4rve muuseum\" class=\"wp-image-3010\" srcset=\"https:\/\/sisu.ut.ee\/wp-content\/uploads\/sites\/427\/vo06.jpg 1000w, https:\/\/sisu.ut.ee\/wp-content\/uploads\/sites\/427\/vo06-300x200.jpg 300w, https:\/\/sisu.ut.ee\/wp-content\/uploads\/sites\/427\/vo06-768x512.jpg 768w\" sizes=\"auto, (max-width: 1000px) 100vw, 1000px\"><\/a><figcaption class=\"wp-element-caption\">V\u00f5rtsj\u00e4rve muuseum<\/figcaption><\/figure><figure class=\"wp-block-image size-large\"><a href=\"https:\/\/sisu.ut.ee\/wp-content\/uploads\/sites\/427\/vo07.jpg\"><img loading=\"lazy\" decoding=\"async\" width=\"1000\" height=\"667\" data-id=\"3011\" src=\"https:\/\/sisu.ut.ee\/wp-content\/uploads\/sites\/427\/vo07.jpg\" alt=\"V\u00f5rtsj\u00e4rve muuseum\" class=\"wp-image-3011\" srcset=\"https:\/\/sisu.ut.ee\/wp-content\/uploads\/sites\/427\/vo07.jpg 1000w, https:\/\/sisu.ut.ee\/wp-content\/uploads\/sites\/427\/vo07-300x200.jpg 300w, https:\/\/sisu.ut.ee\/wp-content\/uploads\/sites\/427\/vo07-768x512.jpg 768w\" sizes=\"auto, (max-width: 1000px) 100vw, 1000px\"><\/a><figcaption class=\"wp-element-caption\">V\u00f5rtsj\u00e4rve muuseum<\/figcaption><\/figure><figure class=\"wp-block-image size-large\"><a href=\"https:\/\/sisu.ut.ee\/wp-content\/uploads\/sites\/427\/vo08.jpg\"><img loading=\"lazy\" decoding=\"async\" width=\"1000\" height=\"667\" data-id=\"3012\" src=\"https:\/\/sisu.ut.ee\/wp-content\/uploads\/sites\/427\/vo08.jpg\" alt=\"V\u00f5rtsj\u00e4rve muuseum\" class=\"wp-image-3012\" srcset=\"https:\/\/sisu.ut.ee\/wp-content\/uploads\/sites\/427\/vo08.jpg 1000w, https:\/\/sisu.ut.ee\/wp-content\/uploads\/sites\/427\/vo08-300x200.jpg 300w, https:\/\/sisu.ut.ee\/wp-content\/uploads\/sites\/427\/vo08-768x512.jpg 768w\" sizes=\"auto, (max-width: 1000px) 100vw, 1000px\"><\/a><figcaption class=\"wp-element-caption\">V\u00f5rtsj\u00e4rve muuseum<\/figcaption><\/figure><figure class=\"wp-block-image size-large\"><a href=\"https:\/\/sisu.ut.ee\/wp-content\/uploads\/sites\/427\/vo09.jpg\"><img loading=\"lazy\" decoding=\"async\" width=\"1000\" height=\"667\" data-id=\"3013\" src=\"https:\/\/sisu.ut.ee\/wp-content\/uploads\/sites\/427\/vo09.jpg\" alt=\"V\u00f5rtsj\u00e4rve muuseum\" class=\"wp-image-3013\" srcset=\"https:\/\/sisu.ut.ee\/wp-content\/uploads\/sites\/427\/vo09.jpg 1000w, https:\/\/sisu.ut.ee\/wp-content\/uploads\/sites\/427\/vo09-300x200.jpg 300w, https:\/\/sisu.ut.ee\/wp-content\/uploads\/sites\/427\/vo09-768x512.jpg 768w\" sizes=\"auto, (max-width: 1000px) 100vw, 1000px\"><\/a><figcaption class=\"wp-element-caption\">V\u00f5rtsj\u00e4rve muuseum<\/figcaption><\/figure><figure class=\"wp-block-image size-large\"><a href=\"https:\/\/sisu.ut.ee\/wp-content\/uploads\/sites\/427\/vo10.jpg\"><img loading=\"lazy\" decoding=\"async\" width=\"1000\" height=\"667\" data-id=\"3014\" src=\"https:\/\/sisu.ut.ee\/wp-content\/uploads\/sites\/427\/vo10.jpg\" alt=\"V\u00f5rtsj\u00e4rve muuseum\" class=\"wp-image-3014\" srcset=\"https:\/\/sisu.ut.ee\/wp-content\/uploads\/sites\/427\/vo10.jpg 1000w, https:\/\/sisu.ut.ee\/wp-content\/uploads\/sites\/427\/vo10-300x200.jpg 300w, https:\/\/sisu.ut.ee\/wp-content\/uploads\/sites\/427\/vo10-768x512.jpg 768w\" sizes=\"auto, (max-width: 1000px) 100vw, 1000px\"><\/a><figcaption class=\"wp-element-caption\">V\u00f5rtsj\u00e4rve muuseum<\/figcaption><\/figure><\/figure>","protected":false},"excerpt":{"rendered":"<p>Loodusmaja \u00f5ppek\u00e4ik<\/p>\n","protected":false},"author":88,"featured_media":0,"parent":0,"menu_order":0,"comment_status":"closed","ping_status":"closed","template":"","meta":{"_acf_changed":false,"inline_featured_image":false,"footnotes":""},"class_list":["post-152","page","type-page","status-publish","hentry"],"acf":[],"_links":{"self":[{"href":"https:\/\/sisu.ut.ee\/zrpildid\/wp-json\/wp\/v2\/pages\/152","targetHints":{"allow":["GET"]}}],"collection":[{"href":"https:\/\/sisu.ut.ee\/zrpildid\/wp-json\/wp\/v2\/pages"}],"about":[{"href":"https:\/\/sisu.ut.ee\/zrpildid\/wp-json\/wp\/v2\/types\/page"}],"author":[{"embeddable":true,"href":"https:\/\/sisu.ut.ee\/zrpildid\/wp-json\/wp\/v2\/users\/88"}],"replies":[{"embeddable":true,"href":"https:\/\/sisu.ut.ee\/zrpildid\/wp-json\/wp\/v2\/comments?post=152"}],"version-history":[{"count":2,"href":"https:\/\/sisu.ut.ee\/zrpildid\/wp-json\/wp\/v2\/pages\/152\/revisions"}],"predecessor-version":[{"id":4005,"href":"https:\/\/sisu.ut.ee\/zrpildid\/wp-json\/wp\/v2\/pages\/152\/revisions\/4005"}],"wp:attachment":[{"href":"https:\/\/sisu.ut.ee\/zrpildid\/wp-json\/wp\/v2\/media?parent=152"}],"curies":[{"name":"wp","href":"https:\/\/api.w.org\/{rel}","templated":true}]}}