{"id":15,"date":"2024-04-04T05:56:30","date_gmt":"2024-04-04T02:56:30","guid":{"rendered":"https:\/\/sisu.ut.ee\/zrpildid\/2014-2\/"},"modified":"2024-04-17T22:03:08","modified_gmt":"2024-04-17T19:03:08","slug":"2014-2","status":"publish","type":"page","link":"https:\/\/sisu.ut.ee\/zrpildid\/2014-2\/","title":{"rendered":"2014"},"content":{"rendered":"<p><span style=\"font-size: 16px;\"><span style=\"font-family: Verdana,Geneva,sans-serif;\"><a title=\"\" href=\"https:\/\/sisu.ut.ee\/zrpildid\/ahijarve-15-18-07-2014\/\" data-url=\"https:\/\/sisu.ut.ee\/zrpildid\/node\/28337\">\u00c4hij\u00e4rve 15.-18. juuli 2014<\/a><br>\n<a title=\"\" href=\"https:\/\/sisu.ut.ee\/zrpildid\/ahijarve-8-11-07-2014\" data-url=\"https:\/\/sisu.ut.ee\/zrpildid\/ahijarve-8-11-07-2014\">\u00c4hij\u00e4rve 8.-11. juuli 2014<\/a><br>\n<a title=\"\" href=\"https:\/\/sisu.ut.ee\/zrpildid\/jarveselja-25-27-04-2014\" data-url=\"https:\/\/sisu.ut.ee\/zrpildid\/jarveselja-25-27-04-2014\">J\u00e4rveselja 25.-27. aprill 2014<\/a><br>\n<a title=\"\" href=\"https:\/\/sisu.ut.ee\/zrpildid\/palupohja-31-01-02-02-2014\" data-url=\"https:\/\/sisu.ut.ee\/zrpildid\/palupohja-31-01-02-02-2014\">Palup\u00f5hja 31.01-02. veebruar 2014<\/a><br>\n<a title=\"\" href=\"https:\/\/sisu.ut.ee\/zrpildid\/palupohja-17-19-01-2014\" data-url=\"https:\/\/sisu.ut.ee\/zrpildid\/palupohja-17-19-01-2014\">Palup\u00f5hja 17.-19. jaanuar 2014<\/a><\/span><\/span><\/p>\n<p><span style=\"font-size: 16px;\"><span style=\"font-family: Verdana,Geneva,sans-serif;\"><img decoding=\"async\" style=\"width: 1000px; height: 667px;\" src=\"https:\/\/sisu.ut.ee\/wp-content\/uploads\/sites\/427\/kar_0725.jpg\" alt=\"\"><\/span><\/span><\/p>\n","protected":false},"excerpt":{"rendered":"<p>\u00c4hij\u00e4rve 15.-18. juuli 2014 \u00c4hij\u00e4rve 8.-11. juuli 2014 J\u00e4rveselja 25.-27. aprill 2014 Palup\u00f5hja 31.01-02. veebruar 2014 Palup\u00f5hja 17.-19. jaanuar 2014<\/p>\n","protected":false},"author":88,"featured_media":0,"parent":0,"menu_order":0,"comment_status":"closed","ping_status":"closed","template":"","meta":{"_acf_changed":false,"inline_featured_image":false,"footnotes":""},"class_list":["post-15","page","type-page","status-publish","hentry"],"acf":[],"_links":{"self":[{"href":"https:\/\/sisu.ut.ee\/zrpildid\/wp-json\/wp\/v2\/pages\/15","targetHints":{"allow":["GET"]}}],"collection":[{"href":"https:\/\/sisu.ut.ee\/zrpildid\/wp-json\/wp\/v2\/pages"}],"about":[{"href":"https:\/\/sisu.ut.ee\/zrpildid\/wp-json\/wp\/v2\/types\/page"}],"author":[{"embeddable":true,"href":"https:\/\/sisu.ut.ee\/zrpildid\/wp-json\/wp\/v2\/users\/88"}],"replies":[{"embeddable":true,"href":"https:\/\/sisu.ut.ee\/zrpildid\/wp-json\/wp\/v2\/comments?post=15"}],"version-history":[{"count":2,"href":"https:\/\/sisu.ut.ee\/zrpildid\/wp-json\/wp\/v2\/pages\/15\/revisions"}],"predecessor-version":[{"id":4182,"href":"https:\/\/sisu.ut.ee\/zrpildid\/wp-json\/wp\/v2\/pages\/15\/revisions\/4182"}],"wp:attachment":[{"href":"https:\/\/sisu.ut.ee\/zrpildid\/wp-json\/wp\/v2\/media?parent=15"}],"curies":[{"name":"wp","href":"https:\/\/api.w.org\/{rel}","templated":true}]}}