{"id":149,"date":"2024-04-04T05:56:42","date_gmt":"2024-04-04T02:56:42","guid":{"rendered":"https:\/\/sisu.ut.ee\/zrpildid\/2005-2\/"},"modified":"2025-07-04T23:26:46","modified_gmt":"2025-07-04T20:26:46","slug":"2005-2","status":"publish","type":"page","link":"https:\/\/sisu.ut.ee\/zrpildid\/2005-2\/","title":{"rendered":"2005"},"content":{"rendered":"<p><span style=\"font-size: 16px;\"><span style=\"font-family: Verdana,Geneva,sans-serif;\"><a title=\"\" href=\"https:\/\/sisu.ut.ee\/zrpildid\/zooloogiamuuseum-dets-2005\">Zooloogiamuuseum 12. ja 13. detsember 2005<\/a><br>\n<a title=\"\" href=\"https:\/\/sisu.ut.ee\/zrpildid\/zooloogiamuuseum-nov-ja-dets-3r-2005-0\">Zooloogiamuuseum 23. november ja 16. detsember 2005<\/a><br>\n<a title=\"\" href=\"https:\/\/sisu.ut.ee\/zrpildid\/zooloogiamuuseum-nov-dets-2005\">Zooloogiamuuseum 23. november\u00a0ja 14.detsember 2005<\/a><\/span><\/span><br>\n<span style=\"font-size: 16px;\"><span style=\"font-family: Verdana,Geneva,sans-serif;\"><a title=\"\" href=\"https:\/\/sisu.ut.ee\/zrpildid\/elva-august-2005\" data-url=\"https:\/\/sisu.ut.ee\/zrpildid\/elva-august-2005\">Elva 8.-12.08.2005<\/a><\/span><\/span><br>\n<span style=\"font-size: 16px;\"><span style=\"font-family: Verdana,Geneva,sans-serif;\"><a title=\"\" href=\"https:\/\/sisu.ut.ee\/zrpildid\/elva-3-5-08-2005\">Elva 3.-5. august 2005<\/a><br>\n<a title=\"\" href=\"https:\/\/sisu.ut.ee\/zrpildid\/elistvere-27-28-05-2005\">Elistvere 27.-28. mai 2005<\/a><br>\n<a title=\"\" href=\"https:\/\/sisu.ut.ee\/zrpildid\/elistvere-20-21-05-2005\">Elistvere 20.-21. mai 2005<\/a><br>\n<a title=\"\" href=\"https:\/\/sisu.ut.ee\/zrpildid\/tallinna-loomaaed-2-06-2005\">Tallinna Loomaaed 2. juuli 2005<\/a><br>\n<a title=\"\" href=\"https:\/\/sisu.ut.ee\/zrpildid\/emajoe-aares-ja-tahtvere-mets-kevad-2005\">Emaj\u00f5e \u00e4\u00e4res 5. mai ja T\u00e4htvere mets 19. aprill 2005<\/a><br>\n<a title=\"\" href=\"https:\/\/sisu.ut.ee\/zrpildid\/tahtvere-30-04-2005\">T\u00e4htvere mets ja raba 30. aprill 2005<\/a><br>\n<a href=\"https:\/\/sisu.ut.ee\/zrpildid\/linnalinnulaupaevak-tartu-botaanikaaias-9042005\/\">Linnalinnulaup\u00e4evak (LiLiLa) T\u00dc botaanikaaias 9. aprill 2005<\/a><br>\n<a href=\"https:\/\/sisu.ut.ee\/zrpildid\/alam-pedja-looduskaitsealal-palupohja-looduskoolis-1902-ja-20022005\/\">Palup\u00f5hja 19.-20. veebruar 2005<\/a><\/span><\/span><\/p>\n<p><span style=\"font-size: 16px;\"><span style=\"font-family: Verdana,Geneva,sans-serif;\"><img decoding=\"async\" style=\"width: 600px; height: 400px;\" src=\"https:\/\/sisu.ut.ee\/wp-content\/uploads\/sites\/427\/el09.jpg\" alt=\"\"><\/span><\/span><\/p>\n","protected":false},"excerpt":{"rendered":"<p>Zooloogiamuuseum 12. ja 13. detsember 2005 Zooloogiamuuseum 23. november ja 16. detsember 2005 Zooloogiamuuseum 23. november\u00a0ja 14.detsember 2005 Elva 8.-12.08.2005 Elva 3.-5. august 2005 Elistvere 27.-28. mai 2005 Elistvere 20.-21. mai 2005 Tallinna Loomaaed 2. juuli 2005 Emaj\u00f5e \u00e4\u00e4res 5. &#8230;<\/p>\n","protected":false},"author":88,"featured_media":0,"parent":0,"menu_order":0,"comment_status":"closed","ping_status":"closed","template":"","meta":{"_acf_changed":false,"inline_featured_image":false,"footnotes":""},"class_list":["post-149","page","type-page","status-publish","hentry"],"acf":[],"_links":{"self":[{"href":"https:\/\/sisu.ut.ee\/zrpildid\/wp-json\/wp\/v2\/pages\/149","targetHints":{"allow":["GET"]}}],"collection":[{"href":"https:\/\/sisu.ut.ee\/zrpildid\/wp-json\/wp\/v2\/pages"}],"about":[{"href":"https:\/\/sisu.ut.ee\/zrpildid\/wp-json\/wp\/v2\/types\/page"}],"author":[{"embeddable":true,"href":"https:\/\/sisu.ut.ee\/zrpildid\/wp-json\/wp\/v2\/users\/88"}],"replies":[{"embeddable":true,"href":"https:\/\/sisu.ut.ee\/zrpildid\/wp-json\/wp\/v2\/comments?post=149"}],"version-history":[{"count":2,"href":"https:\/\/sisu.ut.ee\/zrpildid\/wp-json\/wp\/v2\/pages\/149\/revisions"}],"predecessor-version":[{"id":4458,"href":"https:\/\/sisu.ut.ee\/zrpildid\/wp-json\/wp\/v2\/pages\/149\/revisions\/4458"}],"wp:attachment":[{"href":"https:\/\/sisu.ut.ee\/zrpildid\/wp-json\/wp\/v2\/media?parent=149"}],"curies":[{"name":"wp","href":"https:\/\/api.w.org\/{rel}","templated":true}]}}