{"id":140,"date":"2024-04-04T05:56:42","date_gmt":"2024-04-04T02:56:42","guid":{"rendered":"https:\/\/sisu.ut.ee\/zrpildid\/endla-20-22-mai-2022\/"},"modified":"2024-04-04T06:07:05","modified_gmt":"2024-04-04T03:07:05","slug":"endla-20-22-mai-2022","status":"publish","type":"page","link":"https:\/\/sisu.ut.ee\/zrpildid\/endla-20-22-mai-2022\/","title":{"rendered":"Endla 20.-22. mai 2022"},"content":{"rendered":"<p>\r\n\t<span style=\"font-size:14px\"><span style=\"font-family:Verdana,Geneva,sans-serif\">zooloogiaringi v\u00e4lipraktikumid<\/span><\/span>\r\n<\/p>\r\n\r\n<p>\r\n\t<img decoding=\"async\" alt=\"\" src=\"https:\/\/sisu.ut.ee\/wp-content\/uploads\/sites\/427\/endla2_03.jpg\" style=\"width: 1000px;height: 667px\">\r\n<\/p>\r\n<br><figure class=\"wp-block-gallery has-nested-images columns-3 is-cropped wp-block-gallery-1 is-layout-flex wp-block-gallery-is-layout-flex\"><figure class=\"wp-block-image size-large\"><a href=\"https:\/\/sisu.ut.ee\/wp-content\/uploads\/sites\/427\/endla2_01.jpg\"><img loading=\"lazy\" decoding=\"async\" width=\"1000\" height=\"450\" data-id=\"2860\" src=\"https:\/\/sisu.ut.ee\/wp-content\/uploads\/sites\/427\/endla2_01.jpg\" alt=\"Endla looduskeskuse n\u00e4itusel\" class=\"wp-image-2860\" srcset=\"https:\/\/sisu.ut.ee\/wp-content\/uploads\/sites\/427\/endla2_01.jpg 1000w, https:\/\/sisu.ut.ee\/wp-content\/uploads\/sites\/427\/endla2_01-300x135.jpg 300w, https:\/\/sisu.ut.ee\/wp-content\/uploads\/sites\/427\/endla2_01-768x346.jpg 768w\" sizes=\"auto, (max-width: 1000px) 100vw, 1000px\"><\/a><figcaption class=\"wp-element-caption\">Endla looduskeskuse n\u00e4itusel<\/figcaption><\/figure><figure class=\"wp-block-image size-large\"><a href=\"https:\/\/sisu.ut.ee\/wp-content\/uploads\/sites\/427\/endla2_02.jpg\"><img loading=\"lazy\" decoding=\"async\" width=\"1000\" height=\"450\" data-id=\"2861\" src=\"https:\/\/sisu.ut.ee\/wp-content\/uploads\/sites\/427\/endla2_02.jpg\" alt=\"Endla looduskeskuse n\u00e4itusel\" class=\"wp-image-2861\" srcset=\"https:\/\/sisu.ut.ee\/wp-content\/uploads\/sites\/427\/endla2_02.jpg 1000w, https:\/\/sisu.ut.ee\/wp-content\/uploads\/sites\/427\/endla2_02-300x135.jpg 300w, https:\/\/sisu.ut.ee\/wp-content\/uploads\/sites\/427\/endla2_02-768x346.jpg 768w\" sizes=\"auto, (max-width: 1000px) 100vw, 1000px\"><\/a><figcaption class=\"wp-element-caption\">Endla looduskeskuse n\u00e4itusel<\/figcaption><\/figure><figure class=\"wp-block-image size-large\"><a href=\"https:\/\/sisu.ut.ee\/wp-content\/uploads\/sites\/427\/endla2_03.jpg\"><img loading=\"lazy\" decoding=\"async\" width=\"1000\" height=\"667\" data-id=\"2862\" src=\"https:\/\/sisu.ut.ee\/wp-content\/uploads\/sites\/427\/endla2_03.jpg\" alt=\"Endla\" class=\"wp-image-2862\" srcset=\"https:\/\/sisu.ut.ee\/wp-content\/uploads\/sites\/427\/endla2_03.jpg 1000w, https:\/\/sisu.ut.ee\/wp-content\/uploads\/sites\/427\/endla2_03-300x200.jpg 300w, https:\/\/sisu.ut.ee\/wp-content\/uploads\/sites\/427\/endla2_03-768x512.jpg 768w\" sizes=\"auto, (max-width: 1000px) 100vw, 1000px\"><\/a><figcaption class=\"wp-element-caption\">Endla<\/figcaption><\/figure><figure class=\"wp-block-image size-large\"><a href=\"https:\/\/sisu.ut.ee\/wp-content\/uploads\/sites\/427\/endla2_04.jpg\"><img loading=\"lazy\" decoding=\"async\" width=\"1000\" height=\"667\" data-id=\"2863\" src=\"https:\/\/sisu.ut.ee\/wp-content\/uploads\/sites\/427\/endla2_04.jpg\" alt=\"Haraka pesa\" class=\"wp-image-2863\" srcset=\"https:\/\/sisu.ut.ee\/wp-content\/uploads\/sites\/427\/endla2_04.jpg 1000w, https:\/\/sisu.ut.ee\/wp-content\/uploads\/sites\/427\/endla2_04-300x200.jpg 300w, https:\/\/sisu.ut.ee\/wp-content\/uploads\/sites\/427\/endla2_04-768x512.jpg 768w\" sizes=\"auto, (max-width: 1000px) 100vw, 1000px\"><\/a><figcaption class=\"wp-element-caption\">Haraka pesa<\/figcaption><\/figure><figure class=\"wp-block-image size-large\"><a href=\"https:\/\/sisu.ut.ee\/wp-content\/uploads\/sites\/427\/endla2_05.jpg\"><img loading=\"lazy\" decoding=\"async\" width=\"1000\" height=\"667\" data-id=\"2864\" src=\"https:\/\/sisu.ut.ee\/wp-content\/uploads\/sites\/427\/endla2_05.jpg\" alt=\"Endla\" class=\"wp-image-2864\" srcset=\"https:\/\/sisu.ut.ee\/wp-content\/uploads\/sites\/427\/endla2_05.jpg 1000w, https:\/\/sisu.ut.ee\/wp-content\/uploads\/sites\/427\/endla2_05-300x200.jpg 300w, https:\/\/sisu.ut.ee\/wp-content\/uploads\/sites\/427\/endla2_05-768x512.jpg 768w\" sizes=\"auto, (max-width: 1000px) 100vw, 1000px\"><\/a><figcaption class=\"wp-element-caption\">Endla<\/figcaption><\/figure><figure class=\"wp-block-image size-large\"><a href=\"https:\/\/sisu.ut.ee\/wp-content\/uploads\/sites\/427\/orava_naritud_pahklid_img_2196.jpg\"><img loading=\"lazy\" decoding=\"async\" width=\"1000\" height=\"667\" data-id=\"2865\" src=\"https:\/\/sisu.ut.ee\/wp-content\/uploads\/sites\/427\/orava_naritud_pahklid_img_2196.jpg\" alt=\"Orava purukshammustatud p\u00e4hklid\" class=\"wp-image-2865\" srcset=\"https:\/\/sisu.ut.ee\/wp-content\/uploads\/sites\/427\/orava_naritud_pahklid_img_2196.jpg 1000w, https:\/\/sisu.ut.ee\/wp-content\/uploads\/sites\/427\/orava_naritud_pahklid_img_2196-300x200.jpg 300w, https:\/\/sisu.ut.ee\/wp-content\/uploads\/sites\/427\/orava_naritud_pahklid_img_2196-768x512.jpg 768w\" sizes=\"auto, (max-width: 1000px) 100vw, 1000px\"><\/a><figcaption class=\"wp-element-caption\">Orava purukshammustatud p\u00e4hklid<\/figcaption><\/figure><figure class=\"wp-block-image size-large\"><a href=\"https:\/\/sisu.ut.ee\/wp-content\/uploads\/sites\/427\/endla2_06.jpg\"><img loading=\"lazy\" decoding=\"async\" width=\"1000\" height=\"667\" data-id=\"2866\" src=\"https:\/\/sisu.ut.ee\/wp-content\/uploads\/sites\/427\/endla2_06.jpg\" alt=\"Endla\" class=\"wp-image-2866\" srcset=\"https:\/\/sisu.ut.ee\/wp-content\/uploads\/sites\/427\/endla2_06.jpg 1000w, https:\/\/sisu.ut.ee\/wp-content\/uploads\/sites\/427\/endla2_06-300x200.jpg 300w, https:\/\/sisu.ut.ee\/wp-content\/uploads\/sites\/427\/endla2_06-768x512.jpg 768w\" sizes=\"auto, (max-width: 1000px) 100vw, 1000px\"><\/a><figcaption class=\"wp-element-caption\">Endla<\/figcaption><\/figure><figure class=\"wp-block-image size-large\"><a href=\"https:\/\/sisu.ut.ee\/wp-content\/uploads\/sites\/427\/endla2_07.jpg\"><img loading=\"lazy\" decoding=\"async\" width=\"1000\" height=\"667\" data-id=\"2867\" src=\"https:\/\/sisu.ut.ee\/wp-content\/uploads\/sites\/427\/endla2_07.jpg\" alt=\"Endla\" class=\"wp-image-2867\" srcset=\"https:\/\/sisu.ut.ee\/wp-content\/uploads\/sites\/427\/endla2_07.jpg 1000w, https:\/\/sisu.ut.ee\/wp-content\/uploads\/sites\/427\/endla2_07-300x200.jpg 300w, https:\/\/sisu.ut.ee\/wp-content\/uploads\/sites\/427\/endla2_07-768x512.jpg 768w\" sizes=\"auto, (max-width: 1000px) 100vw, 1000px\"><\/a><figcaption class=\"wp-element-caption\">Endla<\/figcaption><\/figure><figure class=\"wp-block-image size-large\"><a href=\"https:\/\/sisu.ut.ee\/wp-content\/uploads\/sites\/427\/endla2_08.jpg\"><img loading=\"lazy\" decoding=\"async\" width=\"1000\" height=\"667\" data-id=\"2868\" src=\"https:\/\/sisu.ut.ee\/wp-content\/uploads\/sites\/427\/endla2_08.jpg\" alt=\"Endla\" class=\"wp-image-2868\" srcset=\"https:\/\/sisu.ut.ee\/wp-content\/uploads\/sites\/427\/endla2_08.jpg 1000w, https:\/\/sisu.ut.ee\/wp-content\/uploads\/sites\/427\/endla2_08-300x200.jpg 300w, https:\/\/sisu.ut.ee\/wp-content\/uploads\/sites\/427\/endla2_08-768x512.jpg 768w\" sizes=\"auto, (max-width: 1000px) 100vw, 1000px\"><\/a><figcaption class=\"wp-element-caption\">Endla<\/figcaption><\/figure><figure class=\"wp-block-image size-large\"><a href=\"https:\/\/sisu.ut.ee\/wp-content\/uploads\/sites\/427\/endla2_09.jpg\"><img loading=\"lazy\" decoding=\"async\" width=\"1000\" height=\"450\" data-id=\"2869\" src=\"https:\/\/sisu.ut.ee\/wp-content\/uploads\/sites\/427\/endla2_09.jpg\" alt=\"Endla\" class=\"wp-image-2869\" srcset=\"https:\/\/sisu.ut.ee\/wp-content\/uploads\/sites\/427\/endla2_09.jpg 1000w, https:\/\/sisu.ut.ee\/wp-content\/uploads\/sites\/427\/endla2_09-300x135.jpg 300w, https:\/\/sisu.ut.ee\/wp-content\/uploads\/sites\/427\/endla2_09-768x346.jpg 768w\" sizes=\"auto, (max-width: 1000px) 100vw, 1000px\"><\/a><figcaption class=\"wp-element-caption\">Endla<\/figcaption><\/figure><figure class=\"wp-block-image size-large\"><a href=\"https:\/\/sisu.ut.ee\/wp-content\/uploads\/sites\/427\/endla2_10.jpg\"><img loading=\"lazy\" decoding=\"async\" width=\"1000\" height=\"450\" data-id=\"2870\" src=\"https:\/\/sisu.ut.ee\/wp-content\/uploads\/sites\/427\/endla2_10.jpg\" alt=\"Endla\" class=\"wp-image-2870\" srcset=\"https:\/\/sisu.ut.ee\/wp-content\/uploads\/sites\/427\/endla2_10.jpg 1000w, https:\/\/sisu.ut.ee\/wp-content\/uploads\/sites\/427\/endla2_10-300x135.jpg 300w, https:\/\/sisu.ut.ee\/wp-content\/uploads\/sites\/427\/endla2_10-768x346.jpg 768w\" sizes=\"auto, (max-width: 1000px) 100vw, 1000px\"><\/a><figcaption class=\"wp-element-caption\">Endla<\/figcaption><\/figure><figure class=\"wp-block-image size-large\"><a href=\"https:\/\/sisu.ut.ee\/wp-content\/uploads\/sites\/427\/endla2_11.jpg\"><img loading=\"lazy\" decoding=\"async\" width=\"1000\" height=\"450\" data-id=\"2871\" src=\"https:\/\/sisu.ut.ee\/wp-content\/uploads\/sites\/427\/endla2_11.jpg\" alt=\"Endla\" class=\"wp-image-2871\" srcset=\"https:\/\/sisu.ut.ee\/wp-content\/uploads\/sites\/427\/endla2_11.jpg 1000w, https:\/\/sisu.ut.ee\/wp-content\/uploads\/sites\/427\/endla2_11-300x135.jpg 300w, https:\/\/sisu.ut.ee\/wp-content\/uploads\/sites\/427\/endla2_11-768x346.jpg 768w\" sizes=\"auto, (max-width: 1000px) 100vw, 1000px\"><\/a><figcaption class=\"wp-element-caption\">Endla<\/figcaption><\/figure><figure class=\"wp-block-image size-large\"><a href=\"https:\/\/sisu.ut.ee\/wp-content\/uploads\/sites\/427\/endla2_12.jpg\"><img loading=\"lazy\" decoding=\"async\" width=\"1000\" height=\"450\" data-id=\"2872\" src=\"https:\/\/sisu.ut.ee\/wp-content\/uploads\/sites\/427\/endla2_12.jpg\" alt=\"Endla\" class=\"wp-image-2872\" srcset=\"https:\/\/sisu.ut.ee\/wp-content\/uploads\/sites\/427\/endla2_12.jpg 1000w, https:\/\/sisu.ut.ee\/wp-content\/uploads\/sites\/427\/endla2_12-300x135.jpg 300w, https:\/\/sisu.ut.ee\/wp-content\/uploads\/sites\/427\/endla2_12-768x346.jpg 768w\" sizes=\"auto, (max-width: 1000px) 100vw, 1000px\"><\/a><figcaption class=\"wp-element-caption\">Endla<\/figcaption><\/figure><figure class=\"wp-block-image size-large\"><a href=\"https:\/\/sisu.ut.ee\/wp-content\/uploads\/sites\/427\/endla2_13.jpg\"><img loading=\"lazy\" decoding=\"async\" width=\"1000\" height=\"450\" data-id=\"2873\" src=\"https:\/\/sisu.ut.ee\/wp-content\/uploads\/sites\/427\/endla2_13.jpg\" alt=\"Endla\" class=\"wp-image-2873\" srcset=\"https:\/\/sisu.ut.ee\/wp-content\/uploads\/sites\/427\/endla2_13.jpg 1000w, https:\/\/sisu.ut.ee\/wp-content\/uploads\/sites\/427\/endla2_13-300x135.jpg 300w, https:\/\/sisu.ut.ee\/wp-content\/uploads\/sites\/427\/endla2_13-768x346.jpg 768w\" sizes=\"auto, (max-width: 1000px) 100vw, 1000px\"><\/a><figcaption class=\"wp-element-caption\">Endla<\/figcaption><\/figure><figure class=\"wp-block-image size-large\"><a href=\"https:\/\/sisu.ut.ee\/wp-content\/uploads\/sites\/427\/rastik_img_2229.jpg\"><img loading=\"lazy\" decoding=\"async\" width=\"1000\" height=\"667\" data-id=\"2874\" src=\"https:\/\/sisu.ut.ee\/wp-content\/uploads\/sites\/427\/rastik_img_2229.jpg\" alt=\"R\u00e4stik\" class=\"wp-image-2874\" srcset=\"https:\/\/sisu.ut.ee\/wp-content\/uploads\/sites\/427\/rastik_img_2229.jpg 1000w, https:\/\/sisu.ut.ee\/wp-content\/uploads\/sites\/427\/rastik_img_2229-300x200.jpg 300w, https:\/\/sisu.ut.ee\/wp-content\/uploads\/sites\/427\/rastik_img_2229-768x512.jpg 768w\" sizes=\"auto, (max-width: 1000px) 100vw, 1000px\"><\/a><figcaption class=\"wp-element-caption\">R\u00e4stik<\/figcaption><\/figure><figure class=\"wp-block-image size-large\"><a href=\"https:\/\/sisu.ut.ee\/wp-content\/uploads\/sites\/427\/kahrik_eksrem_kaimla_img_2247.jpg\"><img loading=\"lazy\" decoding=\"async\" width=\"1000\" height=\"667\" data-id=\"2875\" src=\"https:\/\/sisu.ut.ee\/wp-content\/uploads\/sites\/427\/kahrik_eksrem_kaimla_img_2247.jpg\" alt=\"Metsa all on palju j\u00e4nesekapsaid, eesplaanil k\u00e4hriku v\u00e4ljaheited\" class=\"wp-image-2875\" srcset=\"https:\/\/sisu.ut.ee\/wp-content\/uploads\/sites\/427\/kahrik_eksrem_kaimla_img_2247.jpg 1000w, https:\/\/sisu.ut.ee\/wp-content\/uploads\/sites\/427\/kahrik_eksrem_kaimla_img_2247-300x200.jpg 300w, https:\/\/sisu.ut.ee\/wp-content\/uploads\/sites\/427\/kahrik_eksrem_kaimla_img_2247-768x512.jpg 768w\" sizes=\"auto, (max-width: 1000px) 100vw, 1000px\"><\/a><figcaption class=\"wp-element-caption\">Metsa all on palju j\u00e4nesekapsaid, eesplaanil k\u00e4hriku v\u00e4ljaheited<\/figcaption><\/figure><figure class=\"wp-block-image size-large\"><a href=\"https:\/\/sisu.ut.ee\/wp-content\/uploads\/sites\/427\/kahrik_eksrem_kaimla_img_2239.jpg\"><img loading=\"lazy\" decoding=\"async\" width=\"1000\" height=\"667\" data-id=\"2876\" src=\"https:\/\/sisu.ut.ee\/wp-content\/uploads\/sites\/427\/kahrik_eksrem_kaimla_img_2239.jpg\" class=\"wp-image-2876\" srcset=\"https:\/\/sisu.ut.ee\/wp-content\/uploads\/sites\/427\/kahrik_eksrem_kaimla_img_2239.jpg 1000w, https:\/\/sisu.ut.ee\/wp-content\/uploads\/sites\/427\/kahrik_eksrem_kaimla_img_2239-300x200.jpg 300w, https:\/\/sisu.ut.ee\/wp-content\/uploads\/sites\/427\/kahrik_eksrem_kaimla_img_2239-768x512.jpg 768w\" sizes=\"auto, (max-width: 1000px) 100vw, 1000px\"><\/a><figcaption class=\"wp-element-caption\">K\u00e4hriku v\u00e4ljaheidete hunnik \u2013 \u201ck\u00e4imla\u201d<\/figcaption><\/figure><\/figure>","protected":false},"excerpt":{"rendered":"<p>zooloogiaringi v\u00e4lipraktikumid<\/p>\n","protected":false},"author":88,"featured_media":0,"parent":0,"menu_order":0,"comment_status":"closed","ping_status":"closed","template":"","meta":{"_acf_changed":false,"inline_featured_image":false,"footnotes":""},"class_list":["post-140","page","type-page","status-publish","hentry"],"acf":[],"_links":{"self":[{"href":"https:\/\/sisu.ut.ee\/zrpildid\/wp-json\/wp\/v2\/pages\/140","targetHints":{"allow":["GET"]}}],"collection":[{"href":"https:\/\/sisu.ut.ee\/zrpildid\/wp-json\/wp\/v2\/pages"}],"about":[{"href":"https:\/\/sisu.ut.ee\/zrpildid\/wp-json\/wp\/v2\/types\/page"}],"author":[{"embeddable":true,"href":"https:\/\/sisu.ut.ee\/zrpildid\/wp-json\/wp\/v2\/users\/88"}],"replies":[{"embeddable":true,"href":"https:\/\/sisu.ut.ee\/zrpildid\/wp-json\/wp\/v2\/comments?post=140"}],"version-history":[{"count":2,"href":"https:\/\/sisu.ut.ee\/zrpildid\/wp-json\/wp\/v2\/pages\/140\/revisions"}],"predecessor-version":[{"id":4016,"href":"https:\/\/sisu.ut.ee\/zrpildid\/wp-json\/wp\/v2\/pages\/140\/revisions\/4016"}],"wp:attachment":[{"href":"https:\/\/sisu.ut.ee\/zrpildid\/wp-json\/wp\/v2\/media?parent=140"}],"curies":[{"name":"wp","href":"https:\/\/api.w.org\/{rel}","templated":true}]}}