{"id":14,"date":"2024-04-04T05:56:30","date_gmt":"2024-04-04T02:56:30","guid":{"rendered":"https:\/\/sisu.ut.ee\/zrpildid\/2016-2\/"},"modified":"2024-09-26T12:55:48","modified_gmt":"2024-09-26T09:55:48","slug":"2016-2","status":"publish","type":"page","link":"https:\/\/sisu.ut.ee\/zrpildid\/2016-2\/","title":{"rendered":"2016"},"content":{"rendered":"<p><span style=\"font-size: 16px;\"><span style=\"font-family: Verdana,Geneva,sans-serif;\"><a title=\"\" href=\"https:\/\/sisu.ut.ee\/zrpildid\/kirna-9-11-08-2016\" data-url=\"https:\/\/sisu.ut.ee\/zrpildid\/kirna-9-11-08-2016\">Kirna 9.-11. august 2016<\/a><br><a title=\"\" href=\"https:\/\/sisu.ut.ee\/zrpildid\/kirna-2-4-08-2016\" data-url=\"https:\/\/sisu.ut.ee\/zrpildid\/kirna-2-4-08-2016\">Kirna 2.-4. august 2016<\/a><br><a title=\"\" href=\"https:\/\/sisu.ut.ee\/zrpildid\/palupohja-4-6-03-2016\" data-url=\"https:\/\/sisu.ut.ee\/zrpildid\/palupohja-4-6-03-2016\">Palup\u00f5hja 4.-6. m\u00e4rts 2016<\/a><br><a title=\"\" href=\"https:\/\/sisu.ut.ee\/zrpildid\/palupohja-19-21-02-2016\" data-url=\"https:\/\/sisu.ut.ee\/zrpildid\/palupohja-19-21-02-2016\">Palup\u00f5hja 19.-21. veebruar 2016<\/a><\/span><\/span><\/p>\n\n\n<figure class=\"wp-block-image size-full\"><img loading=\"lazy\" decoding=\"async\" width=\"1000\" height=\"667\" src=\"https:\/\/sisu.ut.ee\/wp-content\/uploads\/sites\/427\/papo162_17-1.jpg\" alt=\"\" class=\"wp-image-2331\" srcset=\"https:\/\/sisu.ut.ee\/wp-content\/uploads\/sites\/427\/papo162_17-1.jpg 1000w, https:\/\/sisu.ut.ee\/wp-content\/uploads\/sites\/427\/papo162_17-1-300x200.jpg 300w, https:\/\/sisu.ut.ee\/wp-content\/uploads\/sites\/427\/papo162_17-1-768x512.jpg 768w\" sizes=\"auto, (max-width: 1000px) 100vw, 1000px\"><\/figure>\n","protected":false},"excerpt":{"rendered":"<p>Kirna 9.-11. august 2016Kirna 2.-4. august 2016Palup\u00f5hja 4.-6. m\u00e4rts 2016Palup\u00f5hja 19.-21. veebruar 2016<\/p>\n","protected":false},"author":88,"featured_media":0,"parent":0,"menu_order":0,"comment_status":"closed","ping_status":"closed","template":"","meta":{"_acf_changed":false,"inline_featured_image":false,"footnotes":""},"class_list":["post-14","page","type-page","status-publish","hentry"],"acf":[],"_links":{"self":[{"href":"https:\/\/sisu.ut.ee\/zrpildid\/wp-json\/wp\/v2\/pages\/14","targetHints":{"allow":["GET"]}}],"collection":[{"href":"https:\/\/sisu.ut.ee\/zrpildid\/wp-json\/wp\/v2\/pages"}],"about":[{"href":"https:\/\/sisu.ut.ee\/zrpildid\/wp-json\/wp\/v2\/types\/page"}],"author":[{"embeddable":true,"href":"https:\/\/sisu.ut.ee\/zrpildid\/wp-json\/wp\/v2\/users\/88"}],"replies":[{"embeddable":true,"href":"https:\/\/sisu.ut.ee\/zrpildid\/wp-json\/wp\/v2\/comments?post=14"}],"version-history":[{"count":3,"href":"https:\/\/sisu.ut.ee\/zrpildid\/wp-json\/wp\/v2\/pages\/14\/revisions"}],"predecessor-version":[{"id":4447,"href":"https:\/\/sisu.ut.ee\/zrpildid\/wp-json\/wp\/v2\/pages\/14\/revisions\/4447"}],"wp:attachment":[{"href":"https:\/\/sisu.ut.ee\/zrpildid\/wp-json\/wp\/v2\/media?parent=14"}],"curies":[{"name":"wp","href":"https:\/\/api.w.org\/{rel}","templated":true}]}}