{"id":13,"date":"2024-04-04T05:56:30","date_gmt":"2024-04-04T02:56:30","guid":{"rendered":"https:\/\/sisu.ut.ee\/zrpildid\/2015-2\/"},"modified":"2024-04-04T06:07:10","modified_gmt":"2024-04-04T03:07:10","slug":"2015-2","status":"publish","type":"page","link":"https:\/\/sisu.ut.ee\/zrpildid\/2015-2\/","title":{"rendered":"2015"},"content":{"rendered":"<p>\n\t<span style=\"font-size:16px\"><span style=\"font-family:Verdana,Geneva,sans-serif\"><a data-url=\"https:\/\/sisu.ut.ee\/zrpildid\/ojaaarse-14-16-07-2015\" href=\"https:\/\/sisu.ut.ee\/zrpildid\/ojaaarse-14-16-07-2015\" title=\"\">Oja\u00e4\u00e4rse 14.-16. juuli 2015<\/a><br><a data-url=\"https:\/\/sisu.ut.ee\/zrpildid\/ojaaarse-6-8-07-2015\" href=\"https:\/\/sisu.ut.ee\/zrpildid\/ojaaarse-6-8-07-2015\" title=\"\">Oja\u00e4\u00e4rse 6.-8. juuli 2015<\/a><br><a data-url=\"https:\/\/sisu.ut.ee\/zrpildid\/kirna-15-16-05-2015\" href=\"https:\/\/sisu.ut.ee\/zrpildid\/kirna-15-16-05-2015\" title=\"\">Kirna 15.-16. mai 2015<\/a><br><a data-url=\"https:\/\/sisu.ut.ee\/zrpildid\/palupohja-27-29-03-2015\" href=\"https:\/\/sisu.ut.ee\/zrpildid\/palupohja-27-29-03-2015\" title=\"\">Palup\u00f5hja 27.-29. m\u00e4rts 2015<\/a><br><a data-url=\"https:\/\/sisu.ut.ee\/zrpildid\/palupohja-6-8-03-2015\" href=\"https:\/\/sisu.ut.ee\/zrpildid\/palupohja-6-8-03-2015\" title=\"\">Palup\u00f5hja 6.-8. m\u00e4rts 2015<\/a><\/span><\/span>\n<\/p>\n<p>\n\t<img decoding=\"async\" alt=\"\" src=\"https:\/\/sisu.ut.ee\/wp-content\/uploads\/sites\/427\/palp-152-14.jpg\" style=\"width: 1000px;height: 667px\"><\/p>\n","protected":false},"excerpt":{"rendered":"<p>Oja\u00e4\u00e4rse 14.-16. juuli 2015Oja\u00e4\u00e4rse 6.-8. juuli 2015Kirna 15.-16. mai 2015Palup\u00f5hja 27.-29. m\u00e4rts 2015Palup\u00f5hja 6.-8. m\u00e4rts 2015<\/p>\n","protected":false},"author":88,"featured_media":0,"parent":0,"menu_order":0,"comment_status":"closed","ping_status":"closed","template":"","meta":{"_acf_changed":false,"inline_featured_image":false,"footnotes":""},"class_list":["post-13","page","type-page","status-publish","hentry"],"acf":[],"_links":{"self":[{"href":"https:\/\/sisu.ut.ee\/zrpildid\/wp-json\/wp\/v2\/pages\/13","targetHints":{"allow":["GET"]}}],"collection":[{"href":"https:\/\/sisu.ut.ee\/zrpildid\/wp-json\/wp\/v2\/pages"}],"about":[{"href":"https:\/\/sisu.ut.ee\/zrpildid\/wp-json\/wp\/v2\/types\/page"}],"author":[{"embeddable":true,"href":"https:\/\/sisu.ut.ee\/zrpildid\/wp-json\/wp\/v2\/users\/88"}],"replies":[{"embeddable":true,"href":"https:\/\/sisu.ut.ee\/zrpildid\/wp-json\/wp\/v2\/comments?post=13"}],"version-history":[{"count":1,"href":"https:\/\/sisu.ut.ee\/zrpildid\/wp-json\/wp\/v2\/pages\/13\/revisions"}],"predecessor-version":[{"id":3979,"href":"https:\/\/sisu.ut.ee\/zrpildid\/wp-json\/wp\/v2\/pages\/13\/revisions\/3979"}],"wp:attachment":[{"href":"https:\/\/sisu.ut.ee\/zrpildid\/wp-json\/wp\/v2\/media?parent=13"}],"curies":[{"name":"wp","href":"https:\/\/api.w.org\/{rel}","templated":true}]}}