{"id":126,"date":"2024-04-04T05:56:40","date_gmt":"2024-04-04T02:56:40","guid":{"rendered":"https:\/\/sisu.ut.ee\/zrpildid\/2006-2\/"},"modified":"2024-04-04T06:07:06","modified_gmt":"2024-04-04T03:07:06","slug":"2006-2","status":"publish","type":"page","link":"https:\/\/sisu.ut.ee\/zrpildid\/2006-2\/","title":{"rendered":"2006"},"content":{"rendered":"<p>\n\t<span style=\"font-size:16px\"><span style=\"font-family:Verdana,Geneva,sans-serif\"><a data-url=\"https:\/\/sisu.ut.ee\/zrpildid\/palupohja-16-17-12-2006\" href=\"https:\/\/sisu.ut.ee\/zrpildid\/palupohja-16-17-12-2006\" title=\"\">Palup\u00f5hja 16.-17. detsember 2006<\/a><\/span><\/span><br><span style=\"font-size:16px\"><span style=\"font-family:Verdana,Geneva,sans-serif\"><a data-url=\"https:\/\/sisu.ut.ee\/zrpildid\/kabli-29-09-1-10-2006\" href=\"https:\/\/sisu.ut.ee\/zrpildid\/kabli-29-09-1-10-2006\" title=\"\">Kabli 29. september \u2013 1. oktoober 2006<\/a><\/span><\/span><br><span style=\"font-size:16px\"><span style=\"font-family:Verdana,Geneva,sans-serif\"><a data-url=\"https:\/\/sisu.ut.ee\/zrpildid\/tahtvere-mets-9-04-2006\" href=\"https:\/\/sisu.ut.ee\/zrpildid\/tahtvere-mets-9-04-2006\" title=\"\">T\u00e4htvere mets 9. aprill 2006<\/a><br><a data-url=\"https:\/\/sisu.ut.ee\/zrpildid\/tahtvere-mets-8-04-2006\" href=\"https:\/\/sisu.ut.ee\/zrpildid\/tahtvere-mets-8-04-2006\" title=\"\">T\u00e4htvere mets 8. aprill 2006<\/a><br><a data-url=\"https:\/\/sisu.ut.ee\/zrpildid\/vortsjarve-19-04-2006\" href=\"https:\/\/sisu.ut.ee\/zrpildid\/vortsjarve-19-04-2006\" title=\"\">V\u00f5rtsj\u00e4rve Limnoloogiakeskus 19. aprill 2006<\/a><br><a data-url=\"https:\/\/sisu.ut.ee\/zrpildid\/kulbilohu-29-03-2006\" href=\"https:\/\/sisu.ut.ee\/zrpildid\/kulbilohu-29-03-2006\" title=\"\">Kulbilohu 29. m\u00e4rts 2006<\/a><br><a data-url=\"https:\/\/sisu.ut.ee\/zrpildid\/ihaste-23-03-2006\" href=\"https:\/\/sisu.ut.ee\/zrpildid\/ihaste-23-03-2006\" title=\"\">Ihaste 23.03.2006<\/a><br><a data-url=\"https:\/\/sisu.ut.ee\/zrpildid\/zooloogiamuuseum-marts-2006\" href=\"https:\/\/sisu.ut.ee\/zrpildid\/zooloogiamuuseum-marts-2006\" title=\"\">Zooloogiamuuseum m\u00e4rts 2006<\/a><\/span><\/span>\n<\/p>\n<p>\n\t<img decoding=\"async\" alt=\"\" src=\"https:\/\/sisu.ut.ee\/wp-content\/uploads\/sites\/427\/vj1_07.jpg\" style=\"width: 600px;height: 400px\"><\/p>\n","protected":false},"excerpt":{"rendered":"<p>Palup\u00f5hja 16.-17. detsember 2006Kabli 29. september \u2013 1. oktoober 2006T\u00e4htvere mets 9. aprill 2006T\u00e4htvere mets 8. aprill 2006V\u00f5rtsj\u00e4rve Limnoloogiakeskus 19. aprill 2006Kulbilohu 29. m\u00e4rts 2006Ihaste 23.03.2006Zooloogiamuuseum m\u00e4rts 2006<\/p>\n","protected":false},"author":88,"featured_media":0,"parent":0,"menu_order":0,"comment_status":"closed","ping_status":"closed","template":"","meta":{"_acf_changed":false,"inline_featured_image":false,"footnotes":""},"class_list":["post-126","page","type-page","status-publish","hentry"],"acf":[],"_links":{"self":[{"href":"https:\/\/sisu.ut.ee\/zrpildid\/wp-json\/wp\/v2\/pages\/126","targetHints":{"allow":["GET"]}}],"collection":[{"href":"https:\/\/sisu.ut.ee\/zrpildid\/wp-json\/wp\/v2\/pages"}],"about":[{"href":"https:\/\/sisu.ut.ee\/zrpildid\/wp-json\/wp\/v2\/types\/page"}],"author":[{"embeddable":true,"href":"https:\/\/sisu.ut.ee\/zrpildid\/wp-json\/wp\/v2\/users\/88"}],"replies":[{"embeddable":true,"href":"https:\/\/sisu.ut.ee\/zrpildid\/wp-json\/wp\/v2\/comments?post=126"}],"version-history":[{"count":1,"href":"https:\/\/sisu.ut.ee\/zrpildid\/wp-json\/wp\/v2\/pages\/126\/revisions"}],"predecessor-version":[{"id":3866,"href":"https:\/\/sisu.ut.ee\/zrpildid\/wp-json\/wp\/v2\/pages\/126\/revisions\/3866"}],"wp:attachment":[{"href":"https:\/\/sisu.ut.ee\/zrpildid\/wp-json\/wp\/v2\/media?parent=126"}],"curies":[{"name":"wp","href":"https:\/\/api.w.org\/{rel}","templated":true}]}}