{"id":125,"date":"2024-04-04T05:56:40","date_gmt":"2024-04-04T02:56:40","guid":{"rendered":"https:\/\/sisu.ut.ee\/zrpildid\/2007-2\/"},"modified":"2024-04-04T06:07:06","modified_gmt":"2024-04-04T03:07:06","slug":"2007-2","status":"publish","type":"page","link":"https:\/\/sisu.ut.ee\/zrpildid\/2007-2\/","title":{"rendered":"2007"},"content":{"rendered":"<p>\n\t<span style=\"font-size:16px\"><span style=\"font-family:Verdana,Geneva,sans-serif\"><a data-url=\"https:\/\/sisu.ut.ee\/zrpildid\/kabli-nigula-19-20-10-2007\" href=\"https:\/\/sisu.ut.ee\/zrpildid\/kabli-nigula-19-20-10-2007\" title=\"\">Kabli loodusmaja ja linnujaam ning Nigula Looduskaitseala 19.-20.10.2007<\/a><br><a data-url=\"https:\/\/sisu.ut.ee\/zrpildid\/elistvere-19-20-05-2007\" href=\"https:\/\/sisu.ut.ee\/zrpildid\/elistvere-19-20-05-2007\" title=\"\">Elistvere \u00f5ppep\u00e4evad 19.-20. mai 2007<\/a><br><a data-url=\"https:\/\/sisu.ut.ee\/zrpildid\/pohja-eesti-27-28-04-2007\" href=\"https:\/\/sisu.ut.ee\/zrpildid\/pohja-eesti-27-28-04-2007\" title=\"\">P\u00f5hja-Eesti 27.-28. aprill 2007<\/a><br><a data-url=\"https:\/\/sisu.ut.ee\/zrpildid\/palupohja-16-17-02-2007\" href=\"https:\/\/sisu.ut.ee\/zrpildid\/palupohja-16-17-02-2007\" title=\"\">Palup\u00f5hja 16.-17. veebruar 2007<\/a><br><a data-url=\"https:\/\/sisu.ut.ee\/zrpildid\/relvo-2-3-02-2007\" href=\"https:\/\/sisu.ut.ee\/zrpildid\/relvo-2-3-02-2007\" title=\"\">Relvo Sport Motell 2.-3. veebruar 2007<\/a><br><a data-url=\"https:\/\/sisu.ut.ee\/zrpildid\/palupohja-26-27-01-2007\" href=\"https:\/\/sisu.ut.ee\/zrpildid\/palupohja-26-27-01-2007\" title=\"\">Palup\u00f5hja 26.-27. jaanuar 2007<\/a><\/span><\/span>\n<\/p>\n<p>\n\t<span style=\"font-size:16px\"><span style=\"font-family:Verdana,Geneva,sans-serif\"><img decoding=\"async\" alt=\"\" src=\"https:\/\/sisu.ut.ee\/wp-content\/uploads\/sites\/427\/ka1-18.jpg\" style=\"width: 750px;height: 500px\"><\/span><\/span><\/p>\n","protected":false},"excerpt":{"rendered":"<p>Kabli loodusmaja ja linnujaam ning Nigula Looduskaitseala 19.-20.10.2007Elistvere \u00f5ppep\u00e4evad 19.-20. mai 2007P\u00f5hja-Eesti 27.-28. aprill 2007Palup\u00f5hja 16.-17. veebruar 2007Relvo Sport Motell 2.-3. veebruar 2007Palup\u00f5hja 26.-27. jaanuar 2007<\/p>\n","protected":false},"author":88,"featured_media":0,"parent":0,"menu_order":0,"comment_status":"closed","ping_status":"closed","template":"","meta":{"_acf_changed":false,"inline_featured_image":false,"footnotes":""},"class_list":["post-125","page","type-page","status-publish","hentry"],"acf":[],"_links":{"self":[{"href":"https:\/\/sisu.ut.ee\/zrpildid\/wp-json\/wp\/v2\/pages\/125","targetHints":{"allow":["GET"]}}],"collection":[{"href":"https:\/\/sisu.ut.ee\/zrpildid\/wp-json\/wp\/v2\/pages"}],"about":[{"href":"https:\/\/sisu.ut.ee\/zrpildid\/wp-json\/wp\/v2\/types\/page"}],"author":[{"embeddable":true,"href":"https:\/\/sisu.ut.ee\/zrpildid\/wp-json\/wp\/v2\/users\/88"}],"replies":[{"embeddable":true,"href":"https:\/\/sisu.ut.ee\/zrpildid\/wp-json\/wp\/v2\/comments?post=125"}],"version-history":[{"count":1,"href":"https:\/\/sisu.ut.ee\/zrpildid\/wp-json\/wp\/v2\/pages\/125\/revisions"}],"predecessor-version":[{"id":3867,"href":"https:\/\/sisu.ut.ee\/zrpildid\/wp-json\/wp\/v2\/pages\/125\/revisions\/3867"}],"wp:attachment":[{"href":"https:\/\/sisu.ut.ee\/zrpildid\/wp-json\/wp\/v2\/media?parent=125"}],"curies":[{"name":"wp","href":"https:\/\/api.w.org\/{rel}","templated":true}]}}