{"id":124,"date":"2024-04-04T05:56:40","date_gmt":"2024-04-04T02:56:40","guid":{"rendered":"https:\/\/sisu.ut.ee\/zrpildid\/pariisi-kula-6-9-06-2008\/"},"modified":"2024-04-04T06:07:06","modified_gmt":"2024-04-04T03:07:06","slug":"pariisi-kula-6-9-06-2008","status":"publish","type":"page","link":"https:\/\/sisu.ut.ee\/zrpildid\/pariisi-kula-6-9-06-2008\/","title":{"rendered":"Pariisi k\u00fcla, L\u00e4\u00e4ne-Virumaa 6.-9. juuni 2008"},"content":{"rendered":"<p>\r\n\t<span style=\"font-family:Verdana,Geneva,sans-serif\">Loodusmaja suvelaager<\/span>\r\n<\/p>\r\n\r\n<p>\r\n\t<img decoding=\"async\" alt=\"\" src=\"https:\/\/sisu.ut.ee\/wp-content\/uploads\/sites\/427\/par_11.jpg\" style=\"width: 750px;height: 500px\">\r\n<\/p>\r\n<br><figure class=\"wp-block-gallery has-nested-images columns-3 is-cropped wp-block-gallery-1 is-layout-flex wp-block-gallery-is-layout-flex\"><figure class=\"wp-block-image size-large\"><a href=\"https:\/\/sisu.ut.ee\/wp-content\/uploads\/sites\/427\/par_00a.jpg\"><img decoding=\"async\" data-id=\"2527\" src=\"https:\/\/sisu.ut.ee\/wp-content\/uploads\/sites\/427\/par_00a.jpg\" alt=\"\" class=\"wp-ima\"><\/a><\/figure><figure class=\"wp-block-image size-large\"><a href=\"https:\/\/sisu.ut.ee\/wp-content\/uploads\/sites\/427\/par_00b.jpg\"><img decoding=\"async\" data-id=\"2528\" src=\"https:\/\/sisu.ut.ee\/wp-content\/uploads\/sites\/427\/par_00b.jpg\" alt=\"\" class=\"wp-ima\"><\/a><\/figure><figure class=\"wp-block-image size-large\"><a href=\"https:\/\/sisu.ut.ee\/wp-content\/uploads\/sites\/427\/par_01.jpg\"><img decoding=\"async\" data-id=\"2529\" src=\"https:\/\/sisu.ut.ee\/wp-content\/uploads\/sites\/427\/par_01.jpg\" alt=\"\" class=\"wp-ima\"><\/a><\/figure><figure class=\"wp-block-image size-large\"><a href=\"https:\/\/sisu.ut.ee\/wp-content\/uploads\/sites\/427\/par_02.jpg\"><img decoding=\"async\" data-id=\"2530\" src=\"https:\/\/sisu.ut.ee\/wp-content\/uploads\/sites\/427\/par_02.jpg\" alt=\"\" class=\"wp-ima\"><\/a><\/figure><figure class=\"wp-block-image size-large\"><a href=\"https:\/\/sisu.ut.ee\/wp-content\/uploads\/sites\/427\/par_03.jpg\"><img decoding=\"async\" data-id=\"2531\" src=\"https:\/\/sisu.ut.ee\/wp-content\/uploads\/sites\/427\/par_03.jpg\" alt=\"\" class=\"wp-ima\"><\/a><\/figure><figure class=\"wp-block-image size-large\"><a href=\"https:\/\/sisu.ut.ee\/wp-content\/uploads\/sites\/427\/par_04.jpg\"><img decoding=\"async\" data-id=\"2532\" src=\"https:\/\/sisu.ut.ee\/wp-content\/uploads\/sites\/427\/par_04.jpg\" alt=\"\" class=\"wp-ima\"><\/a><\/figure><figure class=\"wp-block-image size-large\"><a href=\"https:\/\/sisu.ut.ee\/wp-content\/uploads\/sites\/427\/par_05.jpg\"><img decoding=\"async\" data-id=\"2533\" src=\"https:\/\/sisu.ut.ee\/wp-content\/uploads\/sites\/427\/par_05.jpg\" alt=\"\" class=\"wp-ima\"><\/a><\/figure><figure class=\"wp-block-image size-large\"><a href=\"https:\/\/sisu.ut.ee\/wp-content\/uploads\/sites\/427\/par_06.jpg\"><img decoding=\"async\" data-id=\"2534\" src=\"https:\/\/sisu.ut.ee\/wp-content\/uploads\/sites\/427\/par_06.jpg\" alt=\"\" class=\"wp-ima\"><\/a><\/figure><figure class=\"wp-block-image size-large\"><a href=\"https:\/\/sisu.ut.ee\/wp-content\/uploads\/sites\/427\/par_07.jpg\"><img decoding=\"async\" data-id=\"2535\" src=\"https:\/\/sisu.ut.ee\/wp-content\/uploads\/sites\/427\/par_07.jpg\" alt=\"\" class=\"wp-ima\"><\/a><\/figure><figure class=\"wp-block-image size-large\"><a href=\"https:\/\/sisu.ut.ee\/wp-content\/uploads\/sites\/427\/par_08.jpg\"><img decoding=\"async\" data-id=\"2536\" src=\"https:\/\/sisu.ut.ee\/wp-content\/uploads\/sites\/427\/par_08.jpg\" alt=\"\" class=\"wp-ima\"><\/a><\/figure><figure class=\"wp-block-image size-large\"><a href=\"https:\/\/sisu.ut.ee\/wp-content\/uploads\/sites\/427\/par_09.jpg\"><img decoding=\"async\" data-id=\"2537\" src=\"https:\/\/sisu.ut.ee\/wp-content\/uploads\/sites\/427\/par_09.jpg\" alt=\"\" class=\"wp-ima\"><\/a><\/figure><figure class=\"wp-block-image size-large\"><a href=\"https:\/\/sisu.ut.ee\/wp-content\/uploads\/sites\/427\/par_09a.jpg\"><img decoding=\"async\" data-id=\"2538\" src=\"https:\/\/sisu.ut.ee\/wp-content\/uploads\/sites\/427\/par_09a.jpg\" alt=\"\" class=\"wp-ima\"><\/a><\/figure><figure class=\"wp-block-image size-large\"><a href=\"https:\/\/sisu.ut.ee\/wp-content\/uploads\/sites\/427\/par_10.jpg\"><img decoding=\"async\" data-id=\"2539\" src=\"https:\/\/sisu.ut.ee\/wp-content\/uploads\/sites\/427\/par_10.jpg\" alt=\"\" class=\"wp-ima\"><\/a><\/figure><figure class=\"wp-block-image size-large\"><a href=\"https:\/\/sisu.ut.ee\/wp-content\/uploads\/sites\/427\/par_10a.jpg\"><img decoding=\"async\" data-id=\"2540\" src=\"https:\/\/sisu.ut.ee\/wp-content\/uploads\/sites\/427\/par_10a.jpg\" alt=\"\" class=\"wp-ima\"><\/a><\/figure><figure class=\"wp-block-image size-large\"><a href=\"https:\/\/sisu.ut.ee\/wp-content\/uploads\/sites\/427\/par_11.jpg\"><img decoding=\"async\" data-id=\"2541\" src=\"https:\/\/sisu.ut.ee\/wp-content\/uploads\/sites\/427\/par_11.jpg\" alt=\"\" class=\"wp-ima\"><\/a><\/figure><figure class=\"wp-block-image size-large\"><a href=\"https:\/\/sisu.ut.ee\/wp-content\/uploads\/sites\/427\/par_12.jpg\"><img decoding=\"async\" data-id=\"2542\" src=\"https:\/\/sisu.ut.ee\/wp-content\/uploads\/sites\/427\/par_12.jpg\" alt=\"\" class=\"wp-ima\"><\/a><\/figure><figure class=\"wp-block-image size-large\"><a href=\"https:\/\/sisu.ut.ee\/wp-content\/uploads\/sites\/427\/par_13.jpg\"><img decoding=\"async\" data-id=\"2543\" src=\"https:\/\/sisu.ut.ee\/wp-content\/uploads\/sites\/427\/par_13.jpg\" alt=\"\" class=\"wp-ima\"><\/a><\/figure><figure class=\"wp-block-image size-large\"><a href=\"https:\/\/sisu.ut.ee\/wp-content\/uploads\/sites\/427\/par_14.jpg\"><img decoding=\"async\" data-id=\"2544\" src=\"https:\/\/sisu.ut.ee\/wp-content\/uploads\/sites\/427\/par_14.jpg\" alt=\"\" class=\"wp-ima\"><\/a><\/figure><figure class=\"wp-block-image size-large\"><a href=\"https:\/\/sisu.ut.ee\/wp-content\/uploads\/sites\/427\/par_miljon1.jpg\"><img decoding=\"async\" data-id=\"2545\" src=\"https:\/\/sisu.ut.ee\/wp-content\/uploads\/sites\/427\/par_miljon1.jpg\" alt=\"\" class=\"wp-ima\"><\/a><\/figure><figure class=\"wp-block-image size-large\"><a href=\"https:\/\/sisu.ut.ee\/wp-content\/uploads\/sites\/427\/par_15.jpg\"><img decoding=\"async\" data-id=\"2546\" src=\"https:\/\/sisu.ut.ee\/wp-content\/uploads\/sites\/427\/par_15.jpg\" alt=\"\" class=\"wp-ima\"><\/a><\/figure><figure class=\"wp-block-image size-large\"><a href=\"https:\/\/sisu.ut.ee\/wp-content\/uploads\/sites\/427\/par_16.jpg\"><img decoding=\"async\" data-id=\"2547\" src=\"https:\/\/sisu.ut.ee\/wp-content\/uploads\/sites\/427\/par_16.jpg\" alt=\"\" class=\"wp-ima\"><\/a><\/figure><figure class=\"wp-block-image size-large\"><a href=\"https:\/\/sisu.ut.ee\/wp-content\/uploads\/sites\/427\/par_17.jpg\"><img decoding=\"async\" data-id=\"2548\" src=\"https:\/\/sisu.ut.ee\/wp-content\/uploads\/sites\/427\/par_17.jpg\" alt=\"\" class=\"wp-ima\"><\/a><\/figure><figure class=\"wp-block-image size-large\"><a href=\"https:\/\/sisu.ut.ee\/wp-content\/uploads\/sites\/427\/par_18.jpg\"><img decoding=\"async\" data-id=\"2549\" src=\"https:\/\/sisu.ut.ee\/wp-content\/uploads\/sites\/427\/par_18.jpg\" alt=\"\" class=\"wp-ima\"><\/a><\/figure><figure class=\"wp-block-image size-large\"><a href=\"https:\/\/sisu.ut.ee\/wp-content\/uploads\/sites\/427\/par_19.jpg\"><img decoding=\"async\" data-id=\"2550\" src=\"https:\/\/sisu.ut.ee\/wp-content\/uploads\/sites\/427\/par_19.jpg\" alt=\"\" class=\"wp-ima\"><\/a><\/figure><figure class=\"wp-block-image size-large\"><a href=\"https:\/\/sisu.ut.ee\/wp-content\/uploads\/sites\/427\/par_20.jpg\"><img decoding=\"async\" data-id=\"2551\" src=\"https:\/\/sisu.ut.ee\/wp-content\/uploads\/sites\/427\/par_20.jpg\" alt=\"\" class=\"wp-ima\"><\/a><\/figure><figure class=\"wp-block-image size-large\"><a href=\"https:\/\/sisu.ut.ee\/wp-content\/uploads\/sites\/427\/par_21.jpg\"><img decoding=\"async\" data-id=\"2552\" src=\"https:\/\/sisu.ut.ee\/wp-content\/uploads\/sites\/427\/par_21.jpg\" alt=\"\" class=\"wp-ima\"><\/a><\/figure><figure class=\"wp-block-image size-large\"><a href=\"https:\/\/sisu.ut.ee\/wp-content\/uploads\/sites\/427\/par_22.jpg\"><img decoding=\"async\" data-id=\"2553\" src=\"https:\/\/sisu.ut.ee\/wp-content\/uploads\/sites\/427\/par_22.jpg\" alt=\"\" class=\"wp-ima\"><\/a><\/figure><figure class=\"wp-block-image size-large\"><a href=\"https:\/\/sisu.ut.ee\/wp-content\/uploads\/sites\/427\/par_23.jpg\"><img decoding=\"async\" data-id=\"2554\" src=\"https:\/\/sisu.ut.ee\/wp-content\/uploads\/sites\/427\/par_23.jpg\" alt=\"\" class=\"wp-ima\"><\/a><\/figure><figure class=\"wp-block-image size-large\"><a href=\"https:\/\/sisu.ut.ee\/wp-content\/uploads\/sites\/427\/par_24.jpg\"><img decoding=\"async\" data-id=\"2555\" src=\"https:\/\/sisu.ut.ee\/wp-content\/uploads\/sites\/427\/par_24.jpg\" alt=\"\" class=\"wp-ima\"><\/a><\/figure><figure class=\"wp-block-image size-large\"><a href=\"https:\/\/sisu.ut.ee\/wp-content\/uploads\/sites\/427\/par_25.jpg\"><img decoding=\"async\" data-id=\"2556\" src=\"https:\/\/sisu.ut.ee\/wp-content\/uploads\/sites\/427\/par_25.jpg\" alt=\"\" class=\"wp-ima\"><\/a><\/figure><figure class=\"wp-block-image size-large\"><a href=\"https:\/\/sisu.ut.ee\/wp-content\/uploads\/sites\/427\/par_26.jpg\"><img decoding=\"async\" data-id=\"2557\" src=\"https:\/\/sisu.ut.ee\/wp-content\/uploads\/sites\/427\/par_26.jpg\" alt=\"\" class=\"wp-ima\"><\/a><\/figure><figure class=\"wp-block-image size-large\"><a href=\"https:\/\/sisu.ut.ee\/wp-content\/uploads\/sites\/427\/par_27.jpg\"><img decoding=\"async\" data-id=\"2558\" src=\"https:\/\/sisu.ut.ee\/wp-content\/uploads\/sites\/427\/par_27.jpg\" alt=\"\" class=\"wp-ima\"><\/a><\/figure><figure class=\"wp-block-image size-large\"><a href=\"https:\/\/sisu.ut.ee\/wp-content\/uploads\/sites\/427\/par_28.jpg\"><img decoding=\"async\" data-id=\"2559\" src=\"https:\/\/sisu.ut.ee\/wp-content\/uploads\/sites\/427\/par_28.jpg\" alt=\"\" class=\"wp-ima\"><\/a><\/figure><figure class=\"wp-block-image size-large\"><a href=\"https:\/\/sisu.ut.ee\/wp-content\/uploads\/sites\/427\/par_29.jpg\"><img decoding=\"async\" data-id=\"2560\" src=\"https:\/\/sisu.ut.ee\/wp-content\/uploads\/sites\/427\/par_29.jpg\" alt=\"\" class=\"wp-ima\"><\/a><\/figure><figure class=\"wp-block-image size-large\"><a href=\"https:\/\/sisu.ut.ee\/wp-content\/uploads\/sites\/427\/par_ves1.jpg\"><img loading=\"lazy\" decoding=\"async\" width=\"750\" height=\"500\" data-id=\"2561\" src=\"https:\/\/sisu.ut.ee\/wp-content\/uploads\/sites\/427\/par_ves1.jpg\" alt=\"t\u00e4hnikvesilik ja harivesilik\" class=\"wp-image-2561\" srcset=\"https:\/\/sisu.ut.ee\/wp-content\/uploads\/sites\/427\/par_ves1.jpg 750w, https:\/\/sisu.ut.ee\/wp-content\/uploads\/sites\/427\/par_ves1-300x200.jpg 300w\" sizes=\"auto, (max-width: 750px) 100vw, 750px\"><\/a><figcaption class=\"wp-element-caption\">t\u00e4hnikvesilik ja harivesilik<\/figcaption><\/figure><figure class=\"wp-block-image size-large\"><a href=\"https:\/\/sisu.ut.ee\/wp-content\/uploads\/sites\/427\/par_30.jpg\"><img decoding=\"async\" data-id=\"2562\" src=\"https:\/\/sisu.ut.ee\/wp-content\/uploads\/sites\/427\/par_30.jpg\" alt=\"\" class=\"wp-ima\"><\/a><\/figure><figure class=\"wp-block-image size-large\"><a href=\"https:\/\/sisu.ut.ee\/wp-content\/uploads\/sites\/427\/par_31.jpg\"><img decoding=\"async\" data-id=\"2563\" src=\"https:\/\/sisu.ut.ee\/wp-content\/uploads\/sites\/427\/par_31.jpg\" alt=\"\" class=\"wp-ima\"><\/a><\/figure><figure class=\"wp-block-image size-large\"><a href=\"https:\/\/sisu.ut.ee\/wp-content\/uploads\/sites\/427\/par_32.jpg\"><img decoding=\"async\" data-id=\"2564\" src=\"https:\/\/sisu.ut.ee\/wp-content\/uploads\/sites\/427\/par_32.jpg\" alt=\"\" class=\"wp-ima\"><\/a><\/figure><figure class=\"wp-block-image size-large\"><a href=\"https:\/\/sisu.ut.ee\/wp-content\/uploads\/sites\/427\/par_33.jpg\"><img decoding=\"async\" data-id=\"2565\" src=\"https:\/\/sisu.ut.ee\/wp-content\/uploads\/sites\/427\/par_33.jpg\" alt=\"\" class=\"wp-ima\"><\/a><\/figure><figure class=\"wp-block-image size-large\"><a href=\"https:\/\/sisu.ut.ee\/wp-content\/uploads\/sites\/427\/par_34.jpg\"><img decoding=\"async\" data-id=\"2566\" src=\"https:\/\/sisu.ut.ee\/wp-content\/uploads\/sites\/427\/par_34.jpg\" alt=\"\" class=\"wp-ima\"><\/a><\/figure><\/figure>","protected":false},"excerpt":{"rendered":"<p>Loodusmaja suvelaager<\/p>\n","protected":false},"author":88,"featured_media":0,"parent":0,"menu_order":0,"comment_status":"closed","ping_status":"closed","template":"","meta":{"_acf_changed":false,"inline_featured_image":false,"footnotes":""},"class_list":["post-124","page","type-page","status-publish","hentry"],"acf":[],"_links":{"self":[{"href":"https:\/\/sisu.ut.ee\/zrpildid\/wp-json\/wp\/v2\/pages\/124","targetHints":{"allow":["GET"]}}],"collection":[{"href":"https:\/\/sisu.ut.ee\/zrpildid\/wp-json\/wp\/v2\/pages"}],"about":[{"href":"https:\/\/sisu.ut.ee\/zrpildid\/wp-json\/wp\/v2\/types\/page"}],"author":[{"embeddable":true,"href":"https:\/\/sisu.ut.ee\/zrpildid\/wp-json\/wp\/v2\/users\/88"}],"replies":[{"embeddable":true,"href":"https:\/\/sisu.ut.ee\/zrpildid\/wp-json\/wp\/v2\/comments?post=124"}],"version-history":[{"count":2,"href":"https:\/\/sisu.ut.ee\/zrpildid\/wp-json\/wp\/v2\/pages\/124\/revisions"}],"predecessor-version":[{"id":4028,"href":"https:\/\/sisu.ut.ee\/zrpildid\/wp-json\/wp\/v2\/pages\/124\/revisions\/4028"}],"wp:attachment":[{"href":"https:\/\/sisu.ut.ee\/zrpildid\/wp-json\/wp\/v2\/media?parent=124"}],"curies":[{"name":"wp","href":"https:\/\/api.w.org\/{rel}","templated":true}]}}