{"id":122,"date":"2024-04-04T05:56:40","date_gmt":"2024-04-04T02:56:40","guid":{"rendered":"https:\/\/sisu.ut.ee\/zrpildid\/linnalinnulaupaevak-tartu-botaanikaaias-9042005\/"},"modified":"2024-04-04T06:07:06","modified_gmt":"2024-04-04T03:07:06","slug":"linnalinnulaupaevak-tartu-botaanikaaias-9042005","status":"publish","type":"page","link":"https:\/\/sisu.ut.ee\/zrpildid\/linnalinnulaupaevak-tartu-botaanikaaias-9042005\/","title":{"rendered":"Linnalinnulaup\u00e4evak (LiLILa) T\u00dc botaanikaaias  9. aprill 2005"},"content":{"rendered":"<img decoding=\"async\" alt=\"\" src=\"https:\/\/sisu.ut.ee\/wp-content\/uploads\/sites\/427\/l-kastid02.jpg\" style=\"width: 600px;height: 450px\"><br>\u00a0<br><figure class=\"wp-block-gallery has-nested-images columns-3 is-cropped wp-block-gallery-1 is-layout-flex wp-block-gallery-is-layout-flex\"><figure class=\"wp-block-image size-large\"><a href=\"https:\/\/sisu.ut.ee\/wp-content\/uploads\/sites\/427\/l-koos01.jpg\"><img decoding=\"async\" data-id=\"2512\" src=\"https:\/\/sisu.ut.ee\/wp-content\/uploads\/sites\/427\/l-koos01.jpg\" alt=\"\" class=\"wp-ima\"><\/a><\/figure><figure class=\"wp-block-image size-large\"><a href=\"https:\/\/sisu.ut.ee\/wp-content\/uploads\/sites\/427\/l-konn.jpg\"><img loading=\"lazy\" decoding=\"async\" width=\"600\" height=\"450\" data-id=\"2513\" src=\"https:\/\/sisu.ut.ee\/wp-content\/uploads\/sites\/427\/l-konn.jpg\" alt=\"Roheline konn\" class=\"wp-image-2513\" srcset=\"https:\/\/sisu.ut.ee\/wp-content\/uploads\/sites\/427\/l-konn.jpg 600w, https:\/\/sisu.ut.ee\/wp-content\/uploads\/sites\/427\/l-konn-300x225.jpg 300w\" sizes=\"auto, (max-width: 600px) 100vw, 600px\"><\/a><figcaption class=\"wp-element-caption\">Roheline konn<\/figcaption><\/figure><figure class=\"wp-block-image size-large\"><a href=\"https:\/\/sisu.ut.ee\/wp-content\/uploads\/sites\/427\/l-muna01.jpg\"><img loading=\"lazy\" decoding=\"async\" width=\"600\" height=\"450\" data-id=\"2514\" src=\"https:\/\/sisu.ut.ee\/wp-content\/uploads\/sites\/427\/l-muna01.jpg\" alt=\"Munaveeretamise v\u00f5istlus\" class=\"wp-image-2514\" srcset=\"https:\/\/sisu.ut.ee\/wp-content\/uploads\/sites\/427\/l-muna01.jpg 600w, https:\/\/sisu.ut.ee\/wp-content\/uploads\/sites\/427\/l-muna01-300x225.jpg 300w\" sizes=\"auto, (max-width: 600px) 100vw, 600px\"><\/a><figcaption class=\"wp-element-caption\">Munaveeretamise v\u00f5istlus<\/figcaption><\/figure><figure class=\"wp-block-image size-large\"><a href=\"https:\/\/sisu.ut.ee\/wp-content\/uploads\/sites\/427\/l-muna02.jpg\"><img loading=\"lazy\" decoding=\"async\" width=\"600\" height=\"450\" data-id=\"2515\" src=\"https:\/\/sisu.ut.ee\/wp-content\/uploads\/sites\/427\/l-muna02.jpg\" alt=\"Auhinnad olid magusad!\" class=\"wp-image-2515\" srcset=\"https:\/\/sisu.ut.ee\/wp-content\/uploads\/sites\/427\/l-muna02.jpg 600w, https:\/\/sisu.ut.ee\/wp-content\/uploads\/sites\/427\/l-muna02-300x225.jpg 300w\" sizes=\"auto, (max-width: 600px) 100vw, 600px\"><\/a><figcaption class=\"wp-element-caption\">Auhinnad olid magusad!<\/figcaption><\/figure><figure class=\"wp-block-image size-large\"><a href=\"https:\/\/sisu.ut.ee\/wp-content\/uploads\/sites\/427\/l-kastid03.jpg\"><img decoding=\"async\" data-id=\"2516\" src=\"https:\/\/sisu.ut.ee\/wp-content\/uploads\/sites\/427\/l-kastid03.jpg\" alt=\"\" class=\"wp-ima\"><\/a><\/figure><figure class=\"wp-block-image size-large\"><a href=\"https:\/\/sisu.ut.ee\/wp-content\/uploads\/sites\/427\/l-kastid02.jpg\"><img decoding=\"async\" data-id=\"2517\" src=\"https:\/\/sisu.ut.ee\/wp-content\/uploads\/sites\/427\/l-kastid02.jpg\" alt=\"\" class=\"wp-ima\"><\/a><\/figure><figure class=\"wp-block-image size-large\"><a href=\"https:\/\/sisu.ut.ee\/wp-content\/uploads\/sites\/427\/l-kastid01.jpg\"><img decoding=\"async\" data-id=\"2518\" src=\"https:\/\/sisu.ut.ee\/wp-content\/uploads\/sites\/427\/l-kastid01.jpg\" alt=\"\" class=\"wp-ima\"><\/a><\/figure><figure class=\"wp-block-image size-large\"><a href=\"https:\/\/sisu.ut.ee\/wp-content\/uploads\/sites\/427\/l-allar01.jpg\"><img decoding=\"async\" data-id=\"2519\" src=\"https:\/\/sisu.ut.ee\/wp-content\/uploads\/sites\/427\/l-allar01.jpg\" alt=\"\" class=\"wp-ima\"><\/a><\/figure><figure class=\"wp-block-image size-large\"><a href=\"https:\/\/sisu.ut.ee\/wp-content\/uploads\/sites\/427\/l-kastid04.jpg\"><img decoding=\"async\" data-id=\"2520\" src=\"https:\/\/sisu.ut.ee\/wp-content\/uploads\/sites\/427\/l-kastid04.jpg\" alt=\"\" class=\"wp-ima\"><\/a><\/figure><figure class=\"wp-block-image size-large\"><a href=\"https:\/\/sisu.ut.ee\/wp-content\/uploads\/sites\/427\/l-andero-andre02.jpg\"><img loading=\"lazy\" decoding=\"async\" width=\"600\" height=\"450\" data-id=\"2521\" src=\"https:\/\/sisu.ut.ee\/wp-content\/uploads\/sites\/427\/l-andero-andre02.jpg\" alt=\"LiLILa\" class=\"wp-image-2521\" srcset=\"https:\/\/sisu.ut.ee\/wp-content\/uploads\/sites\/427\/l-andero-andre02.jpg 600w, https:\/\/sisu.ut.ee\/wp-content\/uploads\/sites\/427\/l-andero-andre02-300x225.jpg 300w\" sizes=\"auto, (max-width: 600px) 100vw, 600px\"><\/a><figcaption class=\"wp-element-caption\">LiLILa<\/figcaption><\/figure><figure class=\"wp-block-image size-large\"><a href=\"https:\/\/sisu.ut.ee\/wp-content\/uploads\/sites\/427\/l-kastid05.jpg\"><img loading=\"lazy\" decoding=\"async\" width=\"600\" height=\"450\" data-id=\"2522\" src=\"https:\/\/sisu.ut.ee\/wp-content\/uploads\/sites\/427\/l-kastid05.jpg\" alt=\"Hernesupist sai m\u00f5nusa k\u00f5hut\u00e4ie\" class=\"wp-image-2522\" srcset=\"https:\/\/sisu.ut.ee\/wp-content\/uploads\/sites\/427\/l-kastid05.jpg 600w, https:\/\/sisu.ut.ee\/wp-content\/uploads\/sites\/427\/l-kastid05-300x225.jpg 300w\" sizes=\"auto, (max-width: 600px) 100vw, 600px\"><\/a><figcaption class=\"wp-element-caption\">Hernesupist sai m\u00f5nusa k\u00f5hut\u00e4ie<\/figcaption><\/figure><figure class=\"wp-block-image size-large\"><a href=\"https:\/\/sisu.ut.ee\/wp-content\/uploads\/sites\/427\/l-kastid06.jpg\"><img decoding=\"async\" data-id=\"2523\" src=\"https:\/\/sisu.ut.ee\/wp-content\/uploads\/sites\/427\/l-kastid06.jpg\" alt=\"\" class=\"wp-ima\"><\/a><\/figure><figure class=\"wp-block-image size-large\"><a href=\"https:\/\/sisu.ut.ee\/wp-content\/uploads\/sites\/427\/l-koos02.jpg\"><img decoding=\"async\" data-id=\"2524\" src=\"https:\/\/sisu.ut.ee\/wp-content\/uploads\/sites\/427\/l-koos02.jpg\" alt=\"\" class=\"wp-ima\"><\/a><\/figure><figure class=\"wp-block-image size-large\"><a href=\"https:\/\/sisu.ut.ee\/wp-content\/uploads\/sites\/427\/l-valmis01.jpg\"><img loading=\"lazy\" decoding=\"async\" width=\"600\" height=\"450\" data-id=\"2525\" src=\"https:\/\/sisu.ut.ee\/wp-content\/uploads\/sites\/427\/l-valmis01.jpg\" alt=\"L\u00f5puks riputasime pesakastid Toomem\u00e4ele \u00fcles\" class=\"wp-image-2525\" srcset=\"https:\/\/sisu.ut.ee\/wp-content\/uploads\/sites\/427\/l-valmis01.jpg 600w, https:\/\/sisu.ut.ee\/wp-content\/uploads\/sites\/427\/l-valmis01-300x225.jpg 300w\" sizes=\"auto, (max-width: 600px) 100vw, 600px\"><\/a><figcaption class=\"wp-element-caption\">L\u00f5puks riputasime pesakastid Toomem\u00e4ele \u00fcles<\/figcaption><\/figure><figure class=\"wp-block-image size-large\"><a href=\"https:\/\/sisu.ut.ee\/wp-content\/uploads\/sites\/427\/l-valmis02.jpg\"><img loading=\"lazy\" decoding=\"async\" width=\"600\" height=\"450\" data-id=\"2526\" src=\"https:\/\/sisu.ut.ee\/wp-content\/uploads\/sites\/427\/l-valmis02.jpg\" alt=\"J\u00e4\u00e4b vaid \u00fc\u00fcrilisi oodata!\" class=\"wp-image-2526\" srcset=\"https:\/\/sisu.ut.ee\/wp-content\/uploads\/sites\/427\/l-valmis02.jpg 600w, https:\/\/sisu.ut.ee\/wp-content\/uploads\/sites\/427\/l-valmis02-300x225.jpg 300w\" sizes=\"auto, (max-width: 600px) 100vw, 600px\"><\/a><figcaption class=\"wp-element-caption\">J\u00e4\u00e4b vaid \u00fc\u00fcrilisi oodata!<\/figcaption><\/figure><\/figure>","protected":false},"excerpt":{"rendered":"<p>\u00a0<\/p>\n","protected":false},"author":88,"featured_media":0,"parent":0,"menu_order":0,"comment_status":"closed","ping_status":"closed","template":"","meta":{"_acf_changed":false,"inline_featured_image":false,"footnotes":""},"class_list":["post-122","page","type-page","status-publish","hentry"],"acf":[],"_links":{"self":[{"href":"https:\/\/sisu.ut.ee\/zrpildid\/wp-json\/wp\/v2\/pages\/122","targetHints":{"allow":["GET"]}}],"collection":[{"href":"https:\/\/sisu.ut.ee\/zrpildid\/wp-json\/wp\/v2\/pages"}],"about":[{"href":"https:\/\/sisu.ut.ee\/zrpildid\/wp-json\/wp\/v2\/types\/page"}],"author":[{"embeddable":true,"href":"https:\/\/sisu.ut.ee\/zrpildid\/wp-json\/wp\/v2\/users\/88"}],"replies":[{"embeddable":true,"href":"https:\/\/sisu.ut.ee\/zrpildid\/wp-json\/wp\/v2\/comments?post=122"}],"version-history":[{"count":2,"href":"https:\/\/sisu.ut.ee\/zrpildid\/wp-json\/wp\/v2\/pages\/122\/revisions"}],"predecessor-version":[{"id":4029,"href":"https:\/\/sisu.ut.ee\/zrpildid\/wp-json\/wp\/v2\/pages\/122\/revisions\/4029"}],"wp:attachment":[{"href":"https:\/\/sisu.ut.ee\/zrpildid\/wp-json\/wp\/v2\/media?parent=122"}],"curies":[{"name":"wp","href":"https:\/\/api.w.org\/{rel}","templated":true}]}}