{"id":120,"date":"2024-04-04T05:56:40","date_gmt":"2024-04-04T02:56:40","guid":{"rendered":"https:\/\/sisu.ut.ee\/zrpildid\/emajoe-aares-ja-tahtvere-mets-kevad-2005\/"},"modified":"2024-04-04T06:07:06","modified_gmt":"2024-04-04T03:07:06","slug":"emajoe-aares-ja-tahtvere-mets-kevad-2005","status":"publish","type":"page","link":"https:\/\/sisu.ut.ee\/zrpildid\/emajoe-aares-ja-tahtvere-mets-kevad-2005\/","title":{"rendered":"Emaj\u00f5e \u00e4\u00e4res 5. mai 2005 ja T\u00e4htvere metsas 19. aprill 2005"},"content":{"rendered":"<img decoding=\"async\" alt=\"\" src=\"https:\/\/sisu.ut.ee\/wp-content\/uploads\/sites\/427\/em05.jpg\" style=\"width: 600px;height: 450px\"><br>\u00a0<br><figure class=\"wp-block-gallery has-nested-images columns-3 is-cropped wp-block-gallery-1 is-layout-flex wp-block-gallery-is-layout-flex\"><figure class=\"wp-block-image size-large\"><a href=\"https:\/\/sisu.ut.ee\/wp-content\/uploads\/sites\/427\/emj01.jpg\"><img decoding=\"async\" data-id=\"2482\" src=\"https:\/\/sisu.ut.ee\/wp-content\/uploads\/sites\/427\/emj01.jpg\" alt=\"\" class=\"wp-ima\"><\/a><\/figure><figure class=\"wp-block-image size-large\"><a href=\"https:\/\/sisu.ut.ee\/wp-content\/uploads\/sites\/427\/emj02.jpg\"><img decoding=\"async\" data-id=\"2483\" src=\"https:\/\/sisu.ut.ee\/wp-content\/uploads\/sites\/427\/emj02.jpg\" alt=\"\" class=\"wp-ima\"><\/a><\/figure><figure class=\"wp-block-image size-large\"><a href=\"https:\/\/sisu.ut.ee\/wp-content\/uploads\/sites\/427\/emj03.jpg\"><img decoding=\"async\" data-id=\"2484\" src=\"https:\/\/sisu.ut.ee\/wp-content\/uploads\/sites\/427\/emj03.jpg\" alt=\"\" class=\"wp-ima\"><\/a><\/figure><figure class=\"wp-block-image size-large\"><a href=\"https:\/\/sisu.ut.ee\/wp-content\/uploads\/sites\/427\/em01.jpg\"><img decoding=\"async\" data-id=\"2485\" src=\"https:\/\/sisu.ut.ee\/wp-content\/uploads\/sites\/427\/em01.jpg\" alt=\"\" class=\"wp-ima\"><\/a><\/figure><figure class=\"wp-block-image size-large\"><a href=\"https:\/\/sisu.ut.ee\/wp-content\/uploads\/sites\/427\/em02.jpg\"><img decoding=\"async\" data-id=\"2486\" src=\"https:\/\/sisu.ut.ee\/wp-content\/uploads\/sites\/427\/em02.jpg\" alt=\"\" class=\"wp-ima\"><\/a><\/figure><figure class=\"wp-block-image size-large\"><a href=\"https:\/\/sisu.ut.ee\/wp-content\/uploads\/sites\/427\/em03.jpg\"><img decoding=\"async\" data-id=\"2487\" src=\"https:\/\/sisu.ut.ee\/wp-content\/uploads\/sites\/427\/em03.jpg\" alt=\"\" class=\"wp-ima\"><\/a><\/figure><figure class=\"wp-block-image size-large\"><a href=\"https:\/\/sisu.ut.ee\/wp-content\/uploads\/sites\/427\/em04.jpg\"><img decoding=\"async\" data-id=\"2488\" src=\"https:\/\/sisu.ut.ee\/wp-content\/uploads\/sites\/427\/em04.jpg\" alt=\"\" class=\"wp-ima\"><\/a><\/figure><figure class=\"wp-block-image size-large\"><a href=\"https:\/\/sisu.ut.ee\/wp-content\/uploads\/sites\/427\/em05.jpg\"><img decoding=\"async\" data-id=\"2489\" src=\"https:\/\/sisu.ut.ee\/wp-content\/uploads\/sites\/427\/em05.jpg\" alt=\"\" class=\"wp-ima\"><\/a><\/figure><figure class=\"wp-block-image size-large\"><a href=\"https:\/\/sisu.ut.ee\/wp-content\/uploads\/sites\/427\/em06.jpg\"><img decoding=\"async\" data-id=\"2490\" src=\"https:\/\/sisu.ut.ee\/wp-content\/uploads\/sites\/427\/em06.jpg\" alt=\"\" class=\"wp-ima\"><\/a><\/figure><figure class=\"wp-block-image size-large\"><a href=\"https:\/\/sisu.ut.ee\/wp-content\/uploads\/sites\/427\/em07.jpg\"><img decoding=\"async\" data-id=\"2491\" src=\"https:\/\/sisu.ut.ee\/wp-content\/uploads\/sites\/427\/em07.jpg\" alt=\"\" class=\"wp-ima\"><\/a><\/figure><figure class=\"wp-block-image size-large\"><a href=\"https:\/\/sisu.ut.ee\/wp-content\/uploads\/sites\/427\/em08.jpg\"><img decoding=\"async\" data-id=\"2492\" src=\"https:\/\/sisu.ut.ee\/wp-content\/uploads\/sites\/427\/em08.jpg\" alt=\"\" class=\"wp-ima\"><\/a><\/figure><figure class=\"wp-block-image size-large\"><a href=\"https:\/\/sisu.ut.ee\/wp-content\/uploads\/sites\/427\/em09.jpg\"><img decoding=\"async\" data-id=\"2493\" src=\"https:\/\/sisu.ut.ee\/wp-content\/uploads\/sites\/427\/em09.jpg\" alt=\"\" class=\"wp-ima\"><\/a><\/figure><figure class=\"wp-block-image size-large\"><a href=\"https:\/\/sisu.ut.ee\/wp-content\/uploads\/sites\/427\/tah01.jpg\"><img decoding=\"async\" data-id=\"2494\" src=\"https:\/\/sisu.ut.ee\/wp-content\/uploads\/sites\/427\/tah01.jpg\" alt=\"\" class=\"wp-ima\"><\/a><\/figure><figure class=\"wp-block-image size-large\"><a href=\"https:\/\/sisu.ut.ee\/wp-content\/uploads\/sites\/427\/tah02.jpg\"><img decoding=\"async\" data-id=\"2495\" src=\"https:\/\/sisu.ut.ee\/wp-content\/uploads\/sites\/427\/tah02.jpg\" alt=\"\" class=\"wp-ima\"><\/a><\/figure><figure class=\"wp-block-image size-large\"><a href=\"https:\/\/sisu.ut.ee\/wp-content\/uploads\/sites\/427\/tah03.jpg\"><img decoding=\"async\" data-id=\"2496\" src=\"https:\/\/sisu.ut.ee\/wp-content\/uploads\/sites\/427\/tah03.jpg\" alt=\"\" class=\"wp-ima\"><\/a><\/figure><\/figure>","protected":false},"excerpt":{"rendered":"<p>\u00a0<\/p>\n","protected":false},"author":88,"featured_media":0,"parent":0,"menu_order":0,"comment_status":"closed","ping_status":"closed","template":"","meta":{"_acf_changed":false,"inline_featured_image":false,"footnotes":""},"class_list":["post-120","page","type-page","status-publish","hentry"],"acf":[],"_links":{"self":[{"href":"https:\/\/sisu.ut.ee\/zrpildid\/wp-json\/wp\/v2\/pages\/120","targetHints":{"allow":["GET"]}}],"collection":[{"href":"https:\/\/sisu.ut.ee\/zrpildid\/wp-json\/wp\/v2\/pages"}],"about":[{"href":"https:\/\/sisu.ut.ee\/zrpildid\/wp-json\/wp\/v2\/types\/page"}],"author":[{"embeddable":true,"href":"https:\/\/sisu.ut.ee\/zrpildid\/wp-json\/wp\/v2\/users\/88"}],"replies":[{"embeddable":true,"href":"https:\/\/sisu.ut.ee\/zrpildid\/wp-json\/wp\/v2\/comments?post=120"}],"version-history":[{"count":2,"href":"https:\/\/sisu.ut.ee\/zrpildid\/wp-json\/wp\/v2\/pages\/120\/revisions"}],"predecessor-version":[{"id":4031,"href":"https:\/\/sisu.ut.ee\/zrpildid\/wp-json\/wp\/v2\/pages\/120\/revisions\/4031"}],"wp:attachment":[{"href":"https:\/\/sisu.ut.ee\/zrpildid\/wp-json\/wp\/v2\/media?parent=120"}],"curies":[{"name":"wp","href":"https:\/\/api.w.org\/{rel}","templated":true}]}}