{"id":12,"date":"2024-04-04T05:56:30","date_gmt":"2024-04-04T02:56:30","guid":{"rendered":"https:\/\/sisu.ut.ee\/zrpildid\/2018-2\/"},"modified":"2024-04-04T06:07:10","modified_gmt":"2024-04-04T03:07:10","slug":"2018-2","status":"publish","type":"page","link":"https:\/\/sisu.ut.ee\/zrpildid\/2018-2\/","title":{"rendered":"2018"},"content":{"rendered":"<p>\n\t<span style=\"font-family:Verdana,Geneva,sans-serif\"><span style=\"font-size:16px\"><a href=\"https:\/\/sisu.ut.ee\/zrpildid\/palupohja-14-16-08-2018\" title=\"\">Palup\u00f5hja 14.-16.08.2018<\/a><br><a href=\"https:\/\/sisu.ut.ee\/zrpildid\/palupohja-7-9-08-2018\" title=\"\">Palup\u00f5hja 7.-9.08.2018<\/a><br><a href=\"https:\/\/sisu.ut.ee\/zrpildid\/palupohja-17-18-02-2018\" title=\"\">Palup\u00f5hja 17.-18.02.2018<\/a><br><a href=\"https:\/\/sisu.ut.ee\/zrpildid\/palupohja-20-21-01-2018\" title=\"\">Palup\u00f5hja 20.-21.01.2018<\/a><\/span><\/span>\n<\/p>\n<p>\n\t<img decoding=\"async\" alt=\"\" src=\"https:\/\/sisu.ut.ee\/wp-content\/uploads\/sites\/427\/papo-3-15.jpg\" style=\"width: 1000px;height: 667px\"><\/p>\n","protected":false},"excerpt":{"rendered":"<p>Palup\u00f5hja 14.-16.08.2018Palup\u00f5hja 7.-9.08.2018Palup\u00f5hja 17.-18.02.2018Palup\u00f5hja 20.-21.01.2018<\/p>\n","protected":false},"author":88,"featured_media":0,"parent":0,"menu_order":0,"comment_status":"closed","ping_status":"closed","template":"","meta":{"_acf_changed":false,"inline_featured_image":false,"footnotes":""},"class_list":["post-12","page","type-page","status-publish","hentry"],"acf":[],"_links":{"self":[{"href":"https:\/\/sisu.ut.ee\/zrpildid\/wp-json\/wp\/v2\/pages\/12","targetHints":{"allow":["GET"]}}],"collection":[{"href":"https:\/\/sisu.ut.ee\/zrpildid\/wp-json\/wp\/v2\/pages"}],"about":[{"href":"https:\/\/sisu.ut.ee\/zrpildid\/wp-json\/wp\/v2\/types\/page"}],"author":[{"embeddable":true,"href":"https:\/\/sisu.ut.ee\/zrpildid\/wp-json\/wp\/v2\/users\/88"}],"replies":[{"embeddable":true,"href":"https:\/\/sisu.ut.ee\/zrpildid\/wp-json\/wp\/v2\/comments?post=12"}],"version-history":[{"count":1,"href":"https:\/\/sisu.ut.ee\/zrpildid\/wp-json\/wp\/v2\/pages\/12\/revisions"}],"predecessor-version":[{"id":3980,"href":"https:\/\/sisu.ut.ee\/zrpildid\/wp-json\/wp\/v2\/pages\/12\/revisions\/3980"}],"wp:attachment":[{"href":"https:\/\/sisu.ut.ee\/zrpildid\/wp-json\/wp\/v2\/media?parent=12"}],"curies":[{"name":"wp","href":"https:\/\/api.w.org\/{rel}","templated":true}]}}