{"id":111,"date":"2024-04-04T05:56:39","date_gmt":"2024-04-04T02:56:39","guid":{"rendered":"https:\/\/sisu.ut.ee\/zrpildid\/elva-3-5-08-2005\/"},"modified":"2024-04-04T06:07:06","modified_gmt":"2024-04-04T03:07:06","slug":"elva-3-5-08-2005","status":"publish","type":"page","link":"https:\/\/sisu.ut.ee\/zrpildid\/elva-3-5-08-2005\/","title":{"rendered":"Ratastega Elva \u00fcmbruses, RMK K\u00e4bliku keskuses, Vapram\u00e4e, Vellavere 3.-5. august 2005"},"content":{"rendered":"<img decoding=\"async\" alt=\"\" src=\"https:\/\/sisu.ut.ee\/wp-content\/uploads\/sites\/427\/el02.jpg\" style=\"width: 600px;height: 400px\"><br>\u00a0<br><figure class=\"wp-block-gallery has-nested-images columns-3 is-cropped wp-block-gallery-1 is-layout-flex wp-block-gallery-is-layout-flex\"><figure class=\"wp-block-image size-large\"><a href=\"https:\/\/sisu.ut.ee\/wp-content\/uploads\/sites\/427\/el01.jpg\"><img decoding=\"async\" data-id=\"2289\" src=\"https:\/\/sisu.ut.ee\/wp-content\/uploads\/sites\/427\/el01.jpg\" alt=\"\" class=\"wp-ima\"><\/a><\/figure><figure class=\"wp-block-image size-large\"><a href=\"https:\/\/sisu.ut.ee\/wp-content\/uploads\/sites\/427\/el02.jpg\"><img decoding=\"async\" data-id=\"2290\" src=\"https:\/\/sisu.ut.ee\/wp-content\/uploads\/sites\/427\/el02.jpg\" alt=\"\" class=\"wp-ima\"><\/a><\/figure><figure class=\"wp-block-image size-large\"><a href=\"https:\/\/sisu.ut.ee\/wp-content\/uploads\/sites\/427\/el03.jpg\"><img decoding=\"async\" data-id=\"2291\" src=\"https:\/\/sisu.ut.ee\/wp-content\/uploads\/sites\/427\/el03.jpg\" alt=\"\" class=\"wp-ima\"><\/a><\/figure><figure class=\"wp-block-image size-large\"><a href=\"https:\/\/sisu.ut.ee\/wp-content\/uploads\/sites\/427\/el04.jpg\"><img decoding=\"async\" data-id=\"2292\" src=\"https:\/\/sisu.ut.ee\/wp-content\/uploads\/sites\/427\/el04.jpg\" alt=\"\" class=\"wp-ima\"><\/a><\/figure><figure class=\"wp-block-image size-large\"><a href=\"https:\/\/sisu.ut.ee\/wp-content\/uploads\/sites\/427\/el05.jpg\"><img decoding=\"async\" data-id=\"2293\" src=\"https:\/\/sisu.ut.ee\/wp-content\/uploads\/sites\/427\/el05.jpg\" alt=\"\" class=\"wp-ima\"><\/a><\/figure><figure class=\"wp-block-image size-large\"><a href=\"https:\/\/sisu.ut.ee\/wp-content\/uploads\/sites\/427\/el06.jpg\"><img decoding=\"async\" data-id=\"2294\" src=\"https:\/\/sisu.ut.ee\/wp-content\/uploads\/sites\/427\/el06.jpg\" alt=\"\" class=\"wp-ima\"><\/a><\/figure><figure class=\"wp-block-image size-large\"><a href=\"https:\/\/sisu.ut.ee\/wp-content\/uploads\/sites\/427\/el07.jpg\"><img loading=\"lazy\" decoding=\"async\" width=\"600\" height=\"400\" data-id=\"2295\" src=\"https:\/\/sisu.ut.ee\/wp-content\/uploads\/sites\/427\/el07.jpg\" alt=\"Kogrej\u00e4rv Vellaveres\" class=\"wp-image-2295\" srcset=\"https:\/\/sisu.ut.ee\/wp-content\/uploads\/sites\/427\/el07.jpg 600w, https:\/\/sisu.ut.ee\/wp-content\/uploads\/sites\/427\/el07-300x200.jpg 300w\" sizes=\"auto, (max-width: 600px) 100vw, 600px\"><\/a><figcaption class=\"wp-element-caption\">Kogrej\u00e4rv Vellaveres<\/figcaption><\/figure><figure class=\"wp-block-image size-large\"><a href=\"https:\/\/sisu.ut.ee\/wp-content\/uploads\/sites\/427\/el08.jpg\"><img loading=\"lazy\" decoding=\"async\" width=\"600\" height=\"400\" data-id=\"2296\" src=\"https:\/\/sisu.ut.ee\/wp-content\/uploads\/sites\/427\/el08.jpg\" alt=\"Rukkis\" class=\"wp-image-2296\" srcset=\"https:\/\/sisu.ut.ee\/wp-content\/uploads\/sites\/427\/el08.jpg 600w, https:\/\/sisu.ut.ee\/wp-content\/uploads\/sites\/427\/el08-300x200.jpg 300w\" sizes=\"auto, (max-width: 600px) 100vw, 600px\"><\/a><figcaption class=\"wp-element-caption\">Rukkis<\/figcaption><\/figure><figure class=\"wp-block-image size-large\"><a href=\"https:\/\/sisu.ut.ee\/wp-content\/uploads\/sites\/427\/el09.jpg\"><img decoding=\"async\" data-id=\"2297\" src=\"https:\/\/sisu.ut.ee\/wp-content\/uploads\/sites\/427\/el09.jpg\" alt=\"\" class=\"wp-ima\"><\/a><\/figure><figure class=\"wp-block-image size-large\"><a href=\"https:\/\/sisu.ut.ee\/wp-content\/uploads\/sites\/427\/el10.jpg\"><img loading=\"lazy\" decoding=\"async\" width=\"600\" height=\"400\" data-id=\"2298\" src=\"https:\/\/sisu.ut.ee\/wp-content\/uploads\/sites\/427\/el10.jpg\" alt=\"Arusisalik\" class=\"wp-image-2298\" srcset=\"https:\/\/sisu.ut.ee\/wp-content\/uploads\/sites\/427\/el10.jpg 600w, https:\/\/sisu.ut.ee\/wp-content\/uploads\/sites\/427\/el10-300x200.jpg 300w\" sizes=\"auto, (max-width: 600px) 100vw, 600px\"><\/a><figcaption class=\"wp-element-caption\">Arusisalik<\/figcaption><\/figure><figure class=\"wp-block-image size-large\"><a href=\"https:\/\/sisu.ut.ee\/wp-content\/uploads\/sites\/427\/el11.jpg\"><img decoding=\"async\" data-id=\"2299\" src=\"https:\/\/sisu.ut.ee\/wp-content\/uploads\/sites\/427\/el11.jpg\" alt=\"\" class=\"wp-ima\"><\/a><\/figure><figure class=\"wp-block-image size-large\"><a href=\"https:\/\/sisu.ut.ee\/wp-content\/uploads\/sites\/427\/el12.jpg\"><img decoding=\"async\" data-id=\"2300\" src=\"https:\/\/sisu.ut.ee\/wp-content\/uploads\/sites\/427\/el12.jpg\" alt=\"\" class=\"wp-ima\"><\/a><\/figure><\/figure>","protected":false},"excerpt":{"rendered":"<p>\u00a0<\/p>\n","protected":false},"author":88,"featured_media":0,"parent":0,"menu_order":0,"comment_status":"closed","ping_status":"closed","template":"","meta":{"_acf_changed":false,"inline_featured_image":false,"footnotes":""},"class_list":["post-111","page","type-page","status-publish","hentry"],"acf":[],"_links":{"self":[{"href":"https:\/\/sisu.ut.ee\/zrpildid\/wp-json\/wp\/v2\/pages\/111","targetHints":{"allow":["GET"]}}],"collection":[{"href":"https:\/\/sisu.ut.ee\/zrpildid\/wp-json\/wp\/v2\/pages"}],"about":[{"href":"https:\/\/sisu.ut.ee\/zrpildid\/wp-json\/wp\/v2\/types\/page"}],"author":[{"embeddable":true,"href":"https:\/\/sisu.ut.ee\/zrpildid\/wp-json\/wp\/v2\/users\/88"}],"replies":[{"embeddable":true,"href":"https:\/\/sisu.ut.ee\/zrpildid\/wp-json\/wp\/v2\/comments?post=111"}],"version-history":[{"count":2,"href":"https:\/\/sisu.ut.ee\/zrpildid\/wp-json\/wp\/v2\/pages\/111\/revisions"}],"predecessor-version":[{"id":4039,"href":"https:\/\/sisu.ut.ee\/zrpildid\/wp-json\/wp\/v2\/pages\/111\/revisions\/4039"}],"wp:attachment":[{"href":"https:\/\/sisu.ut.ee\/zrpildid\/wp-json\/wp\/v2\/media?parent=111"}],"curies":[{"name":"wp","href":"https:\/\/api.w.org\/{rel}","templated":true}]}}