{"id":110,"date":"2024-04-04T05:56:39","date_gmt":"2024-04-04T02:56:39","guid":{"rendered":"https:\/\/sisu.ut.ee\/zrpildid\/kirna-2-4-08-2016\/"},"modified":"2024-04-04T06:07:06","modified_gmt":"2024-04-04T03:07:06","slug":"kirna-2-4-08-2016","status":"publish","type":"page","link":"https:\/\/sisu.ut.ee\/zrpildid\/kirna-2-4-08-2016\/","title":{"rendered":"Kirna 2.-4. august 2016"},"content":{"rendered":"<p>\r\n\t<span style=\"font-size:14px\"><span style=\"font-family:Verdana,Geneva,sans-serif\">Zooloogiaringi laager<\/span><\/span>\r\n<\/p>\r\n\r\n<p>\r\n\t<span style=\"font-family:Verdana,Geneva,sans-serif\"><img decoding=\"async\" alt=\"\" src=\"https:\/\/sisu.ut.ee\/wp-content\/uploads\/sites\/427\/kirn1_12a_0.jpg\" style=\"width: 1000px;height: 667px\"><\/span>\r\n<\/p>\r\n<br><figure class=\"wp-block-gallery has-nested-images columns-3 is-cropped wp-block-gallery-1 is-layout-flex wp-block-gallery-is-layout-flex\"><figure class=\"wp-block-image size-large\"><a href=\"https:\/\/sisu.ut.ee\/wp-content\/uploads\/sites\/427\/kirn1_01.jpg\"><img decoding=\"async\" data-id=\"2264\" src=\"https:\/\/sisu.ut.ee\/wp-content\/uploads\/sites\/427\/kirn1_01.jpg\" alt=\"\" class=\"wp-ima\"><\/a><\/figure><figure class=\"wp-block-image size-large\"><a href=\"https:\/\/sisu.ut.ee\/wp-content\/uploads\/sites\/427\/kirn1_02.jpg\"><img decoding=\"async\" data-id=\"2265\" src=\"https:\/\/sisu.ut.ee\/wp-content\/uploads\/sites\/427\/kirn1_02.jpg\" alt=\"\" class=\"wp-ima\"><\/a><\/figure><figure class=\"wp-block-image size-large\"><a href=\"https:\/\/sisu.ut.ee\/wp-content\/uploads\/sites\/427\/kirn1_03.jpg\"><img decoding=\"async\" data-id=\"2266\" src=\"https:\/\/sisu.ut.ee\/wp-content\/uploads\/sites\/427\/kirn1_03.jpg\" alt=\"\" class=\"wp-ima\"><\/a><\/figure><figure class=\"wp-block-image size-large\"><a href=\"https:\/\/sisu.ut.ee\/wp-content\/uploads\/sites\/427\/kirn1_04.jpg\"><img decoding=\"async\" data-id=\"2267\" src=\"https:\/\/sisu.ut.ee\/wp-content\/uploads\/sites\/427\/kirn1_04.jpg\" alt=\"\" class=\"wp-ima\"><\/a><\/figure><figure class=\"wp-block-image size-large\"><a href=\"https:\/\/sisu.ut.ee\/wp-content\/uploads\/sites\/427\/kirn1_05.jpg\"><img decoding=\"async\" data-id=\"2268\" src=\"https:\/\/sisu.ut.ee\/wp-content\/uploads\/sites\/427\/kirn1_05.jpg\" alt=\"\" class=\"wp-ima\"><\/a><\/figure><figure class=\"wp-block-image size-large\"><a href=\"https:\/\/sisu.ut.ee\/wp-content\/uploads\/sites\/427\/kirn1_06.jpg\"><img decoding=\"async\" data-id=\"2269\" src=\"https:\/\/sisu.ut.ee\/wp-content\/uploads\/sites\/427\/kirn1_06.jpg\" alt=\"\" class=\"wp-ima\"><\/a><\/figure><figure class=\"wp-block-image size-large\"><a href=\"https:\/\/sisu.ut.ee\/wp-content\/uploads\/sites\/427\/kirn1_07.jpg\"><img decoding=\"async\" data-id=\"2270\" src=\"https:\/\/sisu.ut.ee\/wp-content\/uploads\/sites\/427\/kirn1_07.jpg\" alt=\"\" class=\"wp-ima\"><\/a><\/figure><figure class=\"wp-block-image size-large\"><a href=\"https:\/\/sisu.ut.ee\/wp-content\/uploads\/sites\/427\/kirn1_08.jpg\"><img decoding=\"async\" data-id=\"2271\" src=\"https:\/\/sisu.ut.ee\/wp-content\/uploads\/sites\/427\/kirn1_08.jpg\" alt=\"\" class=\"wp-ima\"><\/a><\/figure><figure class=\"wp-block-image size-large\"><a href=\"https:\/\/sisu.ut.ee\/wp-content\/uploads\/sites\/427\/kirn1_09.jpg\"><img decoding=\"async\" data-id=\"2272\" src=\"https:\/\/sisu.ut.ee\/wp-content\/uploads\/sites\/427\/kirn1_09.jpg\" alt=\"\" class=\"wp-ima\"><\/a><\/figure><figure class=\"wp-block-image size-large\"><a href=\"https:\/\/sisu.ut.ee\/wp-content\/uploads\/sites\/427\/kirn1_10.jpg\"><img loading=\"lazy\" decoding=\"async\" width=\"1000\" height=\"667\" data-id=\"2273\" src=\"https:\/\/sisu.ut.ee\/wp-content\/uploads\/sites\/427\/kirn1_10.jpg\" alt=\"Mati Martin liblikate m\u00e4\u00e4ramist juhendamas\" class=\"wp-image-2273\" srcset=\"https:\/\/sisu.ut.ee\/wp-content\/uploads\/sites\/427\/kirn1_10.jpg 1000w, https:\/\/sisu.ut.ee\/wp-content\/uploads\/sites\/427\/kirn1_10-300x200.jpg 300w, https:\/\/sisu.ut.ee\/wp-content\/uploads\/sites\/427\/kirn1_10-768x512.jpg 768w\" sizes=\"auto, (max-width: 1000px) 100vw, 1000px\"><\/a><figcaption class=\"wp-element-caption\">Mati Martin liblikate m\u00e4\u00e4ramist juhendamas<\/figcaption><\/figure><figure class=\"wp-block-image size-large\"><a href=\"https:\/\/sisu.ut.ee\/wp-content\/uploads\/sites\/427\/kirn1_11.jpg\"><img decoding=\"async\" data-id=\"2274\" src=\"https:\/\/sisu.ut.ee\/wp-content\/uploads\/sites\/427\/kirn1_11.jpg\" alt=\"\" class=\"wp-ima\"><\/a><\/figure><figure class=\"wp-block-image size-large\"><a href=\"https:\/\/sisu.ut.ee\/wp-content\/uploads\/sites\/427\/kirn1_12a.jpg\"><img decoding=\"async\" data-id=\"2275\" src=\"https:\/\/sisu.ut.ee\/wp-content\/uploads\/sites\/427\/kirn1_12a.jpg\" alt=\"\" class=\"wp-ima\"><\/a><\/figure><figure class=\"wp-block-image size-large\"><a href=\"https:\/\/sisu.ut.ee\/wp-content\/uploads\/sites\/427\/kirn1_12a.jpg\"><img decoding=\"async\" data-id=\"2275\" src=\"https:\/\/sisu.ut.ee\/wp-content\/uploads\/sites\/427\/kirn1_12a.jpg\" alt=\"\" class=\"wp-ima\"><\/a><\/figure><figure class=\"wp-block-image size-large\"><a href=\"https:\/\/sisu.ut.ee\/wp-content\/uploads\/sites\/427\/kirn1_12b.jpg\"><img decoding=\"async\" data-id=\"2277\" src=\"https:\/\/sisu.ut.ee\/wp-content\/uploads\/sites\/427\/kirn1_12b.jpg\" alt=\"\" class=\"wp-ima\"><\/a><\/figure><figure class=\"wp-block-image size-large\"><a href=\"https:\/\/sisu.ut.ee\/wp-content\/uploads\/sites\/427\/kirn1_13.jpg\"><img decoding=\"async\" data-id=\"2278\" src=\"https:\/\/sisu.ut.ee\/wp-content\/uploads\/sites\/427\/kirn1_13.jpg\" alt=\"\" class=\"wp-ima\"><\/a><\/figure><figure class=\"wp-block-image size-large\"><a href=\"https:\/\/sisu.ut.ee\/wp-content\/uploads\/sites\/427\/kirn1_14.jpg\"><img loading=\"lazy\" decoding=\"async\" width=\"1000\" height=\"667\" data-id=\"2279\" src=\"https:\/\/sisu.ut.ee\/wp-content\/uploads\/sites\/427\/kirn1_14.jpg\" alt=\"Mati Martin r\u00e4\u00e4gib p\u00e4evaliblikatest\" class=\"wp-image-2279\" srcset=\"https:\/\/sisu.ut.ee\/wp-content\/uploads\/sites\/427\/kirn1_14.jpg 1000w, https:\/\/sisu.ut.ee\/wp-content\/uploads\/sites\/427\/kirn1_14-300x200.jpg 300w, https:\/\/sisu.ut.ee\/wp-content\/uploads\/sites\/427\/kirn1_14-768x512.jpg 768w\" sizes=\"auto, (max-width: 1000px) 100vw, 1000px\"><\/a><figcaption class=\"wp-element-caption\">Mati Martin r\u00e4\u00e4gib p\u00e4evaliblikatest<\/figcaption><\/figure><figure class=\"wp-block-image size-large\"><a href=\"https:\/\/sisu.ut.ee\/wp-content\/uploads\/sites\/427\/kirn1_15.jpg\"><img decoding=\"async\" data-id=\"2280\" src=\"https:\/\/sisu.ut.ee\/wp-content\/uploads\/sites\/427\/kirn1_15.jpg\" alt=\"\" class=\"wp-ima\"><\/a><\/figure><figure class=\"wp-block-image size-large\"><a href=\"https:\/\/sisu.ut.ee\/wp-content\/uploads\/sites\/427\/kirn1_16.jpg\"><img decoding=\"async\" data-id=\"2281\" src=\"https:\/\/sisu.ut.ee\/wp-content\/uploads\/sites\/427\/kirn1_16.jpg\" alt=\"\" class=\"wp-ima\"><\/a><\/figure><figure class=\"wp-block-image size-large\"><a href=\"https:\/\/sisu.ut.ee\/wp-content\/uploads\/sites\/427\/kirn1_17.jpg\"><img decoding=\"async\" data-id=\"2282\" src=\"https:\/\/sisu.ut.ee\/wp-content\/uploads\/sites\/427\/kirn1_17.jpg\" alt=\"\" class=\"wp-ima\"><\/a><\/figure><figure class=\"wp-block-image size-large\"><a href=\"https:\/\/sisu.ut.ee\/wp-content\/uploads\/sites\/427\/kirn1_18.jpg\"><img decoding=\"async\" data-id=\"2283\" src=\"https:\/\/sisu.ut.ee\/wp-content\/uploads\/sites\/427\/kirn1_18.jpg\" alt=\"\" class=\"wp-ima\"><\/a><\/figure><figure class=\"wp-block-image size-large\"><a href=\"https:\/\/sisu.ut.ee\/wp-content\/uploads\/sites\/427\/kirn1_19.jpg\"><img decoding=\"async\" data-id=\"2284\" src=\"https:\/\/sisu.ut.ee\/wp-content\/uploads\/sites\/427\/kirn1_19.jpg\" alt=\"\" class=\"wp-ima\"><\/a><\/figure><figure class=\"wp-block-image size-large\"><a href=\"https:\/\/sisu.ut.ee\/wp-content\/uploads\/sites\/427\/kirn1_20.jpg\"><img loading=\"lazy\" decoding=\"async\" width=\"1000\" height=\"667\" data-id=\"2285\" src=\"https:\/\/sisu.ut.ee\/wp-content\/uploads\/sites\/427\/kirn1_20.jpg\" alt=\"Ohaka-pahkk\u00e4rbse pahk\" class=\"wp-image-2285\" srcset=\"https:\/\/sisu.ut.ee\/wp-content\/uploads\/sites\/427\/kirn1_20.jpg 1000w, https:\/\/sisu.ut.ee\/wp-content\/uploads\/sites\/427\/kirn1_20-300x200.jpg 300w, https:\/\/sisu.ut.ee\/wp-content\/uploads\/sites\/427\/kirn1_20-768x512.jpg 768w\" sizes=\"auto, (max-width: 1000px) 100vw, 1000px\"><\/a><figcaption class=\"wp-element-caption\">Ohaka-pahkk\u00e4rbse pahk<\/figcaption><\/figure><figure class=\"wp-block-image size-large\"><a href=\"https:\/\/sisu.ut.ee\/wp-content\/uploads\/sites\/427\/kirn1_21.jpg\"><img loading=\"lazy\" decoding=\"async\" width=\"1000\" height=\"667\" data-id=\"2286\" src=\"https:\/\/sisu.ut.ee\/wp-content\/uploads\/sites\/427\/kirn1_21.jpg\" alt=\"Ohaka-pahkk\u00e4rbse vaglad paha sees\" class=\"wp-image-2286\" srcset=\"https:\/\/sisu.ut.ee\/wp-content\/uploads\/sites\/427\/kirn1_21.jpg 1000w, https:\/\/sisu.ut.ee\/wp-content\/uploads\/sites\/427\/kirn1_21-300x200.jpg 300w, https:\/\/sisu.ut.ee\/wp-content\/uploads\/sites\/427\/kirn1_21-768x512.jpg 768w\" sizes=\"auto, (max-width: 1000px) 100vw, 1000px\"><\/a><figcaption class=\"wp-element-caption\">Ohaka-pahkk\u00e4rbse vaglad paha sees<\/figcaption><\/figure><figure class=\"wp-block-image size-large\"><a href=\"https:\/\/sisu.ut.ee\/wp-content\/uploads\/sites\/427\/kirn1_22.jpg\"><img loading=\"lazy\" decoding=\"async\" width=\"1000\" height=\"667\" data-id=\"2287\" src=\"https:\/\/sisu.ut.ee\/wp-content\/uploads\/sites\/427\/kirn1_22.jpg\" alt=\"Naeriliblika tiiva alak\u00fclg l\u00e4hivaates\" class=\"wp-image-2287\" srcset=\"https:\/\/sisu.ut.ee\/wp-content\/uploads\/sites\/427\/kirn1_22.jpg 1000w, https:\/\/sisu.ut.ee\/wp-content\/uploads\/sites\/427\/kirn1_22-300x200.jpg 300w, https:\/\/sisu.ut.ee\/wp-content\/uploads\/sites\/427\/kirn1_22-768x512.jpg 768w\" sizes=\"auto, (max-width: 1000px) 100vw, 1000px\"><\/a><figcaption class=\"wp-element-caption\">Naeriliblika tiiva alak\u00fclg l\u00e4hivaates<\/figcaption><\/figure><figure class=\"wp-block-image size-large\"><a href=\"https:\/\/sisu.ut.ee\/wp-content\/uploads\/sites\/427\/kirn1_23.jpg\"><img loading=\"lazy\" decoding=\"async\" width=\"1000\" height=\"667\" data-id=\"2288\" src=\"https:\/\/sisu.ut.ee\/wp-content\/uploads\/sites\/427\/kirn1_23.jpg\" alt=\"Kuututlase r\u00f6\u00f6vikud\" class=\"wp-image-2288\" srcset=\"https:\/\/sisu.ut.ee\/wp-content\/uploads\/sites\/427\/kirn1_23.jpg 1000w, https:\/\/sisu.ut.ee\/wp-content\/uploads\/sites\/427\/kirn1_23-300x200.jpg 300w, https:\/\/sisu.ut.ee\/wp-content\/uploads\/sites\/427\/kirn1_23-768x512.jpg 768w\" sizes=\"auto, (max-width: 1000px) 100vw, 1000px\"><\/a><figcaption class=\"wp-element-caption\">Kuututlase r\u00f6\u00f6vikud<\/figcaption><\/figure><\/figure>","protected":false},"excerpt":{"rendered":"<p>Zooloogiaringi laager<\/p>\n","protected":false},"author":88,"featured_media":0,"parent":0,"menu_order":0,"comment_status":"closed","ping_status":"closed","template":"","meta":{"_acf_changed":false,"inline_featured_image":false,"footnotes":""},"class_list":["post-110","page","type-page","status-publish","hentry"],"acf":[],"_links":{"self":[{"href":"https:\/\/sisu.ut.ee\/zrpildid\/wp-json\/wp\/v2\/pages\/110","targetHints":{"allow":["GET"]}}],"collection":[{"href":"https:\/\/sisu.ut.ee\/zrpildid\/wp-json\/wp\/v2\/pages"}],"about":[{"href":"https:\/\/sisu.ut.ee\/zrpildid\/wp-json\/wp\/v2\/types\/page"}],"author":[{"embeddable":true,"href":"https:\/\/sisu.ut.ee\/zrpildid\/wp-json\/wp\/v2\/users\/88"}],"replies":[{"embeddable":true,"href":"https:\/\/sisu.ut.ee\/zrpildid\/wp-json\/wp\/v2\/comments?post=110"}],"version-history":[{"count":2,"href":"https:\/\/sisu.ut.ee\/zrpildid\/wp-json\/wp\/v2\/pages\/110\/revisions"}],"predecessor-version":[{"id":4040,"href":"https:\/\/sisu.ut.ee\/zrpildid\/wp-json\/wp\/v2\/pages\/110\/revisions\/4040"}],"wp:attachment":[{"href":"https:\/\/sisu.ut.ee\/zrpildid\/wp-json\/wp\/v2\/media?parent=110"}],"curies":[{"name":"wp","href":"https:\/\/api.w.org\/{rel}","templated":true}]}}