{"id":109,"date":"2024-04-04T05:56:39","date_gmt":"2024-04-04T02:56:39","guid":{"rendered":"https:\/\/sisu.ut.ee\/zrpildid\/kirna-9-11-08-2016\/"},"modified":"2024-04-04T06:07:06","modified_gmt":"2024-04-04T03:07:06","slug":"kirna-9-11-08-2016","status":"publish","type":"page","link":"https:\/\/sisu.ut.ee\/zrpildid\/kirna-9-11-08-2016\/","title":{"rendered":"Kirna 9.-11. august 2016"},"content":{"rendered":"<p>\r\n\t<span style=\"font-size:14px\"><span style=\"font-family:Verdana,Geneva,sans-serif\">zooloogiaringi laager<\/span><\/span>\r\n<\/p>\r\n\r\n<p>\r\n\t<img decoding=\"async\" alt=\"\" src=\"https:\/\/sisu.ut.ee\/wp-content\/uploads\/sites\/427\/kirn2_01.jpg\" style=\"width: 1000px;height: 667px\">\r\n<\/p>\r\n<br><figure class=\"wp-block-gallery has-nested-images columns-3 is-cropped wp-block-gallery-1 is-layout-flex wp-block-gallery-is-layout-flex\"><figure class=\"wp-block-image size-large\"><a href=\"https:\/\/sisu.ut.ee\/wp-content\/uploads\/sites\/427\/kirn2_01.jpg\"><img decoding=\"async\" data-id=\"2234\" src=\"https:\/\/sisu.ut.ee\/wp-content\/uploads\/sites\/427\/kirn2_01.jpg\" alt=\"\" class=\"wp-ima\"><\/a><\/figure><figure class=\"wp-block-image size-large\"><a href=\"https:\/\/sisu.ut.ee\/wp-content\/uploads\/sites\/427\/kirn2_02.jpg\"><img decoding=\"async\" data-id=\"2235\" src=\"https:\/\/sisu.ut.ee\/wp-content\/uploads\/sites\/427\/kirn2_02.jpg\" alt=\"\" class=\"wp-ima\"><\/a><\/figure><figure class=\"wp-block-image size-large\"><a href=\"https:\/\/sisu.ut.ee\/wp-content\/uploads\/sites\/427\/kirn2_03.jpg\"><img decoding=\"async\" data-id=\"2236\" src=\"https:\/\/sisu.ut.ee\/wp-content\/uploads\/sites\/427\/kirn2_03.jpg\" alt=\"\" class=\"wp-ima\"><\/a><\/figure><figure class=\"wp-block-image size-large\"><a href=\"https:\/\/sisu.ut.ee\/wp-content\/uploads\/sites\/427\/kirn2_04.jpg\"><img decoding=\"async\" data-id=\"2237\" src=\"https:\/\/sisu.ut.ee\/wp-content\/uploads\/sites\/427\/kirn2_04.jpg\" alt=\"\" class=\"wp-ima\"><\/a><\/figure><figure class=\"wp-block-image size-large\"><a href=\"https:\/\/sisu.ut.ee\/wp-content\/uploads\/sites\/427\/kirn2_05.jpg\"><img decoding=\"async\" data-id=\"2238\" src=\"https:\/\/sisu.ut.ee\/wp-content\/uploads\/sites\/427\/kirn2_05.jpg\" alt=\"\" class=\"wp-ima\"><\/a><\/figure><figure class=\"wp-block-image size-large\"><a href=\"https:\/\/sisu.ut.ee\/wp-content\/uploads\/sites\/427\/kirn2_06.jpg\"><img loading=\"lazy\" decoding=\"async\" width=\"1000\" height=\"667\" data-id=\"2239\" src=\"https:\/\/sisu.ut.ee\/wp-content\/uploads\/sites\/427\/kirn2_06.jpg\" alt=\"Pajumailase r\u00f6\u00f6vik\" class=\"wp-image-2239\" srcset=\"https:\/\/sisu.ut.ee\/wp-content\/uploads\/sites\/427\/kirn2_06.jpg 1000w, https:\/\/sisu.ut.ee\/wp-content\/uploads\/sites\/427\/kirn2_06-300x200.jpg 300w, https:\/\/sisu.ut.ee\/wp-content\/uploads\/sites\/427\/kirn2_06-768x512.jpg 768w\" sizes=\"auto, (max-width: 1000px) 100vw, 1000px\"><\/a><figcaption class=\"wp-element-caption\">Pajumailase r\u00f6\u00f6vik<\/figcaption><\/figure><figure class=\"wp-block-image size-large\"><a href=\"https:\/\/sisu.ut.ee\/wp-content\/uploads\/sites\/427\/kirn2_07.jpg\"><img decoding=\"async\" data-id=\"2240\" src=\"https:\/\/sisu.ut.ee\/wp-content\/uploads\/sites\/427\/kirn2_07.jpg\" alt=\"\" class=\"wp-ima\"><\/a><\/figure><figure class=\"wp-block-image size-large\"><a href=\"https:\/\/sisu.ut.ee\/wp-content\/uploads\/sites\/427\/kirn2_08.jpg\"><img decoding=\"async\" data-id=\"2241\" src=\"https:\/\/sisu.ut.ee\/wp-content\/uploads\/sites\/427\/kirn2_08.jpg\" alt=\"\" class=\"wp-ima\"><\/a><\/figure><figure class=\"wp-block-image size-large\"><a href=\"https:\/\/sisu.ut.ee\/wp-content\/uploads\/sites\/427\/kirn2_09.jpg\"><img decoding=\"async\" data-id=\"2242\" src=\"https:\/\/sisu.ut.ee\/wp-content\/uploads\/sites\/427\/kirn2_09.jpg\" alt=\"\" class=\"wp-ima\"><\/a><\/figure><figure class=\"wp-block-image size-large\"><a href=\"https:\/\/sisu.ut.ee\/wp-content\/uploads\/sites\/427\/kirn2_10.jpg\"><img decoding=\"async\" data-id=\"2243\" src=\"https:\/\/sisu.ut.ee\/wp-content\/uploads\/sites\/427\/kirn2_10.jpg\" alt=\"\" class=\"wp-ima\"><\/a><\/figure><figure class=\"wp-block-image size-large\"><a href=\"https:\/\/sisu.ut.ee\/wp-content\/uploads\/sites\/427\/kirn2_11.jpg\"><img decoding=\"async\" data-id=\"2244\" src=\"https:\/\/sisu.ut.ee\/wp-content\/uploads\/sites\/427\/kirn2_11.jpg\" alt=\"\" class=\"wp-ima\"><\/a><\/figure><figure class=\"wp-block-image size-large\"><a href=\"https:\/\/sisu.ut.ee\/wp-content\/uploads\/sites\/427\/kirn2_12.jpg\"><img decoding=\"async\" data-id=\"2245\" src=\"https:\/\/sisu.ut.ee\/wp-content\/uploads\/sites\/427\/kirn2_12.jpg\" alt=\"\" class=\"wp-ima\"><\/a><\/figure><figure class=\"wp-block-image size-large\"><a href=\"https:\/\/sisu.ut.ee\/wp-content\/uploads\/sites\/427\/kirn2_13.jpg\"><img decoding=\"async\" data-id=\"2246\" src=\"https:\/\/sisu.ut.ee\/wp-content\/uploads\/sites\/427\/kirn2_13.jpg\" alt=\"\" class=\"wp-ima\"><\/a><\/figure><figure class=\"wp-block-image size-large\"><a href=\"https:\/\/sisu.ut.ee\/wp-content\/uploads\/sites\/427\/kirn2_14.jpg\"><img loading=\"lazy\" decoding=\"async\" width=\"1000\" height=\"667\" data-id=\"2247\" src=\"https:\/\/sisu.ut.ee\/wp-content\/uploads\/sites\/427\/kirn2_14.jpg\" alt=\"R\u00e4stik\" class=\"wp-image-2247\" srcset=\"https:\/\/sisu.ut.ee\/wp-content\/uploads\/sites\/427\/kirn2_14.jpg 1000w, https:\/\/sisu.ut.ee\/wp-content\/uploads\/sites\/427\/kirn2_14-300x200.jpg 300w, https:\/\/sisu.ut.ee\/wp-content\/uploads\/sites\/427\/kirn2_14-768x512.jpg 768w\" sizes=\"auto, (max-width: 1000px) 100vw, 1000px\"><\/a><figcaption class=\"wp-element-caption\">R\u00e4stik<\/figcaption><\/figure><figure class=\"wp-block-image size-large\"><a href=\"https:\/\/sisu.ut.ee\/wp-content\/uploads\/sites\/427\/kirn2_15.jpg\"><img loading=\"lazy\" decoding=\"async\" width=\"1000\" height=\"667\" data-id=\"2248\" src=\"https:\/\/sisu.ut.ee\/wp-content\/uploads\/sites\/427\/kirn2_15.jpg\" alt=\"R\u00f6\u00f6vlindudest r\u00e4\u00e4gib kotkamees \u00dclo V\u00e4li\" class=\"wp-image-2248\" srcset=\"https:\/\/sisu.ut.ee\/wp-content\/uploads\/sites\/427\/kirn2_15.jpg 1000w, https:\/\/sisu.ut.ee\/wp-content\/uploads\/sites\/427\/kirn2_15-300x200.jpg 300w, https:\/\/sisu.ut.ee\/wp-content\/uploads\/sites\/427\/kirn2_15-768x512.jpg 768w\" sizes=\"auto, (max-width: 1000px) 100vw, 1000px\"><\/a><figcaption class=\"wp-element-caption\">R\u00f6\u00f6vlindudest r\u00e4\u00e4gib kotkamees \u00dclo V\u00e4li<\/figcaption><\/figure><figure class=\"wp-block-image size-large\"><a href=\"https:\/\/sisu.ut.ee\/wp-content\/uploads\/sites\/427\/kirn2_16b.jpg\"><img decoding=\"async\" data-id=\"2249\" src=\"https:\/\/sisu.ut.ee\/wp-content\/uploads\/sites\/427\/kirn2_16b.jpg\" alt=\"\" class=\"wp-ima\"><\/a><\/figure><figure class=\"wp-block-image size-large\"><a href=\"https:\/\/sisu.ut.ee\/wp-content\/uploads\/sites\/427\/kirn2_17.jpg\"><img decoding=\"async\" data-id=\"2250\" src=\"https:\/\/sisu.ut.ee\/wp-content\/uploads\/sites\/427\/kirn2_17.jpg\" alt=\"\" class=\"wp-ima\"><\/a><\/figure><figure class=\"wp-block-image size-large\"><a href=\"https:\/\/sisu.ut.ee\/wp-content\/uploads\/sites\/427\/kirn2_18.jpg\"><img decoding=\"async\" data-id=\"2251\" src=\"https:\/\/sisu.ut.ee\/wp-content\/uploads\/sites\/427\/kirn2_18.jpg\" alt=\"\" class=\"wp-ima\"><\/a><\/figure><figure class=\"wp-block-image size-large\"><a href=\"https:\/\/sisu.ut.ee\/wp-content\/uploads\/sites\/427\/kirn2_19.jpg\"><img decoding=\"async\" data-id=\"2252\" src=\"https:\/\/sisu.ut.ee\/wp-content\/uploads\/sites\/427\/kirn2_19.jpg\" alt=\"\" class=\"wp-ima\"><\/a><\/figure><figure class=\"wp-block-image size-large\"><a href=\"https:\/\/sisu.ut.ee\/wp-content\/uploads\/sites\/427\/kirn2_20.jpg\"><img decoding=\"async\" data-id=\"2253\" src=\"https:\/\/sisu.ut.ee\/wp-content\/uploads\/sites\/427\/kirn2_20.jpg\" alt=\"\" class=\"wp-ima\"><\/a><\/figure><figure class=\"wp-block-image size-large\"><a href=\"https:\/\/sisu.ut.ee\/wp-content\/uploads\/sites\/427\/kirn2_21.jpg\"><img decoding=\"async\" data-id=\"2254\" src=\"https:\/\/sisu.ut.ee\/wp-content\/uploads\/sites\/427\/kirn2_21.jpg\" alt=\"\" class=\"wp-ima\"><\/a><\/figure><figure class=\"wp-block-image size-large\"><a href=\"https:\/\/sisu.ut.ee\/wp-content\/uploads\/sites\/427\/kirn2_22.jpg\"><img decoding=\"async\" data-id=\"2255\" src=\"https:\/\/sisu.ut.ee\/wp-content\/uploads\/sites\/427\/kirn2_22.jpg\" alt=\"\" class=\"wp-ima\"><\/a><\/figure><figure class=\"wp-block-image size-large\"><a href=\"https:\/\/sisu.ut.ee\/wp-content\/uploads\/sites\/427\/kirn2_23.jpg\"><img decoding=\"async\" data-id=\"2256\" src=\"https:\/\/sisu.ut.ee\/wp-content\/uploads\/sites\/427\/kirn2_23.jpg\" alt=\"\" class=\"wp-ima\"><\/a><\/figure><figure class=\"wp-block-image size-large\"><a href=\"https:\/\/sisu.ut.ee\/wp-content\/uploads\/sites\/427\/kirn2_24.jpg\"><img decoding=\"async\" data-id=\"2257\" src=\"https:\/\/sisu.ut.ee\/wp-content\/uploads\/sites\/427\/kirn2_24.jpg\" alt=\"\" class=\"wp-ima\"><\/a><\/figure><figure class=\"wp-block-image size-large\"><a href=\"https:\/\/sisu.ut.ee\/wp-content\/uploads\/sites\/427\/kirn2_25.jpg\"><img decoding=\"async\" data-id=\"2258\" src=\"https:\/\/sisu.ut.ee\/wp-content\/uploads\/sites\/427\/kirn2_25.jpg\" alt=\"\" class=\"wp-ima\"><\/a><\/figure><figure class=\"wp-block-image size-large\"><a href=\"https:\/\/sisu.ut.ee\/wp-content\/uploads\/sites\/427\/kirn2_26.jpg\"><img loading=\"lazy\" decoding=\"async\" width=\"1000\" height=\"667\" data-id=\"2259\" src=\"https:\/\/sisu.ut.ee\/wp-content\/uploads\/sites\/427\/kirn2_26.jpg\" alt=\"Kotkaste pesadest leitud saakloomade j\u00e4\u00e4nused\" class=\"wp-image-2259\" srcset=\"https:\/\/sisu.ut.ee\/wp-content\/uploads\/sites\/427\/kirn2_26.jpg 1000w, https:\/\/sisu.ut.ee\/wp-content\/uploads\/sites\/427\/kirn2_26-300x200.jpg 300w, https:\/\/sisu.ut.ee\/wp-content\/uploads\/sites\/427\/kirn2_26-768x512.jpg 768w\" sizes=\"auto, (max-width: 1000px) 100vw, 1000px\"><\/a><figcaption class=\"wp-element-caption\">Kotkaste pesadest leitud saakloomade j\u00e4\u00e4nused<\/figcaption><\/figure><figure class=\"wp-block-image size-large\"><a href=\"https:\/\/sisu.ut.ee\/wp-content\/uploads\/sites\/427\/kirn2_27.jpg\"><img decoding=\"async\" data-id=\"2260\" src=\"https:\/\/sisu.ut.ee\/wp-content\/uploads\/sites\/427\/kirn2_27.jpg\" alt=\"\" class=\"wp-ima\"><\/a><\/figure><figure class=\"wp-block-image size-large\"><a href=\"https:\/\/sisu.ut.ee\/wp-content\/uploads\/sites\/427\/kirn2_28.jpg\"><img decoding=\"async\" data-id=\"2261\" src=\"https:\/\/sisu.ut.ee\/wp-content\/uploads\/sites\/427\/kirn2_28.jpg\" alt=\"\" class=\"wp-ima\"><\/a><\/figure><figure class=\"wp-block-image size-large\"><a href=\"https:\/\/sisu.ut.ee\/wp-content\/uploads\/sites\/427\/kirn2_29.jpg\"><img decoding=\"async\" data-id=\"2262\" src=\"https:\/\/sisu.ut.ee\/wp-content\/uploads\/sites\/427\/kirn2_29.jpg\" alt=\"\" class=\"wp-ima\"><\/a><\/figure><figure class=\"wp-block-image size-large\"><a href=\"https:\/\/sisu.ut.ee\/wp-content\/uploads\/sites\/427\/kirn2_30.jpg\"><img loading=\"lazy\" decoding=\"async\" width=\"1000\" height=\"667\" data-id=\"2263\" src=\"https:\/\/sisu.ut.ee\/wp-content\/uploads\/sites\/427\/kirn2_30.jpg\" alt=\"Koerliblika tiib l\u00e4hivaates\" class=\"wp-image-2263\" srcset=\"https:\/\/sisu.ut.ee\/wp-content\/uploads\/sites\/427\/kirn2_30.jpg 1000w, https:\/\/sisu.ut.ee\/wp-content\/uploads\/sites\/427\/kirn2_30-300x200.jpg 300w, https:\/\/sisu.ut.ee\/wp-content\/uploads\/sites\/427\/kirn2_30-768x512.jpg 768w\" sizes=\"auto, (max-width: 1000px) 100vw, 1000px\"><\/a><figcaption class=\"wp-element-caption\">Koerliblika tiib l\u00e4hivaates<\/figcaption><\/figure><\/figure>","protected":false},"excerpt":{"rendered":"<p>zooloogiaringi laager<\/p>\n","protected":false},"author":88,"featured_media":0,"parent":0,"menu_order":0,"comment_status":"closed","ping_status":"closed","template":"","meta":{"_acf_changed":false,"inline_featured_image":false,"footnotes":""},"class_list":["post-109","page","type-page","status-publish","hentry"],"acf":[],"_links":{"self":[{"href":"https:\/\/sisu.ut.ee\/zrpildid\/wp-json\/wp\/v2\/pages\/109","targetHints":{"allow":["GET"]}}],"collection":[{"href":"https:\/\/sisu.ut.ee\/zrpildid\/wp-json\/wp\/v2\/pages"}],"about":[{"href":"https:\/\/sisu.ut.ee\/zrpildid\/wp-json\/wp\/v2\/types\/page"}],"author":[{"embeddable":true,"href":"https:\/\/sisu.ut.ee\/zrpildid\/wp-json\/wp\/v2\/users\/88"}],"replies":[{"embeddable":true,"href":"https:\/\/sisu.ut.ee\/zrpildid\/wp-json\/wp\/v2\/comments?post=109"}],"version-history":[{"count":2,"href":"https:\/\/sisu.ut.ee\/zrpildid\/wp-json\/wp\/v2\/pages\/109\/revisions"}],"predecessor-version":[{"id":4041,"href":"https:\/\/sisu.ut.ee\/zrpildid\/wp-json\/wp\/v2\/pages\/109\/revisions\/4041"}],"wp:attachment":[{"href":"https:\/\/sisu.ut.ee\/zrpildid\/wp-json\/wp\/v2\/media?parent=109"}],"curies":[{"name":"wp","href":"https:\/\/api.w.org\/{rel}","templated":true}]}}