{"id":104,"date":"2024-04-04T05:56:38","date_gmt":"2024-04-04T02:56:38","guid":{"rendered":"https:\/\/sisu.ut.ee\/zrpildid\/elva-august-2005\/"},"modified":"2024-04-04T06:07:07","modified_gmt":"2024-04-04T03:07:07","slug":"elva-august-2005","status":"publish","type":"page","link":"https:\/\/sisu.ut.ee\/zrpildid\/elva-august-2005\/","title":{"rendered":"Ratastega Elva \u00fcmbruses, RMK K\u00e4bliku keskus 8.-12. august 2005"},"content":{"rendered":"<img decoding=\"async\" alt=\"\" src=\"https:\/\/sisu.ut.ee\/wp-content\/uploads\/sites\/427\/el213.jpg\" style=\"width: 600px;height: 400px\"><br>\u00a0<br><figure class=\"wp-block-gallery has-nested-images columns-3 is-cropped wp-block-gallery-1 is-layout-flex wp-block-gallery-is-layout-flex\"><figure class=\"wp-block-image size-large\"><a href=\"https:\/\/sisu.ut.ee\/wp-content\/uploads\/sites\/427\/el201.jpg\"><img loading=\"lazy\" decoding=\"async\" width=\"600\" height=\"400\" data-id=\"2130\" src=\"https:\/\/sisu.ut.ee\/wp-content\/uploads\/sites\/427\/el201.jpg\" alt=\"Vapram\u00e4e matkarajal\" class=\"wp-image-2130\" srcset=\"https:\/\/sisu.ut.ee\/wp-content\/uploads\/sites\/427\/el201.jpg 600w, https:\/\/sisu.ut.ee\/wp-content\/uploads\/sites\/427\/el201-300x200.jpg 300w\" sizes=\"auto, (max-width: 600px) 100vw, 600px\"><\/a><figcaption class=\"wp-element-caption\">Vapram\u00e4e matkarajal<\/figcaption><\/figure><figure class=\"wp-block-image size-large\"><a href=\"https:\/\/sisu.ut.ee\/wp-content\/uploads\/sites\/427\/el202.jpg\"><img loading=\"lazy\" decoding=\"async\" width=\"600\" height=\"400\" data-id=\"2131\" src=\"https:\/\/sisu.ut.ee\/wp-content\/uploads\/sites\/427\/el202.jpg\" alt=\"Vapram\u00e4e l\u00f5kkeplats - Kalevipoja tool\" class=\"wp-image-2131\" srcset=\"https:\/\/sisu.ut.ee\/wp-content\/uploads\/sites\/427\/el202.jpg 600w, https:\/\/sisu.ut.ee\/wp-content\/uploads\/sites\/427\/el202-300x200.jpg 300w\" sizes=\"auto, (max-width: 600px) 100vw, 600px\"><\/a><figcaption class=\"wp-element-caption\">Vapram\u00e4e l\u00f5kkeplats \u2013 Kalevipoja tool<\/figcaption><\/figure><figure class=\"wp-block-image size-large\"><a href=\"https:\/\/sisu.ut.ee\/wp-content\/uploads\/sites\/427\/el203.jpg\"><img decoding=\"async\" data-id=\"2132\" src=\"https:\/\/sisu.ut.ee\/wp-content\/uploads\/sites\/427\/el203.jpg\" alt=\"\" class=\"wp-ima\"><\/a><\/figure><figure class=\"wp-block-image size-large\"><a href=\"https:\/\/sisu.ut.ee\/wp-content\/uploads\/sites\/427\/el204.jpg\"><img decoding=\"async\" data-id=\"2133\" src=\"https:\/\/sisu.ut.ee\/wp-content\/uploads\/sites\/427\/el204.jpg\" alt=\"\" class=\"wp-ima\"><\/a><\/figure><figure class=\"wp-block-image size-large\"><a href=\"https:\/\/sisu.ut.ee\/wp-content\/uploads\/sites\/427\/el205.jpg\"><img decoding=\"async\" data-id=\"2134\" src=\"https:\/\/sisu.ut.ee\/wp-content\/uploads\/sites\/427\/el205.jpg\" alt=\"\" class=\"wp-ima\"><\/a><\/figure><figure class=\"wp-block-image size-large\"><a href=\"https:\/\/sisu.ut.ee\/wp-content\/uploads\/sites\/427\/el206.jpg\"><img decoding=\"async\" data-id=\"2135\" src=\"https:\/\/sisu.ut.ee\/wp-content\/uploads\/sites\/427\/el206.jpg\" alt=\"\" class=\"wp-ima\"><\/a><\/figure><figure class=\"wp-block-image size-large\"><a href=\"https:\/\/sisu.ut.ee\/wp-content\/uploads\/sites\/427\/el207.jpg\"><img decoding=\"async\" data-id=\"2136\" src=\"https:\/\/sisu.ut.ee\/wp-content\/uploads\/sites\/427\/el207.jpg\" alt=\"\" class=\"wp-ima\"><\/a><\/figure><figure class=\"wp-block-image size-large\"><a href=\"https:\/\/sisu.ut.ee\/wp-content\/uploads\/sites\/427\/el208.jpg\"><img decoding=\"async\" data-id=\"2137\" src=\"https:\/\/sisu.ut.ee\/wp-content\/uploads\/sites\/427\/el208.jpg\" alt=\"\" class=\"wp-ima\"><\/a><\/figure><figure class=\"wp-block-image size-large\"><a href=\"https:\/\/sisu.ut.ee\/wp-content\/uploads\/sites\/427\/el209.jpg\"><img decoding=\"async\" data-id=\"2138\" src=\"https:\/\/sisu.ut.ee\/wp-content\/uploads\/sites\/427\/el209.jpg\" alt=\"\" class=\"wp-ima\"><\/a><\/figure><figure class=\"wp-block-image size-large\"><a href=\"https:\/\/sisu.ut.ee\/wp-content\/uploads\/sites\/427\/el210.jpg\"><img decoding=\"async\" data-id=\"2139\" src=\"https:\/\/sisu.ut.ee\/wp-content\/uploads\/sites\/427\/el210.jpg\" alt=\"\" class=\"wp-ima\"><\/a><\/figure><figure class=\"wp-block-image size-large\"><a href=\"https:\/\/sisu.ut.ee\/wp-content\/uploads\/sites\/427\/el211.jpg\"><img decoding=\"async\" data-id=\"2140\" src=\"https:\/\/sisu.ut.ee\/wp-content\/uploads\/sites\/427\/el211.jpg\" alt=\"\" class=\"wp-ima\"><\/a><\/figure><figure class=\"wp-block-image size-large\"><a href=\"https:\/\/sisu.ut.ee\/wp-content\/uploads\/sites\/427\/el212.jpg\"><img decoding=\"async\" data-id=\"2141\" src=\"https:\/\/sisu.ut.ee\/wp-content\/uploads\/sites\/427\/el212.jpg\" alt=\"\" class=\"wp-ima\"><\/a><\/figure><figure class=\"wp-block-image size-large\"><a href=\"https:\/\/sisu.ut.ee\/wp-content\/uploads\/sites\/427\/el213.jpg\"><img decoding=\"async\" data-id=\"2142\" src=\"https:\/\/sisu.ut.ee\/wp-content\/uploads\/sites\/427\/el213.jpg\" alt=\"\" class=\"wp-ima\"><\/a><\/figure><figure class=\"wp-block-image size-large\"><a href=\"https:\/\/sisu.ut.ee\/wp-content\/uploads\/sites\/427\/el214.jpg\"><img decoding=\"async\" data-id=\"2143\" src=\"https:\/\/sisu.ut.ee\/wp-content\/uploads\/sites\/427\/el214.jpg\" alt=\"\" class=\"wp-ima\"><\/a><\/figure><figure class=\"wp-block-image size-large\"><a href=\"https:\/\/sisu.ut.ee\/wp-content\/uploads\/sites\/427\/el215.jpg\"><img decoding=\"async\" data-id=\"2144\" src=\"https:\/\/sisu.ut.ee\/wp-content\/uploads\/sites\/427\/el215.jpg\" alt=\"\" class=\"wp-ima\"><\/a><\/figure><figure class=\"wp-block-image size-large\"><a href=\"https:\/\/sisu.ut.ee\/wp-content\/uploads\/sites\/427\/el216.jpg\"><img decoding=\"async\" data-id=\"2145\" src=\"https:\/\/sisu.ut.ee\/wp-content\/uploads\/sites\/427\/el216.jpg\" alt=\"\" class=\"wp-ima\"><\/a><\/figure><figure class=\"wp-block-image size-large\"><a href=\"https:\/\/sisu.ut.ee\/wp-content\/uploads\/sites\/427\/el217.jpg\"><img loading=\"lazy\" decoding=\"async\" width=\"600\" height=\"400\" data-id=\"2146\" src=\"https:\/\/sisu.ut.ee\/wp-content\/uploads\/sites\/427\/el217.jpg\" alt=\"Viinam\u00e4etigude v\u00f5idujooks\" class=\"wp-image-2146\" srcset=\"https:\/\/sisu.ut.ee\/wp-content\/uploads\/sites\/427\/el217.jpg 600w, https:\/\/sisu.ut.ee\/wp-content\/uploads\/sites\/427\/el217-300x200.jpg 300w\" sizes=\"auto, (max-width: 600px) 100vw, 600px\"><\/a><figcaption class=\"wp-element-caption\">Viinam\u00e4etigude v\u00f5idujooks<\/figcaption><\/figure><figure class=\"wp-block-image size-large\"><a href=\"https:\/\/sisu.ut.ee\/wp-content\/uploads\/sites\/427\/el218.jpg\"><img decoding=\"async\" data-id=\"2147\" src=\"https:\/\/sisu.ut.ee\/wp-content\/uploads\/sites\/427\/el218.jpg\" alt=\"\" class=\"wp-ima\"><\/a><\/figure><figure class=\"wp-block-image size-large\"><a href=\"https:\/\/sisu.ut.ee\/wp-content\/uploads\/sites\/427\/el219.jpg\"><img decoding=\"async\" data-id=\"2148\" src=\"https:\/\/sisu.ut.ee\/wp-content\/uploads\/sites\/427\/el219.jpg\" alt=\"\" class=\"wp-ima\"><\/a><\/figure><figure class=\"wp-block-image size-large\"><a href=\"https:\/\/sisu.ut.ee\/wp-content\/uploads\/sites\/427\/el220.jpg\"><img decoding=\"async\" data-id=\"2149\" src=\"https:\/\/sisu.ut.ee\/wp-content\/uploads\/sites\/427\/el220.jpg\" alt=\"\" class=\"wp-ima\"><\/a><\/figure><figure class=\"wp-block-image size-large\"><a href=\"https:\/\/sisu.ut.ee\/wp-content\/uploads\/sites\/427\/el221.jpg\"><img decoding=\"async\" data-id=\"2150\" src=\"https:\/\/sisu.ut.ee\/wp-content\/uploads\/sites\/427\/el221.jpg\" alt=\"\" class=\"wp-ima\"><\/a><\/figure><figure class=\"wp-block-image size-large\"><a href=\"https:\/\/sisu.ut.ee\/wp-content\/uploads\/sites\/427\/el222.jpg\"><img decoding=\"async\" data-id=\"2151\" src=\"https:\/\/sisu.ut.ee\/wp-content\/uploads\/sites\/427\/el222.jpg\" alt=\"\" class=\"wp-ima\"><\/a><\/figure><figure class=\"wp-block-image size-large\"><a href=\"https:\/\/sisu.ut.ee\/wp-content\/uploads\/sites\/427\/el223.jpg\"><img decoding=\"async\" data-id=\"2152\" src=\"https:\/\/sisu.ut.ee\/wp-content\/uploads\/sites\/427\/el223.jpg\" alt=\"\" class=\"wp-ima\"><\/a><\/figure><figure class=\"wp-block-image size-large\"><a href=\"https:\/\/sisu.ut.ee\/wp-content\/uploads\/sites\/427\/el224.jpg\"><img loading=\"lazy\" decoding=\"async\" width=\"600\" height=\"400\" data-id=\"2153\" src=\"https:\/\/sisu.ut.ee\/wp-content\/uploads\/sites\/427\/el224.jpg\" alt=\"J\u00e4ljetund Vellavere Looduskeskuse juures\" class=\"wp-image-2153\" srcset=\"https:\/\/sisu.ut.ee\/wp-content\/uploads\/sites\/427\/el224.jpg 600w, https:\/\/sisu.ut.ee\/wp-content\/uploads\/sites\/427\/el224-300x200.jpg 300w\" sizes=\"auto, (max-width: 600px) 100vw, 600px\"><\/a><figcaption class=\"wp-element-caption\">J\u00e4ljetund Vellavere Looduskeskuse juures<\/figcaption><\/figure><figure class=\"wp-block-image size-large\"><a href=\"https:\/\/sisu.ut.ee\/wp-content\/uploads\/sites\/427\/el225.jpg\"><img decoding=\"async\" data-id=\"2154\" src=\"https:\/\/sisu.ut.ee\/wp-content\/uploads\/sites\/427\/el225.jpg\" alt=\"\" class=\"wp-ima\"><\/a><\/figure><figure class=\"wp-block-image size-large\"><a href=\"https:\/\/sisu.ut.ee\/wp-content\/uploads\/sites\/427\/el226.jpg\"><img decoding=\"async\" data-id=\"2155\" src=\"https:\/\/sisu.ut.ee\/wp-content\/uploads\/sites\/427\/el226.jpg\" alt=\"\" class=\"wp-ima\"><\/a><\/figure><figure class=\"wp-block-image size-large\"><a href=\"https:\/\/sisu.ut.ee\/wp-content\/uploads\/sites\/427\/el227.jpg\"><img decoding=\"async\" data-id=\"2156\" src=\"https:\/\/sisu.ut.ee\/wp-content\/uploads\/sites\/427\/el227.jpg\" alt=\"\" class=\"wp-ima\"><\/a><\/figure><figure class=\"wp-block-image size-large\"><a href=\"https:\/\/sisu.ut.ee\/wp-content\/uploads\/sites\/427\/el228.jpg\"><img decoding=\"async\" data-id=\"2157\" src=\"https:\/\/sisu.ut.ee\/wp-content\/uploads\/sites\/427\/el228.jpg\" alt=\"\" class=\"wp-ima\"><\/a><\/figure><figure class=\"wp-block-image size-large\"><a href=\"https:\/\/sisu.ut.ee\/wp-content\/uploads\/sites\/427\/el229.jpg\"><img decoding=\"async\" data-id=\"2158\" src=\"https:\/\/sisu.ut.ee\/wp-content\/uploads\/sites\/427\/el229.jpg\" alt=\"\" class=\"wp-ima\"><\/a><\/figure><figure class=\"wp-block-image size-large\"><a href=\"https:\/\/sisu.ut.ee\/wp-content\/uploads\/sites\/427\/el230.jpg\"><img loading=\"lazy\" decoding=\"async\" width=\"600\" height=\"400\" data-id=\"2159\" src=\"https:\/\/sisu.ut.ee\/wp-content\/uploads\/sites\/427\/el230.jpg\" alt=\"M\u00e4nnisuru r\u00f6\u00f6vik\" class=\"wp-image-2159\" srcset=\"https:\/\/sisu.ut.ee\/wp-content\/uploads\/sites\/427\/el230.jpg 600w, https:\/\/sisu.ut.ee\/wp-content\/uploads\/sites\/427\/el230-300x200.jpg 300w\" sizes=\"auto, (max-width: 600px) 100vw, 600px\"><\/a><figcaption class=\"wp-element-caption\">M\u00e4nnisuru r\u00f6\u00f6vik<\/figcaption><\/figure><\/figure>","protected":false},"excerpt":{"rendered":"<p>\u00a0<\/p>\n","protected":false},"author":88,"featured_media":0,"parent":0,"menu_order":0,"comment_status":"closed","ping_status":"closed","template":"","meta":{"_acf_changed":false,"inline_featured_image":false,"footnotes":""},"class_list":["post-104","page","type-page","status-publish","hentry"],"acf":[],"_links":{"self":[{"href":"https:\/\/sisu.ut.ee\/zrpildid\/wp-json\/wp\/v2\/pages\/104","targetHints":{"allow":["GET"]}}],"collection":[{"href":"https:\/\/sisu.ut.ee\/zrpildid\/wp-json\/wp\/v2\/pages"}],"about":[{"href":"https:\/\/sisu.ut.ee\/zrpildid\/wp-json\/wp\/v2\/types\/page"}],"author":[{"embeddable":true,"href":"https:\/\/sisu.ut.ee\/zrpildid\/wp-json\/wp\/v2\/users\/88"}],"replies":[{"embeddable":true,"href":"https:\/\/sisu.ut.ee\/zrpildid\/wp-json\/wp\/v2\/comments?post=104"}],"version-history":[{"count":2,"href":"https:\/\/sisu.ut.ee\/zrpildid\/wp-json\/wp\/v2\/pages\/104\/revisions"}],"predecessor-version":[{"id":4046,"href":"https:\/\/sisu.ut.ee\/zrpildid\/wp-json\/wp\/v2\/pages\/104\/revisions\/4046"}],"wp:attachment":[{"href":"https:\/\/sisu.ut.ee\/zrpildid\/wp-json\/wp\/v2\/media?parent=104"}],"curies":[{"name":"wp","href":"https:\/\/api.w.org\/{rel}","templated":true}]}}