{"id":103,"date":"2024-04-04T05:56:38","date_gmt":"2024-04-04T02:56:38","guid":{"rendered":"https:\/\/sisu.ut.ee\/zrpildid\/kasmu-9-12-06-2010\/"},"modified":"2024-04-04T06:07:07","modified_gmt":"2024-04-04T03:07:07","slug":"kasmu-9-12-06-2010","status":"publish","type":"page","link":"https:\/\/sisu.ut.ee\/zrpildid\/kasmu-9-12-06-2010\/","title":{"rendered":"K\u00e4smu 9.-12. juuni 2010"},"content":{"rendered":"<p>\r\n\t<span style=\"font-family:Verdana,Geneva,sans-serif\"><span style=\"font-size:14px\">Zooloogiaringi \u00f5pilased 2. ja 3. klassist<\/span><\/span>\r\n<\/p>\r\n\r\n<p>\r\n\t<span style=\"font-family:Verdana,Geneva,sans-serif\">Loodusmaja suvelaager<\/span>\r\n<\/p>\r\n\r\n<p>\r\n\t<img decoding=\"async\" alt=\"\" src=\"https:\/\/sisu.ut.ee\/wp-content\/uploads\/sites\/427\/kasmu1-01.jpg\" style=\"width: 1000px;height: 667px\">\r\n<\/p>\r\n<br><figure class=\"wp-block-gallery has-nested-images columns-3 is-cropped wp-block-gallery-1 is-layout-flex wp-block-gallery-is-layout-flex\"><figure class=\"wp-block-image size-large\"><a href=\"https:\/\/sisu.ut.ee\/wp-content\/uploads\/sites\/427\/kasmu1-01.jpg\"><img loading=\"lazy\" decoding=\"async\" width=\"1000\" height=\"667\" data-id=\"2092\" src=\"https:\/\/sisu.ut.ee\/wp-content\/uploads\/sites\/427\/kasmu1-01.jpg\" alt=\"Lainela Puhkek\u00fclas\" class=\"wp-image-2092\" srcset=\"https:\/\/sisu.ut.ee\/wp-content\/uploads\/sites\/427\/kasmu1-01.jpg 1000w, https:\/\/sisu.ut.ee\/wp-content\/uploads\/sites\/427\/kasmu1-01-300x200.jpg 300w, https:\/\/sisu.ut.ee\/wp-content\/uploads\/sites\/427\/kasmu1-01-768x512.jpg 768w\" sizes=\"auto, (max-width: 1000px) 100vw, 1000px\"><\/a><figcaption class=\"wp-element-caption\">Lainela Puhkek\u00fclas<\/figcaption><\/figure><figure class=\"wp-block-image size-large\"><a href=\"https:\/\/sisu.ut.ee\/wp-content\/uploads\/sites\/427\/kasmu1-02.jpg\"><img decoding=\"async\" data-id=\"2093\" src=\"https:\/\/sisu.ut.ee\/wp-content\/uploads\/sites\/427\/kasmu1-02.jpg\" alt=\"\" class=\"wp-ima\"><\/a><\/figure><figure class=\"wp-block-image size-large\"><a href=\"https:\/\/sisu.ut.ee\/wp-content\/uploads\/sites\/427\/kasmu1-03.jpg\"><img decoding=\"async\" data-id=\"2094\" src=\"https:\/\/sisu.ut.ee\/wp-content\/uploads\/sites\/427\/kasmu1-03.jpg\" alt=\"\" class=\"wp-ima\"><\/a><\/figure><figure class=\"wp-block-image size-large\"><a href=\"https:\/\/sisu.ut.ee\/wp-content\/uploads\/sites\/427\/kasmu1-04.jpg\"><img loading=\"lazy\" decoding=\"async\" width=\"1000\" height=\"667\" data-id=\"2095\" src=\"https:\/\/sisu.ut.ee\/wp-content\/uploads\/sites\/427\/kasmu1-04.jpg\" alt=\"Viikingilaev\" class=\"wp-image-2095\" srcset=\"https:\/\/sisu.ut.ee\/wp-content\/uploads\/sites\/427\/kasmu1-04.jpg 1000w, https:\/\/sisu.ut.ee\/wp-content\/uploads\/sites\/427\/kasmu1-04-300x200.jpg 300w, https:\/\/sisu.ut.ee\/wp-content\/uploads\/sites\/427\/kasmu1-04-768x512.jpg 768w\" sizes=\"auto, (max-width: 1000px) 100vw, 1000px\"><\/a><figcaption class=\"wp-element-caption\">Viikingilaev<\/figcaption><\/figure><figure class=\"wp-block-image size-large\"><a href=\"https:\/\/sisu.ut.ee\/wp-content\/uploads\/sites\/427\/kasmu1-05.jpg\"><img decoding=\"async\" data-id=\"2096\" src=\"https:\/\/sisu.ut.ee\/wp-content\/uploads\/sites\/427\/kasmu1-05.jpg\" alt=\"\" class=\"wp-ima\"><\/a><\/figure><figure class=\"wp-block-image size-large\"><a href=\"https:\/\/sisu.ut.ee\/wp-content\/uploads\/sites\/427\/kasmu1-06.jpg\"><img loading=\"lazy\" decoding=\"async\" width=\"1000\" height=\"667\" data-id=\"2097\" src=\"https:\/\/sisu.ut.ee\/wp-content\/uploads\/sites\/427\/kasmu1-06.jpg\" alt=\"Kaitsem\u00e4rgi p\u00f5letamine\" class=\"wp-image-2097\" srcset=\"https:\/\/sisu.ut.ee\/wp-content\/uploads\/sites\/427\/kasmu1-06.jpg 1000w, https:\/\/sisu.ut.ee\/wp-content\/uploads\/sites\/427\/kasmu1-06-300x200.jpg 300w, https:\/\/sisu.ut.ee\/wp-content\/uploads\/sites\/427\/kasmu1-06-768x512.jpg 768w\" sizes=\"auto, (max-width: 1000px) 100vw, 1000px\"><\/a><figcaption class=\"wp-element-caption\">Kaitsem\u00e4rgi p\u00f5letamine<\/figcaption><\/figure><figure class=\"wp-block-image size-large\"><a href=\"https:\/\/sisu.ut.ee\/wp-content\/uploads\/sites\/427\/kasmu1-07.jpg\"><img loading=\"lazy\" decoding=\"async\" width=\"1000\" height=\"667\" data-id=\"2098\" src=\"https:\/\/sisu.ut.ee\/wp-content\/uploads\/sites\/427\/kasmu1-07.jpg\" alt=\"Lemeti kivi\" class=\"wp-image-2098\" srcset=\"https:\/\/sisu.ut.ee\/wp-content\/uploads\/sites\/427\/kasmu1-07.jpg 1000w, https:\/\/sisu.ut.ee\/wp-content\/uploads\/sites\/427\/kasmu1-07-300x200.jpg 300w, https:\/\/sisu.ut.ee\/wp-content\/uploads\/sites\/427\/kasmu1-07-768x512.jpg 768w\" sizes=\"auto, (max-width: 1000px) 100vw, 1000px\"><\/a><figcaption class=\"wp-element-caption\">Lemeti kivi<\/figcaption><\/figure><figure class=\"wp-block-image size-large\"><a href=\"https:\/\/sisu.ut.ee\/wp-content\/uploads\/sites\/427\/kasmu1-08.jpg\"><img loading=\"lazy\" decoding=\"async\" width=\"1000\" height=\"667\" data-id=\"2099\" src=\"https:\/\/sisu.ut.ee\/wp-content\/uploads\/sites\/427\/kasmu1-08.jpg\" alt=\"K\u00e4smu Meremuuseumis. Ekskursiooni juhib Aarne Vaik\" class=\"wp-image-2099\" srcset=\"https:\/\/sisu.ut.ee\/wp-content\/uploads\/sites\/427\/kasmu1-08.jpg 1000w, https:\/\/sisu.ut.ee\/wp-content\/uploads\/sites\/427\/kasmu1-08-300x200.jpg 300w, https:\/\/sisu.ut.ee\/wp-content\/uploads\/sites\/427\/kasmu1-08-768x512.jpg 768w\" sizes=\"auto, (max-width: 1000px) 100vw, 1000px\"><\/a><figcaption class=\"wp-element-caption\">K\u00e4smu Meremuuseumis. Ekskursiooni juhib Aarne Vaik<\/figcaption><\/figure><figure class=\"wp-block-image size-large\"><a href=\"https:\/\/sisu.ut.ee\/wp-content\/uploads\/sites\/427\/kasmu1-09.jpg\"><img decoding=\"async\" data-id=\"2100\" src=\"https:\/\/sisu.ut.ee\/wp-content\/uploads\/sites\/427\/kasmu1-09.jpg\" alt=\"\" class=\"wp-ima\"><\/a><\/figure><figure class=\"wp-block-image size-large\"><a href=\"https:\/\/sisu.ut.ee\/wp-content\/uploads\/sites\/427\/kasmu1-10.jpg\"><img decoding=\"async\" data-id=\"2101\" src=\"https:\/\/sisu.ut.ee\/wp-content\/uploads\/sites\/427\/kasmu1-10.jpg\" alt=\"\" class=\"wp-ima\"><\/a><\/figure><figure class=\"wp-block-image size-large\"><a href=\"https:\/\/sisu.ut.ee\/wp-content\/uploads\/sites\/427\/kasmu1-11.jpg\"><img decoding=\"async\" data-id=\"2102\" src=\"https:\/\/sisu.ut.ee\/wp-content\/uploads\/sites\/427\/kasmu1-11.jpg\" alt=\"\" class=\"wp-ima\"><\/a><\/figure><figure class=\"wp-block-image size-large\"><a href=\"https:\/\/sisu.ut.ee\/wp-content\/uploads\/sites\/427\/kasmu1-12.jpg\"><img decoding=\"async\" data-id=\"2103\" src=\"https:\/\/sisu.ut.ee\/wp-content\/uploads\/sites\/427\/kasmu1-12.jpg\" alt=\"\" class=\"wp-ima\"><\/a><\/figure><figure class=\"wp-block-image size-large\"><a href=\"https:\/\/sisu.ut.ee\/wp-content\/uploads\/sites\/427\/kasmu1-13.jpg\"><img loading=\"lazy\" decoding=\"async\" width=\"1000\" height=\"667\" data-id=\"2104\" src=\"https:\/\/sisu.ut.ee\/wp-content\/uploads\/sites\/427\/kasmu1-13.jpg\" alt=\"S\u00f6\u00f6kla j\u00e4rjekorras\" class=\"wp-image-2104\" srcset=\"https:\/\/sisu.ut.ee\/wp-content\/uploads\/sites\/427\/kasmu1-13.jpg 1000w, https:\/\/sisu.ut.ee\/wp-content\/uploads\/sites\/427\/kasmu1-13-300x200.jpg 300w, https:\/\/sisu.ut.ee\/wp-content\/uploads\/sites\/427\/kasmu1-13-768x512.jpg 768w\" sizes=\"auto, (max-width: 1000px) 100vw, 1000px\"><\/a><figcaption class=\"wp-element-caption\">S\u00f6\u00f6kla j\u00e4rjekorras<\/figcaption><\/figure><figure class=\"wp-block-image size-large\"><a href=\"https:\/\/sisu.ut.ee\/wp-content\/uploads\/sites\/427\/kasmu1-14.jpg\"><img decoding=\"async\" data-id=\"2105\" src=\"https:\/\/sisu.ut.ee\/wp-content\/uploads\/sites\/427\/kasmu1-14.jpg\" alt=\"\" class=\"wp-ima\"><\/a><\/figure><figure class=\"wp-block-image size-large\"><a href=\"https:\/\/sisu.ut.ee\/wp-content\/uploads\/sites\/427\/kasmu1-15.jpg\"><img decoding=\"async\" data-id=\"2106\" src=\"https:\/\/sisu.ut.ee\/wp-content\/uploads\/sites\/427\/kasmu1-15.jpg\" alt=\"\" class=\"wp-ima\"><\/a><\/figure><figure class=\"wp-block-image size-large\"><a href=\"https:\/\/sisu.ut.ee\/wp-content\/uploads\/sites\/427\/kasmu1-16.jpg\"><img decoding=\"async\" data-id=\"2107\" src=\"https:\/\/sisu.ut.ee\/wp-content\/uploads\/sites\/427\/kasmu1-16.jpg\" alt=\"\" class=\"wp-ima\"><\/a><\/figure><figure class=\"wp-block-image size-large\"><a href=\"https:\/\/sisu.ut.ee\/wp-content\/uploads\/sites\/427\/kasmu1-17.jpg\"><img decoding=\"async\" data-id=\"2108\" src=\"https:\/\/sisu.ut.ee\/wp-content\/uploads\/sites\/427\/kasmu1-17.jpg\" alt=\"\" class=\"wp-ima\"><\/a><\/figure><figure class=\"wp-block-image size-large\"><a href=\"https:\/\/sisu.ut.ee\/wp-content\/uploads\/sites\/427\/kasmu1-18.jpg\"><img loading=\"lazy\" decoding=\"async\" width=\"1000\" height=\"667\" data-id=\"2109\" src=\"https:\/\/sisu.ut.ee\/wp-content\/uploads\/sites\/427\/kasmu1-18.jpg\" alt=\"K\u00e4smu Kuradisaar, kuhu minek on lindude pesitsemise ajal keelatud\" class=\"wp-image-2109\" srcset=\"https:\/\/sisu.ut.ee\/wp-content\/uploads\/sites\/427\/kasmu1-18.jpg 1000w, https:\/\/sisu.ut.ee\/wp-content\/uploads\/sites\/427\/kasmu1-18-300x200.jpg 300w, https:\/\/sisu.ut.ee\/wp-content\/uploads\/sites\/427\/kasmu1-18-768x512.jpg 768w\" sizes=\"auto, (max-width: 1000px) 100vw, 1000px\"><\/a><figcaption class=\"wp-element-caption\">K\u00e4smu Kuradisaar, kuhu minek on lindude pesitsemise ajal keelatud<\/figcaption><\/figure><figure class=\"wp-block-image size-large\"><a href=\"https:\/\/sisu.ut.ee\/wp-content\/uploads\/sites\/427\/kasmu1-19.jpg\"><img decoding=\"async\" data-id=\"2110\" src=\"https:\/\/sisu.ut.ee\/wp-content\/uploads\/sites\/427\/kasmu1-19.jpg\" alt=\"\" class=\"wp-ima\"><\/a><\/figure><figure class=\"wp-block-image size-large\"><a href=\"https:\/\/sisu.ut.ee\/wp-content\/uploads\/sites\/427\/kasmu1-20.jpg\"><img decoding=\"async\" data-id=\"2111\" src=\"https:\/\/sisu.ut.ee\/wp-content\/uploads\/sites\/427\/kasmu1-20.jpg\" alt=\"\" class=\"wp-ima\"><\/a><\/figure><figure class=\"wp-block-image size-large\"><a href=\"https:\/\/sisu.ut.ee\/wp-content\/uploads\/sites\/427\/kasmu1-21.jpg\"><img loading=\"lazy\" decoding=\"async\" width=\"1000\" height=\"667\" data-id=\"2112\" src=\"https:\/\/sisu.ut.ee\/wp-content\/uploads\/sites\/427\/kasmu1-21.jpg\" alt=\"Matsikivi\" class=\"wp-image-2112\" srcset=\"https:\/\/sisu.ut.ee\/wp-content\/uploads\/sites\/427\/kasmu1-21.jpg 1000w, https:\/\/sisu.ut.ee\/wp-content\/uploads\/sites\/427\/kasmu1-21-300x200.jpg 300w, https:\/\/sisu.ut.ee\/wp-content\/uploads\/sites\/427\/kasmu1-21-768x512.jpg 768w\" sizes=\"auto, (max-width: 1000px) 100vw, 1000px\"><\/a><figcaption class=\"wp-element-caption\">Matsikivi<\/figcaption><\/figure><figure class=\"wp-block-image size-large\"><a href=\"https:\/\/sisu.ut.ee\/wp-content\/uploads\/sites\/427\/kasmu1-22.jpg\"><img decoding=\"async\" data-id=\"2113\" src=\"https:\/\/sisu.ut.ee\/wp-content\/uploads\/sites\/427\/kasmu1-22.jpg\" alt=\"\" class=\"wp-ima\"><\/a><\/figure><figure class=\"wp-block-image size-large\"><a href=\"https:\/\/sisu.ut.ee\/wp-content\/uploads\/sites\/427\/kasmu1-23.jpg\"><img decoding=\"async\" data-id=\"2114\" src=\"https:\/\/sisu.ut.ee\/wp-content\/uploads\/sites\/427\/kasmu1-23.jpg\" alt=\"\" class=\"wp-ima\"><\/a><\/figure><figure class=\"wp-block-image size-large\"><a href=\"https:\/\/sisu.ut.ee\/wp-content\/uploads\/sites\/427\/kasmu1-24.jpg\"><img decoding=\"async\" data-id=\"2115\" src=\"https:\/\/sisu.ut.ee\/wp-content\/uploads\/sites\/427\/kasmu1-24.jpg\" alt=\"\" class=\"wp-ima\"><\/a><\/figure><figure class=\"wp-block-image size-large\"><a href=\"https:\/\/sisu.ut.ee\/wp-content\/uploads\/sites\/427\/kasmu1-25.jpg\"><img decoding=\"async\" data-id=\"2116\" src=\"https:\/\/sisu.ut.ee\/wp-content\/uploads\/sites\/427\/kasmu1-25.jpg\" alt=\"\" class=\"wp-ima\"><\/a><\/figure><figure class=\"wp-block-image size-large\"><a href=\"https:\/\/sisu.ut.ee\/wp-content\/uploads\/sites\/427\/kasmu1-26.jpg\"><img decoding=\"async\" data-id=\"2117\" src=\"https:\/\/sisu.ut.ee\/wp-content\/uploads\/sites\/427\/kasmu1-26.jpg\" alt=\"\" class=\"wp-ima\"><\/a><\/figure><figure class=\"wp-block-image size-large\"><a href=\"https:\/\/sisu.ut.ee\/wp-content\/uploads\/sites\/427\/kasmu1-27.jpg\"><img decoding=\"async\" data-id=\"2118\" src=\"https:\/\/sisu.ut.ee\/wp-content\/uploads\/sites\/427\/kasmu1-27.jpg\" alt=\"\" class=\"wp-ima\"><\/a><\/figure><figure class=\"wp-block-image size-large\"><a href=\"https:\/\/sisu.ut.ee\/wp-content\/uploads\/sites\/427\/kasmu1-28.jpg\"><img decoding=\"async\" data-id=\"2119\" src=\"https:\/\/sisu.ut.ee\/wp-content\/uploads\/sites\/427\/kasmu1-28.jpg\" alt=\"\" class=\"wp-ima\"><\/a><\/figure><figure class=\"wp-block-image size-large\"><a href=\"https:\/\/sisu.ut.ee\/wp-content\/uploads\/sites\/427\/kasmu1-29.jpg\"><img loading=\"lazy\" decoding=\"async\" width=\"1000\" height=\"667\" data-id=\"2120\" src=\"https:\/\/sisu.ut.ee\/wp-content\/uploads\/sites\/427\/kasmu1-29.jpg\" alt=\"Kaunid kontserdid K\u00e4smus - T\u00f5nis M\u00e4gi &amp; Chalice\" class=\"wp-image-2120\" srcset=\"https:\/\/sisu.ut.ee\/wp-content\/uploads\/sites\/427\/kasmu1-29.jpg 1000w, https:\/\/sisu.ut.ee\/wp-content\/uploads\/sites\/427\/kasmu1-29-300x200.jpg 300w, https:\/\/sisu.ut.ee\/wp-content\/uploads\/sites\/427\/kasmu1-29-768x512.jpg 768w\" sizes=\"auto, (max-width: 1000px) 100vw, 1000px\"><\/a><figcaption class=\"wp-element-caption\">Kaunid kontserdid K\u00e4smus \u2013 T\u00f5nis M\u00e4gi &amp; Chalice<\/figcaption><\/figure><figure class=\"wp-block-image size-large\"><a href=\"https:\/\/sisu.ut.ee\/wp-content\/uploads\/sites\/427\/kasmu1-30.jpg\"><img decoding=\"async\" data-id=\"2121\" src=\"https:\/\/sisu.ut.ee\/wp-content\/uploads\/sites\/427\/kasmu1-30.jpg\" alt=\"\" class=\"wp-ima\"><\/a><\/figure><figure class=\"wp-block-image size-large\"><a href=\"https:\/\/sisu.ut.ee\/wp-content\/uploads\/sites\/427\/kasmu1-31.jpg\"><img decoding=\"async\" data-id=\"2122\" src=\"https:\/\/sisu.ut.ee\/wp-content\/uploads\/sites\/427\/kasmu1-31.jpg\" alt=\"\" class=\"wp-ima\"><\/a><\/figure><figure class=\"wp-block-image size-large\"><a href=\"https:\/\/sisu.ut.ee\/wp-content\/uploads\/sites\/427\/kasmu1-32.jpg\"><img decoding=\"async\" data-id=\"2123\" src=\"https:\/\/sisu.ut.ee\/wp-content\/uploads\/sites\/427\/kasmu1-32.jpg\" alt=\"\" class=\"wp-ima\"><\/a><\/figure><figure class=\"wp-block-image size-large\"><a href=\"https:\/\/sisu.ut.ee\/wp-content\/uploads\/sites\/427\/kasmu1-33.jpg\"><img decoding=\"async\" data-id=\"2124\" src=\"https:\/\/sisu.ut.ee\/wp-content\/uploads\/sites\/427\/kasmu1-33.jpg\" alt=\"\" class=\"wp-ima\"><\/a><\/figure><figure class=\"wp-block-image size-large\"><a href=\"https:\/\/sisu.ut.ee\/wp-content\/uploads\/sites\/427\/kasmu1-34.jpg\"><img loading=\"lazy\" decoding=\"async\" width=\"1000\" height=\"667\" data-id=\"2125\" src=\"https:\/\/sisu.ut.ee\/wp-content\/uploads\/sites\/427\/kasmu1-34.jpg\" alt=\"Viktoriin\" class=\"wp-image-2125\" srcset=\"https:\/\/sisu.ut.ee\/wp-content\/uploads\/sites\/427\/kasmu1-34.jpg 1000w, https:\/\/sisu.ut.ee\/wp-content\/uploads\/sites\/427\/kasmu1-34-300x200.jpg 300w, https:\/\/sisu.ut.ee\/wp-content\/uploads\/sites\/427\/kasmu1-34-768x512.jpg 768w\" sizes=\"auto, (max-width: 1000px) 100vw, 1000px\"><\/a><figcaption class=\"wp-element-caption\">Viktoriin<\/figcaption><\/figure><figure class=\"wp-block-image size-large\"><a href=\"https:\/\/sisu.ut.ee\/wp-content\/uploads\/sites\/427\/kasmu1-35.jpg\"><img decoding=\"async\" data-id=\"2126\" src=\"https:\/\/sisu.ut.ee\/wp-content\/uploads\/sites\/427\/kasmu1-35.jpg\" alt=\"\" class=\"wp-ima\"><\/a><\/figure><figure class=\"wp-block-image size-large\"><a href=\"https:\/\/sisu.ut.ee\/wp-content\/uploads\/sites\/427\/kasmu1-36.jpg\"><img decoding=\"async\" data-id=\"2127\" src=\"https:\/\/sisu.ut.ee\/wp-content\/uploads\/sites\/427\/kasmu1-36.jpg\" alt=\"\" class=\"wp-ima\"><\/a><\/figure><figure class=\"wp-block-image size-large\"><a href=\"https:\/\/sisu.ut.ee\/wp-content\/uploads\/sites\/427\/kasmu1-37.jpg\"><img decoding=\"async\" data-id=\"2128\" src=\"https:\/\/sisu.ut.ee\/wp-content\/uploads\/sites\/427\/kasmu1-37.jpg\" alt=\"\" class=\"wp-ima\"><\/a><\/figure><figure class=\"wp-block-image size-large\"><a href=\"https:\/\/sisu.ut.ee\/wp-content\/uploads\/sites\/427\/kasmu1-38.jpg\"><img decoding=\"async\" data-id=\"2129\" src=\"https:\/\/sisu.ut.ee\/wp-content\/uploads\/sites\/427\/kasmu1-38.jpg\" alt=\"\" class=\"wp-ima\"><\/a><\/figure><\/figure>","protected":false},"excerpt":{"rendered":"<p>Zooloogiaringi \u00f5pilased 2. ja 3. klassist Loodusmaja suvelaager<\/p>\n","protected":false},"author":88,"featured_media":0,"parent":0,"menu_order":0,"comment_status":"closed","ping_status":"closed","template":"","meta":{"_acf_changed":false,"inline_featured_image":false,"footnotes":""},"class_list":["post-103","page","type-page","status-publish","hentry"],"acf":[],"_links":{"self":[{"href":"https:\/\/sisu.ut.ee\/zrpildid\/wp-json\/wp\/v2\/pages\/103","targetHints":{"allow":["GET"]}}],"collection":[{"href":"https:\/\/sisu.ut.ee\/zrpildid\/wp-json\/wp\/v2\/pages"}],"about":[{"href":"https:\/\/sisu.ut.ee\/zrpildid\/wp-json\/wp\/v2\/types\/page"}],"author":[{"embeddable":true,"href":"https:\/\/sisu.ut.ee\/zrpildid\/wp-json\/wp\/v2\/users\/88"}],"replies":[{"embeddable":true,"href":"https:\/\/sisu.ut.ee\/zrpildid\/wp-json\/wp\/v2\/comments?post=103"}],"version-history":[{"count":2,"href":"https:\/\/sisu.ut.ee\/zrpildid\/wp-json\/wp\/v2\/pages\/103\/revisions"}],"predecessor-version":[{"id":4047,"href":"https:\/\/sisu.ut.ee\/zrpildid\/wp-json\/wp\/v2\/pages\/103\/revisions\/4047"}],"wp:attachment":[{"href":"https:\/\/sisu.ut.ee\/zrpildid\/wp-json\/wp\/v2\/media?parent=103"}],"curies":[{"name":"wp","href":"https:\/\/api.w.org\/{rel}","templated":true}]}}