{"id":9,"date":"2024-04-03T23:08:45","date_gmt":"2024-04-03T20:08:45","guid":{"rendered":"https:\/\/sisu.ut.ee\/zoterojuhend\/topeltkirjete-kustutamine\/"},"modified":"2026-02-17T09:16:08","modified_gmt":"2026-02-17T07:16:08","slug":"topeltkirjete-kustutamine","status":"publish","type":"page","link":"https:\/\/sisu.ut.ee\/zoterojuhend\/topeltkirjete-kustutamine\/","title":{"rendered":"T\u00f6\u00f6 kaustadega ja topeltkirjete kustutamine"},"content":{"rendered":"<p><strong>Minu raamatukogu<\/strong> sisaldab k\u00f5iki Zoterosse kantud kirjeid. Et neid teemade kaupa sorteerida, saab lisaks luua erinevaid kaustu. \u00a0Selleks kl\u00f5psake \u00fclemisel t\u00f6\u00f6riistaribal k\u00f5ige vasakpoolset kaustaga ikooni (<em>Uus teema<\/em>) ning valige, millise teema alla kausta luua soovite. Lohistage <em>Minu raamatukogu<\/em> vaates kirjete loetelust kirjed kausta. K\u00f5ik kirjed j\u00e4\u00e4vad alles <em>Minu raamatukogusse<\/em>. Kuigi kirjed on nii kaustas kui <em>Minu raamatukogus<\/em>, ei loeta neid topeltkirjeteks.<\/p>\n<p><strong>Kirje eemaldamiseks\u00a0<\/strong>teemakaustast valige vasakult kaust, valige keskmises aknas kirje(d), mida soovite eemaldada ja vajutage <em>Delete<\/em> klahvi v\u00f5i\u00a0tehke\u00a0parem hiirekl\u00f5ps valitud kirje(te)l ja valige <em>Kirje eemaldamine teemast.\u00a0<\/em>Nii eemaldatakse kirje ainult valitud kaustast, <em>Minu raamatukokku <\/em>j\u00e4\u00e4b see alles ja kui kirje on ka m\u00f5nes teises kaustas, siis j\u00e4\u00e4b see ka sinna alles.<\/p>\n<p><strong>Kirje kustutamiseks <\/strong>valige kirjed teemakaustas v\u00f5i <em>Minu raamatukogu <\/em>vaates, tehke\u00a0parem hiirekl\u00f5ps valitud kirje(te)l ja valige\u00a0<em>Move Item(s) to Trash<\/em>. <em>Minu raamatukogu<\/em> vaates kustuvad\u00a0valitud kirjed ka <em>Delete<\/em> klahvi vajutades.<\/p>\n<p><em>Minu raamatukogu<\/em> vaates saab n\u00e4ha, <strong>millises kaustas kirje asub<\/strong>. Selleks kl\u00f5psake kirjel ning seej\u00e4rel vajutage <em>Ctrl<\/em> klahvi. Vasakul aknas v\u00e4rvub kaust, kus kirje asub, kollaseks.<\/p>\n<p><strong>Topeltkirjete<\/strong> kustutamiseks kl\u00f5psake vasakus men\u00fc\u00fcs kausta<em> Duplicate items\/Duplikaadid.<\/em><\/p>\n<p><img loading=\"lazy\" decoding=\"async\" class=\"alignnone wp-image-224 size-full\" title=\"Topeltkirjete kustutamine\" src=\"https:\/\/sisu.ut.ee\/wp-content\/uploads\/sites\/15\/duplikaadid-3.png\" alt=\"\" width=\"1440\" height=\"260\" srcset=\"https:\/\/sisu.ut.ee\/wp-content\/uploads\/sites\/15\/duplikaadid-3.png 1440w, https:\/\/sisu.ut.ee\/wp-content\/uploads\/sites\/15\/duplikaadid-3-300x54.png 300w, https:\/\/sisu.ut.ee\/wp-content\/uploads\/sites\/15\/duplikaadid-3-1024x185.png 1024w, https:\/\/sisu.ut.ee\/wp-content\/uploads\/sites\/15\/duplikaadid-3-768x139.png 768w\" sizes=\"auto, (max-width: 1440px) 100vw, 1440px\"><\/p>\n<p>N\u00fc\u00fcd on keskmises aknas topeltkirjed m\u00e4rgitud. Paremas aknas tuleb valida, kumma versiooni soovite s\u00e4ilitada. Kl\u00f5psates kuup\u00e4evadel, n\u00e4ete t\u00e4psemalt kirje andmeid. Kui allesj\u00e4\u00e4v versioon on valitud, kl\u00f5psake <em>Merge 2 items<\/em>\/<em>2 kirje liitmine<\/em>.<\/p>\n<p>Neid kirjed, mis ei ole \u00fchessegi kausta lisatud, n\u00e4ete vasakul valikus <em>Teemata kirjed<\/em> (<em>Unfiled items<\/em>).<\/p>\n","protected":false},"excerpt":{"rendered":"<p>Minu raamatukogu sisaldab k\u00f5iki Zoterosse kantud kirjeid. Et neid teemade kaupa sorteerida, saab lisaks luua erinevaid kaustu. \u00a0Selleks kl\u00f5psake \u00fclemisel t\u00f6\u00f6riistaribal k\u00f5ige vasakpoolset kaustaga ikooni (Uus teema) ning valige, millise teema alla kausta luua soovite. Lohistage Minu raamatukogu vaates kirjete &#8230;<\/p>\n","protected":false},"author":5,"featured_media":0,"parent":0,"menu_order":0,"comment_status":"closed","ping_status":"closed","template":"","meta":{"_acf_changed":false,"inline_featured_image":false,"footnotes":""},"class_list":["post-9","page","type-page","status-publish","hentry"],"acf":[],"_links":{"self":[{"href":"https:\/\/sisu.ut.ee\/zoterojuhend\/wp-json\/wp\/v2\/pages\/9","targetHints":{"allow":["GET"]}}],"collection":[{"href":"https:\/\/sisu.ut.ee\/zoterojuhend\/wp-json\/wp\/v2\/pages"}],"about":[{"href":"https:\/\/sisu.ut.ee\/zoterojuhend\/wp-json\/wp\/v2\/types\/page"}],"author":[{"embeddable":true,"href":"https:\/\/sisu.ut.ee\/zoterojuhend\/wp-json\/wp\/v2\/users\/5"}],"replies":[{"embeddable":true,"href":"https:\/\/sisu.ut.ee\/zoterojuhend\/wp-json\/wp\/v2\/comments?post=9"}],"version-history":[{"count":3,"href":"https:\/\/sisu.ut.ee\/zoterojuhend\/wp-json\/wp\/v2\/pages\/9\/revisions"}],"predecessor-version":[{"id":296,"href":"https:\/\/sisu.ut.ee\/zoterojuhend\/wp-json\/wp\/v2\/pages\/9\/revisions\/296"}],"wp:attachment":[{"href":"https:\/\/sisu.ut.ee\/zoterojuhend\/wp-json\/wp\/v2\/media?parent=9"}],"curies":[{"name":"wp","href":"https:\/\/api.w.org\/{rel}","templated":true}]}}