{"id":7,"date":"2024-04-03T23:08:45","date_gmt":"2024-04-03T20:08:45","guid":{"rendered":"https:\/\/sisu.ut.ee\/zoterojuhend\/kirjete-kogumine-ja-haldamine-toogruppides\/"},"modified":"2026-02-17T09:40:49","modified_gmt":"2026-02-17T07:40:49","slug":"kirjete-kogumine-ja-haldamine-toogruppides","status":"publish","type":"page","link":"https:\/\/sisu.ut.ee\/zoterojuhend\/kirjete-kogumine-ja-haldamine-toogruppides\/","title":{"rendered":"Kirjete kogumine ja haldamine t\u00f6\u00f6gruppides"},"content":{"rendered":"<p>Zotero kasutaja v\u00f5ib luua gruppe, kuhu ta kutsub osalema teisi liikmeid, kellega \u00fchiselt koguda, hallata ja kasutada kirjeid. Seda saab teha Zotero kodulehel. Grupid v\u00f5ivad olla avalikud v\u00f5i suletud. Zotero kodulehel saab teemade j\u00e4rgi otsida avatud gruppe ning nendega liituda.<\/p>\n<p>Grupi loomiseks logige Zotero kodulehel Zoterosse sisse, kl\u00f5psake sakki <em style=\"line-height: 1.6em;\">Groups -&gt; Create a new Group<\/em>. Andke grupile nimi, m\u00e4\u00e4rake, kas see on avalik v\u00f5i mitte. Kl\u00f5psates <em style=\"line-height: 1.6em;\">Manage Library<\/em> saate m\u00e4\u00e4rata, millised toimingud on teistele grupi liikmetele lubatud. Et teised liikmed n\u00e4eksid k\u00f5iki kirjeid ja saaksid lisada uusi, valige tegevuste seadetes \u00a0<em style=\"line-height: 1.6em;\">Any Group Member<\/em>. Siis saatke kutsed inimestele grupiga liitumiseks, lisades nende meiliaadressid.\u00a0 Grupiga liitumiseks peab kutsutu Zoterosse sisse logima.<\/p>\n<p>Grupp v\u00f5ib olla <strong>privaatne<\/strong> (n\u00e4htav grupi liikmetele, liikmed kutsutakse \u00fchinema), <strong>avalik, piiratud kasutajaskonnaga<\/strong> (kirjed on avalikult n\u00e4htavad, kuid grupi liikmeks saab kutsetega), <strong>avalik grupp<\/strong>, (n\u00e4htav k\u00f5ikidele, iga\u00fcks v\u00f5ib liituda). \u00a0Avalikus grupis on ainult kirjed, faile sinna lisada ei saa.<\/p>\n<p>Grupis saab moodustada \u00fchiseid kaustu ja alamkaustu. Grupikaustad ilmuvad Zotero vasakusse aknasse <em>Jagatud kataloogide<\/em> (<em>Group Libraries<\/em>) alla.<\/p>\n<p>Kaustu saab t\u00e4iendada oma Zotero aknast. Iga\u00fcks saab valida, kas ta lisab kirjed oma isiklikesse teistele n\u00e4htamatutesse kaustadesse (<em>Minu raamatukogu<\/em>) v\u00f5i grupile n\u00e4htavatesse kaustadesse. Kaustad v\u00f5ib ka k\u00f5igile avalikuks teha.<\/p>\n<p><span style=\"line-height: 20.8px;\">Kirjed\u00a0<\/span>t\u00f5mmatakse a<span style=\"line-height: 20.8px;\">utomaatselt<\/span><span style=\"line-height: 20.8px;\">\u00a0<\/span><span style=\"line-height: 20.8px;\">sellesse kausta, mis on parasjagu avatud ning alati ka \u00fcldisesse kausta <em>Minu raamatukogu (My Library<\/em>). Kirjeid saab hiirega \u00f5igetesse kaustadesse lohistada.<\/span><\/p>\n<p>Kirjete juurde kuuluvaid faile saab s\u00fcnkroonimisel \u00fcle kanda teise arvutisse v\u00f5i lohistada grupikaustadesse vaid siis, kui olete selle s\u00fcnkroonimise seadetes m\u00e4\u00e4ranud. Kl\u00f5psake Zotero t\u00f6\u00f6riistaribal <em>Redigeerimine<\/em> -&gt; <em>S\u00e4tted\u00a0-&gt; S\u00fcnkroonimine<\/em>. Sisestage oma Zotero kasutajanimi ja parool.<\/p>\n<p>Avalikesse grupikaustadesse (<em>Public, open membership<\/em>) failid kaasa ei tule.<\/p>\n<div>Zotero <strong>grupi kustutamiseks<\/strong> peate olema selle omanik ja tegutsema veebisaidi, mitte t\u00f6\u00f6lauarakenduse kaudu. Logige sisse aadressile zotero.org\/groups, valige grupp, kl\u00f5psake <em>Manage Profile<\/em>\u00a0 ja kl\u00f5psake paremal nupul <em>Delete Group<\/em>. See toiming on p\u00f6\u00f6rdumatu ja eemaldab k\u00f5ik grupi andmed.<\/div>\n","protected":false},"excerpt":{"rendered":"<p>Zotero kasutaja v\u00f5ib luua gruppe, kuhu ta kutsub osalema teisi liikmeid, kellega \u00fchiselt koguda, hallata ja kasutada kirjeid. Seda saab teha Zotero kodulehel. Grupid v\u00f5ivad olla avalikud v\u00f5i suletud. Zotero kodulehel saab teemade j\u00e4rgi otsida avatud gruppe ning nendega liituda. &#8230;<\/p>\n","protected":false},"author":5,"featured_media":0,"parent":0,"menu_order":0,"comment_status":"closed","ping_status":"closed","template":"","meta":{"_acf_changed":false,"inline_featured_image":false,"footnotes":""},"class_list":["post-7","page","type-page","status-publish","hentry"],"acf":[],"_links":{"self":[{"href":"https:\/\/sisu.ut.ee\/zoterojuhend\/wp-json\/wp\/v2\/pages\/7","targetHints":{"allow":["GET"]}}],"collection":[{"href":"https:\/\/sisu.ut.ee\/zoterojuhend\/wp-json\/wp\/v2\/pages"}],"about":[{"href":"https:\/\/sisu.ut.ee\/zoterojuhend\/wp-json\/wp\/v2\/types\/page"}],"author":[{"embeddable":true,"href":"https:\/\/sisu.ut.ee\/zoterojuhend\/wp-json\/wp\/v2\/users\/5"}],"replies":[{"embeddable":true,"href":"https:\/\/sisu.ut.ee\/zoterojuhend\/wp-json\/wp\/v2\/comments?post=7"}],"version-history":[{"count":5,"href":"https:\/\/sisu.ut.ee\/zoterojuhend\/wp-json\/wp\/v2\/pages\/7\/revisions"}],"predecessor-version":[{"id":299,"href":"https:\/\/sisu.ut.ee\/zoterojuhend\/wp-json\/wp\/v2\/pages\/7\/revisions\/299"}],"wp:attachment":[{"href":"https:\/\/sisu.ut.ee\/zoterojuhend\/wp-json\/wp\/v2\/media?parent=7"}],"curies":[{"name":"wp","href":"https:\/\/api.w.org\/{rel}","templated":true}]}}