{"id":5,"date":"2024-04-03T23:08:45","date_gmt":"2024-04-03T20:08:45","guid":{"rendered":"https:\/\/sisu.ut.ee\/zoterojuhend\/kirjanduse-loetelu-tegemine\/"},"modified":"2026-02-17T10:16:51","modified_gmt":"2026-02-17T08:16:51","slug":"kirjanduse-loetelu-tegemine","status":"publish","type":"page","link":"https:\/\/sisu.ut.ee\/zoterojuhend\/kirjanduse-loetelu-tegemine\/","title":{"rendered":"Viitamisstiilid. Lihtne kirjanduse loetelu"},"content":{"rendered":"<h5><span style=\"color: #333399;\"><strong>Viitamisstiilid<\/strong><\/span><\/h5>\n<p>Zoteros on ligi 10 000 erinevat viitamisstiili. Nende lisamiseks oma stiilide valikusse kl\u00f5psake Zotero aknas <em>Redigeerimine<\/em> <em>&gt;<\/em>\u00a0<em>S\u00e4tted &gt; Viitamine<\/em>\u00a0<em>&gt;<\/em>\u00a0<em>Stiilid\u00a0&gt; Get additional styles.<\/em><\/p>\n<p>Stiile saab valida ka otse Zotero kodulehelt. Kl\u00f5psake <em>Documentation<\/em>, seej\u00e4rel valige sisukorrast\u00a0<em>Generating Bibliographies, Citations and Reports<\/em> ning siis <a class=\"wikilink1\" title=\"styles\" href=\"https:\/\/www.zotero.org\/support\/styles\">Citation Styles<\/a>. Leidke link\u00a0<a class=\"wikilink1\" title=\"\/styles\" href=\"https:\/\/www.zotero.org\/styles\">Zotero Style Repository.\u00a0<\/a><\/p>\n<p>Viitestiile saab sorteerida vorminduse j\u00e4rgi (nt nummerdatud,\u00a0t\u00e4hestikuline autori j\u00e4rgi, autor + aasta) v\u00f5i erialade j\u00e4rgi. Liikudes hiirega viitestiili nimele avaneb aken stiilin\u00e4idetega. Kui soovite lisada viitestiili oma lemmikute hulka, kl\u00f5psake stiili nimel. Kl\u00f5psates failil avaneb aken, kus tuleb kinnitada, et soovite selle stiili installeerida.<\/p>\n<p>Enne viitamisstiili valimist on v\u00e4ga kasulik vaadata, kuidas teie viited erinevates stiilides v\u00e4lja n\u00e4evad ning kas nad vastavad uurimist\u00f6\u00f6 vormistamise n\u00f5uetele. Kl\u00f5psake Zoteros\u00a0<em>Redigeerimine<\/em> <em>&gt;<\/em>\u00a0<em>S\u00e4tted &gt; Viitamine<\/em>\u00a0<em>&gt;<\/em>\u00a0<em>Stiilid <\/em>aknas\u00a0allpool\u00a0<em>Style Preview<\/em>. Valige Zoterosse kogutud materjalide hulgast erinevaid kirjeid, hoides all <em>Ctrl<\/em> klahvi. Stiilide eelvaate lehel kl\u00f5psake<em>V\u00e4rskenda<\/em>. N\u00fc\u00fcd moodustatakse teie valitud kirjetest bibliograafia k\u00f5ikides teie poolt\u00a0valitud viitamisstiilides.<\/p>\n<h5><strong><span style=\"color: #333399;\">Lihtsa kirjanduse loetelu lisamine<\/span>\u00a0<\/strong><\/h5>\n<p>Avage Zotero ning valige <em>Ctrl<\/em> klahvi all hoides keskmisest aknast kirjed, mida soovite oma t\u00f6\u00f6sse lisada. Mitme j\u00e4rjestikkuse kirje valimiseks kl\u00f5psake esimesel kirjel, hoidke all <em>Shift<\/em> klahvi ja kl\u00f5psake siis viimasel soovitud\u00a0kirjel. Tehke m\u00f5nel valitud kirjel\u00a0<strong>parem<\/strong> hiirekl\u00f5ps ning kl\u00f5psake <em>Valitud kirjetest bibliograafia loomine.<\/em><\/p>\n<p style=\"padding-left: 30px;\"><img loading=\"lazy\" decoding=\"async\" class=\"alignnone wp-image-230 size-full\" title=\"zotbibl.png\" src=\"https:\/\/sisu.ut.ee\/wp-content\/uploads\/sites\/15\/Nimetu-kujundus-2.png\" alt=\"\" width=\"338\" height=\"115\" srcset=\"https:\/\/sisu.ut.ee\/wp-content\/uploads\/sites\/15\/Nimetu-kujundus-2.png 338w, https:\/\/sisu.ut.ee\/wp-content\/uploads\/sites\/15\/Nimetu-kujundus-2-300x102.png 300w\" sizes=\"auto, (max-width: 338px) 100vw, 338px\"><\/p>\n<p style=\"padding-left: 30px;\">Valige vajalik bibliograafia koostamise stiil ning keel. <em>V\u00e4ljundi t\u00fc\u00fcp: Bibliograafia,\u00a0V\u00e4ljundi meetod:\u00a0<em>L\u00f5ikepuhvrisse kopeerimine. <\/em><\/em><img loading=\"lazy\" decoding=\"async\" class=\"alignnone wp-image-231 size-full\" title=\"2021-02-05_19_02_00-window.png\" src=\"https:\/\/sisu.ut.ee\/wp-content\/uploads\/sites\/15\/viitamisstiilid.png\" alt=\"\" width=\"570\" height=\"626\" srcset=\"https:\/\/sisu.ut.ee\/wp-content\/uploads\/sites\/15\/viitamisstiilid.png 570w, https:\/\/sisu.ut.ee\/wp-content\/uploads\/sites\/15\/viitamisstiilid-273x300.png 273w\" sizes=\"auto, (max-width: 570px) 100vw, 570px\"><\/p>\n<p>Kleepige bibliograafia oma t\u00f6\u00f6sse.<\/p>\n<p style=\"padding-left: 30px;\">Tekstisisese viite lisamiseks valige kirje, kl\u00f5psake <em>Valitud kirjest bibliograafia loomine<\/em>\u00a0ning valige <em>V\u00e4ljundi t\u00fc\u00fcp: Viited.<\/em> N\u00fc\u00fcd moodustatakse tekstisiene viide, mille saab dokumenti kleepida. Bibliograafiat nende p\u00f5hjal moodustada ei saa. Selleks tuleb kirjed Zoterost uuesti v\u00e4lja valida, v\u00e4ljundi t\u00fc\u00fcp on sel juhul bibliograafia.<\/p>\n<p style=\"padding-left: 30px;\"><strong>Soovitame kasutada automaatset tekstisisest viitamist<\/strong> (vt j\u00e4rgmine peat\u00fckk), nii moodustatakse sisestatud viidete p\u00f5hjal bibliograafia dokumendi l\u00f5ppu automaatselt. Seda ei pea eraldi kopeerima ja dokumenti kleepima.<\/p>\n<div class=\"csl-bib-body\">\n<div class=\"csl-entry\">\n<div class=\"csl-bib-body\">\n<div class=\"csl-entry\">\u00a0<\/div>\n<\/div>\n<\/div>\n<\/div>\n\n\n<p><\/p>\n","protected":false},"excerpt":{"rendered":"<p>Viitamisstiilid Zoteros on ligi 10 000 erinevat viitamisstiili. Nende lisamiseks oma stiilide valikusse kl\u00f5psake Zotero aknas Redigeerimine &gt;\u00a0S\u00e4tted &gt; Viitamine\u00a0&gt;\u00a0Stiilid\u00a0&gt; Get additional styles. Stiile saab valida ka otse Zotero kodulehelt. Kl\u00f5psake Documentation, seej\u00e4rel valige sisukorrast\u00a0Generating Bibliographies, Citations and Reports ning &#8230;<\/p>\n","protected":false},"author":5,"featured_media":0,"parent":0,"menu_order":0,"comment_status":"closed","ping_status":"closed","template":"","meta":{"_acf_changed":false,"inline_featured_image":false,"footnotes":""},"class_list":["post-5","page","type-page","status-publish","hentry"],"acf":[],"_links":{"self":[{"href":"https:\/\/sisu.ut.ee\/zoterojuhend\/wp-json\/wp\/v2\/pages\/5","targetHints":{"allow":["GET"]}}],"collection":[{"href":"https:\/\/sisu.ut.ee\/zoterojuhend\/wp-json\/wp\/v2\/pages"}],"about":[{"href":"https:\/\/sisu.ut.ee\/zoterojuhend\/wp-json\/wp\/v2\/types\/page"}],"author":[{"embeddable":true,"href":"https:\/\/sisu.ut.ee\/zoterojuhend\/wp-json\/wp\/v2\/users\/5"}],"replies":[{"embeddable":true,"href":"https:\/\/sisu.ut.ee\/zoterojuhend\/wp-json\/wp\/v2\/comments?post=5"}],"version-history":[{"count":3,"href":"https:\/\/sisu.ut.ee\/zoterojuhend\/wp-json\/wp\/v2\/pages\/5\/revisions"}],"predecessor-version":[{"id":301,"href":"https:\/\/sisu.ut.ee\/zoterojuhend\/wp-json\/wp\/v2\/pages\/5\/revisions\/301"}],"wp:attachment":[{"href":"https:\/\/sisu.ut.ee\/zoterojuhend\/wp-json\/wp\/v2\/media?parent=5"}],"curies":[{"name":"wp","href":"https:\/\/api.w.org\/{rel}","templated":true}]}}